{"id":9382,"date":"2025-03-19T15:53:31","date_gmt":"2025-03-19T13:53:31","guid":{"rendered":"https:\/\/vitaminbutiken.multi.fi\/?post_type=product&#038;p=9382"},"modified":"2026-04-09T08:52:11","modified_gmt":"2026-04-09T06:52:11","slug":"vitamin-b5-pantotensyra-500-mg","status":"publish","type":"product","link":"https:\/\/vitaminbutiken.com\/en\/produkt\/vitamin-b5-pantotensyra-500-mg\/","title":{"rendered":"Vitamin B5, Pantotensyra 500 mg"},"content":{"rendered":"<p><strong>B5 &#8211; Pantotensyra &#8211; enkelmedel<\/strong><\/p>\n<p>Varje kapsel ger 500 mg vitamin B5 (pantotensyra).<\/p>\n<p>Pantotensyra finns i h\u00f6g koncentration i binjurarna.<\/p>\n<p><strong>B5 &#8211; Pantotensyra bidrar till:<\/strong><\/p>\n<ul>\n<li>normal energioms\u00e4ttning<\/li>\n<li>normal syntes och oms\u00e4ttning av steroidhormoner, vitamin D och vissa neurotransmittorer<\/li>\n<li>att minska tr\u00f6tthet och utmattning<\/li>\n<li>normal mental prestationsf\u00f6rm\u00e5ga<\/li>\n<\/ul>\n<p><strong>Dosering:\u00a0<\/strong>1 kapsel 2 g\u00e5nger\/dag i samband med m\u00e5ltid.<\/p>\n<table style=\"height: 80px;\" border=\"1\" width=\"600\" cellspacing=\"0\" cellpadding=\"0\">\n<tbody>\n<tr>\n<td style=\"width: 10.168%;\"><strong>2 kapslar inneh\u00e5ller:<\/strong><\/td>\n<td style=\"width: 6.53641%;\"><strong>M\u00e4ngd<\/strong><\/td>\n<td style=\"width: 8.91867%;\"><strong>*DRI%<\/strong><\/td>\n<\/tr>\n<tr>\n<td style=\"width: 10.168%;\">Pantotensyra<\/td>\n<td style=\"width: 6.53641%;\">1 000 mg<\/td>\n<td style=\"width: 8.91867%;\">16 668 %<\/td>\n<\/tr>\n<\/tbody>\n<\/table>\n<p><strong>*DRI<\/strong> <strong>\u00e4r dagligt referensintag.<\/strong><\/p>\n<p><strong>Ingredienser:<\/strong> : Pantotensyra (kalcium-D-pantotenat), fyllnadsmedel (mikrokristallin cellulosa), klumpf\u00f6rebyggande medel (magnesiumsalter av fettsyror), kapsel (hydroxipropylmetylcellulosa).<\/p>\n<p>Rekommenderad daglig dos b\u00f6r ej \u00f6verskridas.<br \/>\nKosttillskott ers\u00e4tter inte en varierad kost.<br \/>\nProdukten f\u00f6rvaras o\u00e5tkomligt f\u00f6r sm\u00e5 barn.<\/p>\n","protected":false},"excerpt":{"rendered":"<p>Varje kapsel ger 500 mg vitamin B5 (pantotensyra).<\/p>\n<p><strong>60 kapslar<\/strong><\/p>\n","protected":false},"featured_media":500103560,"comment_status":"open","ping_status":"closed","template":"","meta":{"_kad_blocks_custom_css":"","_kad_blocks_head_custom_js":"","_kad_blocks_body_custom_js":"","_kad_blocks_footer_custom_js":"","_kadence_starter_templates_imported_post":false,"_kad_post_transparent":"default","_kad_post_title":"","_kad_post_layout":"default","_kad_post_sidebar_id":"","_kad_post_content_style":"default","_kad_post_vertical_padding":"default","_kad_post_feature":"","_kad_post_feature_position":"","_kad_post_header":false,"_kad_post_footer":false,"_kad_post_classname":""},"product_brand":[],"product_cat":[348,1293,176,146,155],"product_tag":[204,294,205,331,239,411,397,398,208,400,401,213,404,221,222,405,406,407,229,408,409,410,234,235],"class_list":{"0":"post-9382","1":"product","2":"type-product","3":"status-publish","4":"has-post-thumbnail","6":"product_cat-b-vitamin","7":"product_cat-evp-nutrition","8":"product_cat-immunforsvar","9":"product_cat-stressad-och-trott","10":"product_cat-vitaminer","11":"product_tag-akne","12":"product_tag-allergier","13":"product_tag-antioxidant","14":"product_tag-artrit","15":"product_tag-b-vitamin","16":"product_tag-b5","17":"product_tag-b5-pantotensyra-enkelmedel","18":"product_tag-b5-vitamin","19":"product_tag-dalig-harkvalitet","20":"product_tag-fonstertittarsjukan","21":"product_tag-gikt","22":"product_tag-haravfall","23":"product_tag-kontakteksem","24":"product_tag-naturtillskott","25":"product_tag-nedsatt-sarlakning","26":"product_tag-skora-naglar","27":"product_tag-sle","28":"product_tag-smartlindring","29":"product_tag-starka-immunforsvar","30":"product_tag-stickningar-i-ben","31":"product_tag-stresskanslighet","32":"product_tag-trombos","33":"product_tag-vitamin","34":"product_tag-vitaminer","36":"first","37":"instock","38":"taxable","39":"shipping-taxable","40":"purchasable","41":"product-type-simple","42":"entry","43":"content-bg","44":"loop-entry"},"taxonomy_info":{"product_cat":[{"value":348,"label":"B-vitamin"},{"value":1293,"label":"EVP Nutrition"},{"value":176,"label":"Immunf\u00f6rsvar"},{"value":146,"label":"Stressad &amp; Tr\u00f6tt"},{"value":155,"label":"Vitaminer"}],"product_tag":[{"value":204,"label":"akne"},{"value":294,"label":"allergier"},{"value":205,"label":"antioxidant"},{"value":331,"label":"artrit"},{"value":239,"label":"b vitamin"},{"value":411,"label":"B5"},{"value":397,"label":"b5 pantotensyra enkelmedel"},{"value":398,"label":"b5 vitamin"},{"value":208,"label":"d\u00e5lig h\u00e5rkvalitet"},{"value":400,"label":"f\u00f6nstertittarsjukan"},{"value":401,"label":"gikt"},{"value":213,"label":"h\u00e5ravfall"},{"value":404,"label":"kontakteksem"},{"value":221,"label":"naturtillskott"},{"value":222,"label":"nedsatt s\u00e5rl\u00e4kning"},{"value":405,"label":"sk\u00f6ra naglar"},{"value":406,"label":"SLE"},{"value":407,"label":"sm\u00e4rtlindring"},{"value":229,"label":"st\u00e4rka immunf\u00f6rsvar"},{"value":408,"label":"stickningar i ben"},{"value":409,"label":"stressk\u00e4nslighet"},{"value":410,"label":"trombos"},{"value":234,"label":"vitamin"},{"value":235,"label":"vitaminer"}]},"featured_image_src_large":["https:\/\/vitaminbutiken.com\/wp-content\/uploads\/2025\/03\/224-B5-Enkelmedel-Photoroom-e1769691275783-910x700.png",910,700,true],"author_info":[],"comment_info":0,"_links":{"self":[{"href":"https:\/\/vitaminbutiken.com\/en\/wp-json\/wp\/v2\/product\/9382","targetHints":{"allow":["GET"]}}],"collection":[{"href":"https:\/\/vitaminbutiken.com\/en\/wp-json\/wp\/v2\/product"}],"about":[{"href":"https:\/\/vitaminbutiken.com\/en\/wp-json\/wp\/v2\/types\/product"}],"replies":[{"embeddable":true,"href":"https:\/\/vitaminbutiken.com\/en\/wp-json\/wp\/v2\/comments?post=9382"}],"wp:featuredmedia":[{"embeddable":true,"href":"https:\/\/vitaminbutiken.com\/en\/wp-json\/wp\/v2\/media\/500103560"}],"wp:attachment":[{"href":"https:\/\/vitaminbutiken.com\/en\/wp-json\/wp\/v2\/media?parent=9382"}],"wp:term":[{"taxonomy":"product_brand","embeddable":true,"href":"https:\/\/vitaminbutiken.com\/en\/wp-json\/wp\/v2\/product_brand?post=9382"},{"taxonomy":"product_cat","embeddable":true,"href":"https:\/\/vitaminbutiken.com\/en\/wp-json\/wp\/v2\/product_cat?post=9382"},{"taxonomy":"product_tag","embeddable":true,"href":"https:\/\/vitaminbutiken.com\/en\/wp-json\/wp\/v2\/product_tag?post=9382"}],"curies":[{"name":"wp","href":"https:\/\/api.w.org\/{rel}","templated":true}]}}