{"id":9379,"date":"2025-03-19T15:53:29","date_gmt":"2025-03-19T13:53:29","guid":{"rendered":"https:\/\/vitaminbutiken.multi.fi\/?post_type=product&#038;p=9379"},"modified":"2026-04-08T09:21:17","modified_gmt":"2026-04-08T07:21:17","slug":"vitamin-b3-synergos-niacinamid","status":"publish","type":"product","link":"https:\/\/vitaminbutiken.com\/en\/produkt\/vitamin-b3-synergos-niacinamid\/","title":{"rendered":"Vitamin B3 Synergos &#8211; Niacinamid"},"content":{"rendered":"<p><strong>Vitamin B3 Synergos<\/strong>\u00a0\u00e4r ett avancerat kosttillskott som bygger p\u00e5 bredspektrum- och synergiprincipen.<\/p>\n<p><strong>Vitamin B3 bidrar till:<\/strong><\/p>\n<ul>\n<li>normal energioms\u00e4ttning<\/li>\n<li>nervsystemets normala funktion<\/li>\n<li>normal psykologisk funktion<\/li>\n<li>att bibeh\u00e5lla normala slemhinnor<\/li>\n<li>att bibeh\u00e5lla normal hud<\/li>\n<li>att minska tr\u00f6tthet och utmattning<\/li>\n<\/ul>\n<p><strong>Dosering:<\/strong> 1 tablett 2 g\u00e5nger\/dag. (tas med m\u00e5ltid)<\/p>\n<table style=\"height: 80px;\" border=\"1\" width=\"600\" cellspacing=\"0\" cellpadding=\"0\">\n<tbody>\n<tr>\n<td style=\"width: 11.4209%;\"><strong>2 tabletter inneh\u00e5ller:<\/strong><\/td>\n<td style=\"width: 12.3771%;\"><strong>M\u00e4ngd<\/strong><\/td>\n<td style=\"width: 6.0132%;\"><strong>*%DRI<\/strong><\/td>\n<\/tr>\n<tr>\n<td style=\"width: 11.4209%;\">Tiamin<\/td>\n<td style=\"width: 12.3771%;\">10 mg<\/td>\n<td style=\"width: 6.0132%;\">910 %<\/td>\n<\/tr>\n<tr>\n<td style=\"width: 11.4209%;\">Riboflavin (B2)<\/td>\n<td style=\"width: 12.3771%;\">10 mg<\/td>\n<td style=\"width: 6.0132%;\">714 %<\/td>\n<\/tr>\n<tr>\n<td style=\"width: 11.4209%;\">Niacin (B3)<\/td>\n<td style=\"width: 12.3771%;\">600 mg<\/td>\n<td style=\"width: 6.0132%;\">3750 %<\/td>\n<\/tr>\n<tr>\n<td style=\"width: 11.4209%;\">Pantotensyra (B5)<\/td>\n<td style=\"width: 12.3771%;\">40 mg<\/td>\n<td style=\"width: 6.0132%;\">667 %<\/td>\n<\/tr>\n<tr>\n<td style=\"width: 11.4209%;\">Vitamin B6<\/td>\n<td style=\"width: 12.3771%;\">10 mg<\/td>\n<td style=\"width: 6.0132%;\">714 %<\/td>\n<\/tr>\n<tr>\n<td style=\"width: 11.4209%;\">Vitamin B12<\/td>\n<td style=\"width: 12.3771%;\">100 \u00b5g<\/td>\n<td style=\"width: 6.0132%;\">4000 %<\/td>\n<\/tr>\n<tr>\n<td style=\"width: 11.4209%;\">Folsyra<\/td>\n<td style=\"width: 12.3771%;\">80 \u00b5g<\/td>\n<td style=\"width: 6.0132%;\">40 %<\/td>\n<\/tr>\n<tr>\n<td style=\"width: 11.4209%;\">Biotin<\/td>\n<td style=\"width: 12.3771%;\">60 \u00b5g<\/td>\n<td style=\"width: 6.0132%;\">120 %<\/td>\n<\/tr>\n<tr>\n<td style=\"width: 11.4209%;\">Kolin<\/td>\n<td style=\"width: 12.3771%;\">100 mg<\/td>\n<td style=\"width: 6.0132%;\">**<\/td>\n<\/tr>\n<tr>\n<td style=\"width: 11.4209%;\">PABA<\/td>\n<td style=\"width: 12.3771%;\">50 mg<\/td>\n<td style=\"width: 6.0132%;\">**<\/td>\n<\/tr>\n<tr>\n<td style=\"width: 11.4209%;\">Inositol<\/td>\n<td style=\"width: 12.3771%;\">50 mg<\/td>\n<td style=\"width: 6.0132%;\">**<\/td>\n<\/tr>\n<tr>\n<td style=\"width: 11.4209%;\">Zink<\/td>\n<td style=\"width: 12.3771%;\">6 mg<\/td>\n<td style=\"width: 6.0132%;\">60 %<\/td>\n<\/tr>\n<\/tbody>\n<\/table>\n<p><strong>*DRI \u00e4r dagligt referensintag.**DRI ej fastst\u00e4llt.<\/strong><\/p>\n<p><strong>Ingredienser:<\/strong> Vitamin B3 (nicotinamid), Fyllnadsmedel (Di-Kalsiumfosfat, mikrokristallinsk cellulosa), Kolin (L-kolinbitartrat), Fyllnadsmedel (stearinsyra), Inositol, PABA (P-Aminobensoesyra), Vitamin B5 (Kalcium-D-Pantotenat), Klumpf\u00f6rebyggande medel (magnesiumsalter av fettsyror), Zink (Zinkcitrat), Tiamin (tiaminmononitrat), Vitamin B6 (pyridoxinhydroklorid), Vitamin B2 (riboflavin), Vitamin B12 (cyanokobalamin), Folsyra (pteroylmonoglutaminsyra), Biotin (d-biotin)<\/p>\n<p>Rekommenderad daglig dos b\u00f6r ej \u00f6verskridas.<br \/>\nKosttillskott ers\u00e4tter inte en varierad kost.<br \/>\nProdukter f\u00f6rvaras o\u00e5tkomligt f\u00f6r sm\u00e5barn.<\/p>\n","protected":false},"excerpt":{"rendered":"<p>B3 Niacinamid Synergos \u00e4r ett avancerat kosttillskott som bygger p\u00e5 bredspektrum- och synergiprincipen.<\/p>\n<p><strong>60 tabletter<\/strong><\/p>\n","protected":false},"featured_media":500103563,"comment_status":"open","ping_status":"closed","template":"","meta":{"_kad_blocks_custom_css":"","_kad_blocks_head_custom_js":"","_kad_blocks_body_custom_js":"","_kad_blocks_footer_custom_js":"","_kadence_starter_templates_imported_post":false,"_kad_post_transparent":"default","_kad_post_title":"","_kad_post_layout":"default","_kad_post_sidebar_id":"","_kad_post_content_style":"default","_kad_post_vertical_padding":"default","_kad_post_feature":"","_kad_post_feature_position":"","_kad_post_header":false,"_kad_post_footer":false,"_kad_post_classname":""},"product_brand":[],"product_cat":[348,176,2822,277,1307,155],"product_tag":[205,239,373,374,375,376,357,377,378,379,332,187,308,380,381,382,383,384,190,385,221,386,387,388,389,390,391,392,393,394,395,229,396,234,235,372],"class_list":{"0":"post-9379","1":"product","2":"type-product","3":"status-publish","4":"has-post-thumbnail","6":"product_cat-b-vitamin","7":"product_cat-immunforsvar","8":"product_cat-multi-produkter","9":"product_cat-muskler-och-leder","10":"product_cat-synergos","11":"product_cat-vitaminer","12":"product_tag-antioxidant","13":"product_tag-b-vitamin","14":"product_tag-b3","15":"product_tag-b3-vitamin","16":"product_tag-brist-pa-saltsyra","17":"product_tag-daligt-balanssinne","18":"product_tag-depression","19":"product_tag-efterbehandling-stroke","20":"product_tag-exokrin-pankreas-insufficiens","21":"product_tag-forebyggande-typ-1-diabetes","22":"product_tag-forhojda-kolesterolvarden","23":"product_tag-hogt-blodtryck","24":"product_tag-huvudvark","25":"product_tag-hyperpigmentering","26":"product_tag-immunstimulator","27":"product_tag-kanslighet-mot-kyla","28":"product_tag-kolesterolbalansering","29":"product_tag-luktintolernas","30":"product_tag-migran","31":"product_tag-motverkar-aderforkalkning","32":"product_tag-naturtillskott","33":"product_tag-nedsatt-amnesomsattning","34":"product_tag-nedsatt-binjurefunktion","35":"product_tag-nedsatt-leverfunktion","36":"product_tag-niacinamid-enkelmedel","37":"product_tag-nikotinavvanjning","38":"product_tag-pellagra","39":"product_tag-raynauds-syndrom","40":"product_tag-reumatoid-artrit","41":"product_tag-schizofreni","42":"product_tag-smygande-demens","43":"product_tag-starka-immunforsvar","44":"product_tag-stelhet-i-leder","45":"product_tag-vitamin","46":"product_tag-vitaminer","47":"product_tag-yrsel","49":"first","50":"instock","51":"taxable","52":"shipping-taxable","53":"purchasable","54":"product-type-simple","55":"entry","56":"content-bg","57":"loop-entry"},"taxonomy_info":{"product_cat":[{"value":348,"label":"B-vitamin"},{"value":176,"label":"Immunf\u00f6rsvar"},{"value":2822,"label":"Multi produkter"},{"value":277,"label":"Muskler &amp; Leder"},{"value":1307,"label":"Synergos"},{"value":155,"label":"Vitaminer"}],"product_tag":[{"value":205,"label":"antioxidant"},{"value":239,"label":"b vitamin"},{"value":373,"label":"b3"},{"value":374,"label":"b3 vitamin"},{"value":375,"label":"brist p\u00e5 saltsyra"},{"value":376,"label":"d\u00e5ligt balanssinne"},{"value":357,"label":"depression"},{"value":377,"label":"efterbehandling stroke"},{"value":378,"label":"exokrin pankreas insufficiens"},{"value":379,"label":"f\u00f6rebyggande typ-1 diabetes"},{"value":332,"label":"f\u00f6rh\u00f6jda kolesterolv\u00e4rden"},{"value":187,"label":"h\u00f6gt blodtryck"},{"value":308,"label":"huvudv\u00e4rk"},{"value":380,"label":"hyperpigmentering"},{"value":381,"label":"immunstimulator"},{"value":382,"label":"k\u00e4nslighet mot kyla"},{"value":383,"label":"kolesterolbalansering"},{"value":384,"label":"luktintolernas"},{"value":190,"label":"migr\u00e4n"},{"value":385,"label":"motverkar \u00e5derf\u00f6rkalkning"},{"value":221,"label":"naturtillskott"},{"value":386,"label":"nedsatt \u00e4mnesoms\u00e4ttning"},{"value":387,"label":"nedsatt binjurefunktion"},{"value":388,"label":"nedsatt leverfunktion"},{"value":389,"label":"niacinamid enkelmedel"},{"value":390,"label":"nikotinavv\u00e4njning"},{"value":391,"label":"pellagra"},{"value":392,"label":"raynauds syndrom"},{"value":393,"label":"reumatoid artrit"},{"value":394,"label":"schizofreni."},{"value":395,"label":"smygande demens"},{"value":229,"label":"st\u00e4rka immunf\u00f6rsvar"},{"value":396,"label":"stelhet i leder"},{"value":234,"label":"vitamin"},{"value":235,"label":"vitaminer"},{"value":372,"label":"yrsel"}]},"featured_image_src_large":["https:\/\/vitaminbutiken.com\/wp-content\/uploads\/2025\/03\/232-B3-Synergos-Photoroom-e1769691546767-610x700.png",610,700,true],"author_info":[],"comment_info":0,"_links":{"self":[{"href":"https:\/\/vitaminbutiken.com\/en\/wp-json\/wp\/v2\/product\/9379","targetHints":{"allow":["GET"]}}],"collection":[{"href":"https:\/\/vitaminbutiken.com\/en\/wp-json\/wp\/v2\/product"}],"about":[{"href":"https:\/\/vitaminbutiken.com\/en\/wp-json\/wp\/v2\/types\/product"}],"replies":[{"embeddable":true,"href":"https:\/\/vitaminbutiken.com\/en\/wp-json\/wp\/v2\/comments?post=9379"}],"wp:featuredmedia":[{"embeddable":true,"href":"https:\/\/vitaminbutiken.com\/en\/wp-json\/wp\/v2\/media\/500103563"}],"wp:attachment":[{"href":"https:\/\/vitaminbutiken.com\/en\/wp-json\/wp\/v2\/media?parent=9379"}],"wp:term":[{"taxonomy":"product_brand","embeddable":true,"href":"https:\/\/vitaminbutiken.com\/en\/wp-json\/wp\/v2\/product_brand?post=9379"},{"taxonomy":"product_cat","embeddable":true,"href":"https:\/\/vitaminbutiken.com\/en\/wp-json\/wp\/v2\/product_cat?post=9379"},{"taxonomy":"product_tag","embeddable":true,"href":"https:\/\/vitaminbutiken.com\/en\/wp-json\/wp\/v2\/product_tag?post=9379"}],"curies":[{"name":"wp","href":"https:\/\/api.w.org\/{rel}","templated":true}]}}