{"id":9378,"date":"2025-03-19T15:53:29","date_gmt":"2025-03-19T13:53:29","guid":{"rendered":"https:\/\/vitaminbutiken.multi.fi\/?post_type=product&#038;p=9378"},"modified":"2026-04-08T18:36:18","modified_gmt":"2026-04-08T16:36:18","slug":"riboflavin-vitamin-b2","status":"publish","type":"product","link":"https:\/\/vitaminbutiken.com\/en\/produkt\/riboflavin-vitamin-b2\/","title":{"rendered":"Vitamin B2, Riboflavin, b\u00e4st f\u00f6re 12.2025 -50 %"},"content":{"rendered":"<p><strong>Riboflavin &#8211; Vitamin B2 enkelmedel<\/strong><\/p>\n<p>Riboflavin, \u00e4ven k\u00e4nd som vitamin B2. Riboflavin \u00e4r mest k\u00e4nd som det vitamin som ger den orangea f\u00e4rgen till fasta B-vitaminpreparat.<\/p>\n<p>Liksom de andra B-vitaminer, spelar den en central roll i energioms\u00e4ttningen och f\u00f6r metabolismen av fett, kolhydrater och proteiner.<\/p>\n<p><strong>Riboflavin bidrar till:<\/strong><\/p>\n<ul>\n<li>nervsystemets normala funktion<\/li>\n<li>normal energioms\u00e4ttning<\/li>\n<li>att bibeh\u00e5lla normala slemhinnor<\/li>\n<li>att bibeh\u00e5lla normala r\u00f6da blodkroppar<\/li>\n<li>att bibeh\u00e5lla normal hud<\/li>\n<li>att bibeh\u00e5lla normal synf\u00f6rm\u00e5ga<\/li>\n<li>normal j\u00e4rnoms\u00e4ttning<\/li>\n<li>att skydda cellerna mot oxidativ stress<\/li>\n<li>att minska tr\u00f6tthet och utmattning<\/li>\n<\/ul>\n<p>Observera att urin f\u00e4rgas gulgr\u00f6nt n\u00e4r man \u00e4ter B-vitaminer.<\/p>\n<p><strong>Dosering: <\/strong>1 kapsel 2 g\u00e5nger\/dag.<\/p>\n<table style=\"height: 80px;\" border=\"1\" width=\"621\" cellspacing=\"0\" cellpadding=\"0\">\n<tbody>\n<tr>\n<td valign=\"top\" width=\"30%\"><strong>2 kapslar inneh\u00e5ller<\/strong><\/td>\n<td valign=\"top\" width=\"20%\"><strong> M\u00e4ngd<\/strong><\/td>\n<td valign=\"top\" width=\"30%\"><strong>*DRI% <\/strong><\/td>\n<\/tr>\n<tr>\n<td valign=\"top\" width=\"30%\">Riboflavin<\/td>\n<td valign=\"top\" width=\"20%\">200 mg<\/td>\n<td valign=\"top\" width=\"20%\">14 285 %<\/td>\n<\/tr>\n<\/tbody>\n<\/table>\n<p><strong><em>*DRI \u00e4r dagligt referensintag. **DRI ej fastst\u00e4llt.<\/em><\/strong><\/p>\n<p><strong>Ingredienser: <\/strong>Fyllnadsmedel (mikrokristallin cellulosa), vitamin B2 (riboflavin), klumpf\u00f6rebyggande medel (magnesiumsalter av fettsyror, kiseldioxid), kapsel (hydroxipropylmetylcellulosa).<\/p>\n<p>Rekommenderad daglig dos b\u00f6r ej \u00f6verskridas.<br \/>\nKosttillskott ers\u00e4tter inte en varierad kost.<br \/>\nProdukten f\u00f6rvaras o\u00e5tkomligt f\u00f6r sm\u00e5 barn.<\/p>\n","protected":false},"excerpt":{"rendered":"<p>Varje kapsel inneh\u00e5ller 100 mg riboflavin<\/p>\n<p><strong>60 tabletter<\/strong><\/p>\n","protected":false},"featured_media":11458,"comment_status":"open","ping_status":"closed","template":"","meta":{"_kad_blocks_custom_css":"","_kad_blocks_head_custom_js":"","_kad_blocks_body_custom_js":"","_kad_blocks_footer_custom_js":"","_kadence_starter_templates_imported_post":false,"_kad_post_transparent":"default","_kad_post_title":"","_kad_post_layout":"default","_kad_post_sidebar_id":"","_kad_post_content_style":"default","_kad_post_vertical_padding":"default","_kad_post_feature":"","_kad_post_feature_position":"","_kad_post_header":false,"_kad_post_footer":false,"_kad_post_classname":""},"product_brand":[],"product_cat":[348,2764,1293,195,349,155],"product_tag":[350,351,239,353,354,355,356,357,358,184,359,360,361,362,363,364,365,366,190,367,221,368,369,320,370,371,234,235,372],"class_list":{"0":"post-9378","1":"product","2":"type-product","3":"status-publish","4":"has-post-thumbnail","6":"product_cat-b-vitamin","7":"product_cat-erbjudanden","8":"product_cat-evp-nutrition","9":"product_cat-hud-skonhet","10":"product_cat-jarn","11":"product_cat-vitaminer","12":"product_tag-ammoniakforgiftning","13":"product_tag-avsaknad-av-matlust","14":"product_tag-b-vitamin","15":"product_tag-b2-vitamin","16":"product_tag-brannande-kansla-i-fotter","17":"product_tag-brostmjolk","18":"product_tag-brostmjolksproduktion","19":"product_tag-depression","20":"product_tag-enkelmedel","21":"product_tag-grastarr","22":"product_tag-halsont","23":"product_tag-ingen-brostmjolk","24":"product_tag-irritabilitet","25":"product_tag-jarnbrist","26":"product_tag-jarnbristanemi","27":"product_tag-laga-blodvarden","28":"product_tag-lagt-hb","29":"product_tag-magsar","30":"product_tag-migran","31":"product_tag-munsar","32":"product_tag-naturtillskott","33":"product_tag-ogonklada","34":"product_tag-riboflavin","35":"product_tag-rosacea","36":"product_tag-sprickor-mungipor","37":"product_tag-sproda-naglar","38":"product_tag-vitamin","39":"product_tag-vitaminer","40":"product_tag-yrsel","42":"first","43":"instock","44":"sale","45":"taxable","46":"shipping-taxable","47":"purchasable","48":"product-type-simple","49":"entry","50":"content-bg","51":"loop-entry"},"taxonomy_info":{"product_cat":[{"value":348,"label":"B-vitamin"},{"value":2764,"label":"Erbjudanden"},{"value":1293,"label":"EVP Nutrition"},{"value":195,"label":"Hud &amp; Sk\u00f6nhet"},{"value":349,"label":"J\u00e4rn"},{"value":155,"label":"Vitaminer"}],"product_tag":[{"value":350,"label":"ammoniakf\u00f6rgiftning"},{"value":351,"label":"avsaknad av matlust"},{"value":239,"label":"b vitamin"},{"value":353,"label":"b2 vitamin"},{"value":354,"label":"br\u00e4nnande k\u00e4nsla i f\u00f6tter"},{"value":355,"label":"br\u00f6stmj\u00f6lk"},{"value":356,"label":"br\u00f6stmj\u00f6lksproduktion"},{"value":357,"label":"depression"},{"value":358,"label":"enkelmedel"},{"value":184,"label":"gr\u00e5starr"},{"value":359,"label":"halsont"},{"value":360,"label":"ingen br\u00f6stmj\u00f6lk"},{"value":361,"label":"irritabilitet"},{"value":362,"label":"j\u00e4rnbrist"},{"value":363,"label":"j\u00e4rnbristanemi"},{"value":364,"label":"l\u00e5ga blodv\u00e4rden"},{"value":365,"label":"l\u00e5gt hb"},{"value":366,"label":"mags\u00e5r"},{"value":190,"label":"migr\u00e4n"},{"value":367,"label":"muns\u00e5r"},{"value":221,"label":"naturtillskott"},{"value":368,"label":"\u00f6gonkl\u00e5da"},{"value":369,"label":"riboflavin"},{"value":320,"label":"rosacea"},{"value":370,"label":"sprickor mungipor"},{"value":371,"label":"spr\u00f6da naglar"},{"value":234,"label":"vitamin"},{"value":235,"label":"vitaminer"},{"value":372,"label":"yrsel"}]},"featured_image_src_large":["https:\/\/vitaminbutiken.com\/wp-content\/uploads\/2025\/03\/Riboflavin-B2-Photoroom-e1749036671167-1107x700.png",1107,700,true],"author_info":[],"comment_info":0,"_links":{"self":[{"href":"https:\/\/vitaminbutiken.com\/en\/wp-json\/wp\/v2\/product\/9378","targetHints":{"allow":["GET"]}}],"collection":[{"href":"https:\/\/vitaminbutiken.com\/en\/wp-json\/wp\/v2\/product"}],"about":[{"href":"https:\/\/vitaminbutiken.com\/en\/wp-json\/wp\/v2\/types\/product"}],"replies":[{"embeddable":true,"href":"https:\/\/vitaminbutiken.com\/en\/wp-json\/wp\/v2\/comments?post=9378"}],"wp:featuredmedia":[{"embeddable":true,"href":"https:\/\/vitaminbutiken.com\/en\/wp-json\/wp\/v2\/media\/11458"}],"wp:attachment":[{"href":"https:\/\/vitaminbutiken.com\/en\/wp-json\/wp\/v2\/media?parent=9378"}],"wp:term":[{"taxonomy":"product_brand","embeddable":true,"href":"https:\/\/vitaminbutiken.com\/en\/wp-json\/wp\/v2\/product_brand?post=9378"},{"taxonomy":"product_cat","embeddable":true,"href":"https:\/\/vitaminbutiken.com\/en\/wp-json\/wp\/v2\/product_cat?post=9378"},{"taxonomy":"product_tag","embeddable":true,"href":"https:\/\/vitaminbutiken.com\/en\/wp-json\/wp\/v2\/product_tag?post=9378"}],"curies":[{"name":"wp","href":"https:\/\/api.w.org\/{rel}","templated":true}]}}