{"id":9376,"date":"2025-03-19T15:53:28","date_gmt":"2025-03-19T13:53:28","guid":{"rendered":"https:\/\/vitaminbutiken.multi.fi\/?post_type=product&#038;p=9376"},"modified":"2026-04-09T08:23:40","modified_gmt":"2026-04-09T06:23:40","slug":"selen-med-e-vitamin-och-b6-vitamin","status":"publish","type":"product","link":"https:\/\/vitaminbutiken.com\/en\/produkt\/selen-med-e-vitamin-och-b6-vitamin\/","title":{"rendered":"Selen Synergos, Selenmetionin, E-vitamin &#038; B6"},"content":{"rendered":"<p><strong>Selen med E-vitamin &amp; B6-vitamin<\/strong><\/p>\n<p><strong>Allm\u00e4n information<\/strong><\/p>\n<p>Selen \u00e4r ett grundelement och ett essentiellt n\u00e4rings\u00e4mne f\u00f6r m\u00e4nniskan. Selen samverkar med E-vitamin i sin antioxidativa verkan.<\/p>\n<p>Fysiologiskt \u00e4r selen viktig f\u00f6r hj\u00e4rtats och musklernas funktioner. Det \u00e4r en viktig del i kroppens immunf\u00f6rsvarssystem och skyddar bl.a. mot allergier.<\/p>\n<p>Selen \u00e4r en viktig mineral som ing\u00e5r i flera biokemiska processer i kroppen.<\/p>\n<p><strong>Selen bidrar till:<\/strong><\/p>\n<ul>\n<li>normal spermatogenes<\/li>\n<li>att bibeh\u00e5lla normalt h\u00e5r<\/li>\n<li>att bibeh\u00e5lla normala naglar<\/li>\n<li>immunsystemets normala funktion<\/li>\n<li>normal sk\u00f6ldk\u00f6rtelfunktion<\/li>\n<\/ul>\n<p><strong>Dosering:\u00a0<\/strong>1 tablett per dag.<\/p>\n<table style=\"height: 80px;\" border=\"1\" width=\"621\" cellspacing=\"0\" cellpadding=\"0\">\n<tbody>\n<tr>\n<td valign=\"top\" width=\"30%\"><strong>1 tablett inneh\u00e5ller:<\/strong><\/td>\n<td valign=\"top\" width=\"20%\"><strong> M\u00e4ngd<\/strong><\/td>\n<td valign=\"top\" width=\"30%\"><strong>*DRI% <\/strong><\/td>\n<\/tr>\n<tr>\n<td valign=\"top\" width=\"30%\">Selen<\/td>\n<td valign=\"top\" width=\"20%\">100 \u00b5g<\/td>\n<td valign=\"top\" width=\"20%\">182 %<\/td>\n<\/tr>\n<tr>\n<td valign=\"top\" width=\"30%\">Vitamin E<\/td>\n<td valign=\"top\" width=\"20%\">10 mg<\/td>\n<td valign=\"top\" width=\"20%\">83 %<\/td>\n<\/tr>\n<tr>\n<td valign=\"top\" width=\"30%\">Vitamin B6<\/td>\n<td valign=\"top\" width=\"20%\">10 mg<\/td>\n<td valign=\"top\" width=\"20%\">714 %<\/td>\n<\/tr>\n<\/tbody>\n<\/table>\n<p><strong><em>*DRI \u00e4r dagligt referensintag.<\/em><\/strong><\/p>\n<p><strong>Ingredienser<\/strong>: fyllnadsmedel (dikalciumfosfat, mikrokristallin cellulosa), DL-alfa-tokoferol, fyllnadsmedel (stearinsyra), L-selenometionin, pyridoxinhydroklorid, stabiliseringsmedel (tv\u00e4rbunden natriumkarboximetylcellulosa), klumpf\u00f6rebyggande medel (magnesiumsalter av fettsyror).<\/p>\n<p>Rekommenderad daglig dos b\u00f6r ej \u00f6verskridas.<br \/>\nKosttillskott ers\u00e4tter inte en varierad kost.<br \/>\nProdukten f\u00f6rvaras o\u00e5tkomligt f\u00f6r sm\u00e5 barn.<\/p>\n","protected":false},"excerpt":{"rendered":"<p><strong>Selen med E-vitamin &amp; B6-vitamin<\/strong><\/p>\n<p><strong>60 tabletter<\/strong><\/p>\n<p>&nbsp;<\/p>\n","protected":false},"featured_media":500103213,"comment_status":"open","ping_status":"closed","template":"","meta":{"_kad_blocks_custom_css":"","_kad_blocks_head_custom_js":"","_kad_blocks_body_custom_js":"","_kad_blocks_footer_custom_js":"","_kadence_starter_templates_imported_post":false,"_kad_post_transparent":"default","_kad_post_title":"","_kad_post_layout":"default","_kad_post_sidebar_id":"","_kad_post_content_style":"default","_kad_post_vertical_padding":"default","_kad_post_feature":"","_kad_post_feature_position":"","_kad_post_header":false,"_kad_post_footer":false,"_kad_post_classname":""},"product_brand":[],"product_cat":[1293,195,176,281],"product_tag":[344,345,346,347],"class_list":{"0":"post-9376","1":"product","2":"type-product","3":"status-publish","4":"has-post-thumbnail","6":"product_cat-evp-nutrition","7":"product_cat-hud-skonhet","8":"product_cat-immunforsvar","9":"product_cat-mineraler","10":"product_tag-b6","11":"product_tag-b6-vitamin","12":"product_tag-e-vitamin","13":"product_tag-selen","15":"first","16":"instock","17":"taxable","18":"shipping-taxable","19":"purchasable","20":"product-type-simple","21":"entry","22":"content-bg","23":"loop-entry"},"taxonomy_info":{"product_cat":[{"value":1293,"label":"EVP Nutrition"},{"value":195,"label":"Hud &amp; Sk\u00f6nhet"},{"value":176,"label":"Immunf\u00f6rsvar"},{"value":281,"label":"Mineraler"}],"product_tag":[{"value":344,"label":"b6"},{"value":345,"label":"b6 vitamin"},{"value":346,"label":"e vitamin"},{"value":347,"label":"Selen"}]},"featured_image_src_large":["https:\/\/vitaminbutiken.com\/wp-content\/uploads\/2025\/03\/Selen-Synergos-214-Photoroom-e1768295323484-1264x700.png",1264,700,true],"author_info":[],"comment_info":0,"_links":{"self":[{"href":"https:\/\/vitaminbutiken.com\/en\/wp-json\/wp\/v2\/product\/9376","targetHints":{"allow":["GET"]}}],"collection":[{"href":"https:\/\/vitaminbutiken.com\/en\/wp-json\/wp\/v2\/product"}],"about":[{"href":"https:\/\/vitaminbutiken.com\/en\/wp-json\/wp\/v2\/types\/product"}],"replies":[{"embeddable":true,"href":"https:\/\/vitaminbutiken.com\/en\/wp-json\/wp\/v2\/comments?post=9376"}],"wp:featuredmedia":[{"embeddable":true,"href":"https:\/\/vitaminbutiken.com\/en\/wp-json\/wp\/v2\/media\/500103213"}],"wp:attachment":[{"href":"https:\/\/vitaminbutiken.com\/en\/wp-json\/wp\/v2\/media?parent=9376"}],"wp:term":[{"taxonomy":"product_brand","embeddable":true,"href":"https:\/\/vitaminbutiken.com\/en\/wp-json\/wp\/v2\/product_brand?post=9376"},{"taxonomy":"product_cat","embeddable":true,"href":"https:\/\/vitaminbutiken.com\/en\/wp-json\/wp\/v2\/product_cat?post=9376"},{"taxonomy":"product_tag","embeddable":true,"href":"https:\/\/vitaminbutiken.com\/en\/wp-json\/wp\/v2\/product_tag?post=9376"}],"curies":[{"name":"wp","href":"https:\/\/api.w.org\/{rel}","templated":true}]}}