{"id":9373,"date":"2025-03-19T15:53:27","date_gmt":"2025-03-19T13:53:27","guid":{"rendered":"https:\/\/vitaminbutiken.multi.fi\/?post_type=product&#038;p=9373"},"modified":"2026-04-09T08:23:49","modified_gmt":"2026-04-09T06:23:49","slug":"bredspektrum-optimal-protect","status":"publish","type":"product","link":"https:\/\/vitaminbutiken.com\/en\/produkt\/bredspektrum-optimal-protect\/","title":{"rendered":"Bredspektrum Optimal Protect &#8211; Synergos"},"content":{"rendered":"<p><strong>Optimal Protect \u2013 Bredspektrum tillskott\u00a0<\/strong><\/p>\n<p>Bredspektrum Optimal Protect \u00e4r ett kosttillskott med flera vitaminer och mineraler.\u00a0Detta \u00e4r ett avancerat kosttillskott som bygger p\u00e5 synergi- och bredspektrumprincipen.<\/p>\n<p><strong>Allm\u00e4n information<\/strong><br \/>\nBredspektrum Optimal Protect bygger p\u00e5 den s.k. bredspektrumprincipen. Man kan skydda sig mot fria radikaler med optimala doser antioxidanter. Effektivaste skydd f\u00e5r man med s\u00e5 m\u00e5nga antioxidanter som m\u00f6jligt i lagom h\u00f6g dosering. Detta kallas f\u00f6r bredspektrumantioxidantterapi.<\/p>\n<p>Tillskottet \u00e4r skr\u00e4ddarsydd f\u00f6r just behandling mot h\u00f6ga niv\u00e5er av fria radikaler.<\/p>\n<p>Bredspektrum Optimal Protect inneh\u00e5ller inte koppar och j\u00e4rn.<\/p>\n<p>Bredspektrum Optimal Protect g\u00e5r \u00e4ven utm\u00e4rkt att anv\u00e4nda som ett konventionellt vitamin och mineral tillskott. I s\u00e5dana fall b\u00f6r den dagliga dosen vara 2-4 tabletter per dag. Detta f\u00f6r att ge kroppen m\u00f6jligheter till en god f\u00f6rm\u00e5ga att uppr\u00e4tth\u00e5lla ett skydd mot fri radikal belastningen.<\/p>\n<p>Optimal Protect \u00e4r ett bredspektrum multivitamin- och mineraltillskott utvecklat f\u00f6r att ge kroppen ett dagligt n\u00e4ringsst\u00f6d.<\/p>\n<p>Namnet Optimal Protect syftar p\u00e5 produktens inneh\u00e5ll av noggrant utvalda vitaminer och mineraler, s\u00e5som vitamin C, vitamin E, zink och selen, som bidrar till att skydda cellerna mot oxidativ stress \u2013 en viktig del av kroppens naturliga skyddsmekanismer.<\/p>\n<p>Formulan inneh\u00e5ller \u00e4ven n\u00e4rings\u00e4mnen som vitamin C, D, B6, B12 och zink, vilka bidrar till immunsystemets normala funktion, samt B-vitaminer och magnesium som bidrar till normal energioms\u00e4ttning. Optimal Protect \u00e4r d\u00e4rmed ett omfattande tillskott f\u00f6r dig som vill st\u00f6dja kroppens normala funktioner och bidra till dess naturliga skyddsmekanismer.<\/p>\n<p>\u2714 Inneh\u00e5ller n\u00e4rings\u00e4mnen som bidrar till att skydda cellerna mot oxidativ stress<br \/>\n\u2714 Bidrar till immunsystemets normala funktion<br \/>\n\u2714 Bidrar till normal energioms\u00e4ttning<br \/>\n\u2714 Bredspektrumformula f\u00f6r dagligt n\u00e4ringsst\u00f6d<\/p>\n<p><strong>Dosering:<\/strong> 2 tabletter 2 g\u00e5nger per dag i samband med m\u00e5ltid.<\/p>\n<table style=\"height: 80px;\" border=\"1\" width=\"621\" cellspacing=\"0\" cellpadding=\"0\">\n<tbody>\n<tr>\n<td valign=\"top\" width=\"30%\"><strong>4 tabletter inneh\u00e5ller<\/strong><\/td>\n<td valign=\"top\" width=\"20%\"><strong> M\u00e4ngd<\/strong><\/td>\n<td valign=\"top\" width=\"30%\"><strong>*DRI% <\/strong><\/td>\n<\/tr>\n<tr>\n<td valign=\"top\" width=\"30%\">Vitamin D<\/td>\n<td valign=\"top\" width=\"20%\">20 \u00b5g<\/td>\n<td valign=\"top\" width=\"20%\">400 %<\/td>\n<\/tr>\n<tr>\n<td valign=\"top\" width=\"30%\">Vitamin E<\/td>\n<td valign=\"top\" width=\"20%\">133 mg<\/td>\n<td valign=\"top\" width=\"20%\">1108 %<\/td>\n<\/tr>\n<tr>\n<td valign=\"top\" width=\"30%\">Tiamin (B1)<\/td>\n<td valign=\"top\" width=\"20%\">10 mg<\/td>\n<td valign=\"top\" width=\"20%\">909 %<\/td>\n<\/tr>\n<tr>\n<td valign=\"top\" width=\"30%\">Riboflavin (B2)<\/td>\n<td valign=\"top\" width=\"20%\">10 \u00b5g<\/td>\n<td valign=\"top\" width=\"20%\">714 %<\/td>\n<\/tr>\n<tr>\n<td valign=\"top\" width=\"30%\">Niacin (B3)<\/td>\n<td valign=\"top\" width=\"20%\">20 mg<\/td>\n<td valign=\"top\" width=\"20%\">125 %<\/td>\n<\/tr>\n<tr>\n<td valign=\"top\" width=\"30%\">Pantotensyra (B5)<\/td>\n<td valign=\"top\" width=\"20%\">12 mg<\/td>\n<td valign=\"top\" width=\"20%\">200 %<\/td>\n<\/tr>\n<tr>\n<td valign=\"top\" width=\"30%\">Vitamin B6<\/td>\n<td valign=\"top\" width=\"20%\">25 mg<\/td>\n<td valign=\"top\" width=\"20%\">1786 %<\/td>\n<\/tr>\n<tr>\n<td valign=\"top\" width=\"30%\">Folsyra<\/td>\n<td valign=\"top\" width=\"20%\">160 \u00b5g<\/td>\n<td valign=\"top\" width=\"20%\">80 %<\/td>\n<\/tr>\n<tr>\n<td valign=\"top\" width=\"30%\">Vitamin B12<\/td>\n<td valign=\"top\" width=\"20%\">332 \u00b5g<\/td>\n<td valign=\"top\" width=\"20%\">13280 %<\/td>\n<\/tr>\n<tr>\n<td valign=\"top\" width=\"30%\">Vitamin C<\/td>\n<td valign=\"top\" width=\"20%\">60 mg<\/td>\n<td valign=\"top\" width=\"20%\">75 %<\/td>\n<\/tr>\n<tr>\n<td valign=\"top\" width=\"30%\">Biotin<\/td>\n<td valign=\"top\" width=\"20%\">200 \u00b5g<\/td>\n<td valign=\"top\" width=\"20%\">400 %<\/td>\n<\/tr>\n<tr>\n<td valign=\"top\" width=\"30%\">Kolin<\/td>\n<td valign=\"top\" width=\"20%\">80 mg<\/td>\n<td valign=\"top\" width=\"20%\">**<\/td>\n<\/tr>\n<tr>\n<td valign=\"top\" width=\"30%\">Inositol<\/td>\n<td valign=\"top\" width=\"20%\">12 mg<\/td>\n<td valign=\"top\" width=\"20%\">**<\/td>\n<\/tr>\n<tr>\n<td valign=\"top\" width=\"30%\">PABA<\/td>\n<td valign=\"top\" width=\"20%\">32 mg<\/td>\n<td valign=\"top\" width=\"20%\">**<\/td>\n<\/tr>\n<tr>\n<td valign=\"top\" width=\"30%\">Zink<\/td>\n<td valign=\"top\" width=\"20%\">40 mg<\/td>\n<td valign=\"top\" width=\"20%\">400 %<\/td>\n<\/tr>\n<tr>\n<td valign=\"top\" width=\"30%\">Magnesium<\/td>\n<td valign=\"top\" width=\"20%\">200 mg<\/td>\n<td valign=\"top\" width=\"20%\">53 %<\/td>\n<\/tr>\n<tr>\n<td valign=\"top\" width=\"30%\">Mangan<\/td>\n<td valign=\"top\" width=\"20%\">8 mg<\/td>\n<td valign=\"top\" width=\"20%\">400 %<\/td>\n<\/tr>\n<tr>\n<td valign=\"top\" width=\"30%\">Selen<\/td>\n<td valign=\"top\" width=\"20%\">132 \u00b5g<\/td>\n<td valign=\"top\" width=\"20%\">240 %<\/td>\n<\/tr>\n<tr>\n<td valign=\"top\" width=\"30%\">Krom<\/td>\n<td valign=\"top\" width=\"20%\">64 \u00b5g<\/td>\n<td valign=\"top\" width=\"20%\">160 %<\/td>\n<\/tr>\n<tr>\n<td valign=\"top\" width=\"30%\">Jod<\/td>\n<td valign=\"top\" width=\"20%\">40 \u00b5g<\/td>\n<td valign=\"top\" width=\"20%\">27 %<\/td>\n<\/tr>\n<tr>\n<td valign=\"top\" width=\"30%\">Betakaroten<\/p>\n<p>som ger vitamin A<\/td>\n<td valign=\"top\" width=\"20%\">10 mg<\/p>\n<p>1 mg<\/td>\n<td valign=\"top\" width=\"20%\">**<\/p>\n<p>125 %<\/td>\n<\/tr>\n<tr>\n<td valign=\"top\" width=\"30%\">Alfalfa<\/td>\n<td valign=\"top\" width=\"20%\">15 mg<\/td>\n<td valign=\"top\" width=\"20%\">**<\/td>\n<\/tr>\n<tr>\n<td valign=\"top\" width=\"30%\">Gr\u00f6nt te (10 % epigallokatekin-3-gallat 1,5 mg)<\/td>\n<td valign=\"top\" width=\"20%\">15 mg<\/td>\n<td valign=\"top\" width=\"20%\">**<\/td>\n<\/tr>\n<tr>\n<td valign=\"top\" width=\"30%\">Vetegr\u00e4s<\/td>\n<td valign=\"top\" width=\"20%\">15 mg<\/td>\n<td valign=\"top\" width=\"20%\">**<\/td>\n<\/tr>\n<\/tbody>\n<\/table>\n<p><strong><em>*DRI \u00e4r dagligt referensintag. **DRI ej fastst\u00e4llt.<\/em><\/strong><\/p>\n<p><strong>Ingredienser:<\/strong> Fyllnadsmedel (di-kalciumfosfat, mikrokristallin cellulosa), magnesium (magnesiumoxid), vitamin E, kalium, klumpf\u00f6rebyggandemedel (stearinsyra), kolin, kalcium, zink, vitamin C, betakaroten, s\u00f6nderdelningsmedel (natriumst\u00e4rkelseglykolat), klumpf\u00f6rebyggande medel (magnesiumsalter av fettsyror), vitamin B12, PABA, vitamin B6, selen, mangan, niacin, extrakt av gr\u00f6nt te, vetegr\u00e4s pulver, alfalfa pulver, pantotensyra, tiamin, inositol, riboflavin, vitamin D3, krom, biotin, folsyra, jod.<\/p>\n<p>2 tabletter ger 0,75 mg EGCG (epigallokatenik-3-gallat) av gr\u00f6nt te. Dosen b\u00f6r ej \u00f6verstiga 800 mg\/dag. Tas ej med andra gr\u00f6nt te produkter. Ej p\u00e5 fastande mage.<\/p>\n<p>Rekommenderad daglig dos b\u00f6r ej \u00f6verskridas. Kosttillskott b\u00f6r inte anv\u00e4ndas som ett alternativ till en varierad och balanserad kost och en h\u00e4lsosam livsstil. Produkten f\u00f6rvaras o\u00e5tkomligt f\u00f6r sm\u00e5 barn. Ej f\u00f6r gravida och ammande eller barn under 18 \u00e5r.<\/p>\n<p><strong>Anm\u00e4rkning:\u00a0<\/strong>\u00d6vre gr\u00e4nsen f\u00f6r RDI (rekommenderat dagligt intag) \u00f6verskrids. Preparatet \u00e4r \u00e4mnat f\u00f6r korttidsbruk, 1-3 m\u00e5nader.<\/p>\n<p><strong>OBS!<\/strong> Den \u00f6vre gr\u00e4nsen f\u00f6r s\u00e4kert dagligt intag av vitamin B6 \u00e4r 12 mg. M\u00e4ngden vitamin B6 i dygnsdosen som f\u00e5s fr\u00e5n denna produkt (25 mg) \u00f6verskrider denna m\u00e4ngd. Den \u00f6vre gr\u00e4nsen f\u00f6r s\u00e4kert dagligt intag av Zink \u00e4r 25 mg. M\u00e4ngden zink i dygnsdosen som f\u00e5s fr\u00e5n denna produkt (40 mg) \u00f6verskrider denna m\u00e4ngd. Inte f\u00f6r l\u00e5ngvarigt bruk.<\/p>\n","protected":false},"excerpt":{"rendered":"<p>Bredspektrum Optimal Protect \u00e4r ett kosttillskott med flera vitaminer och mineraler.\u00a0Detta \u00e4r ett avancerat kosttillskott som bygger p\u00e5 synergi- och bredspektrumprincipen.<\/p>\n<p><strong>180 tabletter<\/strong><\/p>\n","protected":false},"featured_media":11660,"comment_status":"open","ping_status":"closed","template":"","meta":{"_kad_blocks_custom_css":"","_kad_blocks_head_custom_js":"","_kad_blocks_body_custom_js":"","_kad_blocks_footer_custom_js":"","_kadence_starter_templates_imported_post":false,"_kad_post_transparent":"default","_kad_post_title":"","_kad_post_layout":"default","_kad_post_sidebar_id":"","_kad_post_content_style":"default","_kad_post_vertical_padding":"default","_kad_post_feature":"","_kad_post_feature_position":"","_kad_post_header":false,"_kad_post_footer":false,"_kad_post_classname":""},"product_brand":[],"product_cat":[2822,176,2821,2806,149,1307,155],"product_tag":[205,339,340,341,221,229,234,235],"class_list":{"0":"post-9373","1":"product","2":"type-product","3":"status-publish","4":"has-post-thumbnail","6":"product_cat-multi-produkter","7":"product_cat-immunforsvar","8":"product_cat-multi-mineral","9":"product_cat-multi-vitamin","10":"product_cat-orter","11":"product_cat-synergos","12":"product_cat-vitaminer","13":"product_tag-antioxidant","14":"product_tag-bredspektrum-kosttillskott","15":"product_tag-bredspektrum-optimal-protect","16":"product_tag-jarn-optimal","17":"product_tag-naturtillskott","18":"product_tag-starka-immunforsvar","19":"product_tag-vitamin","20":"product_tag-vitaminer","22":"first","23":"instock","24":"taxable","25":"shipping-taxable","26":"purchasable","27":"product-type-simple","28":"entry","29":"content-bg","30":"loop-entry"},"taxonomy_info":{"product_cat":[{"value":2822,"label":"Multi produkter"},{"value":176,"label":"Immunf\u00f6rsvar"},{"value":2821,"label":"Multi-mineral"},{"value":2806,"label":"Multi-vitamin"},{"value":149,"label":"\u00d6rter"},{"value":1307,"label":"Synergos"},{"value":155,"label":"Vitaminer"}],"product_tag":[{"value":205,"label":"antioxidant"},{"value":339,"label":"bredspektrum kosttillskott"},{"value":340,"label":"bredspektrum optimal protect"},{"value":341,"label":"j\u00e4rn optimal"},{"value":221,"label":"naturtillskott"},{"value":229,"label":"st\u00e4rka immunf\u00f6rsvar"},{"value":234,"label":"vitamin"},{"value":235,"label":"vitaminer"}]},"featured_image_src_large":["https:\/\/vitaminbutiken.com\/wp-content\/uploads\/2025\/03\/Optimal-Protect-101-Photoroom-e1750757072311-955x700.png",955,700,true],"author_info":[],"comment_info":0,"_links":{"self":[{"href":"https:\/\/vitaminbutiken.com\/en\/wp-json\/wp\/v2\/product\/9373","targetHints":{"allow":["GET"]}}],"collection":[{"href":"https:\/\/vitaminbutiken.com\/en\/wp-json\/wp\/v2\/product"}],"about":[{"href":"https:\/\/vitaminbutiken.com\/en\/wp-json\/wp\/v2\/types\/product"}],"replies":[{"embeddable":true,"href":"https:\/\/vitaminbutiken.com\/en\/wp-json\/wp\/v2\/comments?post=9373"}],"wp:featuredmedia":[{"embeddable":true,"href":"https:\/\/vitaminbutiken.com\/en\/wp-json\/wp\/v2\/media\/11660"}],"wp:attachment":[{"href":"https:\/\/vitaminbutiken.com\/en\/wp-json\/wp\/v2\/media?parent=9373"}],"wp:term":[{"taxonomy":"product_brand","embeddable":true,"href":"https:\/\/vitaminbutiken.com\/en\/wp-json\/wp\/v2\/product_brand?post=9373"},{"taxonomy":"product_cat","embeddable":true,"href":"https:\/\/vitaminbutiken.com\/en\/wp-json\/wp\/v2\/product_cat?post=9373"},{"taxonomy":"product_tag","embeddable":true,"href":"https:\/\/vitaminbutiken.com\/en\/wp-json\/wp\/v2\/product_tag?post=9373"}],"curies":[{"name":"wp","href":"https:\/\/api.w.org\/{rel}","templated":true}]}}