{"id":9370,"date":"2025-03-19T15:53:26","date_gmt":"2025-03-19T13:53:26","guid":{"rendered":"https:\/\/vitaminbutiken.multi.fi\/?post_type=product&#038;p=9370"},"modified":"2026-04-10T12:11:11","modified_gmt":"2026-04-10T10:11:11","slug":"omega-3-fiskolja","status":"publish","type":"product","link":"https:\/\/vitaminbutiken.com\/en\/produkt\/omega-3-fiskolja\/","title":{"rendered":"Omega 3 &#8211; Fiskolja"},"content":{"rendered":"<p><strong>Allm\u00e4n information<\/strong><\/p>\n<p>Fiskolja (Omega 3) \u00e4r specifikt rik p\u00e5 de konverterade fettsyrasubstanserna EPA (Eikosapentaensyra) och DHA (Dokosahexaensyra) vilka \u00e4r intimt sammankopplade med en rad vetenskaplig k\u00e4nda h\u00e4lsoeffekter.<\/p>\n<ul>\n<li>EPA och DHA bidrar till en normal hj\u00e4rt- och k\u00e4rlh\u00e4lsa.<\/li>\n<li>DHA bidrar till en normal hj\u00e4rnfunktion och synf\u00f6rm\u00e5ga.<\/li>\n<\/ul>\n<p>Fiskolja \u00e4r olja som h\u00e4rr\u00f6r fr\u00e5n v\u00e4vnaderna i fet fisk. Fiskolja (Omega 3) \u00e4r specifikt rik p\u00e5 de konverterade fettsyrasubstanserna EPA (Eikosapentaensyra) och DHA (Dokosahexaensyra) vilka \u00e4r intimt sammankopplade med en rad vetenskaplig k\u00e4nda h\u00e4lsoeffekter. Dessa fettsyror fr\u00e4mjar ett normalt fungerande hj\u00e4rta och medverkar till att kolesterolet ligger p\u00e5 h\u00e4lsosam niv\u00e5. DHA \u00e4r ocks\u00e5 viktigt f\u00f6r hj\u00e4rnans utveckling och funktion.<\/p>\n<p><strong>Dosering<\/strong>: 1 kapsel 2 g\u00e5nger per dag.<\/p>\n<table style=\"height: 80px;\" border=\"1\" width=\"621\" cellspacing=\"0\" cellpadding=\"0\">\n<tbody>\n<tr>\n<td style=\"width: 20.4403%;\"><strong>2 kapslar inneh\u00e5ller:<\/strong><\/td>\n<td style=\"width: 17.9245%;\"><strong>Dos<\/strong><\/td>\n<td style=\"width: 12.2642%;\"><strong>*%DRI<\/strong><\/td>\n<\/tr>\n<tr>\n<td style=\"width: 20.4403%;\" width=\"75\">^Fiskolja<\/td>\n<td style=\"width: 17.9245%;\" width=\"47\">2000 mg<\/td>\n<td style=\"width: 12.2642%;\" width=\"38\">**<\/td>\n<\/tr>\n<tr>\n<td style=\"width: 20.4403%;\" width=\"75\">EPA<\/td>\n<td style=\"width: 17.9245%;\" width=\"47\">360 mg<\/td>\n<td style=\"width: 12.2642%;\" width=\"38\">**<\/td>\n<\/tr>\n<tr>\n<td style=\"width: 20.4403%;\" width=\"75\">DHA<\/td>\n<td style=\"width: 17.9245%;\" width=\"47\">240 mg<\/td>\n<td style=\"width: 12.2642%;\" width=\"38\">**<\/td>\n<\/tr>\n<tr>\n<td style=\"width: 20.4403%;\" width=\"75\">Vitamin E<\/td>\n<td style=\"width: 17.9245%;\" width=\"47\">12 mg<\/td>\n<td style=\"width: 12.2642%;\" width=\"38\">100 %*<\/td>\n<\/tr>\n<\/tbody>\n<\/table>\n<p><strong>^Novosana quality and safety ingredients.<br \/>\n* DRI \u00e4r dagligt referensintag. ** DRI saknas.<\/strong><\/p>\n<p><strong>Ingredienser<\/strong>: Varje kapsel inneh\u00e5ller 1000 mg fiskolja varav 18 % EPA och 12 % DHA. Kapseln \u00e4r gjord av gelatin (<strong>n\u00f6t<\/strong>), E-vitamin (D-Alfa-tokoferyl-acetat).<\/p>\n<p>Daglig rekommenderad dos b\u00f6r ej \u00f6verskridas.<br \/>\nKosttillskott ers\u00e4tter inte en varierad kost.<br \/>\nProdukten f\u00f6rvaras o\u00e5tkomligt f\u00f6r sm\u00e5 barn.<\/p>\n","protected":false},"excerpt":{"rendered":"<p>1000 mg fiskolja med minst 35 % Omega-3 fettsyror varav: 18 % EPA, 12 % DHA samt 5 % andra Omega-3 fettsyror.<\/p>\n<p><strong>Novosana quality and safety ingredients.<\/strong><\/p>\n<p><strong>60 &#8211; 120 kapslar<\/strong><\/p>\n","protected":false},"featured_media":500103205,"comment_status":"open","ping_status":"closed","template":"","meta":{"_kad_blocks_custom_css":"","_kad_blocks_head_custom_js":"","_kad_blocks_body_custom_js":"","_kad_blocks_footer_custom_js":"","_kadence_starter_templates_imported_post":false,"_kad_post_transparent":"default","_kad_post_title":"","_kad_post_layout":"default","_kad_post_sidebar_id":"","_kad_post_content_style":"default","_kad_post_vertical_padding":"default","_kad_post_feature":"","_kad_post_feature_position":"","_kad_post_header":false,"_kad_post_footer":false,"_kad_post_classname":""},"product_brand":[],"product_cat":[328,329,176,2605,277,146,278],"product_tag":[330,331,296,332,333,334],"class_list":{"0":"post-9370","1":"product","2":"type-product","3":"status-publish","4":"has-post-thumbnail","6":"product_cat-fettsyror","7":"product_cat-hjarna-och-minne","8":"product_cat-immunforsvar","9":"product_cat-kenkou-selfcare","10":"product_cat-muskler-och-leder","11":"product_cat-stressad-och-trott","12":"product_cat-traning","13":"product_tag-adhd","14":"product_tag-artrit","15":"product_tag-artros","16":"product_tag-forhojda-kolesterolvarden","17":"product_tag-inflammatoriska-tillstand","18":"product_tag-omega-3","20":"first","21":"instock","22":"taxable","23":"shipping-taxable","24":"purchasable","25":"product-type-variable","26":"entry","27":"content-bg","28":"loop-entry"},"taxonomy_info":{"product_cat":[{"value":328,"label":"Fettsyror"},{"value":329,"label":"Hj\u00e4rna &amp; Minne"},{"value":176,"label":"Immunf\u00f6rsvar"},{"value":2605,"label":"Kenkou Selfcare"},{"value":277,"label":"Muskler &amp; Leder"},{"value":146,"label":"Stressad &amp; Tr\u00f6tt"},{"value":278,"label":"Tr\u00e4ning"}],"product_tag":[{"value":330,"label":"ADHD"},{"value":331,"label":"artrit"},{"value":296,"label":"artros"},{"value":332,"label":"f\u00f6rh\u00f6jda kolesterolv\u00e4rden"},{"value":333,"label":"inflammatoriska tillst\u00e5nd"},{"value":334,"label":"Omega-3"}]},"featured_image_src_large":["https:\/\/vitaminbutiken.com\/wp-content\/uploads\/2025\/03\/201-Omega-3-Photoroom-e1768249180275-777x700.png",777,700,true],"author_info":[],"comment_info":0,"_links":{"self":[{"href":"https:\/\/vitaminbutiken.com\/en\/wp-json\/wp\/v2\/product\/9370","targetHints":{"allow":["GET"]}}],"collection":[{"href":"https:\/\/vitaminbutiken.com\/en\/wp-json\/wp\/v2\/product"}],"about":[{"href":"https:\/\/vitaminbutiken.com\/en\/wp-json\/wp\/v2\/types\/product"}],"replies":[{"embeddable":true,"href":"https:\/\/vitaminbutiken.com\/en\/wp-json\/wp\/v2\/comments?post=9370"}],"wp:featuredmedia":[{"embeddable":true,"href":"https:\/\/vitaminbutiken.com\/en\/wp-json\/wp\/v2\/media\/500103205"}],"wp:attachment":[{"href":"https:\/\/vitaminbutiken.com\/en\/wp-json\/wp\/v2\/media?parent=9370"}],"wp:term":[{"taxonomy":"product_brand","embeddable":true,"href":"https:\/\/vitaminbutiken.com\/en\/wp-json\/wp\/v2\/product_brand?post=9370"},{"taxonomy":"product_cat","embeddable":true,"href":"https:\/\/vitaminbutiken.com\/en\/wp-json\/wp\/v2\/product_cat?post=9370"},{"taxonomy":"product_tag","embeddable":true,"href":"https:\/\/vitaminbutiken.com\/en\/wp-json\/wp\/v2\/product_tag?post=9370"}],"curies":[{"name":"wp","href":"https:\/\/api.w.org\/{rel}","templated":true}]}}