{"id":9369,"date":"2025-03-19T15:53:24","date_gmt":"2025-03-19T13:53:24","guid":{"rendered":"https:\/\/vitaminbutiken.multi.fi\/?post_type=product&#038;p=9369"},"modified":"2026-04-08T12:01:59","modified_gmt":"2026-04-08T10:01:59","slug":"msm-100-ren-metylsulfonylmetan","status":"publish","type":"product","link":"https:\/\/vitaminbutiken.com\/en\/produkt\/msm-100-ren-metylsulfonylmetan\/","title":{"rendered":"MSM, Metylsulfonylmetan"},"content":{"rendered":"<p>100 % ren metylsulfonylmetan, organiskt svavel i pulverform.<\/p>\n<p><strong>Allm\u00e4n information<\/strong><\/p>\n<p>Svavel \u00e4r ett ickemetalliskt grund\u00e4mne. Organiskt svavel \u00e4r en viktig best\u00e5ndsdel i proteinet kollagen och keratin som bygger upp bl.a brosk, senor, hj\u00e4rna, bindv\u00e4v, muskler, skelett, hud, h\u00e5r och naglar. H\u00e4lften av kroppens svavel \u00e5terfinns i muskler, hud och skelett.<\/p>\n<ul>\n<li>hj\u00e4lper att bygga och f\u00f6rnya bindv\u00e4vnad<\/li>\n<li>normal funktion i leder och muskler<\/li>\n<li>bidrar till h\u00e4lsosammare hud, t\u00e4nder, h\u00e5r och naglar<\/li>\n<li>bidrar till normal elasticitet i bindv\u00e4ven<\/li>\n<li>f\u00f6rb\u00e4ttrar strukturen i hud, h\u00e5r, naglar och leder<\/li>\n<li>bidrar till ett normalt immunf\u00f6rsvar<\/li>\n<li>bidrar till att f\u00f6rb\u00e4ttra, \u00e5terbilda brosk och ger n\u00e4ring till brosk<\/li>\n<li>kan st\u00f6dja h\u00e4lsosam matspj\u00e4lkning och bidrar till normala tarm muskler<\/li>\n<li>har en detox-effekt i kroppen (rensar ut slaggprodukter)<\/li>\n<\/ul>\n<p><strong>Dosering:\u00a0<\/strong>1\/4 tesked (1 gram eller 1 kryddm\u00e5tt) om dagen l\u00f6st i ett glas vatten.<\/p>\n<table style=\"height: 80px;\" border=\"1\" width=\"621\" cellspacing=\"0\" cellpadding=\"0\">\n<tbody>\n<tr>\n<td valign=\"top\" width=\"30%\"><strong>1 kryddm\u00e5tt inneh\u00e5ller:<\/strong><\/td>\n<td valign=\"top\" width=\"20%\"><strong> M\u00e4ngd<\/strong><\/td>\n<td valign=\"top\" width=\"30%\"><strong>*DRI% <\/strong><\/td>\n<\/tr>\n<tr>\n<td valign=\"top\" width=\"30%\">MSM<\/td>\n<td valign=\"top\" width=\"20%\">1 000 mg<\/td>\n<td valign=\"top\" width=\"20%\">**<\/td>\n<\/tr>\n<\/tbody>\n<\/table>\n<p><strong><em>*DRI (dagligt referensintag) ej fastst\u00e4llt.<\/em><\/strong><\/p>\n<p><strong>Ingredienser: 100 % ren Metylsulfonylmetan, organiskt svavel.<\/strong><\/p>\n<p>Rekommenderad daglig dos b\u00f6r ej \u00f6verskridas.<br \/>\nKosttillskott ers\u00e4tter inte en varierad kost.<br \/>\nF\u00f6rvaras o\u00e5tkomligt f\u00f6r barn.<\/p>\n<p>&nbsp;<\/p>\n","protected":false},"excerpt":{"rendered":"<p>100 % ren Metylsulfonylmetan, organiskt svavel i pulverform.<\/p>\n<p><strong>200g<\/strong><\/p>\n<p>&nbsp;<\/p>\n","protected":false},"featured_media":500103655,"comment_status":"open","ping_status":"closed","template":"","meta":{"_kad_blocks_custom_css":"","_kad_blocks_head_custom_js":"","_kad_blocks_body_custom_js":"","_kad_blocks_footer_custom_js":"","_kadence_starter_templates_imported_post":false,"_kad_post_transparent":"default","_kad_post_title":"","_kad_post_layout":"default","_kad_post_sidebar_id":"","_kad_post_content_style":"default","_kad_post_vertical_padding":"default","_kad_post_feature":"","_kad_post_feature_position":"","_kad_post_header":false,"_kad_post_footer":false,"_kad_post_classname":""},"product_brand":[],"product_cat":[1293,277,1393,278],"product_tag":[294,267,295,296,206,297,298,299,300,301,182,302,303,304,213,305,187,306,307,308,309,310,311,312,190,313,314,315,316,317,318,319,226,320,321,322,323,324,325,326,233,327],"class_list":{"0":"post-9369","1":"product","2":"type-product","3":"status-publish","4":"has-post-thumbnail","6":"product_cat-evp-nutrition","7":"product_cat-muskler-och-leder","8":"product_cat-ovriga-kosttillskott","9":"product_cat-traning","10":"product_tag-allergier","11":"product_tag-alzheimers-sjukdom","12":"product_tag-antivirala-funktioner","13":"product_tag-artros","14":"product_tag-astma","15":"product_tag-autoimmuna-storningar","16":"product_tag-baksmalla","17":"product_tag-benkramper","18":"product_tag-bristningar","19":"product_tag-dalig-cirkulation","20":"product_tag-diabetes-typ-2","21":"product_tag-eksem","22":"product_tag-fetma","23":"product_tag-forstoppning","24":"product_tag-haravfall","25":"product_tag-hemorrojder","26":"product_tag-hogt-blodtryck","27":"product_tag-hogt-kolesterol","28":"product_tag-hosnuva","29":"product_tag-huvudvark","30":"product_tag-kronisk-smarta","31":"product_tag-ledvark","32":"product_tag-leverproblem","33":"product_tag-metylsulfonylmetan","34":"product_tag-migran","35":"product_tag-msm","36":"product_tag-muskel-och-benproblem","37":"product_tag-muskelskada","38":"product_tag-ogonsvullnad","39":"product_tag-parasitinfektioner","40":"product_tag-pms","41":"product_tag-premenstruellt-syndrom","42":"product_tag-psoriasis","43":"product_tag-rosacea","44":"product_tag-rynkor","45":"product_tag-sar","46":"product_tag-snarkning","47":"product_tag-stralningsforgiftning","48":"product_tag-svampinfektioner","49":"product_tag-tandsjukdom","50":"product_tag-trotthet","51":"product_tag-tungmetallavgiftning","53":"first","54":"instock","55":"taxable","56":"shipping-taxable","57":"purchasable","58":"product-type-simple","59":"entry","60":"content-bg","61":"loop-entry"},"taxonomy_info":{"product_cat":[{"value":1293,"label":"EVP Nutrition"},{"value":277,"label":"Muskler &amp; Leder"},{"value":1393,"label":"\u00d6vriga kosttillskott"},{"value":278,"label":"Tr\u00e4ning"}],"product_tag":[{"value":294,"label":"allergier"},{"value":267,"label":"alzheimers sjukdom"},{"value":295,"label":"antivirala funktioner"},{"value":296,"label":"artros"},{"value":206,"label":"astma"},{"value":297,"label":"autoimmuna st\u00f6rningar"},{"value":298,"label":"baksm\u00e4lla"},{"value":299,"label":"benkramper"},{"value":300,"label":"bristningar"},{"value":301,"label":"d\u00e5lig cirkulation"},{"value":182,"label":"diabetes typ 2"},{"value":302,"label":"eksem"},{"value":303,"label":"fetma"},{"value":304,"label":"f\u00f6rstoppning"},{"value":213,"label":"h\u00e5ravfall"},{"value":305,"label":"hemorrojder"},{"value":187,"label":"h\u00f6gt blodtryck"},{"value":306,"label":"h\u00f6gt kolesterol"},{"value":307,"label":"h\u00f6snuva"},{"value":308,"label":"huvudv\u00e4rk"},{"value":309,"label":"kronisk sm\u00e4rta"},{"value":310,"label":"ledv\u00e4rk"},{"value":311,"label":"leverproblem"},{"value":312,"label":"Metylsulfonylmetan"},{"value":190,"label":"migr\u00e4n"},{"value":313,"label":"MSM"},{"value":314,"label":"muskel- och benproblem"},{"value":315,"label":"muskelskada"},{"value":316,"label":"\u00f6gonsvullnad"},{"value":317,"label":"parasitinfektioner"},{"value":318,"label":"PMS"},{"value":319,"label":"premenstruellt syndrom"},{"value":226,"label":"psoriasis"},{"value":320,"label":"rosacea"},{"value":321,"label":"rynkor"},{"value":322,"label":"s\u00e5r"},{"value":323,"label":"snarkning"},{"value":324,"label":"str\u00e5lningsf\u00f6rgiftning"},{"value":325,"label":"svampinfektioner"},{"value":326,"label":"tandsjukdom"},{"value":233,"label":"tr\u00f6tthet"},{"value":327,"label":"tungmetallavgiftning"}]},"featured_image_src_large":["https:\/\/vitaminbutiken.com\/wp-content\/uploads\/2025\/03\/313-MSM-Photoroom-e1770635739193-957x700.png",957,700,true],"author_info":[],"comment_info":0,"_links":{"self":[{"href":"https:\/\/vitaminbutiken.com\/en\/wp-json\/wp\/v2\/product\/9369","targetHints":{"allow":["GET"]}}],"collection":[{"href":"https:\/\/vitaminbutiken.com\/en\/wp-json\/wp\/v2\/product"}],"about":[{"href":"https:\/\/vitaminbutiken.com\/en\/wp-json\/wp\/v2\/types\/product"}],"replies":[{"embeddable":true,"href":"https:\/\/vitaminbutiken.com\/en\/wp-json\/wp\/v2\/comments?post=9369"}],"wp:featuredmedia":[{"embeddable":true,"href":"https:\/\/vitaminbutiken.com\/en\/wp-json\/wp\/v2\/media\/500103655"}],"wp:attachment":[{"href":"https:\/\/vitaminbutiken.com\/en\/wp-json\/wp\/v2\/media?parent=9369"}],"wp:term":[{"taxonomy":"product_brand","embeddable":true,"href":"https:\/\/vitaminbutiken.com\/en\/wp-json\/wp\/v2\/product_brand?post=9369"},{"taxonomy":"product_cat","embeddable":true,"href":"https:\/\/vitaminbutiken.com\/en\/wp-json\/wp\/v2\/product_cat?post=9369"},{"taxonomy":"product_tag","embeddable":true,"href":"https:\/\/vitaminbutiken.com\/en\/wp-json\/wp\/v2\/product_tag?post=9369"}],"curies":[{"name":"wp","href":"https:\/\/api.w.org\/{rel}","templated":true}]}}