{"id":9365,"date":"2025-03-19T15:53:22","date_gmt":"2025-03-19T13:53:22","guid":{"rendered":"https:\/\/vitaminbutiken.multi.fi\/?post_type=product&#038;p=9365"},"modified":"2026-04-10T11:35:41","modified_gmt":"2026-04-10T09:35:41","slug":"q10-quinol10-ubiqinol","status":"publish","type":"product","link":"https:\/\/vitaminbutiken.com\/en\/produkt\/q10-quinol10-ubiqinol\/","title":{"rendered":"Quinol 10, Ubiqinol"},"content":{"rendered":"<p><strong>Quinol10 &#8211; Q10\u00ae &#8211; Ubiqinol<\/strong><\/p>\n<p>Quinol10\u00ae inneh\u00e5ller \u00e4ven vitamin B1, vitamin C och zink som f\u00f6rb\u00e4ttrar upptaget av Q10 (i formen ubiqinol).<\/p>\n<ul>\n<li>Vitamin B1(tiamin) bidrar till normal energioms\u00e4ttning.<\/li>\n<li>Vitamin B1 (tiamin) bidrar till hj\u00e4rtats normala funktion.<\/li>\n<li>Zink bidrar till att skydda cellerna mot oxidativ stress samt till normal fertilitet och reproduktion.<\/li>\n<\/ul>\n<p><strong>Allm\u00e4n information om Q10<\/strong><br \/>\nQ10 \u00e4r ett aktivt enzym som f\u00f6rekommer \u00f6ver allt i naturen. Hos m\u00e4nniskan finns den i alla kroppsv\u00e4vnader, men fram f\u00f6r allt i hj\u00e4rtat, levern och immunsystemet. Den tillverkas i kroppen fr\u00e5n aminosyran tyrosin med inverkan av vitaminerna B1, B6, Folsyra och E. Emellertid avtar egenproduktionen med \u00e5ldern varf\u00f6r \u00e4ldre kan m\u00e5 bra av att ta extra tillskott av Q10. En av de viktigaste funktionerna hos Q10 \u00e4r dess avg\u00f6rande roll i den mitokondriella energiproduktionen i cellerna.<\/p>\n<ul>\n<li>Avg\u00f6rande l\u00e4nk och &#8220;flaskhals&#8221; vid energiproduktionen<\/li>\n<li>Fettl\u00f6slig antioxidant i cellerna och blodets lipoproteiner<\/li>\n<li>&#8220;Reparerar&#8221;\/reducerar anv\u00e4nt E-vitamin<\/li>\n<li>&#8220;Sm\u00f6rjmedel i v\u00e5ra cellmembran&#8221;<\/li>\n<\/ul>\n<p><strong>F\u00f6r ett v\u00e4l fungerande hj\u00e4rta, normal \u00e4mnesoms\u00e4ttning och hj\u00e4lper minska tr\u00f6tthet och utmattning.<\/strong><\/p>\n<p>Q10 \u00e4r en vitaminliknande substans med en central roll i den cellul\u00e4ra energioms\u00e4ttningen. Det bidrar aktivt till omvandlingen av fett, protein, kolhydrater och alkohol till <strong>ATP (adenosintrifosfat)<\/strong>, en molekyl som lagrar energi i kemisk form. N\u00e4r celler beh\u00f6ver energi delas ATP-molekylen och energi frig\u00f6rs. Bildningen av ATP sker inuti cellerna i sm\u00e5 b\u00f6nformade strukturer som kallas mitokondrier. Muskelceller beh\u00f6ver stora m\u00e4ngder energi. D\u00e4rf\u00f6r inneh\u00e5ller muskelceller v\u00e4sentligt fler mitokondrier \u00e4n andra celltyper. Hj\u00e4rtmuskeln \u00e4r ett bra exempel p\u00e5 en kroppsv\u00e4vnad med h\u00f6g mitokondriedensitet, detta beror p\u00e5 att hj\u00e4rtat har ett enormt energibehov.<\/p>\n<p><strong>Utm\u00e4rkande egenskaper:<\/strong><\/p>\n<ul>\n<li>Ubiqinol Kaneka QH \u2013 originalet \u2013 producerad och f\u00f6rpackad enligt god tillverkningssed (GMP) f\u00f6r optimal kvalitet.<\/li>\n<li>Ubiqinol \u2013 andra generationens Coenzym 10.<\/li>\n<\/ul>\n<p><strong>Dosering:<\/strong> 2 kapslar\/dag.<\/p>\n<table style=\"height: 80px;\" border=\"1\" width=\"621\" cellspacing=\"0\" cellpadding=\"0\">\n<tbody>\n<tr>\n<td valign=\"top\" width=\"30%\"><strong>1 kapslar inneh\u00e5ller<\/strong><\/td>\n<td valign=\"top\" width=\"20%\"><strong> M\u00e4ngd<\/strong><\/td>\n<td valign=\"top\" width=\"30%\"><strong>*DRI% <\/strong><\/td>\n<\/tr>\n<tr>\n<td valign=\"top\" width=\"30%\">Ubicinol Kaneca, Q10<\/td>\n<td valign=\"top\" width=\"20%\">100 mg<\/td>\n<td valign=\"top\" width=\"20%\">**<\/td>\n<\/tr>\n<tr>\n<td valign=\"top\" width=\"30%\">Vitamin B1 (tiamin)<\/td>\n<td valign=\"top\" width=\"20%\">1,2 mg<\/td>\n<td valign=\"top\" width=\"20%\">109 %<\/td>\n<\/tr>\n<tr>\n<td valign=\"top\" width=\"30%\">Vitamin C<\/td>\n<td valign=\"top\" width=\"20%\">40 mg<\/td>\n<td valign=\"top\" width=\"20%\">50 %<\/td>\n<\/tr>\n<tr>\n<td valign=\"top\" width=\"30%\">Zink<\/td>\n<td valign=\"top\" width=\"20%\">4 mg<\/td>\n<td valign=\"top\" width=\"20%\">40 %<\/td>\n<\/tr>\n<\/tbody>\n<\/table>\n<p><strong><em>*DRI \u00e4r dagligt referensintag. **DRI ej fastst\u00e4llt.<\/em><\/strong><\/p>\n<p><strong>Ingredienser<\/strong>: <strong>Soja<\/strong>b\u00f6nolja; gelatinkapsel (<strong>bovint<\/strong> gelatin, glycerol, vatten, f\u00e4rg\u00e4mne:karamel); delvis hydrolicerad <strong>soja<\/strong>b\u00f6nolja; ubiquinol; stabiliseringsmedel (bivax); vitamin C; zink; emulgeringsmedel: <strong>soja<\/strong>lecitin; vitamin B1.<\/p>\n<p>Rekommenderad daglig dos b\u00f6r ej \u00f6verskridas.<br \/>\nKosttillskott ers\u00e4tter inte en varierad kost.<br \/>\nProdukten f\u00f6rvaras o\u00e5tkomligt f\u00f6r sm\u00e5 barn.<\/p>\n<p>&nbsp;<\/p>\n","protected":false},"excerpt":{"rendered":"<p>Quinol10\u00ae inneh\u00e5ller \u00e4ven vitamin B1, vitamin C och zink som f\u00f6rb\u00e4ttrar upptaget av Q10 (i formen ubiqinol).<\/p>\n<p>En av de viktigaste funktionerna hos Q10 \u00e4r dess avg\u00f6rande roll i den mitokondriella energiproduktionen i cellerna.<\/p>\n<p><strong>F\u00f6r ett v\u00e4l fungerande hj\u00e4rta, normal \u00e4mnesoms\u00e4ttning och hj\u00e4lper minska tr\u00f6tthet och utmattning.<\/strong><\/p>\n<p><strong>60 kapslar<\/strong><\/p>\n","protected":false},"featured_media":500103584,"comment_status":"closed","ping_status":"closed","template":"","meta":{"_kad_blocks_custom_css":"","_kad_blocks_head_custom_js":"","_kad_blocks_body_custom_js":"","_kad_blocks_footer_custom_js":"","_kadence_starter_templates_imported_post":false,"_kad_post_transparent":"default","_kad_post_title":"","_kad_post_layout":"default","_kad_post_sidebar_id":"","_kad_post_content_style":"default","_kad_post_vertical_padding":"default","_kad_post_feature":"","_kad_post_feature_position":"","_kad_post_header":false,"_kad_post_footer":false,"_kad_post_classname":""},"product_brand":[],"product_cat":[266,176,2822,277,278],"product_tag":[267,205,268,269,248,187,270,253,271,190,255,221,272,194,273,229,274,275,276,234,235],"class_list":{"0":"post-9365","1":"product","2":"type-product","3":"status-publish","4":"has-post-thumbnail","6":"product_cat-100-natural","7":"product_cat-immunforsvar","8":"product_cat-multi-produkter","9":"product_cat-muskler-och-leder","10":"product_cat-traning","11":"product_tag-alzheimers-sjukdom","12":"product_tag-antioxidant","13":"product_tag-arytmi","14":"product_tag-hjart-och-karlsjukdomar","15":"product_tag-hjartsvikt","16":"product_tag-hogt-blodtryck","17":"product_tag-karlkramp","18":"product_tag-kronisk-trotthet","19":"product_tag-manlig-infertilitet","20":"product_tag-migran","21":"product_tag-muskelsvaghet","22":"product_tag-naturtillskott","23":"product_tag-nedsatt-immunforsvar","24":"product_tag-parkinsons-sjukdom","25":"product_tag-q10","26":"product_tag-starka-immunforsvar","27":"product_tag-syrebrist-i-hjarnan","28":"product_tag-syrebrist-i-tarmvavnader","29":"product_tag-tandlossning","30":"product_tag-vitamin","31":"product_tag-vitaminer","33":"first","34":"instock","35":"taxable","36":"shipping-taxable","37":"purchasable","38":"product-type-simple","39":"entry","40":"content-bg","41":"loop-entry"},"taxonomy_info":{"product_cat":[{"value":266,"label":"100% Natural"},{"value":176,"label":"Immunf\u00f6rsvar"},{"value":2822,"label":"Multi produkter"},{"value":277,"label":"Muskler &amp; Leder"},{"value":278,"label":"Tr\u00e4ning"}],"product_tag":[{"value":267,"label":"alzheimers sjukdom"},{"value":205,"label":"antioxidant"},{"value":268,"label":"arytmi"},{"value":269,"label":"hj\u00e4rt- och k\u00e4rlsjukdomar"},{"value":248,"label":"hj\u00e4rtsvikt"},{"value":187,"label":"h\u00f6gt blodtryck"},{"value":270,"label":"k\u00e4rlkramp"},{"value":253,"label":"kronisk tr\u00f6tthet"},{"value":271,"label":"manlig infertilitet"},{"value":190,"label":"migr\u00e4n"},{"value":255,"label":"muskelsvaghet"},{"value":221,"label":"naturtillskott"},{"value":272,"label":"nedsatt immunf\u00f6rsvar"},{"value":194,"label":"parkinsons sjukdom"},{"value":273,"label":"q10"},{"value":229,"label":"st\u00e4rka immunf\u00f6rsvar"},{"value":274,"label":"syrebrist i hj\u00e4rnan"},{"value":275,"label":"syrebrist i tarmv\u00e4vnader"},{"value":276,"label":"tandlossning"},{"value":234,"label":"vitamin"},{"value":235,"label":"vitaminer"}]},"featured_image_src_large":["https:\/\/vitaminbutiken.com\/wp-content\/uploads\/2025\/03\/246-Quinol-10-Photoroom-e1769769818477-877x700.png",877,700,true],"author_info":[],"comment_info":0,"_links":{"self":[{"href":"https:\/\/vitaminbutiken.com\/en\/wp-json\/wp\/v2\/product\/9365","targetHints":{"allow":["GET"]}}],"collection":[{"href":"https:\/\/vitaminbutiken.com\/en\/wp-json\/wp\/v2\/product"}],"about":[{"href":"https:\/\/vitaminbutiken.com\/en\/wp-json\/wp\/v2\/types\/product"}],"replies":[{"embeddable":true,"href":"https:\/\/vitaminbutiken.com\/en\/wp-json\/wp\/v2\/comments?post=9365"}],"wp:featuredmedia":[{"embeddable":true,"href":"https:\/\/vitaminbutiken.com\/en\/wp-json\/wp\/v2\/media\/500103584"}],"wp:attachment":[{"href":"https:\/\/vitaminbutiken.com\/en\/wp-json\/wp\/v2\/media?parent=9365"}],"wp:term":[{"taxonomy":"product_brand","embeddable":true,"href":"https:\/\/vitaminbutiken.com\/en\/wp-json\/wp\/v2\/product_brand?post=9365"},{"taxonomy":"product_cat","embeddable":true,"href":"https:\/\/vitaminbutiken.com\/en\/wp-json\/wp\/v2\/product_cat?post=9365"},{"taxonomy":"product_tag","embeddable":true,"href":"https:\/\/vitaminbutiken.com\/en\/wp-json\/wp\/v2\/product_tag?post=9365"}],"curies":[{"name":"wp","href":"https:\/\/api.w.org\/{rel}","templated":true}]}}