{"id":9363,"date":"2025-03-19T15:53:19","date_gmt":"2025-03-19T13:53:19","guid":{"rendered":"https:\/\/vitaminbutiken.multi.fi\/?post_type=product&#038;p=9363"},"modified":"2026-04-08T18:35:57","modified_gmt":"2026-04-08T16:35:57","slug":"a-vitamin-med-zink","status":"publish","type":"product","link":"https:\/\/vitaminbutiken.com\/en\/produkt\/a-vitamin-med-zink\/","title":{"rendered":"A-vitamin. Synergos"},"content":{"rendered":"<p><strong>A-vitamin med Zink<\/strong><\/p>\n<p><strong>Allm\u00e4n information<\/strong><br \/>\nA-vitaminer \u00e4r en grupp s.k. retinoider som r\u00e4knas till de fettl\u00f6sliga vitaminerna.\u00a0 A-vitamin \u00e4r viktigt f\u00f6r synf\u00f6rm\u00e5gan, huden, slemhinnorna, skelettet samt fosterutveckling och tillv\u00e4xten.<br \/>\nZink \u00e4r viktig synergist till A-vitamin. Kr\u00e4vs b\u00e5de f\u00f6r biotillg\u00e4ngligheten samt f\u00f6rm\u00e5gan att konvertera vitamin A till olika funktionella enzymer.<\/p>\n<p><strong>Vitamin A bidrar till:<\/strong><br \/>\n\u2022 normal j\u00e4rnoms\u00e4ttning<br \/>\n\u2022 att bibeh\u00e5lla normala slemhinnor<br \/>\n\u2022 att bibeh\u00e5lla normal hud<br \/>\n\u2022 att bibeh\u00e5lla normal synf\u00f6rm\u00e5ga<br \/>\n\u2022 immunsystemets normala funktion<br \/>\n\u2022 har en roll i cellspecialiseringsprocessen<\/p>\n<p><strong>Dosering:<\/strong> 2 kapslar per dag.<\/p>\n<table style=\"height: 80px;\" border=\"1\" width=\"621\" cellspacing=\"0\" cellpadding=\"0\">\n<tbody>\n<tr>\n<td><strong>2 kapslar inneh\u00e5ller:<\/strong><\/td>\n<td><strong>M\u00e4ngd<\/strong><\/td>\n<td><strong>% DRI*<\/strong><\/td>\n<\/tr>\n<tr>\n<td>Vitamin A<\/td>\n<td>3000\u00a0mcg<\/td>\n<td>375 %<\/td>\n<\/tr>\n<tr>\n<td>Zink<\/td>\n<td>30 mg<\/td>\n<td>300 %<\/td>\n<\/tr>\n<\/tbody>\n<\/table>\n<p><strong>*DRI \u00e4r dagligt referensintag.\u00a0<\/strong><\/p>\n<p><strong>Ingredienser:<\/strong> Fyllnadsmedel (mikrokristallincellulosa), zink (zinksulfat), vitamin A, klumpf\u00f6rebyggande medel (magnesiumsalter av fettsyror), kapsel (hydroxipropylmetylcellulosa).<\/p>\n<p>Daglig rekommenderad dos b\u00f6r ej \u00f6verskridas.<br \/>\nKosttillskott ers\u00e4tter inte en varierad kost.<br \/>\nProdukten f\u00f6rvaras o\u00e5tkomligt f\u00f6r sm\u00e5 barn.<\/p>\n<p>OBS! \u00d6vre gr\u00e4nsen f\u00f6r Zink (25 mg) \u00f6verskrids. I denna produkt \u00e4r dygnsdosen f\u00f6r zink 30 mg. Inte f\u00f6r l\u00e5ngvarigt bruk.<\/p>\n","protected":false},"excerpt":{"rendered":"<p>A-vitaminer r\u00e4knas till de fettl\u00f6sliga vitaminerna.<\/p>\n<p>A-vitamin \u00e4r viktigt f\u00f6r synf\u00f6rm\u00e5gan, huden, slemhinnorna, skelettet samt fosterutveckling och tillv\u00e4xten.<\/p>\n<p>Zink \u00e4r viktig synergist till A-vitamin.<\/p>\n<p><strong>60 kapslar<\/strong><\/p>\n","protected":false},"featured_media":500103402,"comment_status":"open","ping_status":"closed","template":"","meta":{"_kad_blocks_custom_css":"","_kad_blocks_head_custom_js":"","_kad_blocks_body_custom_js":"","_kad_blocks_footer_custom_js":"","_kadence_starter_templates_imported_post":false,"_kad_post_transparent":"default","_kad_post_title":"","_kad_post_layout":"default","_kad_post_sidebar_id":"","_kad_post_content_style":"default","_kad_post_vertical_padding":"default","_kad_post_feature":"","_kad_post_feature_position":"","_kad_post_header":false,"_kad_post_footer":false,"_kad_post_classname":""},"product_brand":[],"product_cat":[2804,195,281,1307,155,2827],"product_tag":[202,203,204,205,206,207,208,209,210,211,212,213,214,215,216,217,218,219,220,221,222,223,224,225,226,227,228,229,230,231,232,233,234,235],"class_list":{"0":"post-9363","1":"product","2":"type-product","3":"status-publish","4":"has-post-thumbnail","6":"product_cat-a-vitamin","7":"product_cat-hud-skonhet","8":"product_cat-mineraler","9":"product_cat-synergos","10":"product_cat-vitaminer","11":"product_cat-zink","12":"product_tag-a-vitamin","13":"product_tag-a-vitamin-med-zink","14":"product_tag-akne","15":"product_tag-antioxidant","16":"product_tag-astma","17":"product_tag-bronkit","18":"product_tag-dalig-harkvalitet","19":"product_tag-dalig-hudkvalitet","20":"product_tag-follikular-hyperkeratos","21":"product_tag-forstorade-harsackar","22":"product_tag-forsvagat-morkerseende","23":"product_tag-haravfall","24":"product_tag-hud","25":"product_tag-hudsjukdomar","26":"product_tag-hyperkeratos","27":"product_tag-infektionskanslighet","28":"product_tag-leverstarkande","29":"product_tag-luftvagsbesvar","30":"product_tag-nattblindhet","31":"product_tag-naturtillskott","32":"product_tag-nedsatt-sarlakning","33":"product_tag-nedsatt-syn","34":"product_tag-nedsatt-synformaga","35":"product_tag-ogonsjukdomar","36":"product_tag-psoriasis","37":"product_tag-skelett","38":"product_tag-slemhinnor","39":"product_tag-starka-immunforsvar","40":"product_tag-svag-leverstatus","41":"product_tag-synformag","42":"product_tag-toxicitet","43":"product_tag-trotthet","44":"product_tag-vitamin","45":"product_tag-vitaminer","47":"first","48":"instock","49":"taxable","50":"shipping-taxable","51":"purchasable","52":"product-type-simple","53":"entry","54":"content-bg","55":"loop-entry"},"taxonomy_info":{"product_cat":[{"value":2804,"label":"A-vitamin"},{"value":195,"label":"Hud &amp; Sk\u00f6nhet"},{"value":281,"label":"Mineraler"},{"value":1307,"label":"Synergos"},{"value":155,"label":"Vitaminer"},{"value":2827,"label":"Zink"}],"product_tag":[{"value":202,"label":"a vitamin"},{"value":203,"label":"a vitamin med zink"},{"value":204,"label":"akne"},{"value":205,"label":"antioxidant"},{"value":206,"label":"astma"},{"value":207,"label":"bronkit"},{"value":208,"label":"d\u00e5lig h\u00e5rkvalitet"},{"value":209,"label":"d\u00e5lig hudkvalitet"},{"value":210,"label":"follikul\u00e4r hyperkeratos"},{"value":211,"label":"f\u00f6rstorade h\u00e5rs\u00e4ckar"},{"value":212,"label":"f\u00f6rsvagat m\u00f6rkerseende"},{"value":213,"label":"h\u00e5ravfall"},{"value":214,"label":"hud"},{"value":215,"label":"hudsjukdomar"},{"value":216,"label":"hyperkeratos"},{"value":217,"label":"infektionsk\u00e4nslighet"},{"value":218,"label":"leverst\u00e4rkande"},{"value":219,"label":"luftv\u00e4gsbesv\u00e4r"},{"value":220,"label":"nattblindhet"},{"value":221,"label":"naturtillskott"},{"value":222,"label":"nedsatt s\u00e5rl\u00e4kning"},{"value":223,"label":"nedsatt syn"},{"value":224,"label":"nedsatt synf\u00f6rm\u00e5ga"},{"value":225,"label":"\u00f6gonsjukdomar"},{"value":226,"label":"psoriasis"},{"value":227,"label":"skelett"},{"value":228,"label":"slemhinnor"},{"value":229,"label":"st\u00e4rka immunf\u00f6rsvar"},{"value":230,"label":"Svag leverstatus"},{"value":231,"label":"synf\u00f6rm\u00e5g"},{"value":232,"label":"toxicitet"},{"value":233,"label":"tr\u00f6tthet"},{"value":234,"label":"vitamin"},{"value":235,"label":"vitaminer"}]},"featured_image_src_large":["https:\/\/vitaminbutiken.com\/wp-content\/uploads\/2025\/03\/200-A-vitamin-with-zinc-Photoroom-e1768985767423-917x700.png",917,700,true],"author_info":[],"comment_info":0,"_links":{"self":[{"href":"https:\/\/vitaminbutiken.com\/en\/wp-json\/wp\/v2\/product\/9363","targetHints":{"allow":["GET"]}}],"collection":[{"href":"https:\/\/vitaminbutiken.com\/en\/wp-json\/wp\/v2\/product"}],"about":[{"href":"https:\/\/vitaminbutiken.com\/en\/wp-json\/wp\/v2\/types\/product"}],"replies":[{"embeddable":true,"href":"https:\/\/vitaminbutiken.com\/en\/wp-json\/wp\/v2\/comments?post=9363"}],"wp:featuredmedia":[{"embeddable":true,"href":"https:\/\/vitaminbutiken.com\/en\/wp-json\/wp\/v2\/media\/500103402"}],"wp:attachment":[{"href":"https:\/\/vitaminbutiken.com\/en\/wp-json\/wp\/v2\/media?parent=9363"}],"wp:term":[{"taxonomy":"product_brand","embeddable":true,"href":"https:\/\/vitaminbutiken.com\/en\/wp-json\/wp\/v2\/product_brand?post=9363"},{"taxonomy":"product_cat","embeddable":true,"href":"https:\/\/vitaminbutiken.com\/en\/wp-json\/wp\/v2\/product_cat?post=9363"},{"taxonomy":"product_tag","embeddable":true,"href":"https:\/\/vitaminbutiken.com\/en\/wp-json\/wp\/v2\/product_tag?post=9363"}],"curies":[{"name":"wp","href":"https:\/\/api.w.org\/{rel}","templated":true}]}}