{"id":500104082,"date":"2026-04-10T11:37:47","date_gmt":"2026-04-10T09:37:47","guid":{"rendered":"https:\/\/vitaminbutiken.com\/?post_type=product&#038;p=500104082"},"modified":"2026-04-10T11:37:48","modified_gmt":"2026-04-10T09:37:48","slug":"colostrum-complex","status":"publish","type":"product","link":"https:\/\/vitaminbutiken.com\/en\/produkt\/colostrum-complex\/","title":{"rendered":"Colostrum Complex"},"content":{"rendered":"<p><span data-olk-copy-source=\"MessageBody\">Colostrum Complex \u00e4r ett avancerat kosttillskott sammansatt enligt synergiprincipen. Inneh\u00e5ller extra laktoferrin med naturligt inneh\u00e5ll av immunglobuliner.<\/p>\n<p><\/span><\/p>\n<p><strong>Dosering:\u00a0<\/strong>3 kapslar per dag uppdelat p\u00e5 3 intag, morgon, middag, kv\u00e4ll.<\/p>\n<table style=\"height: 80px;\" border=\"1\" width=\"621\" cellspacing=\"0\" cellpadding=\"0\">\n<tbody>\n<tr>\n<td valign=\"top\" width=\"30%\"><strong>1 tablett inneh\u00e5ller<\/strong><\/td>\n<td valign=\"top\" width=\"20%\"><strong> M\u00e4ngd<\/strong><\/td>\n<td valign=\"top\" width=\"30%\"><strong>%DRI*<\/strong><\/td>\n<\/tr>\n<tr>\n<td valign=\"top\" width=\"30%\">L-glutamin<\/td>\n<td valign=\"top\" width=\"20%\">1050 mg<\/td>\n<td valign=\"top\" width=\"20%\">**<\/td>\n<\/tr>\n<tr>\n<td valign=\"top\" width=\"30%\">Colostrum<\/td>\n<td valign=\"top\" width=\"20%\">450 mg<\/td>\n<td valign=\"top\" width=\"20%\">**<\/td>\n<\/tr>\n<tr>\n<td valign=\"top\" width=\"30%\">NAC<\/td>\n<td valign=\"top\" width=\"20%\">300 mg<\/td>\n<td valign=\"top\" width=\"20%\">**<\/td>\n<\/tr>\n<tr>\n<td valign=\"top\" width=\"30%\">Magnesium<\/td>\n<td valign=\"top\" width=\"20%\">15 mg<\/td>\n<td valign=\"top\" width=\"20%\">4 %<\/td>\n<\/tr>\n<tr>\n<td valign=\"top\" width=\"30%\">Zink<\/td>\n<td valign=\"top\" width=\"20%\">6 mg<\/td>\n<td valign=\"top\" width=\"20%\">60 %<\/td>\n<\/tr>\n<tr>\n<td valign=\"top\" width=\"30%\">Bromelain<\/td>\n<td valign=\"top\" width=\"20%\">12 mg<\/td>\n<td valign=\"top\" width=\"20%\">**<\/td>\n<\/tr>\n<tr>\n<td valign=\"top\" width=\"30%\">Pollenextrakt<\/td>\n<td valign=\"top\" width=\"20%\">9 mg<\/td>\n<td valign=\"top\" width=\"20%\">**<\/td>\n<\/tr>\n<tr>\n<td valign=\"top\" width=\"30%\">Vitamin D3<\/td>\n<td valign=\"top\" width=\"20%\">3 \u00b5g<\/td>\n<td valign=\"top\" width=\"20%\">60 %<\/td>\n<\/tr>\n<tr>\n<td valign=\"top\" width=\"30%\">Vitamin B6<\/td>\n<td valign=\"top\" width=\"20%\">3 mg<\/td>\n<td valign=\"top\" width=\"20%\">214 %<\/td>\n<\/tr>\n<\/tbody>\n<\/table>\n<p><strong><em>*DRI \u00e4r dagligt referensintag. **DRI saknas.<\/em><\/strong><\/p>\n<p><strong>Ingredienser<\/strong>: L-glutamin, Colostrum (r\u00e5mj\u00f6lk av n\u00f6t), NAC, Magnesium (magnesiumglycinat), zink(zinkglukonat), bromelain, pollenextrakt, vitamin D3, vitamin B6, kapsel (pullulan).<em><br \/>\n<\/em><\/p>\n<p>Daglig rekommenderad dos b\u00f6r ej \u00f6verskridas.<br \/>\nKosttillskott ers\u00e4tter inte en varierad kost.<br \/>\nProdukten f\u00f6rvaras o\u00e5tkomligt f\u00f6r sm\u00e5barn.<strong><em><br \/>\n<\/em><\/strong><\/p>\n<p><span data-olk-copy-source=\"MessageBody\">\u00a0<\/span><\/p>\n","protected":false},"excerpt":{"rendered":"<p><strong>90 Kapslar<\/strong><\/p>\n","protected":false},"featured_media":500104086,"comment_status":"closed","ping_status":"closed","template":"","meta":{"_kad_blocks_custom_css":"","_kad_blocks_head_custom_js":"","_kad_blocks_body_custom_js":"","_kad_blocks_footer_custom_js":"","_kadence_starter_templates_imported_post":false,"_kad_post_transparent":"default","_kad_post_title":"","_kad_post_layout":"default","_kad_post_sidebar_id":"","_kad_post_content_style":"default","_kad_post_vertical_padding":"default","_kad_post_feature":"","_kad_post_feature_position":"","_kad_post_header":false,"_kad_post_footer":false,"_kad_post_classname":""},"product_brand":[],"product_cat":[155,281,2821,2806],"product_tag":[],"class_list":{"0":"post-500104082","1":"product","2":"type-product","3":"status-publish","4":"has-post-thumbnail","6":"product_cat-vitaminer","7":"product_cat-mineraler","8":"product_cat-multi-mineral","9":"product_cat-multi-vitamin","11":"first","12":"instock","13":"taxable","14":"shipping-taxable","15":"purchasable","16":"product-type-simple","17":"entry","18":"content-bg","19":"loop-entry"},"taxonomy_info":{"product_cat":[{"value":155,"label":"Vitaminer"},{"value":281,"label":"Mineraler"},{"value":2821,"label":"Multi-mineral"},{"value":2806,"label":"Multi-vitamin"}]},"featured_image_src_large":["https:\/\/vitaminbutiken.com\/wp-content\/uploads\/2026\/04\/304-Colostrum-Complex-Photoroom-e1775813828334-777x700.png",777,700,true],"author_info":[],"comment_info":0,"_links":{"self":[{"href":"https:\/\/vitaminbutiken.com\/en\/wp-json\/wp\/v2\/product\/500104082","targetHints":{"allow":["GET"]}}],"collection":[{"href":"https:\/\/vitaminbutiken.com\/en\/wp-json\/wp\/v2\/product"}],"about":[{"href":"https:\/\/vitaminbutiken.com\/en\/wp-json\/wp\/v2\/types\/product"}],"replies":[{"embeddable":true,"href":"https:\/\/vitaminbutiken.com\/en\/wp-json\/wp\/v2\/comments?post=500104082"}],"wp:featuredmedia":[{"embeddable":true,"href":"https:\/\/vitaminbutiken.com\/en\/wp-json\/wp\/v2\/media\/500104086"}],"wp:attachment":[{"href":"https:\/\/vitaminbutiken.com\/en\/wp-json\/wp\/v2\/media?parent=500104082"}],"wp:term":[{"taxonomy":"product_brand","embeddable":true,"href":"https:\/\/vitaminbutiken.com\/en\/wp-json\/wp\/v2\/product_brand?post=500104082"},{"taxonomy":"product_cat","embeddable":true,"href":"https:\/\/vitaminbutiken.com\/en\/wp-json\/wp\/v2\/product_cat?post=500104082"},{"taxonomy":"product_tag","embeddable":true,"href":"https:\/\/vitaminbutiken.com\/en\/wp-json\/wp\/v2\/product_tag?post=500104082"}],"curies":[{"name":"wp","href":"https:\/\/api.w.org\/{rel}","templated":true}]}}