{"id":500104058,"date":"2026-04-02T13:18:44","date_gmt":"2026-04-02T11:18:44","guid":{"rendered":"https:\/\/vitaminbutiken.com\/?post_type=product&#038;p=500104058"},"modified":"2026-04-09T13:42:43","modified_gmt":"2026-04-09T11:42:43","slug":"anti-inflammationspaketet","status":"publish","type":"product","link":"https:\/\/vitaminbutiken.com\/en\/produkt\/anti-inflammationspaketet\/","title":{"rendered":"Anti-inflammationspaketet"},"content":{"rendered":"<p class=\"x_MsoNormal\"><b data-olk-copy-source=\"MessageBody\">Kanonerbjudande p\u00e5 ett anti-inflammationspaketet <\/b><b>Vi kan med gl\u00e4dje erbjuda ett mycket f\u00f6rm\u00e5nligt erbjudande april 2026!<br \/>\n<\/b><\/p>\n<p class=\"x_MsoNormal\"><b data-olk-copy-source=\"MessageBody\">Paket inneh\u00e5ller:<\/b><\/p>\n<p>Gurk\u00f6rtsolja \u2013 Rik p\u00e5 GLA<br \/>\nGurk\u00f6rtsolja \u00e4r ett vegetabiliskt kosttillskott som utvinns ur fr\u00f6na fr\u00e5n Borago officinalis och \u00e4r naturligt rik p\u00e5 gamma-linolensyra (GLA). Ett popul\u00e4rt val f\u00f6r dig som vill komplettera kosten med en k\u00e4lla till flerom\u00e4ttade fettsyror, s\u00e4rskilt i perioder d\u00e5 kroppen har ett \u00f6kat behov. Inneh\u00e5ller 90 kapslar. Varje kapsel ger 1000 mg gurk\u00f6rtsolja varav 200 mg GLA samt 15 mg vitamin E.<\/p>\n<p class=\"x_MsoNormal\"><b>Omega 3 \u2013 Fiskolja<br \/>\n<\/b>Omega-3 fettsyror. H\u00f6gkvalitativ certifierad Novosana fiskolja. 120 kapslar varav varje kapsel inneh\u00e5ller 1000 mg fiskolja (varav 18 % EPA och 12 % DHA) samt 12 mg\u00a0 vitamin E.<\/p>\n<p class=\"x_MsoNormal\"><b><br \/>\n<\/b><\/p>\n<p><strong>Dosering: 1 kapsel 2 g\u00e5nger per dag.<\/strong><\/p>\n<table style=\"height: 80px;\" border=\"1\" width=\"621\" cellspacing=\"0\" cellpadding=\"0\">\n<tbody>\n<tr>\n<td style=\"width: 20.4403%;\"><strong>2 kapslar inneh\u00e5ller:<\/strong><\/td>\n<td style=\"width: 17.9245%;\"><strong>Dos<\/strong><\/td>\n<td style=\"width: 12.2642%;\"><strong>*%DRI<\/strong><\/td>\n<\/tr>\n<tr>\n<td style=\"width: 20.4403%;\" width=\"75\">^Fiskolja<\/td>\n<td style=\"width: 17.9245%;\" width=\"47\">2000 mg<\/td>\n<td style=\"width: 12.2642%;\" width=\"38\">**<\/td>\n<\/tr>\n<tr>\n<td style=\"width: 20.4403%;\" width=\"75\">EPA<\/td>\n<td style=\"width: 17.9245%;\" width=\"47\">360 mg<\/td>\n<td style=\"width: 12.2642%;\" width=\"38\">**<\/td>\n<\/tr>\n<tr>\n<td style=\"width: 20.4403%;\" width=\"75\">DHA<\/td>\n<td style=\"width: 17.9245%;\" width=\"47\">240 mg<\/td>\n<td style=\"width: 12.2642%;\" width=\"38\">**<\/td>\n<\/tr>\n<tr>\n<td style=\"width: 20.4403%;\" width=\"75\">Vitamin E<\/td>\n<td style=\"width: 17.9245%;\" width=\"47\">12 mg<\/td>\n<td style=\"width: 12.2642%;\" width=\"38\">100 %*<\/td>\n<\/tr>\n<\/tbody>\n<\/table>\n<p><strong>^Novosana quality and safety ingredients.<br \/>\n* DRI \u00e4r dagligt referensintag. ** DRI saknas.<\/strong><\/p>\n<p><strong>Ingredienser<\/strong>: Varje kapsel inneh\u00e5ller 1000 mg fiskolja varav 18 % EPA och 12 % DHA. Kapseln \u00e4r gjord av gelatin (n\u00f6t), E-vitamin (D-Alfa-tokoferyl-acetat).<\/p>\n<p>Daglig rekommenderad dos b\u00f6r ej \u00f6verskridas.<br \/>\nKosttillskott ers\u00e4tter inte en varierad kost.<br \/>\nProdukten f\u00f6rvaras o\u00e5tkomligt f\u00f6r sm\u00e5 barn.<\/p>\n<p><strong>Dosering: 1 kapsel per dag.<\/strong><\/p>\n<table style=\"height: 80px;\" border=\"1\" width=\"621\" cellspacing=\"0\" cellpadding=\"0\">\n<tbody>\n<tr>\n<td valign=\"top\" width=\"30%\"><b>1 kapsel inneh\u00e5ller<\/b><\/td>\n<td valign=\"top\" width=\"20%\"><strong> M\u00e4ngd<\/strong><\/td>\n<td valign=\"top\" width=\"30%\"><strong>*DRI% <\/strong><\/td>\n<\/tr>\n<tr>\n<td valign=\"top\" width=\"30%\">Gurk\u00f6rtsolja<br \/>\n<span style=\"font-family: inherit; font-size: inherit;\">Varav: 20 % GLA\u00a0<\/span><\/td>\n<td valign=\"top\" width=\"20%\">1000 mg<br \/>\n200 mg<\/td>\n<td valign=\"top\" width=\"20%\">**<br \/>\n**<\/td>\n<\/tr>\n<tr>\n<td valign=\"top\" width=\"30%\">Vitamin E<\/td>\n<td valign=\"top\" width=\"20%\">15 mg<\/td>\n<td valign=\"top\" width=\"20%\">125 %<\/td>\n<\/tr>\n<\/tbody>\n<\/table>\n<p><strong><em>*DRI \u00e4r dagligt referensintag. **DRI ej fastst\u00e4llt.<\/em><\/strong><\/p>\n<p><strong>Ingredienser<\/strong>: Gurk\u00f6rtsolja, vitamin E, gelatinkapsel (<strong>n\u00f6t<\/strong>, glycerin).<\/p>\n<p>Rekommenderad dos b\u00f6r ej \u00f6verskridas.<br \/>\nKosttillskott ers\u00e4tter inte en varierad kost.<br \/>\nProdukten f\u00f6rvaras o\u00e5tkomligt f\u00f6r sm\u00e5 barn.<b><\/b><\/p>\n","protected":false},"excerpt":{"rendered":"<p><strong>KAMPANJ APRIL 2026\u00a0<\/strong><\/p>\n","protected":false},"featured_media":500104059,"comment_status":"closed","ping_status":"closed","template":"","meta":{"_kad_blocks_custom_css":"","_kad_blocks_head_custom_js":"","_kad_blocks_body_custom_js":"","_kad_blocks_footer_custom_js":"","_kadence_starter_templates_imported_post":false,"_kad_post_transparent":"default","_kad_post_title":"","_kad_post_layout":"default","_kad_post_sidebar_id":"","_kad_post_content_style":"default","_kad_post_vertical_padding":"default","_kad_post_feature":"","_kad_post_feature_position":"","_kad_post_header":false,"_kad_post_footer":false,"_kad_post_classname":""},"product_brand":[],"product_cat":[2764,2824],"product_tag":[],"class_list":{"0":"post-500104058","1":"product","2":"type-product","3":"status-publish","4":"has-post-thumbnail","6":"product_cat-erbjudanden","7":"product_cat-nyheter","9":"first","10":"instock","11":"sale","12":"taxable","13":"shipping-taxable","14":"purchasable","15":"product-type-simple","16":"entry","17":"content-bg","18":"loop-entry"},"taxonomy_info":{"product_cat":[{"value":2764,"label":"Erbjudanden"},{"value":2824,"label":"Nyheter"}]},"featured_image_src_large":["https:\/\/vitaminbutiken.com\/wp-content\/uploads\/2026\/04\/EFA-PAKET-Photoroom-e1775128674860-937x700.png",937,700,true],"author_info":[],"comment_info":0,"_links":{"self":[{"href":"https:\/\/vitaminbutiken.com\/en\/wp-json\/wp\/v2\/product\/500104058","targetHints":{"allow":["GET"]}}],"collection":[{"href":"https:\/\/vitaminbutiken.com\/en\/wp-json\/wp\/v2\/product"}],"about":[{"href":"https:\/\/vitaminbutiken.com\/en\/wp-json\/wp\/v2\/types\/product"}],"replies":[{"embeddable":true,"href":"https:\/\/vitaminbutiken.com\/en\/wp-json\/wp\/v2\/comments?post=500104058"}],"wp:featuredmedia":[{"embeddable":true,"href":"https:\/\/vitaminbutiken.com\/en\/wp-json\/wp\/v2\/media\/500104059"}],"wp:attachment":[{"href":"https:\/\/vitaminbutiken.com\/en\/wp-json\/wp\/v2\/media?parent=500104058"}],"wp:term":[{"taxonomy":"product_brand","embeddable":true,"href":"https:\/\/vitaminbutiken.com\/en\/wp-json\/wp\/v2\/product_brand?post=500104058"},{"taxonomy":"product_cat","embeddable":true,"href":"https:\/\/vitaminbutiken.com\/en\/wp-json\/wp\/v2\/product_cat?post=500104058"},{"taxonomy":"product_tag","embeddable":true,"href":"https:\/\/vitaminbutiken.com\/en\/wp-json\/wp\/v2\/product_tag?post=500104058"}],"curies":[{"name":"wp","href":"https:\/\/api.w.org\/{rel}","templated":true}]}}