{"id":500103946,"date":"2026-03-04T13:21:51","date_gmt":"2026-03-04T12:21:51","guid":{"rendered":"https:\/\/vitaminbutiken.com\/?post_type=product&#038;p=500103946"},"modified":"2026-04-01T14:19:25","modified_gmt":"2026-04-01T12:19:25","slug":"harpaketet","status":"publish","type":"product","link":"https:\/\/vitaminbutiken.com\/en\/produkt\/harpaketet\/","title":{"rendered":"H\u00c5RPAKETET"},"content":{"rendered":"<p><strong>KAMPANJ MARS 2026 \u2013 H\u00c5RPAKETET<\/strong><\/p>\n<p>I mars m\u00e5nad k\u00f6r vi ett specialerbjudande p\u00e5 h\u00e5rpaketet vilket inneh\u00e5ller tv\u00e5 intressanta preparat: Biotin Synergos och Silica Complex.<\/p>\n<p><strong>Biotin Synergos \u2013 Artikelnummer 236<br \/>\n<\/strong>Biotin Synergos \u00e4r ett avancerat kosttillskott, som inneh\u00e5ller 60 kapslar med vardera 300 mg biotin tillsammans med en rad biotinsynergister. Biotin bidra till att bibeh\u00e5lla normal h\u00e5r.<\/p>\n<p><strong>Silica Complex \u2013 Artikelnummer 215<br \/>\n<\/strong>Silica Complex \u00e4r ett avancerat kosttillskott, som inneh\u00e5ller 90 tabletter. Varje tablett ger en unik sammans\u00e4ttning av en rad vitaminer, mineraler, sp\u00e5r\u00e4mnen och aminosyror som spelar en viktig roll f\u00f6r reparation och produktion av epithemv\u00e4vnad. Detta \u00e4r ett specialpreparat med denna inriktning. Hit h\u00f6r bl.a celler i h\u00e5r, hud, naglar och slemhinnor. Silica Complex inneh\u00e5ller bland annat \u00e5kerfr\u00e4ken, som \u00e4r rikt p\u00e5 kisel.<\/p>\n<p><b>Biotin Synergos<br \/>\n<\/b><\/p>\n<p><strong>Dosering:\u00a0<\/strong>1 kapsel 2 g\u00e5nger per dag i samband med m\u00e5ltid.<\/p>\n<table style=\"height: 80px;\" border=\"1\" width=\"600\" cellspacing=\"0\" cellpadding=\"0\">\n<tbody>\n<tr>\n<td style=\"width: 14.624%;\"><strong>2 kapslar inneh\u00e5ller:<\/strong><\/td>\n<td style=\"width: 11.9375%;\"><strong>M\u00e4ngd<\/strong><\/td>\n<td style=\"width: 6.06197%;\"><strong>*%DRI<\/strong><\/td>\n<\/tr>\n<tr>\n<td style=\"width: 14.624%;\">Tiamin (B1)<\/td>\n<td style=\"width: 11.9375%;\">10 mg<\/td>\n<td style=\"width: 6.06197%;\">910 %<\/td>\n<\/tr>\n<tr>\n<td style=\"width: 14.624%;\">Riboflavin (B2)<\/td>\n<td style=\"width: 11.9375%;\">10 mg<\/td>\n<td style=\"width: 6.06197%;\">714 %<\/td>\n<\/tr>\n<tr>\n<td style=\"width: 14.624%;\">Niacin (B3)<\/td>\n<td style=\"width: 11.9375%;\">60 mg<\/td>\n<td style=\"width: 6.06197%;\">3 750 %<\/td>\n<\/tr>\n<tr>\n<td style=\"width: 14.624%;\">Pantotensyra (B5)<\/td>\n<td style=\"width: 11.9375%;\">40 mg<\/td>\n<td style=\"width: 6.06197%;\">667 %<\/td>\n<\/tr>\n<tr>\n<td style=\"width: 14.624%;\">Vitamin B6<\/td>\n<td style=\"width: 11.9375%;\">10 mg<\/td>\n<td style=\"width: 6.06197%;\">714 %<\/td>\n<\/tr>\n<tr>\n<td style=\"width: 14.624%;\">Vitamin B12<\/td>\n<td style=\"width: 11.9375%;\">100 mcg<\/td>\n<td style=\"width: 6.06197%;\">4 000 %<\/td>\n<\/tr>\n<tr>\n<td style=\"width: 14.624%;\">Folsyra<\/td>\n<td style=\"width: 11.9375%;\">80 mcg<\/td>\n<td style=\"width: 6.06197%;\">40 %<\/td>\n<\/tr>\n<tr>\n<td style=\"width: 14.624%;\">Biotin<\/td>\n<td style=\"width: 11.9375%;\">1 000 mcg<\/td>\n<td style=\"width: 6.06197%;\">2 000 %<\/td>\n<\/tr>\n<tr>\n<td style=\"width: 14.624%;\">Kolin<\/td>\n<td style=\"width: 11.9375%;\">100 mg<\/td>\n<td style=\"width: 6.06197%;\">**<\/td>\n<\/tr>\n<tr>\n<td style=\"width: 14.624%;\">PABA<\/td>\n<td style=\"width: 11.9375%;\">50 mg<\/td>\n<td style=\"width: 6.06197%;\">**<\/td>\n<\/tr>\n<tr>\n<td style=\"width: 14.624%;\">Inositol<\/td>\n<td style=\"width: 11.9375%;\">50 mg<\/td>\n<td style=\"width: 6.06197%;\">**<\/td>\n<\/tr>\n<tr>\n<td style=\"width: 14.624%;\">Zink<\/td>\n<td style=\"width: 11.9375%;\">6 mg<\/td>\n<td style=\"width: 6.06197%;\">60 %<\/td>\n<\/tr>\n<\/tbody>\n<\/table>\n<p><strong>*DRI \u00e4r dagligt referensintag. **DRI ej fastst\u00e4lld.<\/strong><\/p>\n<p><strong>Ingredienser:<\/strong> Fyllnadsmedel (mikrokristallin cellulosa), kolin, niacin (nikotinamid), inositol, PABA, pantotensyra (kalcium-D-pantotenat), zink (zinkcitrat), tiamin, vitamin B6 (pyridoxinhydroklorid), riboflavin, vitamin B12 (cyanokobalamin), klumpf\u00f6rebyggande medel (magnesiumsalter av fettsyror, kiseldioxid), biotin, folsyra (pteroylmonoglutaminsyra).<\/p>\n<p>Rekommenderad daglig dos b\u00f6r ej \u00f6verskridas.<br \/>\nKosttillskott ers\u00e4tter inte en varierad kost.<br \/>\nProdukten f\u00f6rvaras o\u00e5tkomligt f\u00f6r sm\u00e5 barn.<\/p>\n<p><strong>Silica Complex<br \/>\n<\/strong><\/p>\n<p><strong>Dosering:\u00a0<\/strong>2-3 tabletter\/dag.<\/p>\n<table style=\"height: 80px;\" border=\"1\" width=\"600\" cellspacing=\"0\" cellpadding=\"0\">\n<tbody>\n<tr>\n<td style=\"width: 11.6539%;\"><strong>3 tabletter inneh\u00e5ller:<\/strong><\/td>\n<td style=\"width: 7.64414%;\"><strong>M\u00e4ngd<\/strong><\/td>\n<td style=\"width: 5.72778%;\"><strong>*%DRI<\/strong><\/td>\n<\/tr>\n<tr>\n<td style=\"width: 11.6539%;\" width=\"75\">Kalcium<\/td>\n<td style=\"width: 7.64414%;\" width=\"38\">186 mg<\/td>\n<td style=\"width: 5.72778%;\" width=\"38\">\u00a023 %<\/td>\n<\/tr>\n<tr>\n<td style=\"width: 11.6539%;\" width=\"75\">\u00c5kerfr\u00e4ken<\/td>\n<td style=\"width: 7.64414%;\" width=\"38\">120 mg<\/td>\n<td style=\"width: 5.72778%;\" width=\"38\">**<\/td>\n<\/tr>\n<tr>\n<td style=\"width: 11.6539%;\" width=\"75\">Bl\u00e5st\u00e5ng<\/td>\n<td style=\"width: 7.64414%;\" width=\"38\">\u00a0 81 mg<\/td>\n<td style=\"width: 5.72778%;\" width=\"38\">**<\/td>\n<\/tr>\n<tr>\n<td style=\"width: 11.6539%;\" width=\"75\">N\u00e4ssla<\/td>\n<td style=\"width: 7.64414%;\" width=\"38\">\u00a0 81 mg<\/td>\n<td style=\"width: 5.72778%;\" width=\"38\">**<\/td>\n<\/tr>\n<tr>\n<td style=\"width: 11.6539%;\" width=\"75\">Zink<\/td>\n<td style=\"width: 7.64414%;\" width=\"38\">\u00a0 15 mg<\/td>\n<td style=\"width: 5.72778%;\" width=\"38\">\u00a0150 %<\/td>\n<\/tr>\n<tr>\n<td style=\"width: 11.6539%;\" width=\"75\">Lysin<\/td>\n<td style=\"width: 7.64414%;\" width=\"38\">\u00a0 66 mg<\/td>\n<td style=\"width: 5.72778%;\" width=\"38\">**<\/td>\n<\/tr>\n<tr>\n<td style=\"width: 11.6539%;\" width=\"75\">Kisel<\/td>\n<td style=\"width: 7.64414%;\" width=\"38\">\u00a0 23 mg<\/td>\n<td style=\"width: 5.72778%;\" width=\"38\">**<\/td>\n<\/tr>\n<tr>\n<td style=\"width: 11.6539%;\" width=\"75\">Niacin (B3)<\/td>\n<td style=\"width: 7.64414%;\" width=\"38\">\u00a0 45 mg<\/td>\n<td style=\"width: 5.72778%;\" width=\"38\">281 %<\/td>\n<\/tr>\n<tr>\n<td style=\"width: 11.6539%;\" width=\"75\">PABA<\/td>\n<td style=\"width: 7.64414%;\" width=\"38\">\u00a0 45 mg<\/td>\n<td style=\"width: 5.72778%;\" width=\"38\">**<\/td>\n<\/tr>\n<tr>\n<td style=\"width: 11.6539%;\" width=\"75\">Metionin<\/td>\n<td style=\"width: 7.64414%;\" width=\"38\">\u00a0 33 mg<\/td>\n<td style=\"width: 5.72778%;\" width=\"38\">**<\/td>\n<\/tr>\n<tr>\n<td style=\"width: 11.6539%;\" width=\"75\">Vitamin B5<\/td>\n<td style=\"width: 7.64414%;\" width=\"38\">\u00a0 30 mg<\/td>\n<td style=\"width: 5.72778%;\" width=\"38\">\u00a0500 %<\/td>\n<\/tr>\n<tr>\n<td style=\"width: 11.6539%;\" width=\"75\">Biotin<\/td>\n<td style=\"width: 7.64414%;\" width=\"38\">\u00a0645 \u00b5g<\/td>\n<td style=\"width: 5.72778%;\" width=\"38\">1290 %<\/td>\n<\/tr>\n<\/tbody>\n<\/table>\n<p><strong>* DRI<\/strong> \u00e4r dagligt referensintag. **DRI ej fastst\u00e4llt.<\/p>\n<p><strong>Ingredienser:<\/strong> Kalciumkarbonat, fyllnadsmedel (mikrokristallinsk cellulosa), \u00e5kerfr\u00e4ken (<em>Equisetum arvense, 7% Si<\/em>) bl\u00e5st\u00e5ng (<em>Fucus vesiculosis, 0,2% jod<\/em>), n\u00e4ssla (<em>Urtica Dioica L, 2% Si<\/em>), zinkbisglycinat, fyllnadsmedel (stearinsyra), l-lysin, kiseldioxid, nikotinamid, p-aminobensoesyra, metionin, kalcium-D-pantotenat, stabiliseringsmedel (tv\u00e4rbunden natriumkarboximetylcellulosa), fyllnadsmedel (dikalciumfosfat), stabiliseringsmedel (magnesiumsalter av fettsyror), D-biotin.<\/p>\n<p><strong>Observera: <\/strong>Silica complex b\u00f6r inte intas samtidigt med antibiotika eftersom mineral\u00e4mnen kan begr\u00e4nsa upptag av antibiotika. Ta i s\u00e5dant l\u00e4ge med 3 timmars intervall.<\/p>\n<p>Rekommenderad daglig dos b\u00f6r ej \u00f6verskridas.<br \/>\nKosttillskott ers\u00e4tter inte en varierad kost.<br \/>\nProdukten f\u00f6rvaras o\u00e5tkomligt f\u00f6r sm\u00e5 barn.<\/p>\n","protected":false},"excerpt":{"rendered":"<p><strong>KAMPANJ MARS 2026 \u2013 H\u00c5RPAKETET<\/strong><\/p>\n<p>I mars m\u00e5nad k\u00f6r vi ett specialerbjudande p\u00e5 h\u00e5rpaketet vilket inneh\u00e5ller tv\u00e5 intressanta preparat: Biotin Synergos och Silica Complex.<\/p>\n","protected":false},"featured_media":500103947,"comment_status":"closed","ping_status":"closed","template":"","meta":{"_kad_blocks_custom_css":"","_kad_blocks_head_custom_js":"","_kad_blocks_body_custom_js":"","_kad_blocks_footer_custom_js":"","_kadence_starter_templates_imported_post":false,"_kad_post_transparent":"default","_kad_post_title":"","_kad_post_layout":"default","_kad_post_sidebar_id":"","_kad_post_content_style":"default","_kad_post_vertical_padding":"default","_kad_post_feature":"","_kad_post_feature_position":"","_kad_post_header":false,"_kad_post_footer":false,"_kad_post_classname":""},"product_brand":[],"product_cat":[2764,195,2822,1307],"product_tag":[],"class_list":{"0":"post-500103946","1":"product","2":"type-product","3":"status-publish","4":"has-post-thumbnail","6":"product_cat-erbjudanden","7":"product_cat-hud-skonhet","8":"product_cat-multi-produkter","9":"product_cat-synergos","11":"first","12":"outofstock","13":"sale","14":"taxable","15":"shipping-taxable","16":"purchasable","17":"product-type-simple","18":"entry","19":"content-bg","20":"loop-entry"},"taxonomy_info":{"product_cat":[{"value":2764,"label":"Erbjudanden"},{"value":195,"label":"Hud &amp; Sk\u00f6nhet"},{"value":2822,"label":"Multi produkter"},{"value":1307,"label":"Synergos"}]},"featured_image_src_large":["https:\/\/vitaminbutiken.com\/wp-content\/uploads\/2026\/03\/HARPAKET-Photoroom-e1772626796959-810x700.png",810,700,true],"author_info":[],"comment_info":0,"_links":{"self":[{"href":"https:\/\/vitaminbutiken.com\/en\/wp-json\/wp\/v2\/product\/500103946","targetHints":{"allow":["GET"]}}],"collection":[{"href":"https:\/\/vitaminbutiken.com\/en\/wp-json\/wp\/v2\/product"}],"about":[{"href":"https:\/\/vitaminbutiken.com\/en\/wp-json\/wp\/v2\/types\/product"}],"replies":[{"embeddable":true,"href":"https:\/\/vitaminbutiken.com\/en\/wp-json\/wp\/v2\/comments?post=500103946"}],"wp:featuredmedia":[{"embeddable":true,"href":"https:\/\/vitaminbutiken.com\/en\/wp-json\/wp\/v2\/media\/500103947"}],"wp:attachment":[{"href":"https:\/\/vitaminbutiken.com\/en\/wp-json\/wp\/v2\/media?parent=500103946"}],"wp:term":[{"taxonomy":"product_brand","embeddable":true,"href":"https:\/\/vitaminbutiken.com\/en\/wp-json\/wp\/v2\/product_brand?post=500103946"},{"taxonomy":"product_cat","embeddable":true,"href":"https:\/\/vitaminbutiken.com\/en\/wp-json\/wp\/v2\/product_cat?post=500103946"},{"taxonomy":"product_tag","embeddable":true,"href":"https:\/\/vitaminbutiken.com\/en\/wp-json\/wp\/v2\/product_tag?post=500103946"}],"curies":[{"name":"wp","href":"https:\/\/api.w.org\/{rel}","templated":true}]}}