{"id":500103897,"date":"2026-02-20T12:19:26","date_gmt":"2026-02-20T11:19:26","guid":{"rendered":"https:\/\/vitaminbutiken.com\/?post_type=product&#038;p=500103897"},"modified":"2026-03-25T10:02:29","modified_gmt":"2026-03-25T09:02:29","slug":"f2-stimuli-tabletter","status":"publish","type":"product","link":"https:\/\/vitaminbutiken.com\/en\/produkt\/f2-stimuli-tabletter\/","title":{"rendered":"F2 Stimuli tabletter"},"content":{"rendered":"<p><strong>F2 Stimuli, Chanca Piedra &#8211; Sista partiet i lager i tablettform. -30%\u00a0<\/strong><\/p>\n<p>Phyllantus niruri, \u00e4ven kallad Chanca Piedra, \u00e4r en liten ett\u00e5rig \u00f6rt som n\u00e5r ca 30\u201340 cm i h\u00f6jd.\u00a0 N\u00e4r de spanska conquistadorerna kom i kontakt med denna \u00f6rt under er\u00f6vringen av Sydamerika under 1500-talet s\u00e5 gav de \u00f6rten namnet Chanca Piedra (stenspr\u00e4ngaren).<\/p>\n<p><strong>Dosering:<\/strong> 1 tablett 2 g\u00e5nger per dag.<\/p>\n<table style=\"height: 80px;\" border=\"1\" width=\"600\" cellspacing=\"0\" cellpadding=\"0\">\n<tbody>\n<tr>\n<td style=\"width: 16.9928%;\" width=\"64\"><strong>2 tabletter inneh\u00e5ller:<\/strong><\/td>\n<td style=\"width: 13.4912%;\" width=\"59\"><strong>M\u00e4ngd<\/strong><\/td>\n<td style=\"width: 13.4912%;\" width=\"59\"><b>%DRI*<\/b><\/td>\n<\/tr>\n<tr>\n<td style=\"width: 16.9928%;\" width=\"64\">Chanca Piedra<\/td>\n<td style=\"width: 13.4912%;\" width=\"59\">1 000 mg<\/td>\n<td style=\"width: 13.4912%;\" width=\"59\"><strong>**<\/strong><\/td>\n<\/tr>\n<\/tbody>\n<\/table>\n<p><em><strong>**DRI (dagligt referensintag) ej fastst\u00e4llt.<br \/>\n<\/strong><\/em><\/p>\n<p><strong>Ingredienser:<\/strong> Chansa extrakt 10:1. Fyllnadsmedel (kalciumkarbonat, mikrokristallinsk cellulosa och kiseldioxid). Klumpf\u00f6rebyggande medel (vegetabiliska magnesiumsalter av fettsyror). Stabiliseringsmedel (natriumkarboximetylcellulosa, hydroxypropylmetylcellulosa och glycerol).<\/p>\n<p>Rekommenderad daglig dos b\u00f6r ej \u00f6verskridas.<br \/>\nKosttillskott ers\u00e4tter inte en varierad kost.<br \/>\nProdukter f\u00f6rvaras o\u00e5tkomligt f\u00f6r sm\u00e5barn.<\/p>\n","protected":false},"excerpt":{"rendered":"<p>Phyllantus niruri, \u00e4ven kallad Chanca Piedra.<\/p>\n<p><strong>60 tabletter\u00a0<\/strong><\/p>\n","protected":false},"featured_media":500103898,"comment_status":"closed","ping_status":"closed","template":"","meta":{"_kad_blocks_custom_css":"","_kad_blocks_head_custom_js":"","_kad_blocks_body_custom_js":"","_kad_blocks_footer_custom_js":"","_kadence_starter_templates_imported_post":false,"_kad_post_transparent":"default","_kad_post_title":"","_kad_post_layout":"default","_kad_post_sidebar_id":"","_kad_post_content_style":"default","_kad_post_vertical_padding":"default","_kad_post_feature":"","_kad_post_feature_position":"","_kad_post_header":false,"_kad_post_footer":false,"_kad_post_classname":""},"product_brand":[],"product_cat":[198,149,1307],"product_tag":[],"class_list":{"0":"post-500103897","1":"product","2":"type-product","3":"status-publish","4":"has-post-thumbnail","6":"product_cat-lever-och-njurar","7":"product_cat-orter","8":"product_cat-synergos","10":"first","11":"instock","12":"sale","13":"taxable","14":"shipping-taxable","15":"purchasable","16":"product-type-simple","17":"entry","18":"content-bg","19":"loop-entry"},"taxonomy_info":{"product_cat":[{"value":198,"label":"Lever &amp; Njurar"},{"value":149,"label":"\u00d6rter"},{"value":1307,"label":"Synergos"}]},"featured_image_src_large":["https:\/\/vitaminbutiken.com\/wp-content\/uploads\/2026\/02\/F2-Stimuli-tabletter-Photoroom-e1771586351248-763x700.png",763,700,true],"author_info":[],"comment_info":0,"_links":{"self":[{"href":"https:\/\/vitaminbutiken.com\/en\/wp-json\/wp\/v2\/product\/500103897","targetHints":{"allow":["GET"]}}],"collection":[{"href":"https:\/\/vitaminbutiken.com\/en\/wp-json\/wp\/v2\/product"}],"about":[{"href":"https:\/\/vitaminbutiken.com\/en\/wp-json\/wp\/v2\/types\/product"}],"replies":[{"embeddable":true,"href":"https:\/\/vitaminbutiken.com\/en\/wp-json\/wp\/v2\/comments?post=500103897"}],"wp:featuredmedia":[{"embeddable":true,"href":"https:\/\/vitaminbutiken.com\/en\/wp-json\/wp\/v2\/media\/500103898"}],"wp:attachment":[{"href":"https:\/\/vitaminbutiken.com\/en\/wp-json\/wp\/v2\/media?parent=500103897"}],"wp:term":[{"taxonomy":"product_brand","embeddable":true,"href":"https:\/\/vitaminbutiken.com\/en\/wp-json\/wp\/v2\/product_brand?post=500103897"},{"taxonomy":"product_cat","embeddable":true,"href":"https:\/\/vitaminbutiken.com\/en\/wp-json\/wp\/v2\/product_cat?post=500103897"},{"taxonomy":"product_tag","embeddable":true,"href":"https:\/\/vitaminbutiken.com\/en\/wp-json\/wp\/v2\/product_tag?post=500103897"}],"curies":[{"name":"wp","href":"https:\/\/api.w.org\/{rel}","templated":true}]}}