{"id":500103539,"date":"2026-01-29T08:39:50","date_gmt":"2026-01-29T07:39:50","guid":{"rendered":"https:\/\/vitaminbutiken.com\/?post_type=product&#038;p=500103539"},"modified":"2026-04-20T10:25:31","modified_gmt":"2026-04-20T08:25:31","slug":"zincatest-flytande-zinksulfat-2","status":"publish","type":"product","link":"https:\/\/vitaminbutiken.com\/en\/produkt\/zincatest-flytande-zinksulfat-2\/","title":{"rendered":"ZINCATEST\u00ae \u2013 Flytande Zinksulfat &#8211; Lamberts"},"content":{"rendered":"<p data-start=\"200\" data-end=\"234\"><strong data-start=\"200\" data-end=\"223\">5 ml ger 15 mg zink<\/strong><\/p>\n<p data-start=\"200\" data-end=\"234\"><strong>Flytande zink f\u00f6r exakt dosering och snabb anv\u00e4ndning<\/strong><\/p>\n<p data-start=\"294\" data-end=\"557\">ZINCATEST\u00ae fr\u00e5n Lamberts \u00e4r en flytande l\u00f6sning av zink i form av zinksulfat. Produkten \u00e4r utvecklad f\u00f6r att ge en exakt och praktisk dosering av zink i flytande form. En dagsdos p\u00e5 5 ml ger 15 mg zink, vilket motsvarar 150 % av det dagliga referensintaget (DRI).<\/p>\n<p data-start=\"559\" data-end=\"672\">Den flytande formen g\u00f6r produkten s\u00e4rskilt l\u00e4mplig f\u00f6r personer som har sv\u00e5rt att sv\u00e4lja tabletter eller kapslar.<\/p>\n<p data-start=\"559\" data-end=\"672\"><strong>Zink \u2013 ett livsviktigt sp\u00e5r\u00e4mne<\/strong><\/p>\n<p data-start=\"715\" data-end=\"895\">Zink \u00e4r ett essentiellt mineral som deltar i \u00f6ver 300 enzymatiska processer i kroppen. Det spelar en central roll f\u00f6r immunf\u00f6rsvar, hud, fertilitet, hormonbalans och cellf\u00f6rnyelse.<\/p>\n<p data-start=\"897\" data-end=\"1020\">Eftersom kroppen inte kan lagra st\u00f6rre m\u00e4ngder zink beh\u00f6ver det tillf\u00f6ras regelbundet via kosten eller genom kosttillskott.<\/p>\n<p data-start=\"897\" data-end=\"1020\"><strong>Immunf\u00f6rsvar<\/strong><\/p>\n<p data-start=\"1048\" data-end=\"1053\">Zink:<\/p>\n<ul data-start=\"1055\" data-end=\"1158\">\n<li data-start=\"1055\" data-end=\"1102\">\n<p data-start=\"1057\" data-end=\"1102\">bidrar till immunsystemets normala funktion<\/p>\n<\/li>\n<li data-start=\"1103\" data-end=\"1158\">\n<p data-start=\"1105\" data-end=\"1158\">bidrar till att skydda cellerna mot oxidativ stress<\/p>\n<\/li>\n<\/ul>\n<p data-start=\"1160\" data-end=\"1242\">Zink \u00e4r en viktig komponent i kroppens naturliga f\u00f6rsvar och antioxidativa system.<\/p>\n<p data-start=\"1160\" data-end=\"1242\"><strong>Hud, h\u00e5r och naglar<\/strong><\/p>\n<p data-start=\"1276\" data-end=\"1281\">Zink:<\/p>\n<ul data-start=\"1283\" data-end=\"1410\">\n<li data-start=\"1283\" data-end=\"1323\">\n<p data-start=\"1285\" data-end=\"1323\">bidrar till att bibeh\u00e5lla normal hud<\/p>\n<\/li>\n<li data-start=\"1324\" data-end=\"1365\">\n<p data-start=\"1326\" data-end=\"1365\">bidrar till att bibeh\u00e5lla normalt h\u00e5r<\/p>\n<\/li>\n<li data-start=\"1366\" data-end=\"1410\">\n<p data-start=\"1368\" data-end=\"1410\">bidrar till att bibeh\u00e5lla normala naglar<\/p>\n<\/li>\n<\/ul>\n<p data-start=\"1412\" data-end=\"1469\">Zink \u00e4r involverat i cellf\u00f6rnyelse och v\u00e4vnadsuppbyggnad.<\/p>\n<p data-start=\"1412\" data-end=\"1469\"><strong>Fertilitet och hormoner<\/strong><\/p>\n<p data-start=\"1507\" data-end=\"1512\">Zink:<\/p>\n<ul data-start=\"1514\" data-end=\"1629\">\n<li data-start=\"1514\" data-end=\"1564\">\n<p data-start=\"1516\" data-end=\"1564\">bidrar till normal fertilitet och reproduktion<\/p>\n<\/li>\n<li data-start=\"1565\" data-end=\"1629\">\n<p data-start=\"1567\" data-end=\"1629\">bidrar till att bibeh\u00e5lla normala testosteronniv\u00e5er i blodet<\/p>\n<\/li>\n<\/ul>\n<p data-start=\"1631\" data-end=\"1695\">Zink \u00e4r s\u00e4rskilt viktigt f\u00f6r hormonbalans och reproduktiv h\u00e4lsa.<\/p>\n<p data-start=\"1631\" data-end=\"1695\"><strong>Syn och kognitiv funktion<\/strong><\/p>\n<p data-start=\"1736\" data-end=\"1741\">Zink:<\/p>\n<ul data-start=\"1743\" data-end=\"1824\">\n<li data-start=\"1743\" data-end=\"1783\">\n<p data-start=\"1745\" data-end=\"1783\">bidrar till att bibeh\u00e5lla normal syn<\/p>\n<\/li>\n<li data-start=\"1784\" data-end=\"1824\">\n<p data-start=\"1786\" data-end=\"1824\">bidrar till normal kognitiv funktion<\/p>\n<\/li>\n<\/ul>\n<p data-start=\"1870\" data-end=\"1875\"><strong>Celldelning och \u00e4mnesoms\u00e4ttning<\/strong><\/p>\n<p data-start=\"1870\" data-end=\"1875\">Zink:<\/p>\n<ul data-start=\"1877\" data-end=\"2042\">\n<li data-start=\"1877\" data-end=\"1916\">\n<p data-start=\"1879\" data-end=\"1916\">har en roll i celldelningsprocessen<\/p>\n<\/li>\n<li data-start=\"1917\" data-end=\"1950\">\n<p data-start=\"1919\" data-end=\"1950\">bidrar till normal DNA-syntes<\/p>\n<\/li>\n<li data-start=\"1951\" data-end=\"1987\">\n<p data-start=\"1953\" data-end=\"1987\">bidrar till normal proteinsyntes<\/p>\n<\/li>\n<li data-start=\"1988\" data-end=\"2042\">\n<p data-start=\"1990\" data-end=\"2042\">bidrar till normal oms\u00e4ttning av makron\u00e4rings\u00e4mnen<\/p>\n<\/li>\n<\/ul>\n<p data-start=\"2044\" data-end=\"2118\">Zink \u00e4r en grundl\u00e4ggande n\u00e4ringsfaktor f\u00f6r kroppens biologiska funktioner.<\/p>\n<p data-start=\"2044\" data-end=\"2118\"><strong>Flytande form \u2013 flexibel anv\u00e4ndning<\/strong><\/p>\n<p data-start=\"2165\" data-end=\"2206\">ZINCATEST\u00ae levereras i flytande form f\u00f6r:<\/p>\n<ul data-start=\"2208\" data-end=\"2289\">\n<li data-start=\"2208\" data-end=\"2226\">\n<p data-start=\"2210\" data-end=\"2226\">exakt dosering<\/p>\n<\/li>\n<li data-start=\"2227\" data-end=\"2247\">\n<p data-start=\"2229\" data-end=\"2247\">enkel anv\u00e4ndning<\/p>\n<\/li>\n<li data-start=\"2248\" data-end=\"2289\">\n<p data-start=\"2250\" data-end=\"2289\">alternativ till tabletter och kapslar<\/p>\n<\/li>\n<\/ul>\n<p data-start=\"2291\" data-end=\"2359\">Kan tas direkt eller blandas i vatten enligt rekommenderad dosering.<\/p>\n<p data-start=\"2291\" data-end=\"2359\"><strong>F\u00f6r vem passar ZINCATEST\u00ae?<\/strong><\/p>\n<p data-start=\"2397\" data-end=\"2438\">Produkten kan vara s\u00e4rskilt relevant f\u00f6r:<\/p>\n<ul data-start=\"2440\" data-end=\"2652\">\n<li data-start=\"2440\" data-end=\"2483\">\n<p data-start=\"2442\" data-end=\"2483\">personer med sv\u00e5rt att sv\u00e4lja tabletter<\/p>\n<\/li>\n<li data-start=\"2484\" data-end=\"2519\">\n<p data-start=\"2486\" data-end=\"2519\">personer med \u00f6kat behov av zink<\/p>\n<\/li>\n<li data-start=\"2520\" data-end=\"2579\">\n<p data-start=\"2522\" data-end=\"2579\">personer som vill s\u00e4kerst\u00e4lla ett regelbundet zinkintag<\/p>\n<\/li>\n<li data-start=\"2580\" data-end=\"2608\">\n<p data-start=\"2582\" data-end=\"2608\">vegetarianer och veganer<\/p>\n<\/li>\n<li data-start=\"2609\" data-end=\"2652\">\n<p data-start=\"2611\" data-end=\"2652\">personer som vill st\u00f6dja immunf\u00f6rsvaret<\/p>\n<\/li>\n<\/ul>\n<p data-start=\"2686\" data-end=\"2884\"><strong>Kvalitet fr\u00e5n Lamberts<\/strong><\/p>\n<p data-start=\"2686\" data-end=\"2884\">Lamberts \u00e4r k\u00e4nt f\u00f6r sina h\u00f6ga kvalitetsstandarder och noggrant kontrollerade r\u00e5varor. ZINCATEST\u00ae tillverkas enligt strikta kvalitetskrav f\u00f6r att s\u00e4kerst\u00e4lla renhet, stabilitet och korrekt dosering.<\/p>\n<table style=\"height: 80px;\" border=\"1\" width=\"621\" cellspacing=\"0\" cellpadding=\"0\">\n<tbody>\n<tr>\n<td valign=\"top\" width=\"30%\">\u00a0<strong>5 ml inneh\u00e5ller:<\/strong><strong>\u00a0<\/strong><\/td>\n<td valign=\"top\" width=\"20%\"><strong>\u00a0M\u00e4ngd<\/strong><\/td>\n<td valign=\"top\" width=\"30%\">\u00a0<strong>%DRI*<\/strong><\/td>\n<\/tr>\n<tr>\n<td valign=\"top\" width=\"30%\">\u00a0Zink (som zinksulfat)<\/td>\n<td valign=\"top\" width=\"20%\">\u00a015 mg<\/td>\n<td valign=\"top\" width=\"20%\">\u00a0150 %<\/td>\n<\/tr>\n<\/tbody>\n<\/table>\n<p><em>*DRI \u00e4r dagligt referensintag.\u00a0<\/em><\/p>\n<p><strong>DOSERINGSANVISNING:<\/strong>\u00a0Denna produkt kan anv\u00e4ndas p\u00e5 tv\u00e5 olika s\u00e4tt.<\/p>\n<p>(1) <strong>Som ett kosttillskott:<\/strong> Tag en 5 ml tesked av Zincatest dagligen vid m\u00e5ltid. V\u00e4tskan kan sp\u00e4das ut med vatten eller juice.<\/p>\n<h3 data-start=\"80\" data-end=\"120\">(2) Smaktest f\u00f6r att indikera zinkstatus<\/h3>\n<p data-start=\"122\" data-end=\"187\">Testet b\u00f6r utf\u00f6ras minst en timme efter intag av mat eller dryck.<\/p>\n<p data-start=\"189\" data-end=\"389\">Blanda 5 ml Zincatest\u00ae med 60 ml vatten. Ta d\u00e4refter omedelbart en tesked (ca 5 ml) av den utsp\u00e4dda l\u00f6sningen och sk\u00f6lj runt i munnen i cirka 10 sekunder. L\u00f6sningen kan sedan sv\u00e4ljas eller spottas ut.<\/p>\n<p data-start=\"391\" data-end=\"466\">Den smakupplevelse som uppst\u00e5r kan ge en indikation p\u00e5 kroppens zinkstatus:<\/p>\n<ol data-start=\"468\" data-end=\"814\">\n<li data-start=\"468\" data-end=\"530\">\n<p data-start=\"471\" data-end=\"530\"><strong data-start=\"471\" data-end=\"512\">Smakar som vatten, ingen tydlig smak:<\/strong> L\u00e5g zinkstatus.<\/p>\n<\/li>\n<li data-start=\"531\" data-end=\"656\">\n<p data-start=\"534\" data-end=\"656\"><strong data-start=\"534\" data-end=\"627\">En l\u00e4tt torr, str\u00e4v, mineralliknande eller svagt s\u00f6t smak utvecklas efter n\u00e5gra sekunder:<\/strong> Marginellt l\u00e5g zinkstatus.<\/p>\n<\/li>\n<li data-start=\"657\" data-end=\"738\">\n<p data-start=\"660\" data-end=\"738\"><strong data-start=\"660\" data-end=\"705\">En tydlig smak som gradvis blir starkare:<\/strong> Marginellt positiv zinkstatus.<\/p>\n<\/li>\n<li data-start=\"739\" data-end=\"814\">\n<p data-start=\"742\" data-end=\"814\"><strong data-start=\"742\" data-end=\"794\">En stark och omedelbart m\u00e4rkbar, obehaglig smak:<\/strong> Positiv zinkstatus.<\/p>\n<\/li>\n<\/ol>\n<p data-start=\"816\" data-end=\"1044\">Om resultatet motsvarar alternativ 1 eller 2 kan zinktillskott eller Zincatest\u00ae anv\u00e4ndas dagligen tills smaken f\u00f6r\u00e4ndras till niv\u00e5 3 eller 4. Det kan kr\u00e4vas 3\u20136 m\u00e5naders regelbundet tillskott f\u00f6r att uppn\u00e5 f\u00f6rb\u00e4ttrad zinkstatus.<\/p>\n<p data-start=\"1046\" data-end=\"1096\">En ny l\u00f6sning ska blandas vid varje testtillf\u00e4lle.<\/p>\n<p><strong>Rekommenderad daglig dos b\u00f6r ej \u00f6verskridas.<\/strong><br \/>\n<strong>Kosttillskott ers\u00e4tter inte en varierad kost.<\/strong><br \/>\n<strong>Produkten f\u00f6rvaras o\u00e5tkomligt f\u00f6r sm\u00e5 barn.<\/strong><\/p>\n","protected":false},"excerpt":{"rendered":"<p>ZINCATEST\u00ae \u2013 Flytande Zinksulfat fr\u00e5n Lamberts \u00e4r ett praktiskt och h\u00f6gkvalitativt zinktillskott som ger 15 mg zink per 5 ml. Produkten bidrar till immunsystemets normala funktion, skydd mot oxidativ stress, hudens och h\u00e5rets normala funktion samt fertilitet och hormonbalans \u2013 i en flexibel och l\u00e4ttanv\u00e4nd flytande form.<\/p>\n<p>Lamberts Zinksulfat l\u00f6sning \u00e4r ett flytande zink kosttillskott som kan tas dagligen som ett zinktillskott.<\/p>\n<p><strong>100 ml<\/strong><\/p>\n","protected":false},"featured_media":9871,"comment_status":"closed","ping_status":"closed","template":"","meta":{"_kad_blocks_custom_css":"","_kad_blocks_head_custom_js":"","_kad_blocks_body_custom_js":"","_kad_blocks_footer_custom_js":"","_kadence_starter_templates_imported_post":false,"_kad_post_transparent":"default","_kad_post_title":"","_kad_post_layout":"default","_kad_post_sidebar_id":"","_kad_post_content_style":"default","_kad_post_vertical_padding":"default","_kad_post_feature":"","_kad_post_feature_position":"","_kad_post_header":false,"_kad_post_footer":false,"_kad_post_classname":""},"product_brand":[],"product_cat":[176,1234,281,2827],"product_tag":[],"class_list":{"0":"post-500103539","1":"product","2":"type-product","3":"status-publish","4":"has-post-thumbnail","6":"product_cat-immunforsvar","7":"product_cat-lamberts","8":"product_cat-mineraler","9":"product_cat-zink","11":"first","12":"instock","13":"taxable","14":"shipping-taxable","15":"purchasable","16":"product-type-simple","17":"entry","18":"content-bg","19":"loop-entry"},"taxonomy_info":{"product_cat":[{"value":176,"label":"Immunf\u00f6rsvar"},{"value":1234,"label":"Lamberts"},{"value":281,"label":"Mineraler"},{"value":2827,"label":"Zink"}]},"featured_image_src_large":["https:\/\/vitaminbutiken.com\/wp-content\/uploads\/2025\/03\/8285-100-Zincatest-780x700.jpg",780,700,true],"author_info":[],"comment_info":0,"_links":{"self":[{"href":"https:\/\/vitaminbutiken.com\/en\/wp-json\/wp\/v2\/product\/500103539","targetHints":{"allow":["GET"]}}],"collection":[{"href":"https:\/\/vitaminbutiken.com\/en\/wp-json\/wp\/v2\/product"}],"about":[{"href":"https:\/\/vitaminbutiken.com\/en\/wp-json\/wp\/v2\/types\/product"}],"replies":[{"embeddable":true,"href":"https:\/\/vitaminbutiken.com\/en\/wp-json\/wp\/v2\/comments?post=500103539"}],"wp:featuredmedia":[{"embeddable":true,"href":"https:\/\/vitaminbutiken.com\/en\/wp-json\/wp\/v2\/media\/9871"}],"wp:attachment":[{"href":"https:\/\/vitaminbutiken.com\/en\/wp-json\/wp\/v2\/media?parent=500103539"}],"wp:term":[{"taxonomy":"product_brand","embeddable":true,"href":"https:\/\/vitaminbutiken.com\/en\/wp-json\/wp\/v2\/product_brand?post=500103539"},{"taxonomy":"product_cat","embeddable":true,"href":"https:\/\/vitaminbutiken.com\/en\/wp-json\/wp\/v2\/product_cat?post=500103539"},{"taxonomy":"product_tag","embeddable":true,"href":"https:\/\/vitaminbutiken.com\/en\/wp-json\/wp\/v2\/product_tag?post=500103539"}],"curies":[{"name":"wp","href":"https:\/\/api.w.org\/{rel}","templated":true}]}}