{"id":500103468,"date":"2026-01-27T12:00:39","date_gmt":"2026-01-27T11:00:39","guid":{"rendered":"https:\/\/vitaminbutiken.com\/?post_type=product&#038;p=500103468"},"modified":"2026-03-27T11:24:28","modified_gmt":"2026-03-27T10:24:28","slug":"kudzu","status":"publish","type":"product","link":"https:\/\/vitaminbutiken.com\/en\/produkt\/kudzu\/","title":{"rendered":"Kudzu"},"content":{"rendered":"<p><strong>Kudzu<\/strong>, \u00e4ven kallad japansk pilrot, \u00e4r en grupp v\u00e4xter i sl\u00e4ktet Pueraria tillh\u00f6rande \u00e4rtfamiljen Fabaceae. Det \u00e4r en m\u00e5ng\u00e5rig vinrankev\u00e4xt. V\u00e4xten h\u00e4rstammar fr\u00e5n \u00d6stasien. Kudzuv\u00e4xten har en kraftig rot som p\u00e5minner om ginsengroten.<\/p>\n<p><strong>Aktiva substanser<\/strong> &#8211; Kudzu inneh\u00e5ller ett antal flavonoider: inklusive Puerarin, Daidzein och Daidzin.<br \/>\n<strong>Anv\u00e4nd v\u00e4xtdel:<\/strong> Rot.<\/p>\n<p><strong>Dosering: <\/strong>2 kapslar per dag.<\/p>\n<table style=\"height: 80px;\" border=\"1\" width=\"600\" cellspacing=\"0\" cellpadding=\"0\">\n<tbody>\n<tr style=\"height: 25px;\">\n<td style=\"height: 25px; width: 33.5821%;\" width=\"123\"><strong>2 kapslar inneh\u00e5ller:<\/strong><\/td>\n<td style=\"height: 25px; width: 14.9254%;\" width=\"36\"><strong>M\u00e4ngd<\/strong><\/td>\n<td style=\"height: 25px; width: 14.9254%;\" width=\"36\"><strong>%DRI*<\/strong><\/td>\n<\/tr>\n<tr style=\"height: 25px;\">\n<td style=\"height: 25px; width: 33.5821%;\" width=\"123\">Kudzuextrakt, standardiserat till 40 % flavonoider<\/td>\n<td style=\"height: 25px; width: 14.9254%;\" width=\"36\">800 mg<\/td>\n<td style=\"height: 25px; width: 14.9254%;\" width=\"36\"><b>**<\/b><\/td>\n<\/tr>\n<\/tbody>\n<\/table>\n<p><strong>**DRI (dagligt referensintag) ej fastst\u00e4llt.<\/strong><\/p>\n<p><strong>Ingredienser:<\/strong> Kudzu extrakt (standardiserat till 40 % flavonoider, pueraria lobata), fyllnadsmedel (mikrokristallin cellulosa), kapsel (hydroxipropylmetyl cellulosa).<\/p>\n<p>Rekommenderad daglig dos b\u00f6r ej \u00f6verskridas.<br \/>\nKosttillskott ers\u00e4tter inte en varierad kost.<br \/>\nProdukter f\u00f6rvaras o\u00e5tkomligt f\u00f6r sm\u00e5barn.<\/p>\n","protected":false},"excerpt":{"rendered":"<p>Kudzu inneh\u00e5ller ett \u00e4mne, diadzein, som stimulerar \u00f6strogen.<\/p>\n<p><strong>60 kapslar<\/strong><\/p>\n","protected":false},"featured_media":500103796,"comment_status":"closed","ping_status":"closed","template":"","meta":{"_kad_blocks_custom_css":"","_kad_blocks_head_custom_js":"","_kad_blocks_body_custom_js":"","_kad_blocks_footer_custom_js":"","_kadence_starter_templates_imported_post":false,"_kad_post_transparent":"default","_kad_post_title":"","_kad_post_layout":"default","_kad_post_sidebar_id":"","_kad_post_content_style":"default","_kad_post_vertical_padding":"default","_kad_post_feature":"","_kad_post_feature_position":"","_kad_post_header":false,"_kad_post_footer":false,"_kad_post_classname":""},"product_brand":[],"product_cat":[149,1307],"product_tag":[],"class_list":{"0":"post-500103468","1":"product","2":"type-product","3":"status-publish","4":"has-post-thumbnail","6":"product_cat-orter","7":"product_cat-synergos","9":"first","10":"instock","11":"taxable","12":"shipping-taxable","13":"purchasable","14":"product-type-simple","15":"entry","16":"content-bg","17":"loop-entry"},"taxonomy_info":{"product_cat":[{"value":149,"label":"\u00d6rter"},{"value":1307,"label":"Synergos"}]},"featured_image_src_large":["https:\/\/vitaminbutiken.com\/wp-content\/uploads\/2026\/01\/407-Kudzu-Photoroom-1-e1771327450903-703x700.png",703,700,true],"author_info":[],"comment_info":0,"_links":{"self":[{"href":"https:\/\/vitaminbutiken.com\/en\/wp-json\/wp\/v2\/product\/500103468","targetHints":{"allow":["GET"]}}],"collection":[{"href":"https:\/\/vitaminbutiken.com\/en\/wp-json\/wp\/v2\/product"}],"about":[{"href":"https:\/\/vitaminbutiken.com\/en\/wp-json\/wp\/v2\/types\/product"}],"replies":[{"embeddable":true,"href":"https:\/\/vitaminbutiken.com\/en\/wp-json\/wp\/v2\/comments?post=500103468"}],"wp:featuredmedia":[{"embeddable":true,"href":"https:\/\/vitaminbutiken.com\/en\/wp-json\/wp\/v2\/media\/500103796"}],"wp:attachment":[{"href":"https:\/\/vitaminbutiken.com\/en\/wp-json\/wp\/v2\/media?parent=500103468"}],"wp:term":[{"taxonomy":"product_brand","embeddable":true,"href":"https:\/\/vitaminbutiken.com\/en\/wp-json\/wp\/v2\/product_brand?post=500103468"},{"taxonomy":"product_cat","embeddable":true,"href":"https:\/\/vitaminbutiken.com\/en\/wp-json\/wp\/v2\/product_cat?post=500103468"},{"taxonomy":"product_tag","embeddable":true,"href":"https:\/\/vitaminbutiken.com\/en\/wp-json\/wp\/v2\/product_tag?post=500103468"}],"curies":[{"name":"wp","href":"https:\/\/api.w.org\/{rel}","templated":true}]}}