{"id":500103455,"date":"2026-01-26T19:14:37","date_gmt":"2026-01-26T18:14:37","guid":{"rendered":"https:\/\/vitaminbutiken.com\/?post_type=product&#038;p=500103455"},"modified":"2026-03-26T13:33:59","modified_gmt":"2026-03-26T12:33:59","slug":"ferro-plus-tabletter","status":"publish","type":"product","link":"https:\/\/vitaminbutiken.com\/en\/produkt\/ferro-plus-tabletter\/","title":{"rendered":"Ferro Plus &#8211; tabletter"},"content":{"rendered":"<p><strong>Ferro Plus &#8211; tabletter<\/strong><\/p>\n<p><strong>J\u00e4rn med synergister &#8211; Ferro Plus<\/strong><\/p>\n<p>Ferroplus \u00e4r ett bredspektrum synergimedel j\u00e4rntillskott. Varje tablett ger 20 mg element\u00e4rt j\u00e4rn tillsammans med en rad j\u00e4rnsynergister. Ferro Plus best\u00e5r av en kombination av tv\u00e5v\u00e4rt j\u00e4rn och olika hj\u00e4lp\u00e4mnen som beh\u00f6vs f\u00f6r ett fungerande upptag av j\u00e4rn. Detta preparat \u00e4r baserat p\u00e5 den s\u00e5 kallade synergiprincipen. Detta inneb\u00e4r tillf\u00f6rsel av n\u00e4rings\u00e4mnen som i samverkan med varandra kan h\u00f6ja j\u00e4rnv\u00e4rdet i kroppen.<\/p>\n<p>Ferroplus \u00e4r ett j\u00e4rntillskott med n\u00e4ssla, kelp, C-vitamin och zink.<\/p>\n<p><strong>J\u00e4rn bidrar till:<\/strong><\/p>\n<ul>\n<li>normal kognitiv funktion<\/li>\n<li>normal energioms\u00e4ttning<\/li>\n<li>normal bildning av r\u00f6da blodkroppar och hemoglobin<\/li>\n<li>normal syretransport i kroppen<\/li>\n<li>immunsystemets normala funktion<\/li>\n<li>att minska tr\u00f6tthet och utmattning<\/li>\n<li>har en roll i celldelningsprocessen<\/li>\n<\/ul>\n<p>&nbsp;<\/p>\n<p><strong>Dosering: <\/strong>2 tabletter 2 g\u00e5nger per dag, morgon och kv\u00e4ll.<\/p>\n<table style=\"height: 80px;\" border=\"1\" width=\"600\" cellspacing=\"0\" cellpadding=\"0\">\n<tbody>\n<tr>\n<td style=\"width: 17.2775%;\"><strong>4 tabletter inneh\u00e5ller:<\/strong><\/td>\n<td style=\"width: 6.59079%;\"><strong>M\u00e4ngd<\/strong><\/td>\n<td style=\"width: 7.0794%;\"><strong>*DRI%<\/strong><\/td>\n<\/tr>\n<tr>\n<td style=\"width: 17.2775%;\">J\u00e4rn<\/td>\n<td style=\"width: 6.59079%;\">80 mg<\/td>\n<td style=\"width: 7.0794%;\">572 %<\/td>\n<\/tr>\n<tr>\n<td style=\"width: 17.2775%;\">Zink<\/td>\n<td style=\"width: 6.59079%;\">20 mg<\/td>\n<td style=\"width: 7.0794%;\">200 %<\/td>\n<\/tr>\n<tr>\n<td style=\"width: 17.2775%;\">Jod<\/td>\n<td style=\"width: 6.59079%;\">160 mcg<\/td>\n<td style=\"width: 7.0794%;\">107 %<\/td>\n<\/tr>\n<tr>\n<td style=\"width: 17.2775%;\">C-vitamin<\/td>\n<td style=\"width: 6.59079%;\">200 mg<\/td>\n<td style=\"width: 7.0794%;\">250 %<\/td>\n<\/tr>\n<tr>\n<td style=\"width: 17.2775%;\">Extrakt av n\u00e4ssla<\/td>\n<td style=\"width: 6.59079%;\">200 mg<\/td>\n<td style=\"width: 7.0794%;\">**<\/td>\n<\/tr>\n<tr>\n<td style=\"width: 17.2775%;\">Kelp<\/td>\n<td style=\"width: 6.59079%;\">80 mg<\/td>\n<td style=\"width: 7.0794%;\">**<\/td>\n<\/tr>\n<\/tbody>\n<\/table>\n<p><strong>* DRI \u00e4r dagligt referensintag. ** DRI\u00a0ej fastst\u00e4lld.<\/strong><\/p>\n<p><strong>Ingredienser: <\/strong>Fyllnadsmedel (di-kalciumfosfat, mikrokristallinsk cellulosa), j\u00e4rn (j\u00e4rnfumarat), vitamin C (L-askorbinsyra), kelp (Fucus vesiculosus med 0,2 %<br \/>\njod), fyllnadsmedel (stearinsyra), zink (zinksulfat), n\u00e4ssla (Urtica dioica 4:1 rot), klumpf\u00f6rebyggande medel (magnesiumsalter av fettsyror).<\/p>\n<p>Rekommenderad daglig dos b\u00f6r ej \u00f6verskridas.<br \/>\nKosttillskott ers\u00e4tter inte en varierad kost.<br \/>\nProdukten f\u00f6rvaras o\u00e5tkomligt f\u00f6r sm\u00e5 barn.<\/p>\n","protected":false},"excerpt":{"rendered":"<p>Ferro Plus best\u00e5r av en kombination av tv\u00e5v\u00e4rt j\u00e4rn och olika hj\u00e4lp\u00e4mnen som beh\u00f6vs f\u00f6r ett fungerande upptag av j\u00e4rn.<\/p>\n<ul>\n<li>\u00a0Med n\u00e4ssla, kelp, C-vitamin och zink.<\/li>\n<\/ul>\n<p><strong>120 tabletter BF10\/26<\/strong><\/p>\n","protected":false},"featured_media":500103456,"comment_status":"closed","ping_status":"closed","template":"","meta":{"_kad_blocks_custom_css":"","_kad_blocks_head_custom_js":"","_kad_blocks_body_custom_js":"","_kad_blocks_footer_custom_js":"","_kadence_starter_templates_imported_post":false,"_kad_post_transparent":"default","_kad_post_title":"","_kad_post_layout":"default","_kad_post_sidebar_id":"","_kad_post_content_style":"default","_kad_post_vertical_padding":"default","_kad_post_feature":"","_kad_post_feature_position":"","_kad_post_header":false,"_kad_post_footer":false,"_kad_post_classname":""},"product_brand":[],"product_cat":[2764,1293,349,281],"product_tag":[],"class_list":{"0":"post-500103455","1":"product","2":"type-product","3":"status-publish","4":"has-post-thumbnail","6":"product_cat-erbjudanden","7":"product_cat-evp-nutrition","8":"product_cat-jarn","9":"product_cat-mineraler","11":"first","12":"instock","13":"sale","14":"taxable","15":"shipping-taxable","16":"purchasable","17":"product-type-simple","18":"entry","19":"content-bg","20":"loop-entry"},"taxonomy_info":{"product_cat":[{"value":2764,"label":"Erbjudanden"},{"value":1293,"label":"EVP Nutrition"},{"value":349,"label":"J\u00e4rn"},{"value":281,"label":"Mineraler"}]},"featured_image_src_large":["https:\/\/vitaminbutiken.com\/wp-content\/uploads\/2026\/01\/Ferro-Plus-tabletter-Photoroom.png",320,527,false],"author_info":[],"comment_info":0,"_links":{"self":[{"href":"https:\/\/vitaminbutiken.com\/en\/wp-json\/wp\/v2\/product\/500103455","targetHints":{"allow":["GET"]}}],"collection":[{"href":"https:\/\/vitaminbutiken.com\/en\/wp-json\/wp\/v2\/product"}],"about":[{"href":"https:\/\/vitaminbutiken.com\/en\/wp-json\/wp\/v2\/types\/product"}],"replies":[{"embeddable":true,"href":"https:\/\/vitaminbutiken.com\/en\/wp-json\/wp\/v2\/comments?post=500103455"}],"wp:featuredmedia":[{"embeddable":true,"href":"https:\/\/vitaminbutiken.com\/en\/wp-json\/wp\/v2\/media\/500103456"}],"wp:attachment":[{"href":"https:\/\/vitaminbutiken.com\/en\/wp-json\/wp\/v2\/media?parent=500103455"}],"wp:term":[{"taxonomy":"product_brand","embeddable":true,"href":"https:\/\/vitaminbutiken.com\/en\/wp-json\/wp\/v2\/product_brand?post=500103455"},{"taxonomy":"product_cat","embeddable":true,"href":"https:\/\/vitaminbutiken.com\/en\/wp-json\/wp\/v2\/product_cat?post=500103455"},{"taxonomy":"product_tag","embeddable":true,"href":"https:\/\/vitaminbutiken.com\/en\/wp-json\/wp\/v2\/product_tag?post=500103455"}],"curies":[{"name":"wp","href":"https:\/\/api.w.org\/{rel}","templated":true}]}}