{"id":500103450,"date":"2026-01-26T19:08:34","date_gmt":"2026-01-26T18:08:34","guid":{"rendered":"https:\/\/vitaminbutiken.com\/?post_type=product&#038;p=500103450"},"modified":"2026-04-09T14:49:10","modified_gmt":"2026-04-09T12:49:10","slug":"night-time-lamberts","status":"publish","type":"product","link":"https:\/\/vitaminbutiken.com\/en\/produkt\/night-time-lamberts\/","title":{"rendered":"Night Time &#8211; Lamberts"},"content":{"rendered":"<p><strong>Night Time &#8211; Lamberts<\/strong><\/p>\n<p data-start=\"54\" data-end=\"275\">Night Time-kapslarna inneh\u00e5ller avfettat pistageextrakt och l\u00f6ses upp inom en halvtimme, vilket g\u00f6r dem idealiska att ta precis f\u00f6re s\u00e4ngg\u00e5endet som en del av kv\u00e4llsrutinen. Ett utm\u00e4rkt alternativ till valerianatillskott.<\/p>\n<p data-start=\"277\" data-end=\"747\" data-is-last-node=\"\" data-is-only-node=\"\">Pistagen\u00f6tter har varit k\u00e4nda av m\u00e4nniskan sedan 6000 f.Kr. och har en l\u00e5ng tradition av anv\u00e4ndning. Pistagen, som odlats sedan 800-talet f.Kr., \u00e4r unik i n\u00f6tv\u00e4rlden och inneh\u00e5ller naturligt en egen kombination av vitaminer och mineraler samt lutein, zeaxantin och ett brett spektrum av fenoliska f\u00f6reningar, inklusive antocyaniner, flavonoider och proantocyanidiner. Dessa n\u00e4rings\u00e4mnen verkar synergistiskt i kroppen och bidrar till att fr\u00e4mja balans och v\u00e4lbefinnande.<\/p>\n<p><strong>Dosering:<\/strong> Vuxna och barn fr\u00e5n 12 \u00e5r: 1 kapsel dagligen, cirka 30 minuter f\u00f6re s\u00e4ngg\u00e5endet eller enligt rekommendation av terapeut eller farmaceut.<\/p>\n<table style=\"height: 80px;\" border=\"1\" width=\"621\" cellspacing=\"0\" cellpadding=\"0\">\n<tbody>\n<tr>\n<td valign=\"top\" width=\"30%\"><strong>1 kapsel inneh\u00e5ller<\/strong><\/td>\n<td valign=\"top\" width=\"20%\"><strong> M\u00e4ngd<\/strong><\/td>\n<td valign=\"top\" width=\"30%\"><strong>%DRI*<\/strong><\/td>\n<\/tr>\n<tr>\n<td valign=\"top\" width=\"30%\">Pistagek\u00e4rnkoncentrat<\/td>\n<td valign=\"top\" width=\"20%\">1500 mg (motsvarande 100mg av ett 15:1-extrakt)<\/td>\n<td valign=\"top\" width=\"30%\"><strong>**<\/strong><\/td>\n<\/tr>\n<\/tbody>\n<\/table>\n<p><strong><em>*DRI (dagligt referensintag) saknas.<\/em><\/strong><\/p>\n<p>Ingredienser: Fyllnadsmedel (cellulosa), pistage (Pistacia vera) k\u00e4rnextrakt, kapselskal (hydroxypropylmetylcellulosa), klumpf\u00f6rebyggande medel (kiseldioxid).<\/p>\n<p>Rekommenderad daglig dos b\u00f6r ej \u00f6verskridas<br \/>\nKosttillskott ers\u00e4tter inte en varierad kost.<br \/>\nF\u00f6rvaras o\u00e5tkomligt f\u00f6r sm\u00e5 barn.<br \/>\nRekommenderas inte till gravida eller ammande.<\/p>\n","protected":false},"excerpt":{"rendered":"<p><strong>30 Kapslar\u00a0<\/strong><\/p>\n","protected":false},"featured_media":500103451,"comment_status":"closed","ping_status":"closed","template":"","meta":{"_kad_blocks_custom_css":"","_kad_blocks_head_custom_js":"","_kad_blocks_body_custom_js":"","_kad_blocks_footer_custom_js":"","_kadence_starter_templates_imported_post":false,"_kad_post_transparent":"default","_kad_post_title":"","_kad_post_layout":"default","_kad_post_sidebar_id":"","_kad_post_content_style":"default","_kad_post_vertical_padding":"default","_kad_post_feature":"","_kad_post_feature_position":"","_kad_post_header":false,"_kad_post_footer":false,"_kad_post_classname":""},"product_brand":[],"product_cat":[1234,149],"product_tag":[],"class_list":{"0":"post-500103450","1":"product","2":"type-product","3":"status-publish","4":"has-post-thumbnail","6":"product_cat-lamberts","7":"product_cat-orter","9":"first","10":"instock","11":"taxable","12":"shipping-taxable","13":"purchasable","14":"product-type-simple","15":"entry","16":"content-bg","17":"loop-entry"},"taxonomy_info":{"product_cat":[{"value":1234,"label":"Lamberts"},{"value":149,"label":"\u00d6rter"}]},"featured_image_src_large":["https:\/\/vitaminbutiken.com\/wp-content\/uploads\/2026\/01\/8599-30-Photoroom-768x700.png",768,700,true],"author_info":[],"comment_info":0,"_links":{"self":[{"href":"https:\/\/vitaminbutiken.com\/en\/wp-json\/wp\/v2\/product\/500103450","targetHints":{"allow":["GET"]}}],"collection":[{"href":"https:\/\/vitaminbutiken.com\/en\/wp-json\/wp\/v2\/product"}],"about":[{"href":"https:\/\/vitaminbutiken.com\/en\/wp-json\/wp\/v2\/types\/product"}],"replies":[{"embeddable":true,"href":"https:\/\/vitaminbutiken.com\/en\/wp-json\/wp\/v2\/comments?post=500103450"}],"wp:featuredmedia":[{"embeddable":true,"href":"https:\/\/vitaminbutiken.com\/en\/wp-json\/wp\/v2\/media\/500103451"}],"wp:attachment":[{"href":"https:\/\/vitaminbutiken.com\/en\/wp-json\/wp\/v2\/media?parent=500103450"}],"wp:term":[{"taxonomy":"product_brand","embeddable":true,"href":"https:\/\/vitaminbutiken.com\/en\/wp-json\/wp\/v2\/product_brand?post=500103450"},{"taxonomy":"product_cat","embeddable":true,"href":"https:\/\/vitaminbutiken.com\/en\/wp-json\/wp\/v2\/product_cat?post=500103450"},{"taxonomy":"product_tag","embeddable":true,"href":"https:\/\/vitaminbutiken.com\/en\/wp-json\/wp\/v2\/product_tag?post=500103450"}],"curies":[{"name":"wp","href":"https:\/\/api.w.org\/{rel}","templated":true}]}}