{"id":500103446,"date":"2026-01-26T19:05:11","date_gmt":"2026-01-26T18:05:11","guid":{"rendered":"https:\/\/vitaminbutiken.com\/?post_type=product&#038;p=500103446"},"modified":"2026-04-02T07:34:10","modified_gmt":"2026-04-02T05:34:10","slug":"night-time-herbal-complex-lamberts","status":"publish","type":"product","link":"https:\/\/vitaminbutiken.com\/en\/produkt\/night-time-herbal-complex-lamberts\/","title":{"rendered":"Night Time Herbal Complex &#8211; Lamberts"},"content":{"rendered":"<p data-start=\"40\" data-end=\"408\"><strong>Lamberts Night Time Herbal Complex<\/strong> \u00e4r s\u00e4rskilt sammansatt f\u00f6r personer som har sv\u00e5rt att somna eller att sova ost\u00f6rt. Produkten inneh\u00e5ller magnesium och vitamin B12, som b\u00e5da bidrar till att minska tr\u00f6tthet och utmattning \u2013 n\u00e5got som ofta p\u00e5verkar dem med s\u00f6mnsv\u00e5righeter. Vitamin B6 ing\u00e5r f\u00f6r att st\u00f6dja nervsystemets normala funktion och normal psykologisk funktion.<\/p>\n<p data-start=\"410\" data-end=\"638\">Tryptofan finns ocks\u00e5 med, en essentiell aminosyra som m\u00e5ste tillf\u00f6ras via kosten. Tryptofanrika livsmedel rekommenderas ofta f\u00f6r att fr\u00e4mja s\u00f6mnighet, eftersom \u00e4mnet beh\u00f6vs f\u00f6r bildningen av neurotransmittorer som st\u00f6djer s\u00f6mn.<\/p>\n<p data-start=\"640\" data-end=\"779\" data-is-last-node=\"\" data-is-only-node=\"\">Dessutom ing\u00e5r v\u00e4xtextrakt av citronmeliss, passionsblomma, humle och kamomill, som traditionellt anv\u00e4nds av \u00f6rtterapeuter vid s\u00f6mnproblem.<\/p>\n<p><strong>Dosering: <\/strong>Vuxna tar 2 kapslar dagligen, cirka 30 minuter f\u00f6re s\u00e4ngg\u00e5endet eller enligt rekommendation av terapeut eller farmaceut.<\/p>\n<table style=\"height: 80px;\" border=\"1\" width=\"621\" cellspacing=\"0\" cellpadding=\"0\">\n<tbody>\n<tr>\n<td valign=\"top\" width=\"30%\"><strong>2 kapslar inneh\u00e5ller<\/strong><\/td>\n<td valign=\"top\" width=\"20%\"><strong> M\u00e4ngd<\/strong><\/td>\n<td valign=\"top\" width=\"30%\"><strong>%DRI*<\/strong><\/td>\n<\/tr>\n<tr>\n<td valign=\"top\" width=\"30%\">Tiamin<\/td>\n<td valign=\"top\" width=\"20%\">1,1 mg<\/td>\n<td valign=\"top\" width=\"20%\">100 %<\/td>\n<\/tr>\n<tr>\n<td valign=\"top\" width=\"30%\">Niacin<\/td>\n<td valign=\"top\" width=\"20%\">8 mg NE<\/td>\n<td valign=\"top\" width=\"20%\">50 %<\/td>\n<\/tr>\n<tr>\n<td valign=\"top\" width=\"30%\">Vitamin B6 (som P5P)<\/td>\n<td valign=\"top\" width=\"20%\">2,8 mg<\/td>\n<td valign=\"top\" width=\"20%\">200 %<\/td>\n<\/tr>\n<tr>\n<td valign=\"top\" width=\"30%\">Vitamin B12<\/td>\n<td valign=\"top\" width=\"20%\">2,5 mcg<\/td>\n<td valign=\"top\" width=\"20%\">100 %<\/td>\n<\/tr>\n<tr>\n<td valign=\"top\" width=\"30%\">Magnesium<\/td>\n<td valign=\"top\" width=\"20%\">56 mg<\/td>\n<td valign=\"top\" width=\"20%\">15 %<\/td>\n<\/tr>\n<tr>\n<td valign=\"top\" width=\"30%\">Zink<\/td>\n<td valign=\"top\" width=\"20%\">5 mg<\/td>\n<td valign=\"top\" width=\"20%\">50 %<\/td>\n<\/tr>\n<tr>\n<td valign=\"top\" width=\"30%\">L-Tryptofan<\/td>\n<td valign=\"top\" width=\"20%\">220 mg<\/td>\n<td valign=\"top\" width=\"20%\">**<\/td>\n<\/tr>\n<tr>\n<td valign=\"top\" width=\"30%\">Humle<\/td>\n<td valign=\"top\" width=\"20%\">75 mg<\/td>\n<td valign=\"top\" width=\"20%\">**<\/td>\n<\/tr>\n<tr>\n<td valign=\"top\" width=\"30%\">Passionsblomma<\/td>\n<td valign=\"top\" width=\"20%\">37,48 mg<\/td>\n<td valign=\"top\" width=\"20%\">**<\/td>\n<\/tr>\n<tr>\n<td valign=\"top\" width=\"30%\">Citronmeliss<\/td>\n<td valign=\"top\" width=\"20%\">1500 mg<\/td>\n<td valign=\"top\" width=\"20%\">**<\/td>\n<\/tr>\n<tr>\n<td valign=\"top\" width=\"30%\">Kamomill<\/td>\n<td valign=\"top\" width=\"20%\">31,52 mg<\/td>\n<td valign=\"top\" width=\"20%\">**<\/td>\n<\/tr>\n<tr>\n<td valign=\"top\" width=\"30%\">Apigenin<\/td>\n<td valign=\"top\" width=\"20%\">0,18 mg<\/td>\n<td valign=\"top\" width=\"20%\">**<\/td>\n<\/tr>\n<\/tbody>\n<\/table>\n<p><strong><em>*DRI \u00e4r dagligt referensintag. **DRI ej fastst\u00e4llt.<\/em><\/strong><\/p>\n<p>Ingredienser: Magnesiumbisglycinat, kapselskal (hydroxypropylmetylcellulosa), L-tryptofan, citronmelissbladextrakt (Melissa officinalis), klumpf\u00f6rebyggande medel (magnesiumstearat, kiseldioxid), passionsblommaxtrakt (Passiflora incarnata), zinkcitrat, kamomillextrakt (Matricaria recutita), humleextrakt (Humulus lupulus), niacin (nikotinamid), vitamin B6 (pyridoxal-5-fosfat), tiaminhydroklorid, vitamin B12 (metylkobalamin).<\/p>\n<p>Rekommenderad daglig dos b\u00f6r ej \u00f6verskridas.<br \/>\nKosttillskott ers\u00e4tter inte en varierad kost.<br \/>\nProdukten f\u00f6rvaras o\u00e5tkomligt f\u00f6r sm\u00e5 barn.<br \/>\nRekommenderas inte till gravida eller ammande.<\/p>\n<p>L\u00e4mplig f\u00f6r veganer<\/p>\n<p><strong><em>\u00a0<\/em><\/strong><\/p>\n","protected":false},"excerpt":{"rendered":"<p>Lamberts Night Time Herbal Complex \u00e4r s\u00e4rskilt sammansatt f\u00f6r personer som har sv\u00e5rt att somna eller att sova ost\u00f6rt.<\/p>\n<p><strong>60 kapslar<\/strong><\/p>\n","protected":false},"featured_media":500103447,"comment_status":"closed","ping_status":"closed","template":"","meta":{"_kad_blocks_custom_css":"","_kad_blocks_head_custom_js":"","_kad_blocks_body_custom_js":"","_kad_blocks_footer_custom_js":"","_kadence_starter_templates_imported_post":false,"_kad_post_transparent":"default","_kad_post_title":"","_kad_post_layout":"default","_kad_post_sidebar_id":"","_kad_post_content_style":"default","_kad_post_vertical_padding":"default","_kad_post_feature":"","_kad_post_feature_position":"","_kad_post_header":false,"_kad_post_footer":false,"_kad_post_classname":""},"product_brand":[],"product_cat":[1234,149],"product_tag":[],"class_list":{"0":"post-500103446","1":"product","2":"type-product","3":"status-publish","4":"has-post-thumbnail","6":"product_cat-lamberts","7":"product_cat-orter","9":"first","10":"instock","11":"taxable","12":"shipping-taxable","13":"purchasable","14":"product-type-simple","15":"entry","16":"content-bg","17":"loop-entry"},"taxonomy_info":{"product_cat":[{"value":1234,"label":"Lamberts"},{"value":149,"label":"\u00d6rter"}]},"featured_image_src_large":["https:\/\/vitaminbutiken.com\/wp-content\/uploads\/2026\/01\/8598-60-Photoroom-938x700.png",938,700,true],"author_info":[],"comment_info":0,"_links":{"self":[{"href":"https:\/\/vitaminbutiken.com\/en\/wp-json\/wp\/v2\/product\/500103446","targetHints":{"allow":["GET"]}}],"collection":[{"href":"https:\/\/vitaminbutiken.com\/en\/wp-json\/wp\/v2\/product"}],"about":[{"href":"https:\/\/vitaminbutiken.com\/en\/wp-json\/wp\/v2\/types\/product"}],"replies":[{"embeddable":true,"href":"https:\/\/vitaminbutiken.com\/en\/wp-json\/wp\/v2\/comments?post=500103446"}],"wp:featuredmedia":[{"embeddable":true,"href":"https:\/\/vitaminbutiken.com\/en\/wp-json\/wp\/v2\/media\/500103447"}],"wp:attachment":[{"href":"https:\/\/vitaminbutiken.com\/en\/wp-json\/wp\/v2\/media?parent=500103446"}],"wp:term":[{"taxonomy":"product_brand","embeddable":true,"href":"https:\/\/vitaminbutiken.com\/en\/wp-json\/wp\/v2\/product_brand?post=500103446"},{"taxonomy":"product_cat","embeddable":true,"href":"https:\/\/vitaminbutiken.com\/en\/wp-json\/wp\/v2\/product_cat?post=500103446"},{"taxonomy":"product_tag","embeddable":true,"href":"https:\/\/vitaminbutiken.com\/en\/wp-json\/wp\/v2\/product_tag?post=500103446"}],"curies":[{"name":"wp","href":"https:\/\/api.w.org\/{rel}","templated":true}]}}