{"id":500103442,"date":"2026-01-26T18:49:50","date_gmt":"2026-01-26T17:49:50","guid":{"rendered":"https:\/\/vitaminbutiken.com\/?post_type=product&#038;p=500103442"},"modified":"2026-03-30T14:28:06","modified_gmt":"2026-03-30T12:28:06","slug":"cogni-focus-lamberts","status":"publish","type":"product","link":"https:\/\/vitaminbutiken.com\/en\/produkt\/cogni-focus-lamberts\/","title":{"rendered":"Cogni-Focus &#8211; Lamberts"},"content":{"rendered":"<p>Cogni-Focus &#8211; Lamberts<\/p>\n<p data-start=\"43\" data-end=\"429\">Alpinia galanga \u00e4r en kulinarisk \u00f6rt som anv\u00e4nds i Sydostasiens k\u00f6k och \u00e4r \u00e4ven k\u00e4nd som thail\u00e4ndsk ingef\u00e4ra. Cogni-Focus inneh\u00e5ller ett unikt extrakt av denna \u00f6rt, som har visat sig ge icke-beroendeframkallande energi som verkar snabbt och h\u00e5ller i upp till 5 timmar. Ett naturligt, koffeinfritt alternativ utan den energidipp eller de skakningar som ofta f\u00f6rknippas med en kopp kaffe.<\/p>\n<p data-start=\"431\" data-end=\"754\" data-is-last-node=\"\" data-is-only-node=\"\">Passar utm\u00e4rkt f\u00f6r studenter (18+) och \u00e4ldre vuxna som vill f\u00f6rb\u00e4ttra fokus och mental sk\u00e4rpa, utan k\u00e4nda effekter p\u00e5 s\u00f6mnen. Produkten \u00e4r dessutom berikad med vitamin B5, som bidrar till normal mental prestation och minskad tr\u00f6tthet och utmattning, samt jod f\u00f6r dess positiva effekter p\u00e5 kognitiv och neurologisk funktion.<\/p>\n<p><strong>Dosering:<\/strong> Vuxna: 1 kapsel dagligen i samband med m\u00e5ltid.<\/p>\n<table style=\"height: 80px;\" border=\"1\" width=\"621\" cellspacing=\"0\" cellpadding=\"0\">\n<tbody>\n<tr>\n<td valign=\"top\" width=\"30%\"><strong>1 kapsel inneh\u00e5ller<\/strong><\/td>\n<td valign=\"top\" width=\"20%\"><strong> M\u00e4ngd<\/strong><\/td>\n<td valign=\"top\" width=\"30%\"><strong>%DRI*<\/strong><\/td>\n<\/tr>\n<tr>\n<td valign=\"top\" width=\"30%\">Pantotensyra<\/td>\n<td valign=\"top\" width=\"20%\">6 mg<\/td>\n<td valign=\"top\" width=\"20%\">100 %<\/td>\n<\/tr>\n<tr>\n<td valign=\"top\" width=\"30%\">Jod<\/td>\n<td valign=\"top\" width=\"20%\">60 mcg<\/td>\n<td valign=\"top\" width=\"20%\">40 %<\/td>\n<\/tr>\n<tr>\n<td valign=\"top\" width=\"30%\">Galangal<\/td>\n<td valign=\"top\" width=\"20%\">3000 mg<\/td>\n<td valign=\"top\" width=\"20%\">**<\/td>\n<\/tr>\n<\/tbody>\n<\/table>\n<p><strong><em>*DRI \u00e4r dagligt referensintag.<\/em><\/strong><\/p>\n<p>Ingredienser: Galangal (Alpinia galanga) rotextrakt, fyllnadsmedel (rispulver), kapselskal (hydroxipropylmetylcellulosa), klumpf\u00f6rebyggande medel (magnesiumsalter av fettsyror, kiseldioxid), pantotensyra (kalciumpantotenat), jod (kaliumjodid).<\/p>\n<p>Rekommenderad daglig dos b\u00f6r ej \u00f6verskridas.<br \/>\nKosttillskott ers\u00e4tter inte en varierad kost.<br \/>\nProdukten f\u00f6rvaras o\u00e5tkomligt f\u00f6r sm\u00e5 barn.<br \/>\nRekommenderas inte till gravida eller ammande<\/p>\n","protected":false},"excerpt":{"rendered":"<p>Passar utm\u00e4rkt f\u00f6r studenter (18+) och \u00e4ldre vuxna som vill f\u00f6rb\u00e4ttra fokus och mental sk\u00e4rpa, utan k\u00e4nda effekter p\u00e5 s\u00f6mnen. Produkten \u00e4r dessutom berikad med vitamin B5, som bidrar till normal mental prestation och minskad tr\u00f6tthet och utmattning, samt jod f\u00f6r dess positiva effekter p\u00e5 kognitiv och neurologisk funktion.<\/p>\n<p><strong>30 kapslar<\/strong><\/p>\n","protected":false},"featured_media":500103443,"comment_status":"closed","ping_status":"closed","template":"","meta":{"_kad_blocks_custom_css":"","_kad_blocks_head_custom_js":"","_kad_blocks_body_custom_js":"","_kad_blocks_footer_custom_js":"","_kadence_starter_templates_imported_post":false,"_kad_post_transparent":"default","_kad_post_title":"","_kad_post_layout":"default","_kad_post_sidebar_id":"","_kad_post_content_style":"default","_kad_post_vertical_padding":"default","_kad_post_feature":"","_kad_post_feature_position":"","_kad_post_header":false,"_kad_post_footer":false,"_kad_post_classname":""},"product_brand":[],"product_cat":[329,1234,149],"product_tag":[],"class_list":{"0":"post-500103442","1":"product","2":"type-product","3":"status-publish","4":"has-post-thumbnail","6":"product_cat-hjarna-och-minne","7":"product_cat-lamberts","8":"product_cat-orter","10":"first","11":"instock","12":"taxable","13":"shipping-taxable","14":"purchasable","15":"product-type-simple","16":"entry","17":"content-bg","18":"loop-entry"},"taxonomy_info":{"product_cat":[{"value":329,"label":"Hj\u00e4rna &amp; Minne"},{"value":1234,"label":"Lamberts"},{"value":149,"label":"\u00d6rter"}]},"featured_image_src_large":["https:\/\/vitaminbutiken.com\/wp-content\/uploads\/2026\/01\/8596-30-cogni-focus-Photoroom-1440x700.png",1440,700,true],"author_info":[],"comment_info":0,"_links":{"self":[{"href":"https:\/\/vitaminbutiken.com\/en\/wp-json\/wp\/v2\/product\/500103442","targetHints":{"allow":["GET"]}}],"collection":[{"href":"https:\/\/vitaminbutiken.com\/en\/wp-json\/wp\/v2\/product"}],"about":[{"href":"https:\/\/vitaminbutiken.com\/en\/wp-json\/wp\/v2\/types\/product"}],"replies":[{"embeddable":true,"href":"https:\/\/vitaminbutiken.com\/en\/wp-json\/wp\/v2\/comments?post=500103442"}],"wp:featuredmedia":[{"embeddable":true,"href":"https:\/\/vitaminbutiken.com\/en\/wp-json\/wp\/v2\/media\/500103443"}],"wp:attachment":[{"href":"https:\/\/vitaminbutiken.com\/en\/wp-json\/wp\/v2\/media?parent=500103442"}],"wp:term":[{"taxonomy":"product_brand","embeddable":true,"href":"https:\/\/vitaminbutiken.com\/en\/wp-json\/wp\/v2\/product_brand?post=500103442"},{"taxonomy":"product_cat","embeddable":true,"href":"https:\/\/vitaminbutiken.com\/en\/wp-json\/wp\/v2\/product_cat?post=500103442"},{"taxonomy":"product_tag","embeddable":true,"href":"https:\/\/vitaminbutiken.com\/en\/wp-json\/wp\/v2\/product_tag?post=500103442"}],"curies":[{"name":"wp","href":"https:\/\/api.w.org\/{rel}","templated":true}]}}