{"id":500103417,"date":"2026-01-21T11:52:10","date_gmt":"2026-01-21T10:52:10","guid":{"rendered":"https:\/\/vitaminbutiken.com\/?post_type=product&#038;p=500103417"},"modified":"2026-02-25T15:55:10","modified_gmt":"2026-02-25T14:55:10","slug":"c-vitamin-kalciumaskorbat-bf0426","status":"publish","type":"product","link":"https:\/\/vitaminbutiken.com\/en\/produkt\/c-vitamin-kalciumaskorbat-bf0426\/","title":{"rendered":"C-vitamin &#8211; Kalciumaskorbat BF0426"},"content":{"rendered":"<p><strong>C-vitamin &#8211; Kalciumaskorbat &#8211; b\u00e4sta f\u00f6re april 2026<\/strong><\/p>\n<p>Kalciumaskorbat \u00e4r en mineralf\u00f6rening som inneh\u00e5ller saltet av askorbinsyra, askorbat, i f\u00f6rening med kalcium. Mineralf\u00f6reningen utg\u00f6rs av 90 % askorbat och 10 % kalcium.<\/p>\n<p><strong>C-vitamin bidrar till:<\/strong><\/p>\n<ul>\n<li>att bibeh\u00e5lla immunsystemets normala funktion under och efter intensiv fysisk tr\u00e4ning<\/li>\n<li>normal energioms\u00e4ttning<\/li>\n<li>nervsystemets normala funktion<\/li>\n<li>normal psykologisk funktion<\/li>\n<li>immunsystemets normala funktion<\/li>\n<li>att skydda cellerna mot oxidativ stress<\/li>\n<li>att minska tr\u00f6tthet och utmattning<\/li>\n<li>att \u00e5terbilda den reducerade formen av vitamin E<\/li>\n<li>\u00f6kar j\u00e4rnupptaget<\/li>\n<li>normal kollagenbildning som har betydelse f\u00f6r blodk\u00e4rlens normala funktion<\/li>\n<li>normal kollagenbildning som har betydelse f\u00f6r benstommens normala funktion<\/li>\n<li>normal kollagenbildning som har betydelse f\u00f6r broskets normala funktion<\/li>\n<li>normal kollagenbildning som har betydelse f\u00f6r tandk\u00f6ttets normala funktion<\/li>\n<li>normal kollagenbildning som har betydelse f\u00f6r hudens normala funktion<\/li>\n<li>normal kollagenbildning som har betydelse f\u00f6r t\u00e4ndernas normala funktion<\/li>\n<\/ul>\n<p><strong>Dosering:\u00a0<\/strong>1 gram\/dag. (1\/4 tsk)<\/p>\n<table style=\"height: 80px;\" border=\"1\" width=\"600\" cellspacing=\"0\" cellpadding=\"0\">\n<tbody>\n<tr style=\"height: 24px;\">\n<td style=\"width: 12.101%; height: 24px;\"><strong>1\/4 tsk ineh\u00e5ller:<\/strong><\/td>\n<td style=\"width: 4.69498%; height: 24px;\"><strong>M\u00e4ngd<\/strong><\/td>\n<td style=\"width: 7.92522%; height: 24px;\"><strong>*% DRI<\/strong><\/td>\n<\/tr>\n<tr style=\"height: 25px;\">\n<td style=\"width: 12.101%; height: 25px;\">C-vitamin<\/td>\n<td style=\"width: 4.69498%; height: 25px;\">1000 mg<\/td>\n<td style=\"width: 7.92522%; height: 25px;\">1250 %<\/td>\n<\/tr>\n<\/tbody>\n<\/table>\n<p><strong>*DRI \u00e4r dagligt referensintag.<\/strong><\/p>\n<p><strong>Ingredienser:\u00a0<\/strong>Kalcium L-askorbat.<\/p>\n<p>Kalciumaskorbat har ett neutralt pH-v\u00e4rde vilket f\u00f6r det mer skonsamt f\u00f6r magen.<\/p>\n<p>Rekommenderad daglig dos b\u00f6r ej \u00f6verskridas.<br \/>\nKosttillskott ers\u00e4tter inte en varierad kost.<br \/>\nProdukten f\u00f6rvaras o\u00e5tkomligt f\u00f6r sm\u00e5 barn.<\/p>\n","protected":false},"excerpt":{"rendered":"<p>Kalciumaskorbat har ett neutralt pH-v\u00e4rde vilket f\u00f6r det mer skonsamt f\u00f6r magen.<\/p>\n<p><strong>1\/4 tsk ger 1 gram C-vitamin<\/strong><\/p>\n<p><strong>250 gram<\/strong><\/p>\n<p>OBS! B\u00e4sta f\u00f6re april 2026<\/p>\n","protected":false},"featured_media":500103427,"comment_status":"closed","ping_status":"closed","template":"","meta":{"_kad_blocks_custom_css":"","_kad_blocks_head_custom_js":"","_kad_blocks_body_custom_js":"","_kad_blocks_footer_custom_js":"","_kadence_starter_templates_imported_post":false,"_kad_post_transparent":"default","_kad_post_title":"","_kad_post_layout":"default","_kad_post_sidebar_id":"","_kad_post_content_style":"default","_kad_post_vertical_padding":"default","_kad_post_feature":"","_kad_post_feature_position":"","_kad_post_header":false,"_kad_post_footer":false,"_kad_post_classname":""},"product_brand":[],"product_cat":[2764],"product_tag":[],"class_list":{"0":"post-500103417","1":"product","2":"type-product","3":"status-publish","4":"has-post-thumbnail","6":"product_cat-erbjudanden","8":"first","9":"instock","10":"sale","11":"taxable","12":"shipping-taxable","13":"purchasable","14":"product-type-simple","15":"entry","16":"content-bg","17":"loop-entry"},"taxonomy_info":{"product_cat":[{"value":2764,"label":"Erbjudanden"}]},"featured_image_src_large":["https:\/\/vitaminbutiken.com\/wp-content\/uploads\/2026\/01\/C-vitamin-Kalciumaskorbat-vanha-1440x700.png",1440,700,true],"author_info":[],"comment_info":0,"_links":{"self":[{"href":"https:\/\/vitaminbutiken.com\/en\/wp-json\/wp\/v2\/product\/500103417","targetHints":{"allow":["GET"]}}],"collection":[{"href":"https:\/\/vitaminbutiken.com\/en\/wp-json\/wp\/v2\/product"}],"about":[{"href":"https:\/\/vitaminbutiken.com\/en\/wp-json\/wp\/v2\/types\/product"}],"replies":[{"embeddable":true,"href":"https:\/\/vitaminbutiken.com\/en\/wp-json\/wp\/v2\/comments?post=500103417"}],"wp:featuredmedia":[{"embeddable":true,"href":"https:\/\/vitaminbutiken.com\/en\/wp-json\/wp\/v2\/media\/500103427"}],"wp:attachment":[{"href":"https:\/\/vitaminbutiken.com\/en\/wp-json\/wp\/v2\/media?parent=500103417"}],"wp:term":[{"taxonomy":"product_brand","embeddable":true,"href":"https:\/\/vitaminbutiken.com\/en\/wp-json\/wp\/v2\/product_brand?post=500103417"},{"taxonomy":"product_cat","embeddable":true,"href":"https:\/\/vitaminbutiken.com\/en\/wp-json\/wp\/v2\/product_cat?post=500103417"},{"taxonomy":"product_tag","embeddable":true,"href":"https:\/\/vitaminbutiken.com\/en\/wp-json\/wp\/v2\/product_tag?post=500103417"}],"curies":[{"name":"wp","href":"https:\/\/api.w.org\/{rel}","templated":true}]}}