{"id":500103405,"date":"2026-01-21T10:00:33","date_gmt":"2026-01-21T09:00:33","guid":{"rendered":"https:\/\/vitaminbutiken.com\/?post_type=product&#038;p=500103405"},"modified":"2026-04-07T06:48:56","modified_gmt":"2026-04-07T04:48:56","slug":"a-vitamin-synergos-tabletter","status":"publish","type":"product","link":"https:\/\/vitaminbutiken.com\/en\/produkt\/a-vitamin-synergos-tabletter\/","title":{"rendered":"A-vitamin Synergos &#8211; tabletter"},"content":{"rendered":"<p><strong>A-vitamin Synergos &#8211; tabletter<\/strong><\/p>\n<p><strong>Allm\u00e4n information<\/strong><br \/>\nA-vitaminer \u00e4r en grupp s.k. retinoider som r\u00e4knas till de fettl\u00f6sliga vitaminerna.\u00a0 A-vitamin \u00e4r viktigt f\u00f6r synf\u00f6rm\u00e5gan, huden, slemhinnorna, skelettet samt fosterutveckling och tillv\u00e4xten.<br \/>\nZink \u00e4r viktig synergist till A-vitamin. Kr\u00e4vs b\u00e5de f\u00f6r biotillg\u00e4ngligheten samt f\u00f6rm\u00e5gan att konvertera vitamin A till olika funktionella enzymer.<\/p>\n<p><strong>Vitamin A bidrar till:<\/strong><br \/>\n\u2022 normal j\u00e4rnoms\u00e4ttning<br \/>\n\u2022 att bibeh\u00e5lla normala slemhinnor<br \/>\n\u2022 att bibeh\u00e5lla normal hud<br \/>\n\u2022 att bibeh\u00e5lla normal synf\u00f6rm\u00e5ga<br \/>\n\u2022 immunsystemets normala funktion<br \/>\n\u2022 har en roll i cellspecialiseringsprocessen<\/p>\n<p><strong>Dosering:<\/strong> 2 tabletter per dag.<\/p>\n<table style=\"height: 80px;\" border=\"1\" width=\"621\" cellspacing=\"0\" cellpadding=\"0\">\n<tbody>\n<tr>\n<td><strong>2 tabletter inneh\u00e5ller:<\/strong><\/td>\n<td><b>M\u00e4ngd<\/b><\/td>\n<td><strong>% DRI*<\/strong><\/td>\n<\/tr>\n<tr>\n<td>Vitamin A<\/td>\n<td>3000\u00a0mcg<\/td>\n<td>375 %<\/td>\n<\/tr>\n<tr>\n<td>Zink<\/td>\n<td>30 mg<\/td>\n<td>300 %<\/td>\n<\/tr>\n<\/tbody>\n<\/table>\n<p><strong>*DRI \u00e4r dagligt referensintag.\u00a0<\/strong><\/p>\n<p><strong>Ingredienser:<\/strong> Fyllnadsmedel (Di-kalcium-fosfat, mikrokristallinsk cellulosa och stearinsyra), zink (zinksulfat), vitamin A (Retinylacetata), klumpf\u00f6rebyggande medel (vegetabiliska magnesiumsalter av fettsyror).<\/p>\n<p>Daglig rekommenderad dos b\u00f6r ej \u00f6verskridas.<br \/>\nKosttillskott ers\u00e4tter inte en varierad kost.<br \/>\nProdukten f\u00f6rvaras o\u00e5tkomligt f\u00f6r sm\u00e5 barn.<\/p>\n","protected":false},"excerpt":{"rendered":"<p>A-vitaminer r\u00e4knas till de fettl\u00f6sliga vitaminerna.<\/p>\n<p>A-vitamin \u00e4r viktigt f\u00f6r synf\u00f6rm\u00e5gan, huden, slemhinnorna, skelettet samt fosterutveckling och tillv\u00e4xten.<\/p>\n<p>Zink \u00e4r viktig synergist till A-vitamin.<\/p>\n<p><strong>60 tabletter\u00a0<\/strong><\/p>\n","protected":false},"featured_media":500103406,"comment_status":"closed","ping_status":"closed","template":"","meta":{"_kad_blocks_custom_css":"","_kad_blocks_head_custom_js":"","_kad_blocks_body_custom_js":"","_kad_blocks_footer_custom_js":"","_kadence_starter_templates_imported_post":false,"_kad_post_transparent":"default","_kad_post_title":"","_kad_post_layout":"default","_kad_post_sidebar_id":"","_kad_post_content_style":"default","_kad_post_vertical_padding":"default","_kad_post_feature":"","_kad_post_feature_position":"","_kad_post_header":false,"_kad_post_footer":false,"_kad_post_classname":""},"product_brand":[],"product_cat":[2804,2764,1307,155],"product_tag":[],"class_list":{"0":"post-500103405","1":"product","2":"type-product","3":"status-publish","4":"has-post-thumbnail","6":"product_cat-a-vitamin","7":"product_cat-erbjudanden","8":"product_cat-synergos","9":"product_cat-vitaminer","11":"first","12":"instock","13":"sale","14":"taxable","15":"shipping-taxable","16":"purchasable","17":"product-type-simple","18":"entry","19":"content-bg","20":"loop-entry"},"taxonomy_info":{"product_cat":[{"value":2804,"label":"A-vitamin"},{"value":2764,"label":"Erbjudanden"},{"value":1307,"label":"Synergos"},{"value":155,"label":"Vitaminer"}]},"featured_image_src_large":["https:\/\/vitaminbutiken.com\/wp-content\/uploads\/2026\/01\/200-X-a-vitamin-tabletter-Photoroom-e1768985967774-1017x700.png",1017,700,true],"author_info":[],"comment_info":0,"_links":{"self":[{"href":"https:\/\/vitaminbutiken.com\/en\/wp-json\/wp\/v2\/product\/500103405","targetHints":{"allow":["GET"]}}],"collection":[{"href":"https:\/\/vitaminbutiken.com\/en\/wp-json\/wp\/v2\/product"}],"about":[{"href":"https:\/\/vitaminbutiken.com\/en\/wp-json\/wp\/v2\/types\/product"}],"replies":[{"embeddable":true,"href":"https:\/\/vitaminbutiken.com\/en\/wp-json\/wp\/v2\/comments?post=500103405"}],"wp:featuredmedia":[{"embeddable":true,"href":"https:\/\/vitaminbutiken.com\/en\/wp-json\/wp\/v2\/media\/500103406"}],"wp:attachment":[{"href":"https:\/\/vitaminbutiken.com\/en\/wp-json\/wp\/v2\/media?parent=500103405"}],"wp:term":[{"taxonomy":"product_brand","embeddable":true,"href":"https:\/\/vitaminbutiken.com\/en\/wp-json\/wp\/v2\/product_brand?post=500103405"},{"taxonomy":"product_cat","embeddable":true,"href":"https:\/\/vitaminbutiken.com\/en\/wp-json\/wp\/v2\/product_cat?post=500103405"},{"taxonomy":"product_tag","embeddable":true,"href":"https:\/\/vitaminbutiken.com\/en\/wp-json\/wp\/v2\/product_tag?post=500103405"}],"curies":[{"name":"wp","href":"https:\/\/api.w.org\/{rel}","templated":true}]}}