{"id":500103371,"date":"2026-01-19T13:07:24","date_gmt":"2026-01-19T12:07:24","guid":{"rendered":"https:\/\/vitaminbutiken.com\/?post_type=product&#038;p=500103371"},"modified":"2026-04-08T11:22:21","modified_gmt":"2026-04-08T09:22:21","slug":"myo-inositol-200-g","status":"publish","type":"product","link":"https:\/\/vitaminbutiken.com\/en\/produkt\/myo-inositol-200-g\/","title":{"rendered":"Myo Inositol 200 g"},"content":{"rendered":"<p><strong>Myo-Inositol 200g<\/strong><\/p>\n<p>Myo-inositol \u00e4r 100% naturlig.<\/p>\n<p>Inositol \u00e4r en vattenl\u00f6slig medlem av B-vitaminfamiljen. Den spelar en roll i hur kroppens \u00e4mnesoms\u00e4ttning av fett i levern fungerar.<\/p>\n<p>Myo-inositol, n\u00e4ra f\u00f6rknippad med vitamin B-komplexet, \u00e4r en av nio olika typer av inositol. Myo-inositol \u00e4r ocks\u00e5 den form som oftast finns i naturen, till exempel i livsmedel som frukt, b\u00f6nor och n\u00f6tter.<\/p>\n<p>Ett enkelt och bekv\u00e4mt s\u00e4tt att komplettera kosten med dagliga dosen p\u00e5 4 g, vilket \u00e4r niv\u00e5n som anv\u00e4nds i majoriteten av studierna. M\u00e5nga inositolkapslar inneh\u00e5ller endast 500 mg.<\/p>\n<p>Ingredienserna EVP Nutrition anv\u00e4nder \u00e4r mycket rena.<\/p>\n<p><strong>Dosering:<\/strong> Blanda ca 4 gram (1 tsk) i ett glas vatten eller juice och drick dagligen.<\/p>\n<h6>Produktinformation<\/h6>\n<table style=\"font-family: var(--global-body-font-family);\" border=\"1\" cellspacing=\"0\" cellpadding=\"0\">\n<tbody>\n<tr>\n<td valign=\"top\" width=\"30%\"><strong>\u00a04 gram inneh\u00e5ller:\u00a0<\/strong><\/td>\n<td valign=\"top\" width=\"20%\"><strong>M\u00e4ngd<\/strong><\/td>\n<\/tr>\n<tr>\n<td valign=\"top\" width=\"30%\">\u00a0Myo-Inositol<\/td>\n<td valign=\"top\" width=\"20%\">\u00a0*4 g<\/td>\n<\/tr>\n<\/tbody>\n<\/table>\n<p><strong><em>*<\/em><\/strong><em>DRI (dagligt referensintag) ej fastst\u00e4llt.<\/em><\/p>\n<p><strong>Ingredienser: <\/strong>Myo-Inositol pulver<\/p>\n<p>Rekommenderad daglig dos b\u00f6r ej \u00f6verskridas.<br \/>\nKosttillskott ers\u00e4tter inte en varierad kost.<br \/>\nProdukten f\u00f6rvaras o\u00e5tkomligt f\u00f6r sm\u00e5 barn.<\/p>\n","protected":false},"excerpt":{"rendered":"<p>Myo-Inositol 200g pulver \u00e4r ett inositol kosttillskott av h\u00f6g kvalitet.<\/p>\n<p><strong>200 g pulver<\/strong><\/p>\n","protected":false},"featured_media":500103377,"comment_status":"closed","ping_status":"closed","template":"","meta":{"_kad_blocks_custom_css":"","_kad_blocks_head_custom_js":"","_kad_blocks_body_custom_js":"","_kad_blocks_footer_custom_js":"","_kadence_starter_templates_imported_post":false,"_kad_post_transparent":"default","_kad_post_title":"","_kad_post_layout":"default","_kad_post_sidebar_id":"","_kad_post_content_style":"default","_kad_post_vertical_padding":"default","_kad_post_feature":"","_kad_post_feature_position":"","_kad_post_header":false,"_kad_post_footer":false,"_kad_post_classname":""},"product_brand":[],"product_cat":[348,1293],"product_tag":[],"class_list":{"0":"post-500103371","1":"product","2":"type-product","3":"status-publish","4":"has-post-thumbnail","6":"product_cat-b-vitamin","7":"product_cat-evp-nutrition","9":"first","10":"instock","11":"taxable","12":"shipping-taxable","13":"purchasable","14":"product-type-simple","15":"entry","16":"content-bg","17":"loop-entry"},"taxonomy_info":{"product_cat":[{"value":348,"label":"B-vitamin"},{"value":1293,"label":"EVP Nutrition"}]},"featured_image_src_large":["https:\/\/vitaminbutiken.com\/wp-content\/uploads\/2026\/01\/Myo-Inositol-240-Photoroom-1440x700.png",1440,700,true],"author_info":[],"comment_info":0,"_links":{"self":[{"href":"https:\/\/vitaminbutiken.com\/en\/wp-json\/wp\/v2\/product\/500103371","targetHints":{"allow":["GET"]}}],"collection":[{"href":"https:\/\/vitaminbutiken.com\/en\/wp-json\/wp\/v2\/product"}],"about":[{"href":"https:\/\/vitaminbutiken.com\/en\/wp-json\/wp\/v2\/types\/product"}],"replies":[{"embeddable":true,"href":"https:\/\/vitaminbutiken.com\/en\/wp-json\/wp\/v2\/comments?post=500103371"}],"wp:featuredmedia":[{"embeddable":true,"href":"https:\/\/vitaminbutiken.com\/en\/wp-json\/wp\/v2\/media\/500103377"}],"wp:attachment":[{"href":"https:\/\/vitaminbutiken.com\/en\/wp-json\/wp\/v2\/media?parent=500103371"}],"wp:term":[{"taxonomy":"product_brand","embeddable":true,"href":"https:\/\/vitaminbutiken.com\/en\/wp-json\/wp\/v2\/product_brand?post=500103371"},{"taxonomy":"product_cat","embeddable":true,"href":"https:\/\/vitaminbutiken.com\/en\/wp-json\/wp\/v2\/product_cat?post=500103371"},{"taxonomy":"product_tag","embeddable":true,"href":"https:\/\/vitaminbutiken.com\/en\/wp-json\/wp\/v2\/product_tag?post=500103371"}],"curies":[{"name":"wp","href":"https:\/\/api.w.org\/{rel}","templated":true}]}}