{"id":500103102,"date":"2026-01-08T12:43:31","date_gmt":"2026-01-08T11:43:31","guid":{"rendered":"https:\/\/vitaminbutiken.com\/?post_type=product&#038;p=500103102"},"modified":"2026-04-08T18:37:11","modified_gmt":"2026-04-08T16:37:11","slug":"nad","status":"publish","type":"product","link":"https:\/\/vitaminbutiken.com\/en\/produkt\/nad\/","title":{"rendered":"NAD, Nikotinamidribosid, NR"},"content":{"rendered":"<h3 data-start=\"53\" data-end=\"101\">NAD \u2013 Energi och vitalitet f\u00f6r dina celler<\/h3>\n<p data-start=\"102\" data-end=\"332\">NAD (nikotinamidribosid, NR) \u00e4r en form av vitamin B3 som fungerar som f\u00f6rstadium till det viktiga koenzymet <strong data-start=\"218\" data-end=\"226\">NAD\u207a<\/strong>. Denna molekyl \u00e4r avg\u00f6rande f\u00f6r cellernas energiproduktion och kroppens naturliga reparationsprocesser.<\/p>\n<p data-start=\"334\" data-end=\"582\">Med \u00e5ldern sjunker niv\u00e5erna av NAD\u207a i kroppen, vilket kan m\u00e4rkas som tr\u00f6tthet, l\u00e5ngsammare \u00e5terh\u00e4mtning och att cellerna \u00e5ldras snabbare. Ett NAD-tillskott kan hj\u00e4lpa kroppen genom att h\u00f6ja dessa niv\u00e5er och d\u00e4rmed st\u00f6dja v\u00e4lm\u00e5endet p\u00e5 flera plan:<\/p>\n<ul data-start=\"584\" data-end=\"1027\">\n<li data-start=\"584\" data-end=\"669\">\n<p data-start=\"586\" data-end=\"669\">Energi och ork \u2013 st\u00f6djer mitokondriernas funktion och cellernas energiproduktion.<\/p>\n<\/li>\n<li data-start=\"670\" data-end=\"743\">\n<p data-start=\"672\" data-end=\"743\">Hj\u00e4rnh\u00e4lsa och fokus \u2013 kan bidra till minne och kognitiva funktioner.<\/p>\n<\/li>\n<li data-start=\"744\" data-end=\"845\">\n<p data-start=\"746\" data-end=\"845\">Muskelh\u00e4lsa och \u00e5terh\u00e4mtning \u2013 fr\u00e4mjar cellernas \u00e4mnesoms\u00e4ttning och musklernas energianv\u00e4ndning.<\/p>\n<\/li>\n<li data-start=\"846\" data-end=\"935\">\n<p data-start=\"848\" data-end=\"935\">Hj\u00e4rt- och cellh\u00e4lsa \u2013 st\u00f6djer blodk\u00e4rl och kroppens naturliga reparationsmekanismer.<\/p>\n<\/li>\n<li data-start=\"936\" data-end=\"1027\">\n<p data-start=\"938\" data-end=\"1027\">St\u00f6d f\u00f6r ungdomlighet \u2013 \u00f6kade NAD-niv\u00e5er kan motverka effekterna av cellernas \u00e5ldrande.<\/p>\n<p><strong>Dosering: <\/strong>1 kapsel 2 g\u00e5nger per dag.<\/p>\n<table style=\"height: 80px;\" border=\"1\" width=\"621\" cellspacing=\"0\" cellpadding=\"0\">\n<tbody>\n<tr>\n<td valign=\"top\" width=\"30%\"><strong>2 kapslar inneh\u00e5ller<\/strong><\/td>\n<td valign=\"top\" width=\"20%\"><strong> M\u00e4ngd<\/strong><\/td>\n<td valign=\"top\" width=\"30%\"><strong>*DRI% <\/strong><\/td>\n<\/tr>\n<tr>\n<td valign=\"top\" width=\"30%\">NAD<\/td>\n<td valign=\"top\" width=\"20%\">600 mg<\/td>\n<td valign=\"top\" width=\"20%\">**<\/td>\n<\/tr>\n<\/tbody>\n<\/table>\n<p><strong><em>*DRI (dagligt referensintag) ej fastst\u00e4llt.<\/em><\/strong><\/p>\n<p><strong>Ingredienser:<\/strong>\u00a0NAD (nikotinamidribosidklorid), fyllnadsmedel (mikrokristallin cellulosa), kapsel\u00a0(hydroxipropylmetylcellulosa), klumpf\u00f6rebyggande medel (magnesiumsalter av fettsyror, kiseldioxid).<\/p>\n<p>Rekommenderad daglig dos b\u00f6r ej \u00f6verskridas.<br \/>\nKosttillskott ers\u00e4tter inte en varierad kost.<br \/>\nProdukten f\u00f6rvaras o\u00e5tkomligt f\u00f6r sm\u00e5 barn.<\/li>\n<\/ul>\n","protected":false},"excerpt":{"rendered":"<p>NAD (nikotinamidribosid) st\u00f6djer cellernas energiproduktion, hj\u00e4rnh\u00e4lsa och \u00e5terh\u00e4mtning. Ett tillskott f\u00f6r mer energi, fokus och vitalitet.<\/p>\n<p><strong>60 kapslar<\/strong><\/p>\n","protected":false},"featured_media":500103643,"comment_status":"closed","ping_status":"closed","template":"","meta":{"_kad_blocks_custom_css":"","_kad_blocks_head_custom_js":"","_kad_blocks_body_custom_js":"","_kad_blocks_footer_custom_js":"","_kadence_starter_templates_imported_post":false,"_kad_post_transparent":"default","_kad_post_title":"","_kad_post_layout":"default","_kad_post_sidebar_id":"","_kad_post_content_style":"default","_kad_post_vertical_padding":"default","_kad_post_feature":"","_kad_post_feature_position":"","_kad_post_header":false,"_kad_post_footer":false,"_kad_post_classname":""},"product_brand":[],"product_cat":[348,1293,155],"product_tag":[],"class_list":{"0":"post-500103102","1":"product","2":"type-product","3":"status-publish","4":"has-post-thumbnail","6":"product_cat-b-vitamin","7":"product_cat-evp-nutrition","8":"product_cat-vitaminer","10":"first","11":"instock","12":"taxable","13":"shipping-taxable","14":"purchasable","15":"product-type-simple","16":"entry","17":"content-bg","18":"loop-entry"},"taxonomy_info":{"product_cat":[{"value":348,"label":"B-vitamin"},{"value":1293,"label":"EVP Nutrition"},{"value":155,"label":"Vitaminer"}]},"featured_image_src_large":["https:\/\/vitaminbutiken.com\/wp-content\/uploads\/2026\/01\/259-NAD-Photoroom-e1770635132310-720x700.png",720,700,true],"author_info":[],"comment_info":0,"_links":{"self":[{"href":"https:\/\/vitaminbutiken.com\/en\/wp-json\/wp\/v2\/product\/500103102","targetHints":{"allow":["GET"]}}],"collection":[{"href":"https:\/\/vitaminbutiken.com\/en\/wp-json\/wp\/v2\/product"}],"about":[{"href":"https:\/\/vitaminbutiken.com\/en\/wp-json\/wp\/v2\/types\/product"}],"replies":[{"embeddable":true,"href":"https:\/\/vitaminbutiken.com\/en\/wp-json\/wp\/v2\/comments?post=500103102"}],"wp:featuredmedia":[{"embeddable":true,"href":"https:\/\/vitaminbutiken.com\/en\/wp-json\/wp\/v2\/media\/500103643"}],"wp:attachment":[{"href":"https:\/\/vitaminbutiken.com\/en\/wp-json\/wp\/v2\/media?parent=500103102"}],"wp:term":[{"taxonomy":"product_brand","embeddable":true,"href":"https:\/\/vitaminbutiken.com\/en\/wp-json\/wp\/v2\/product_brand?post=500103102"},{"taxonomy":"product_cat","embeddable":true,"href":"https:\/\/vitaminbutiken.com\/en\/wp-json\/wp\/v2\/product_cat?post=500103102"},{"taxonomy":"product_tag","embeddable":true,"href":"https:\/\/vitaminbutiken.com\/en\/wp-json\/wp\/v2\/product_tag?post=500103102"}],"curies":[{"name":"wp","href":"https:\/\/api.w.org\/{rel}","templated":true}]}}