{"id":500103074,"date":"2025-12-30T10:01:56","date_gmt":"2025-12-30T09:01:56","guid":{"rendered":"https:\/\/vitaminbutiken.com\/?post_type=product&#038;p=500103074"},"modified":"2026-03-25T09:51:09","modified_gmt":"2026-03-25T08:51:09","slug":"biome-balance-everyday-ultra","status":"publish","type":"product","link":"https:\/\/vitaminbutiken.com\/en\/produkt\/biome-balance-everyday-ultra\/","title":{"rendered":"Biome Balance &#8211; Everyday Ultra"},"content":{"rendered":"<p><strong>Biome Balance &#8211; Everyday Ultra<\/strong><\/p>\n<p>Samma h\u00f6gkvalitativa stammar. Maximal styrka.<\/p>\n<p data-start=\"114\" data-end=\"381\"><strong data-start=\"114\" data-end=\"243\">En m\u00e5ngsidig och v\u00e4lbalanserad tarmflora \u00e4r kopplad till flera aspekter av v\u00e4lbefinnande, \u00e4ven utanf\u00f6r matsm\u00e4ltningssystemet.<\/strong><br data-start=\"243\" data-end=\"246\" \/>Biome Balance Everyday Ultra \u00e4r utvecklad f\u00f6r dig som \u00f6nskar ett f\u00f6rst\u00e4rkt st\u00f6d f\u00f6r matsm\u00e4ltningen och det allm\u00e4nna v\u00e4lbefinnandet.<\/p>\n<p data-start=\"388\" data-end=\"685\">Formulan inneh\u00e5ller <strong data-start=\"408\" data-end=\"451\">25 miljarder levande mj\u00f6lksyrabakterier<\/strong> och \u00e4r sammansatt f\u00f6r att ge maximalt st\u00f6d till tarmens mikrobiom. Produkten \u00e4r s\u00e4rskilt framtagen f\u00f6r personer som beh\u00f6ver <strong data-start=\"576\" data-end=\"607\">ett mer h\u00f6gpotent tillskott<\/strong> eller som har ett specifikt behov \u2013 till exempel <strong data-start=\"657\" data-end=\"684\">efter en antibiotikakur<\/strong>.<\/p>\n<p data-start=\"1486\" data-end=\"1647\">Eftersom produkten inneh\u00e5ller levande mikroorganismer \u00e4r korrekt f\u00f6rvaring avg\u00f6rande. <strong data-start=\"1572\" data-end=\"1647\">F\u00f6rvara produkten svalt, torrt och skyddat fr\u00e5n ljus \u2013 helst i kylsk\u00e5p.<\/p>\n<p><\/strong><\/p>\n<p><strong data-start=\"0\" data-end=\"13\" data-is-only-node=\"\">Dosering:<\/strong><br data-start=\"13\" data-end=\"16\" \/>Ta <strong data-start=\"19\" data-end=\"40\">1 kapsel dagligen<\/strong> med ett glas vatten, g\u00e4rna <strong data-start=\"68\" data-end=\"83\">p\u00e5 morgonen<\/strong>.<br data-start=\"84\" data-end=\"87\" \/>Undvik att ta kapseln <strong data-start=\"109\" data-end=\"145\">inom 30 minuter f\u00f6re eller efter<\/strong> intag av varm mat eller dryck.<\/p>\n<p data-start=\"99\" data-end=\"167\"><strong data-start=\"99\" data-end=\"124\">Inneh\u00e5ll och utseende<\/strong><br data-start=\"124\" data-end=\"127\" \/>Vitt pulver i en transparent h\u00e5rdkapsel.<\/p>\n<p data-start=\"169\" data-end=\"321\"><strong data-start=\"169\" data-end=\"209\">Inneh\u00e5ll per kapsel (typiskt v\u00e4rde):<\/strong><br data-start=\"209\" data-end=\"212\" \/><em data-start=\"212\" data-end=\"239\">Lactobacillus acidophilus<\/em> och <em data-start=\"244\" data-end=\"269\">Bifidobacterium bifidum<\/em><br data-start=\"269\" data-end=\"272\" \/><strong data-start=\"272\" data-end=\"302\">25 \u00d7 10\u2079 levande bakterier<\/strong> (25 miljarder)*<\/p>\n<p data-start=\"323\" data-end=\"353\">*Vid tillverkningstillf\u00e4llet.<\/p>\n<p data-start=\"355\" data-end=\"459\"><strong data-start=\"355\" data-end=\"379\">\u00d6vriga ingredienser: <\/strong>Kapselskal (hypromellos, gellangummi), klumpf\u00f6rebyggande medel (stearinsyra).<\/p>\n<p data-start=\"461\" data-end=\"549\"><strong data-start=\"461\" data-end=\"480\">S\u00f6nderfallstid: <\/strong>Kapslar med <strong data-start=\"495\" data-end=\"524\">f\u00f6rdr\u00f6jd fris\u00e4ttning (DR)<\/strong> \u2013 cirka <strong data-start=\"533\" data-end=\"548\">105 minuter<\/strong>.<\/p>\n<p data-start=\"551\" data-end=\"629\"><strong data-start=\"551\" data-end=\"565\">F\u00f6rvaring: <\/strong>F\u00f6rvaras svalt, torrt och skyddat fr\u00e5n ljus, helst i kylsk\u00e5p.<\/p>\n<p>Rekommenderad dos b\u00f6r ej \u00f6verskridas.<br \/>\nKosttillskott ers\u00e4tter inte en varierad kost.<br \/>\nProdukten f\u00f6rvaras o\u00e5tkomligt f\u00f6r sm\u00e5 barn.<\/p>\n<p data-start=\"100\" data-end=\"172\"><strong data-start=\"100\" data-end=\"115\">L\u00e4mplighet: <\/strong>Produkten \u00e4r <strong data-start=\"131\" data-end=\"171\">l\u00e4mplig f\u00f6r veganer och vegetarianer<\/strong>.<\/p>\n<p data-start=\"174\" data-end=\"355\"><strong data-start=\"174\" data-end=\"198\">Allergeninformation: <\/strong>Produkten inneh\u00e5ller <strong data-start=\"222\" data-end=\"255\">inga av de 14 huvudallergener<\/strong> som listas i bilaga II i EU-f\u00f6rordning (EU) nr 1169\/2011 om livsmedelsinformation till konsumenter.<\/p>\n<p data-start=\"357\" data-end=\"508\"><strong data-start=\"357\" data-end=\"371\">Varningar: <\/strong>Om du anv\u00e4nder l\u00e4kemedel, har nedsatt immunf\u00f6rsvar eller \u00e4r gravid eller ammar, b\u00f6r produkten endast anv\u00e4ndas efter samr\u00e5d med l\u00e4kare.<\/p>\n<p data-start=\"1486\" data-end=\"1647\">\n","protected":false},"excerpt":{"rendered":"<p><strong>Samma h\u00f6gkvalitativa stammar. Maximal styrka.<\/strong><\/p>\n<ul>\n<li data-start=\"95\" data-end=\"153\">\n<p data-start=\"97\" data-end=\"153\"><strong data-start=\"97\" data-end=\"151\">25 miljarder levande mj\u00f6lksyrabakterier per kapsel<\/strong><\/p>\n<\/li>\n<li data-start=\"154\" data-end=\"260\">\n<p data-start=\"156\" data-end=\"260\"><strong data-start=\"156\" data-end=\"220\">Passar s\u00e4rskilt bra vid behov av extra st\u00f6d f\u00f6r tarmbalansen<\/strong>, till exempel efter en antibiotikakur<\/p>\n<\/li>\n<li data-start=\"261\" data-end=\"330\">\n<p data-start=\"263\" data-end=\"330\"><strong data-start=\"263\" data-end=\"287\">F\u00f6rdr\u00f6jd fris\u00e4ttning<\/strong> som hj\u00e4lper kapseln att passera magsyran<\/p>\n<\/li>\n<li data-start=\"331\" data-end=\"428\">\n<p data-start=\"333\" data-end=\"428\"><strong data-start=\"333\" data-end=\"370\">Tv\u00e5 v\u00e4lstuderade bakteriestammar:<\/strong> <em data-start=\"371\" data-end=\"398\">Lactobacillus acidophilus<\/em> och <em data-start=\"403\" data-end=\"428\">Bifidobacterium bifidum<\/em><\/p>\n<\/li>\n<\/ul>\n<p><strong>30 Kapslar<\/strong><\/p>\n","protected":false},"featured_media":500103075,"comment_status":"closed","ping_status":"closed","template":"","meta":{"_kad_blocks_custom_css":"","_kad_blocks_head_custom_js":"","_kad_blocks_body_custom_js":"","_kad_blocks_footer_custom_js":"","_kadence_starter_templates_imported_post":false,"_kad_post_transparent":"default","_kad_post_title":"","_kad_post_layout":"default","_kad_post_sidebar_id":"","_kad_post_content_style":"default","_kad_post_vertical_padding":"default","_kad_post_feature":"","_kad_post_feature_position":"","_kad_post_header":false,"_kad_post_footer":false,"_kad_post_classname":""},"product_brand":[],"product_cat":[1234,431,2819],"product_tag":[],"class_list":{"0":"post-500103074","1":"product","2":"type-product","3":"status-publish","4":"has-post-thumbnail","6":"product_cat-lamberts","7":"product_cat-mage-tarm","8":"product_cat-matsmaltningsenzymer","10":"first","11":"instock","12":"taxable","13":"shipping-taxable","14":"purchasable","15":"product-type-simple","16":"entry","17":"content-bg","18":"loop-entry"},"taxonomy_info":{"product_cat":[{"value":1234,"label":"Lamberts"},{"value":431,"label":"Mage &amp; Tarm"},{"value":2819,"label":"Matsm\u00e4ltningsenzymer"}]},"featured_image_src_large":["https:\/\/vitaminbutiken.com\/wp-content\/uploads\/2025\/12\/8713-30-Photoroom-1200x700.png",1200,700,true],"author_info":[],"comment_info":0,"_links":{"self":[{"href":"https:\/\/vitaminbutiken.com\/en\/wp-json\/wp\/v2\/product\/500103074","targetHints":{"allow":["GET"]}}],"collection":[{"href":"https:\/\/vitaminbutiken.com\/en\/wp-json\/wp\/v2\/product"}],"about":[{"href":"https:\/\/vitaminbutiken.com\/en\/wp-json\/wp\/v2\/types\/product"}],"replies":[{"embeddable":true,"href":"https:\/\/vitaminbutiken.com\/en\/wp-json\/wp\/v2\/comments?post=500103074"}],"wp:featuredmedia":[{"embeddable":true,"href":"https:\/\/vitaminbutiken.com\/en\/wp-json\/wp\/v2\/media\/500103075"}],"wp:attachment":[{"href":"https:\/\/vitaminbutiken.com\/en\/wp-json\/wp\/v2\/media?parent=500103074"}],"wp:term":[{"taxonomy":"product_brand","embeddable":true,"href":"https:\/\/vitaminbutiken.com\/en\/wp-json\/wp\/v2\/product_brand?post=500103074"},{"taxonomy":"product_cat","embeddable":true,"href":"https:\/\/vitaminbutiken.com\/en\/wp-json\/wp\/v2\/product_cat?post=500103074"},{"taxonomy":"product_tag","embeddable":true,"href":"https:\/\/vitaminbutiken.com\/en\/wp-json\/wp\/v2\/product_tag?post=500103074"}],"curies":[{"name":"wp","href":"https:\/\/api.w.org\/{rel}","templated":true}]}}