{"id":500103065,"date":"2025-12-29T14:00:34","date_gmt":"2025-12-29T13:00:34","guid":{"rendered":"https:\/\/vitaminbutiken.com\/?post_type=product&#038;p=500103065"},"modified":"2026-03-30T12:07:43","modified_gmt":"2026-03-30T10:07:43","slug":"ashwaganda-300mg","status":"publish","type":"product","link":"https:\/\/vitaminbutiken.com\/en\/produkt\/ashwaganda-300mg\/","title":{"rendered":"Ashwaganda 300mg"},"content":{"rendered":"<p>Ashwaganda 300mg 60 kap<\/p>\n<p>Withania somnifera, \u00e4ven k\u00e4nd som ashwagandha eller indisk ginseng, \u00e4r en v\u00e4xt som tillh\u00f6r familjen Solanaceae.<\/p>\n<p data-start=\"188\" data-end=\"529\">Ashwagandha \u00e4r mest k\u00e4nd f\u00f6r sina egenskaper att lindra stress, \u00e5ngest, tr\u00f6tthet och fysisk utmattning, samt f\u00f6r att hj\u00e4lpa till att bibeh\u00e5lla fokus och uth\u00e5llighet.<br data-start=\"361\" data-end=\"364\" \/>Stress \u00e4r en av de fr\u00e4msta orsakerna till psykiska obalanser, och ashwagandha kan bidra till att h\u00e5lla stresshormonet kortisol p\u00e5 en balanserad niv\u00e5 i kroppen.<\/p>\n<p data-start=\"531\" data-end=\"888\">Ashwagandha st\u00f6djer stressresistens, fysisk och mental kapacitet, emotionell balans, och hj\u00e4lper till med avslappning, s\u00f6mn, \u00e5terh\u00e4mtning och uth\u00e5llighet.<br data-start=\"693\" data-end=\"696\" \/>Den st\u00e4rker kroppens motst\u00e5ndskraft mot stress, vilket bidrar till normalisering av kortisolniv\u00e5erna. Dessutom kan ashwagandha vara till hj\u00e4lp vid depression, s\u00f6mnsv\u00e5righeter och \u00e5ngest.<\/p>\n<p data-start=\"890\" data-end=\"1042\">Ashwagandha s\u00e4nker niv\u00e5n av stresshormonet kortisol, vilket \u00f6kar k\u00e4nslan av v\u00e4lbefinnande och lindrar hum\u00f6rsv\u00e4ngningar, oro, stress och nedst\u00e4mdhet.<\/p>\n<p data-start=\"0\" data-end=\"34\"><strong data-start=\"0\" data-end=\"13\">Dosering:<\/strong> 1 kapsel 2 g\u00e5nger per dag.<\/p>\n<table style=\"height: 80px;\" border=\"1\" width=\"621\" cellspacing=\"0\" cellpadding=\"0\">\n<tbody>\n<tr>\n<td style=\"width: 22.0513%;\"><strong data-start=\"36\" data-end=\"61\">2 kapslar inneh\u00e5ller:<\/strong><\/td>\n<td style=\"width: 10.4196%;\"><strong>M\u00e4ngd<\/strong><\/td>\n<\/tr>\n<tr>\n<td style=\"width: 22.0513%;\">Ashwagandha-extrakt<\/td>\n<td style=\"width: 10.4196%;\">600 mg*<\/td>\n<\/tr>\n<\/tbody>\n<\/table>\n<p><strong>*DRI<\/strong><span style=\"font-weight: 400;\">\u00a0(dagligt referensintag) ej fastst\u00e4llt.<\/span><\/p>\n<p data-start=\"183\" data-end=\"303\"><strong data-start=\"183\" data-end=\"200\">Ingredienser:<\/strong> Ashwagandhaextrakt 4:1, kapsel (hydroxipropylmetylcellulosa).<\/p>\n<p data-start=\"305\" data-end=\"441\" data-is-last-node=\"\" data-is-only-node=\"\">rekommenderad dos b\u00f6r ej \u00f6verskridas.<br data-start=\"351\" data-end=\"354\" \/>Kosttillskott b\u00f6r inte ers\u00e4tta en varierad kost.<br data-start=\"402\" data-end=\"405\" \/>F\u00f6rvaras utom r\u00e4ckh\u00e5ll f\u00f6r sm\u00e5 barn.<\/p>\n","protected":false},"excerpt":{"rendered":"<p>Ett stabiliserande och energigivande adaptogent kosttillskott.<br \/>\n<strong><br \/>\n60 Kapslar<\/strong><\/p>\n","protected":false},"featured_media":500103066,"comment_status":"closed","ping_status":"closed","template":"","meta":{"_kad_blocks_custom_css":"","_kad_blocks_head_custom_js":"","_kad_blocks_body_custom_js":"","_kad_blocks_footer_custom_js":"","_kadence_starter_templates_imported_post":false,"_kad_post_transparent":"default","_kad_post_title":"","_kad_post_layout":"default","_kad_post_sidebar_id":"","_kad_post_content_style":"default","_kad_post_vertical_padding":"default","_kad_post_feature":"","_kad_post_feature_position":"","_kad_post_header":false,"_kad_post_footer":false,"_kad_post_classname":""},"product_brand":[],"product_cat":[277,149,843,146,278],"product_tag":[],"class_list":{"0":"post-500103065","1":"product","2":"type-product","3":"status-publish","4":"has-post-thumbnail","6":"product_cat-muskler-och-leder","7":"product_cat-orter","8":"product_cat-reviva-nutrition","9":"product_cat-stressad-och-trott","10":"product_cat-traning","12":"first","13":"instock","14":"taxable","15":"shipping-taxable","16":"purchasable","17":"product-type-simple","18":"entry","19":"content-bg","20":"loop-entry"},"taxonomy_info":{"product_cat":[{"value":277,"label":"Muskler &amp; Leder"},{"value":149,"label":"\u00d6rter"},{"value":843,"label":"Reviva Nutrition"},{"value":146,"label":"Stressad &amp; Tr\u00f6tt"},{"value":278,"label":"Tr\u00e4ning"}]},"featured_image_src_large":["https:\/\/vitaminbutiken.com\/wp-content\/uploads\/2025\/12\/477-Ashwagandha-Photoroom-e1767013199980-1020x700.png",1020,700,true],"author_info":[],"comment_info":0,"_links":{"self":[{"href":"https:\/\/vitaminbutiken.com\/en\/wp-json\/wp\/v2\/product\/500103065","targetHints":{"allow":["GET"]}}],"collection":[{"href":"https:\/\/vitaminbutiken.com\/en\/wp-json\/wp\/v2\/product"}],"about":[{"href":"https:\/\/vitaminbutiken.com\/en\/wp-json\/wp\/v2\/types\/product"}],"replies":[{"embeddable":true,"href":"https:\/\/vitaminbutiken.com\/en\/wp-json\/wp\/v2\/comments?post=500103065"}],"wp:featuredmedia":[{"embeddable":true,"href":"https:\/\/vitaminbutiken.com\/en\/wp-json\/wp\/v2\/media\/500103066"}],"wp:attachment":[{"href":"https:\/\/vitaminbutiken.com\/en\/wp-json\/wp\/v2\/media?parent=500103065"}],"wp:term":[{"taxonomy":"product_brand","embeddable":true,"href":"https:\/\/vitaminbutiken.com\/en\/wp-json\/wp\/v2\/product_brand?post=500103065"},{"taxonomy":"product_cat","embeddable":true,"href":"https:\/\/vitaminbutiken.com\/en\/wp-json\/wp\/v2\/product_cat?post=500103065"},{"taxonomy":"product_tag","embeddable":true,"href":"https:\/\/vitaminbutiken.com\/en\/wp-json\/wp\/v2\/product_tag?post=500103065"}],"curies":[{"name":"wp","href":"https:\/\/api.w.org\/{rel}","templated":true}]}}