{"id":500103054,"date":"2025-12-23T10:11:25","date_gmt":"2025-12-23T09:11:25","guid":{"rendered":"https:\/\/vitaminbutiken.com\/?post_type=product&#038;p=500103054"},"modified":"2026-03-25T09:51:18","modified_gmt":"2026-03-25T08:51:18","slug":"biome-balance-sensitive","status":"publish","type":"product","link":"https:\/\/vitaminbutiken.com\/en\/produkt\/biome-balance-sensitive\/","title":{"rendered":"Biome Balance &#8211; Sensitive"},"content":{"rendered":"<p><strong>Biome Balance 25 &#8211; Sensitive<\/strong><\/p>\n<p data-start=\"94\" data-end=\"462\">Lamberts Biome Balance 25 \u00e4r en unik formula med levande bakterier som kombinerar Lactobacillus plantarum och Lactobacillus rhamnosus med de v\u00e4lstuderade stammarna Lactobacillus acidophilus och Bifidobacterium bifidum. Tillsammans verkar dessa stammar synergistiskt f\u00f6r att st\u00e4rka tarmh\u00e4lsan och st\u00f6dja en normal matsm\u00e4ltning, d\u00e4r varje stam kompletterar de andra.<\/p>\n<p data-start=\"464\" data-end=\"814\">Produkten inneh\u00e5ller <strong data-start=\"485\" data-end=\"519\">25 miljarder levande bakterier<\/strong> (vid tillverkningstillf\u00e4llet), och tack vare den h\u00f6ga kvaliteten r\u00e4cker det med en kapsel per dag. Lamberts var en av de f\u00f6rsta tillverkarna i Storbritannien att utveckla kapslar med levande bakterier \u2013 f\u00f6r mer \u00e4n 30 \u00e5r sedan \u2013 och har sedan dess byggt upp omfattande expertis inom omr\u00e5det.<\/p>\n<p data-start=\"816\" data-end=\"1120\">Det \u00e4r v\u00e4lk\u00e4nt att matsm\u00e4ltningssystemet \u00e4r en utmanande milj\u00f6 f\u00f6r levande bakterier. D\u00e4rf\u00f6r kr\u00e4vs noggrant utformade l\u00f6sningar f\u00f6r att s\u00e4kerst\u00e4lla att bakterierna b\u00e5de \u00f6verlever resan genom magen och kan frodas n\u00e4r de n\u00e5r tarmen. F\u00f6r detta anv\u00e4nder Lamberts sitt specialutvecklade system som innefattar:<\/p>\n<ul data-start=\"1122\" data-end=\"1484\">\n<li data-start=\"1122\" data-end=\"1199\">\n<p data-start=\"1124\" data-end=\"1199\"><strong data-start=\"1124\" data-end=\"1160\">Kapslar med f\u00f6rdr\u00f6jd fris\u00e4ttning<\/strong>, utvalda f\u00f6r att skydda bakterierna.<\/p>\n<\/li>\n<li data-start=\"1200\" data-end=\"1283\">\n<p data-start=\"1202\" data-end=\"1283\"><strong data-start=\"1202\" data-end=\"1230\">Ett integrerat torkmedel<\/strong> i burkens r\u00f6rv\u00e4gg f\u00f6r att h\u00e5lla fuktniv\u00e5erna nere.<\/p>\n<\/li>\n<li data-start=\"1284\" data-end=\"1369\">\n<p data-start=\"1286\" data-end=\"1369\"><strong data-start=\"1286\" data-end=\"1321\">Kylf\u00f6rvaring fram till leverans<\/strong> f\u00f6r att bevara bakteriestammarnas stabilitet.<\/p>\n<\/li>\n<li data-start=\"1370\" data-end=\"1484\">\n<p data-start=\"1372\" data-end=\"1484\"><strong data-start=\"1372\" data-end=\"1420\">Vegetariska kapslar av v\u00e4xtbaserad cellulosa<\/strong>, med tre g\u00e5nger l\u00e4gre fukthalt \u00e4n traditionella gelatinkapslar.<\/p>\n<\/li>\n<\/ul>\n<p><strong> Dosering<\/strong>: 1 kapsel per dag i samband med m\u00e5ltider.<\/p>\n<p><strong>1 Kapsel inneh\u00e5ller:<\/strong> Lactobacillus rhamnosus, Lactobacillus acidophilus,<br \/>\nLactobacillus plantarum, Bifidobacterium bifidum 25&#215;10 (25 miljard levande bakterier vid tillverkningstillf\u00e4llet )<\/p>\n<p><strong>Ingredienser<\/strong>: Bakteriekultur (tillhandah\u00e5ller lactobacillus rhamnosus, lactobacillus acidophilus,<br \/>\nlactobacillus plantarum, bifidobacterium bifidum), brunt rismj\u00f6l, kapselskal (hypromellos, gellangummi), klumpf\u00f6rebyggande medel (stearinsyra).<\/p>\n<p>Rekommenderad dos b\u00f6r ej \u00f6verskridas.<br \/>\nKosttillskott ers\u00e4tter inte en varierad kost.<br \/>\nProdukten f\u00f6rvaras o\u00e5tkomligt f\u00f6r sm\u00e5 barn.<\/p>\n<p>V- L\u00e4mplig f\u00f6r vegetarianer<\/p>\n<p data-start=\"1486\" data-end=\"1647\">\n","protected":false},"excerpt":{"rendered":"<p>Lamberts Biome Balance 25 \u00e4r ett probiotiskt tillskott som inneh\u00e5ller 25 miljarder aktiva bakterier per kapsel, vilket st\u00f6djer en h\u00e4lsosam tarmflora och matsm\u00e4ltning. Inneh\u00e5ller fyra olika stammar av v\u00e4l unders\u00f6kta levande bakterier.<\/p>\n<p><strong>30 Kapslar<\/strong><\/p>\n","protected":false},"featured_media":500103055,"comment_status":"closed","ping_status":"closed","template":"","meta":{"_kad_blocks_custom_css":"","_kad_blocks_head_custom_js":"","_kad_blocks_body_custom_js":"","_kad_blocks_footer_custom_js":"","_kadence_starter_templates_imported_post":false,"_kad_post_transparent":"default","_kad_post_title":"","_kad_post_layout":"default","_kad_post_sidebar_id":"","_kad_post_content_style":"default","_kad_post_vertical_padding":"default","_kad_post_feature":"","_kad_post_feature_position":"","_kad_post_header":false,"_kad_post_footer":false,"_kad_post_classname":""},"product_brand":[],"product_cat":[1234,431,2819],"product_tag":[],"class_list":{"0":"post-500103054","1":"product","2":"type-product","3":"status-publish","4":"has-post-thumbnail","6":"product_cat-lamberts","7":"product_cat-mage-tarm","8":"product_cat-matsmaltningsenzymer","10":"first","11":"instock","12":"taxable","13":"shipping-taxable","14":"purchasable","15":"product-type-simple","16":"entry","17":"content-bg","18":"loop-entry"},"taxonomy_info":{"product_cat":[{"value":1234,"label":"Lamberts"},{"value":431,"label":"Mage &amp; Tarm"},{"value":2819,"label":"Matsm\u00e4ltningsenzymer"}]},"featured_image_src_large":["https:\/\/vitaminbutiken.com\/wp-content\/uploads\/2025\/12\/8714-30-Photoroom-1200x700.png",1200,700,true],"author_info":[],"comment_info":0,"_links":{"self":[{"href":"https:\/\/vitaminbutiken.com\/en\/wp-json\/wp\/v2\/product\/500103054","targetHints":{"allow":["GET"]}}],"collection":[{"href":"https:\/\/vitaminbutiken.com\/en\/wp-json\/wp\/v2\/product"}],"about":[{"href":"https:\/\/vitaminbutiken.com\/en\/wp-json\/wp\/v2\/types\/product"}],"replies":[{"embeddable":true,"href":"https:\/\/vitaminbutiken.com\/en\/wp-json\/wp\/v2\/comments?post=500103054"}],"wp:featuredmedia":[{"embeddable":true,"href":"https:\/\/vitaminbutiken.com\/en\/wp-json\/wp\/v2\/media\/500103055"}],"wp:attachment":[{"href":"https:\/\/vitaminbutiken.com\/en\/wp-json\/wp\/v2\/media?parent=500103054"}],"wp:term":[{"taxonomy":"product_brand","embeddable":true,"href":"https:\/\/vitaminbutiken.com\/en\/wp-json\/wp\/v2\/product_brand?post=500103054"},{"taxonomy":"product_cat","embeddable":true,"href":"https:\/\/vitaminbutiken.com\/en\/wp-json\/wp\/v2\/product_cat?post=500103054"},{"taxonomy":"product_tag","embeddable":true,"href":"https:\/\/vitaminbutiken.com\/en\/wp-json\/wp\/v2\/product_tag?post=500103054"}],"curies":[{"name":"wp","href":"https:\/\/api.w.org\/{rel}","templated":true}]}}