{"id":500103050,"date":"2025-12-23T08:55:04","date_gmt":"2025-12-23T07:55:04","guid":{"rendered":"https:\/\/vitaminbutiken.com\/?post_type=product&#038;p=500103050"},"modified":"2026-03-20T09:11:20","modified_gmt":"2026-03-20T08:11:20","slug":"biome-balance-for-those-on-antibiotics","status":"publish","type":"product","link":"https:\/\/vitaminbutiken.com\/en\/produkt\/biome-balance-for-those-on-antibiotics\/","title":{"rendered":"Biome Balance, for those on Antibiotics"},"content":{"rendered":"<h4>Biome Balance, f\u00f6r de som \u00e4r p\u00e5 antibiotika kur.<\/h4>\n<h4>Saccharomyces Cerevisiae Boulardii<\/h4>\n<p>Lamberts\u00ae Biome Balance ger hela 6 miljarder organismer per kapsel. Denna probiotiska j\u00e4st har visat sig bibeh\u00e5lla och \u00e5terst\u00e4lla floran i tjock- och tunntarmen, och den rekommenderas nu allm\u00e4nt av ut\u00f6vare, s\u00e4rskilt f\u00f6r hantering av tarmh\u00e4lsa.<\/p>\n<p>Saccharomyces cerevisiae boulardii \u00e4r en unik j\u00e4ststam som har studerats ing\u00e5ende f\u00f6r sina positiva effekter p\u00e5 matsm\u00e4ltningssystemet. Den har m\u00e5nga anv\u00e4ndningsomr\u00e5den, men \u00e4r s\u00e4rskilt v\u00e4rdefull f\u00f6r personer som tar antibiotika. Till skillnad fr\u00e5n de flesta levande bakteriestammar \u00e4r Saccharomyces boulardii en j\u00e4st. Denna viktiga skillnad inneb\u00e4r att den inte p\u00e5verkas av antibiotika, som riktar sig mot bakterier. D\u00e4rf\u00f6r f\u00f6rblir den of\u00f6r\u00e4ndrad \u00e4ven under antibiotikabehandling.<\/p>\n<p style=\"text-align: left;\">Lamberts\u00ae Biome Balance \u00e4r en h\u00f6gpotent dagsdosprodukt som dessutom \u00e4r l\u00e4mplig f\u00f6r b\u00e5de vegetarianer och veganer. Dessa sm\u00e5 och l\u00e4ttsvalda kapslar tillverkas i Storbritannien enligt farmaceutiska kvalitetsstandarder. Eftersom v\u00e5r produkt \u00e4r stabil i rumstemperatur beh\u00f6ver den inte f\u00f6rvaras kylt.<\/p>\n<p><strong>Dosering<\/strong>: 1 kapsel dagligen i samband med m\u00e5ltid.<\/p>\n<table style=\"height: 80px;\" border=\"1\" width=\"621\" cellspacing=\"0\" cellpadding=\"0\">\n<tbody>\n<tr>\n<td valign=\"top\" width=\"30%\"><strong>1 kapsel inneh\u00e5ller<\/strong><\/td>\n<td valign=\"top\" width=\"20%\"><strong> M\u00e4ngd<\/strong><\/td>\n<td valign=\"top\" width=\"30%\"><strong>%DRI*<\/strong><\/td>\n<\/tr>\n<tr>\n<td valign=\"top\" width=\"30%\">Saccharomyces boulardii<br \/>\n(som ger 6 miljarder organismer)<\/td>\n<td valign=\"top\" width=\"20%\">300 mg<\/td>\n<td valign=\"top\" width=\"20%\">**<\/td>\n<\/tr>\n<\/tbody>\n<\/table>\n<p><strong><em>*DRI (dagligt referensintag) ej fastst\u00e4llt.\u00a0<\/em><\/strong><\/p>\n<p><strong>Ingredienser<\/strong>: Saccharomyces cerevisiae boulardii (aktiv torkad j\u00e4st, emulgerings medel: sorbitanmonostearat), kapselskal (hydroxypropylmetylcellulosa).<\/p>\n<p>Rekommenderad dos b\u00f6r ej \u00f6verskridas.<br \/>\nKosttillskott ers\u00e4tter inte en varierad kost.<br \/>\nProdukten f\u00f6rvaras o\u00e5tkomligt f\u00f6r sm\u00e5 barn.<\/p>\n<p><strong>OBS<\/strong>! Om du tar medicin, har ett nedsatt immunf\u00f6rsvar eller om du \u00e4r gravid\/ammar anv\u00e4nd inte denna produkt utom p\u00e5 inr\u00e5dan av en l\u00e4kare.<\/p>\n","protected":false},"excerpt":{"rendered":"<p>6 miljarder organismer per kapsel.<\/p>\n<p><strong>30 Kapslar\u00a0<\/strong><\/p>\n","protected":false},"featured_media":500103051,"comment_status":"closed","ping_status":"closed","template":"","meta":{"_kad_blocks_custom_css":"","_kad_blocks_head_custom_js":"","_kad_blocks_body_custom_js":"","_kad_blocks_footer_custom_js":"","_kadence_starter_templates_imported_post":false,"_kad_post_transparent":"default","_kad_post_title":"","_kad_post_layout":"default","_kad_post_sidebar_id":"","_kad_post_content_style":"default","_kad_post_vertical_padding":"default","_kad_post_feature":"","_kad_post_feature_position":"","_kad_post_header":false,"_kad_post_footer":false,"_kad_post_classname":""},"product_brand":[],"product_cat":[1234,2819],"product_tag":[],"class_list":{"0":"post-500103050","1":"product","2":"type-product","3":"status-publish","4":"has-post-thumbnail","6":"product_cat-lamberts","7":"product_cat-matsmaltningsenzymer","9":"first","10":"instock","11":"taxable","12":"shipping-taxable","13":"purchasable","14":"product-type-simple","15":"entry","16":"content-bg","17":"loop-entry"},"taxonomy_info":{"product_cat":[{"value":1234,"label":"Lamberts"},{"value":2819,"label":"Matsm\u00e4ltningsenzymer"}]},"featured_image_src_large":["https:\/\/vitaminbutiken.com\/wp-content\/uploads\/2025\/12\/8715-30-Biome-Balance-Photoroom-1200x700.png",1200,700,true],"author_info":[],"comment_info":0,"_links":{"self":[{"href":"https:\/\/vitaminbutiken.com\/en\/wp-json\/wp\/v2\/product\/500103050","targetHints":{"allow":["GET"]}}],"collection":[{"href":"https:\/\/vitaminbutiken.com\/en\/wp-json\/wp\/v2\/product"}],"about":[{"href":"https:\/\/vitaminbutiken.com\/en\/wp-json\/wp\/v2\/types\/product"}],"replies":[{"embeddable":true,"href":"https:\/\/vitaminbutiken.com\/en\/wp-json\/wp\/v2\/comments?post=500103050"}],"wp:featuredmedia":[{"embeddable":true,"href":"https:\/\/vitaminbutiken.com\/en\/wp-json\/wp\/v2\/media\/500103051"}],"wp:attachment":[{"href":"https:\/\/vitaminbutiken.com\/en\/wp-json\/wp\/v2\/media?parent=500103050"}],"wp:term":[{"taxonomy":"product_brand","embeddable":true,"href":"https:\/\/vitaminbutiken.com\/en\/wp-json\/wp\/v2\/product_brand?post=500103050"},{"taxonomy":"product_cat","embeddable":true,"href":"https:\/\/vitaminbutiken.com\/en\/wp-json\/wp\/v2\/product_cat?post=500103050"},{"taxonomy":"product_tag","embeddable":true,"href":"https:\/\/vitaminbutiken.com\/en\/wp-json\/wp\/v2\/product_tag?post=500103050"}],"curies":[{"name":"wp","href":"https:\/\/api.w.org\/{rel}","templated":true}]}}