{"id":500102999,"date":"2025-12-10T12:49:02","date_gmt":"2025-12-10T11:49:02","guid":{"rendered":"https:\/\/vitaminbutiken.com\/?post_type=product&#038;p=500102999"},"modified":"2026-04-10T11:35:32","modified_gmt":"2026-04-10T09:35:32","slug":"advance-selenium","status":"publish","type":"product","link":"https:\/\/vitaminbutiken.com\/en\/produkt\/advance-selenium\/","title":{"rendered":"Advance Selenium"},"content":{"rendered":"<p data-start=\"386\" data-end=\"578\">Selen \u00e4r en livsn\u00f6dv\u00e4ndig mineral som spelar en central roll i kroppens <strong data-start=\"458\" data-end=\"491\">immun- och antioxidantf\u00f6rsvar<\/strong>. Det beh\u00f6vs bland annat f\u00f6r att kroppen ska kunna bilda viktiga selenberoende enzymer.<\/p>\n<p data-start=\"580\" data-end=\"843\"><strong data-start=\"580\" data-end=\"600\">Advance Selenium<\/strong> \u00e4r en avancerad selenprodukt som kombinerar <strong data-start=\"645\" data-end=\"683\">21 olika organiska former av selen<\/strong> i samma formula. Den h\u00e4r sammans\u00e4ttningen \u00e4r framtagen f\u00f6r att ge <strong data-start=\"750\" data-end=\"775\">h\u00f6g biotillg\u00e4nglighet<\/strong>, vilket inneb\u00e4r att kroppen kan ta upp och anv\u00e4nda selen effektivt.<\/p>\n<p data-start=\"845\" data-end=\"1129\">Selen ing\u00e5r bland annat som en n\u00f6dv\u00e4ndig komponent i enzymet <strong data-start=\"906\" data-end=\"928\">glutationperoxidas<\/strong>, som \u00e4r en del av kroppens naturliga antioxidantsystem. Glutationperoxidas medverkar i biokemiska processer d\u00e4r <strong data-start=\"1041\" data-end=\"1054\">glutation<\/strong> anv\u00e4nds f\u00f6r att neutralisera \u00e4mnen som kan bildas vid <strong data-start=\"1109\" data-end=\"1128\">oxidativ stress<\/strong>.<\/p>\n<p data-start=\"1131\" data-end=\"1237\">Advance Selenium passar dig som vill ha ett genomt\u00e4nkt, h\u00f6gkvalitativt selentillskott som st\u00f6d i vardagen.<\/p>\n<p><strong>Dosering:\u00a0<\/strong>1 kapsel per dag.<\/p>\n<table style=\"height: 80px;\" border=\"1\" width=\"621\" cellspacing=\"0\" cellpadding=\"0\">\n<tbody>\n<tr>\n<td valign=\"top\" width=\"30%\"><strong>1 kapsel inneh\u00e5ller<\/strong><\/td>\n<td valign=\"top\" width=\"20%\"><strong> M\u00e4ngd<\/strong><\/td>\n<td valign=\"top\" width=\"30%\"><strong>%DRI*<\/strong><\/td>\n<\/tr>\n<tr>\n<td valign=\"top\" width=\"30%\">Selen<\/td>\n<td valign=\"top\" width=\"20%\">200 \u00b5g<\/td>\n<td valign=\"top\" width=\"20%\">364 %<\/td>\n<\/tr>\n<tr>\n<td valign=\"top\" width=\"30%\">Vitamin B2<\/td>\n<td valign=\"top\" width=\"20%\">3 mg<\/td>\n<td valign=\"top\" width=\"20%\">214 %<\/td>\n<\/tr>\n<tr>\n<td valign=\"top\" width=\"30%\">L-leucin<\/td>\n<td valign=\"top\" width=\"20%\">30 mg<\/td>\n<td valign=\"top\" width=\"20%\">**<\/td>\n<\/tr>\n<\/tbody>\n<\/table>\n<p><strong><em>*DRI \u00e4r dagligt referensintag. **DRI ej fastst\u00e4llt.<\/em><\/strong><\/p>\n<p><strong>Ingredienser:\u00a0<\/strong><em>Selenberikad inaktiverad <strong>j\u00e4st<\/strong>,\u00a0fyllnadsmedel (mikrokristallin cellulosa), L-leucin, riboflavin, kapsel (gelatin).<\/em><\/p>\n<p>Dagligt dos b\u00f6r ej \u00f6verskridas.<br \/>\nkosttillskott ers\u00e4tter inte en varierad kost.<br \/>\nProdukten f\u00f6rvaras o\u00e5tkomligt f\u00f6r sm\u00e5 barn.<\/p>\n","protected":false},"excerpt":{"rendered":"<p><strong data-start=\"37\" data-end=\"57\">Advance Selenium<\/strong> \u00e4r ett avancerat selentillskott med en unik kombination av <strong data-start=\"117\" data-end=\"151\">21 olika organiska selenformer<\/strong>. Selen \u00e4r en viktig mineral som bidrar till kroppens <strong data-start=\"205\" data-end=\"221\">immunf\u00f6rsvar<\/strong> och till att <strong data-start=\"235\" data-end=\"274\">skydda cellerna mot oxidativ stress<\/strong> \u2013 ett smart val f\u00f6r dig som vill ha ett selen med h\u00f6g biotillg\u00e4nglighet.<\/p>\n<p><strong>60 kapslar<\/strong><\/p>\n","protected":false},"featured_media":500103000,"comment_status":"closed","ping_status":"closed","template":"","meta":{"_kad_blocks_custom_css":"","_kad_blocks_head_custom_js":"","_kad_blocks_body_custom_js":"","_kad_blocks_footer_custom_js":"","_kadence_starter_templates_imported_post":false,"_kad_post_transparent":"default","_kad_post_title":"","_kad_post_layout":"default","_kad_post_sidebar_id":"","_kad_post_content_style":"default","_kad_post_vertical_padding":"default","_kad_post_feature":"","_kad_post_feature_position":"","_kad_post_header":false,"_kad_post_footer":false,"_kad_post_classname":""},"product_brand":[],"product_cat":[1293,198,281,2826],"product_tag":[],"class_list":{"0":"post-500102999","1":"product","2":"type-product","3":"status-publish","4":"has-post-thumbnail","6":"product_cat-evp-nutrition","7":"product_cat-lever-och-njurar","8":"product_cat-mineraler","9":"product_cat-selen","11":"first","12":"instock","13":"taxable","14":"shipping-taxable","15":"purchasable","16":"product-type-simple","17":"entry","18":"content-bg","19":"loop-entry"},"taxonomy_info":{"product_cat":[{"value":1293,"label":"EVP Nutrition"},{"value":198,"label":"Lever &amp; Njurar"},{"value":281,"label":"Mineraler"},{"value":2826,"label":"Selen"}]},"featured_image_src_large":["https:\/\/vitaminbutiken.com\/wp-content\/uploads\/2025\/12\/260-Advance-selenium-Photoroom-e1765367316125-1133x700.png",1133,700,true],"author_info":[],"comment_info":0,"_links":{"self":[{"href":"https:\/\/vitaminbutiken.com\/en\/wp-json\/wp\/v2\/product\/500102999","targetHints":{"allow":["GET"]}}],"collection":[{"href":"https:\/\/vitaminbutiken.com\/en\/wp-json\/wp\/v2\/product"}],"about":[{"href":"https:\/\/vitaminbutiken.com\/en\/wp-json\/wp\/v2\/types\/product"}],"replies":[{"embeddable":true,"href":"https:\/\/vitaminbutiken.com\/en\/wp-json\/wp\/v2\/comments?post=500102999"}],"wp:featuredmedia":[{"embeddable":true,"href":"https:\/\/vitaminbutiken.com\/en\/wp-json\/wp\/v2\/media\/500103000"}],"wp:attachment":[{"href":"https:\/\/vitaminbutiken.com\/en\/wp-json\/wp\/v2\/media?parent=500102999"}],"wp:term":[{"taxonomy":"product_brand","embeddable":true,"href":"https:\/\/vitaminbutiken.com\/en\/wp-json\/wp\/v2\/product_brand?post=500102999"},{"taxonomy":"product_cat","embeddable":true,"href":"https:\/\/vitaminbutiken.com\/en\/wp-json\/wp\/v2\/product_cat?post=500102999"},{"taxonomy":"product_tag","embeddable":true,"href":"https:\/\/vitaminbutiken.com\/en\/wp-json\/wp\/v2\/product_tag?post=500102999"}],"curies":[{"name":"wp","href":"https:\/\/api.w.org\/{rel}","templated":true}]}}