{"id":500102936,"date":"2025-12-01T11:25:12","date_gmt":"2025-12-01T10:25:12","guid":{"rendered":"https:\/\/vitaminbutiken.com\/?post_type=product&#038;p=500102936"},"modified":"2026-03-31T13:46:06","modified_gmt":"2026-03-31T11:46:06","slug":"p5p-20mg-lamberts-bf02-26","status":"publish","type":"product","link":"https:\/\/vitaminbutiken.com\/en\/produkt\/p5p-20mg-lamberts-bf02-26\/","title":{"rendered":"P5P 20mg &#8211; Lamberts BF02\/26"},"content":{"rendered":"<p><strong>P5P 20mg &#8211; Lamberts -30%<br \/>\nOBS! B\u00e4sta f\u00f6re 02\/26<\/strong><\/p>\n<p>Vitamin B6 \u00e4r f\u00f6rmodligen involverat i fler processer i kroppen \u00e4n n\u00e5got annat B-vitamin, men trots detta har upp till 25 % av kvinnorna dieter som ger mindre \u00e4n n\u00e4ringsreferensv\u00e4rdet (DRI) f\u00f6r detta vitamin (och DRI \u00e4r bara 1,2 mg vilket sannolikt kommer att vara l\u00e5ngt ifr\u00e5n ett optimalt intag).<\/p>\n<p>Vitamin B6 kan hittas i tre olika former: pyridoxin, pyridoxamin och pyridoxal, som alla normalt finns i livsmedel. Vitamin B6 m\u00e5ste f\u00f6rst omvandlas till den aktiva f\u00f6reningen av Pyridoxal 5-fosfat (P5P) i levern.<\/p>\n<p>Genom att konsumera vitamin B6 i den aktiva P5P-formen \u00e4r omvandling inte l\u00e4ngre n\u00f6dv\u00e4ndig, vilket inneb\u00e4r att allt \u00e4r redo att anv\u00e4ndas av kroppen. Denna produkt ger hela 20 mg P5P per tablett.<\/p>\n<p><strong> Dosering: 1 tablett dagligen i samband med m\u00e5ltid.<\/strong><\/p>\n<table style=\"height: 80px;\" border=\"1\" width=\"621\" cellspacing=\"0\" cellpadding=\"0\">\n<tbody>\n<tr>\n<td valign=\"top\" width=\"30%\"><strong>1 tablett inneh\u00e5ller<\/strong><\/td>\n<td valign=\"top\" width=\"20%\"><strong> M\u00e4ngd<\/strong><\/td>\n<td valign=\"top\" width=\"30%\"><strong>%DRI*<\/strong><\/td>\n<\/tr>\n<tr>\n<td valign=\"top\" width=\"30%\">Vitamin B6<br \/>\n(Pyridoxal-5-fosfat)<\/td>\n<td valign=\"top\" width=\"20%\">20 mg<\/td>\n<td valign=\"top\" width=\"20%\">1429 %<\/td>\n<\/tr>\n<\/tbody>\n<\/table>\n<p><strong><em>*DRI \u00e4r dagligt referensintag.<\/em><\/strong><\/p>\n<p><strong>Ingredienser<\/strong>:\u00a0Fyllnadsmedel (cellulosa, kalciumkarbonat), vitamin B6 (pyridoxal-5-fosfat), klumpf\u00f6rebyggande medel (kiseldioxid, magnesiumsalter av fettsyror). ytbehandlingsmedel (Hydroxipropylmetylcellulosa, glycerin), stearinsyra.<\/p>\n<p>Rekommenderad dos b\u00f6r ej \u00f6verskridas.<br \/>\nKosttillskott ers\u00e4tter inte en varierad kost.<br \/>\nProdukten f\u00f6rvaras o\u00e5tkomligt f\u00f6r sm\u00e5 barn.<\/p>\n<p>V- L\u00e4mplig f\u00f6r veganer<\/p>\n","protected":false},"excerpt":{"rendered":"<p>Vitamin B6 \u00e4r f\u00f6rmodligen involverat i fler processer i kroppen \u00e4n n\u00e5got annat B-vitamin.<\/p>\n<p><strong>-30% B\u00e4sta f\u00f6re februari 2026.\u00a0<\/strong><\/p>\n<p><strong>60 Tabletter<\/strong><\/p>\n","protected":false},"featured_media":500102937,"comment_status":"closed","ping_status":"closed","template":"","meta":{"_kad_blocks_custom_css":"","_kad_blocks_head_custom_js":"","_kad_blocks_body_custom_js":"","_kad_blocks_footer_custom_js":"","_kadence_starter_templates_imported_post":false,"_kad_post_transparent":"default","_kad_post_title":"","_kad_post_layout":"default","_kad_post_sidebar_id":"","_kad_post_content_style":"default","_kad_post_vertical_padding":"default","_kad_post_feature":"","_kad_post_feature_position":"","_kad_post_header":false,"_kad_post_footer":false,"_kad_post_classname":""},"product_brand":[],"product_cat":[348,2764,1234,278,155],"product_tag":[],"class_list":{"0":"post-500102936","1":"product","2":"type-product","3":"status-publish","4":"has-post-thumbnail","6":"product_cat-b-vitamin","7":"product_cat-erbjudanden","8":"product_cat-lamberts","9":"product_cat-traning","10":"product_cat-vitaminer","12":"first","13":"instock","14":"sale","15":"taxable","16":"shipping-taxable","17":"purchasable","18":"product-type-simple","19":"entry","20":"content-bg","21":"loop-entry"},"taxonomy_info":{"product_cat":[{"value":348,"label":"B-vitamin"},{"value":2764,"label":"Erbjudanden"},{"value":1234,"label":"Lamberts"},{"value":278,"label":"Tr\u00e4ning"},{"value":155,"label":"Vitaminer"}]},"featured_image_src_large":["https:\/\/vitaminbutiken.com\/wp-content\/uploads\/2025\/12\/8066-60-P5P-20mg-780x700.jpg",780,700,true],"author_info":[],"comment_info":0,"_links":{"self":[{"href":"https:\/\/vitaminbutiken.com\/en\/wp-json\/wp\/v2\/product\/500102936","targetHints":{"allow":["GET"]}}],"collection":[{"href":"https:\/\/vitaminbutiken.com\/en\/wp-json\/wp\/v2\/product"}],"about":[{"href":"https:\/\/vitaminbutiken.com\/en\/wp-json\/wp\/v2\/types\/product"}],"replies":[{"embeddable":true,"href":"https:\/\/vitaminbutiken.com\/en\/wp-json\/wp\/v2\/comments?post=500102936"}],"wp:featuredmedia":[{"embeddable":true,"href":"https:\/\/vitaminbutiken.com\/en\/wp-json\/wp\/v2\/media\/500102937"}],"wp:attachment":[{"href":"https:\/\/vitaminbutiken.com\/en\/wp-json\/wp\/v2\/media?parent=500102936"}],"wp:term":[{"taxonomy":"product_brand","embeddable":true,"href":"https:\/\/vitaminbutiken.com\/en\/wp-json\/wp\/v2\/product_brand?post=500102936"},{"taxonomy":"product_cat","embeddable":true,"href":"https:\/\/vitaminbutiken.com\/en\/wp-json\/wp\/v2\/product_cat?post=500102936"},{"taxonomy":"product_tag","embeddable":true,"href":"https:\/\/vitaminbutiken.com\/en\/wp-json\/wp\/v2\/product_tag?post=500102936"}],"curies":[{"name":"wp","href":"https:\/\/api.w.org\/{rel}","templated":true}]}}