{"id":500102866,"date":"2026-03-20T10:00:55","date_gmt":"2026-03-20T09:00:55","guid":{"rendered":"https:\/\/vitaminbutiken.com\/?post_type=product&#038;p=500102866"},"modified":"2026-03-20T10:00:56","modified_gmt":"2026-03-20T09:00:56","slug":"lecithin-granules-250g-lamberts","status":"publish","type":"product","link":"https:\/\/vitaminbutiken.com\/en\/produkt\/lecithin-granules-250g-lamberts\/","title":{"rendered":"Lecithin Granules 250g &#8211; Lamberts"},"content":{"rendered":"<p>Lecithin Granules 250g &#8211; Lamberts<\/p>\n<p data-start=\"0\" data-end=\"181\">Lecithin Granules \u00e4r ett kosttillskott som inneh\u00e5ller naturligt lecitin, utvunnet fr\u00e5n soja. Lecitin \u00e4r en k\u00e4lla till fosfolipider, som \u00e4r viktiga byggstenar i kroppens cellmembran.<br \/>\nProdukten levereras i granulatform och \u00e4r enkel att blanda i exempelvis yoghurt, smoothies eller gr\u00f6t. Lecitin \u00e4r ett uppskattat tillskott f\u00f6r dig som vill komplettera din kost med naturliga fosfolipider.<br \/>\nPassar som ett komplement till en varierad och balanserad kost samt en h\u00e4lsosam livsstil.<\/p>\n<p><strong>Dosering:<\/strong> Str\u00f6 1 till 2 matskedar granulat p\u00e5 flingor, blanda i fruktjuice eller tills\u00e4tt till matlagning.<br \/>\n1 matsked = 7,5 gram<br \/>\n250 g = 33 portioner<\/p>\n<table style=\"height: 80px;\" border=\"1\" width=\"621\" cellspacing=\"0\" cellpadding=\"0\">\n<tbody>\n<tr>\n<td valign=\"top\" width=\"30%\"><strong>100g inneh\u00e5ller<\/strong><\/td>\n<td valign=\"top\" width=\"20%\"><strong> M\u00e4ngd<\/strong><\/td>\n<\/tr>\n<tr>\n<td valign=\"top\" width=\"30%\">Energi<\/td>\n<td valign=\"top\" width=\"20%\">3664kJ \/ 896 kcal<\/td>\n<\/tr>\n<tr>\n<td valign=\"top\" width=\"30%\">Fett<\/td>\n<td valign=\"top\" width=\"20%\">91 g<\/td>\n<\/tr>\n<tr>\n<td valign=\"top\" width=\"30%\">varav m\u00e4ttat<\/td>\n<td valign=\"top\" width=\"20%\">14 g<\/td>\n<\/tr>\n<tr>\n<td valign=\"top\" width=\"30%\">varav enkelom\u00e4ttat<\/td>\n<td valign=\"top\" width=\"20%\">4 g<\/td>\n<\/tr>\n<tr>\n<td valign=\"top\" width=\"30%\">varav flerom\u00e4ttat<\/td>\n<td valign=\"top\" width=\"20%\">73 g<\/td>\n<\/tr>\n<tr>\n<td valign=\"top\" width=\"30%\">Kolhydrat<\/td>\n<td valign=\"top\" width=\"20%\">3 g<\/td>\n<\/tr>\n<tr>\n<td valign=\"top\" width=\"30%\">varav sockerater<\/td>\n<td valign=\"top\" width=\"20%\">0 g<\/td>\n<\/tr>\n<tr>\n<td valign=\"top\" width=\"30%\">Protein<\/td>\n<td valign=\"top\" width=\"20%\">&lt;0,1 g<\/td>\n<\/tr>\n<tr>\n<td valign=\"top\" width=\"30%\">Salt<\/td>\n<td valign=\"top\" width=\"20%\">&lt;0,01 g<\/td>\n<\/tr>\n<\/tbody>\n<\/table>\n<p><strong>*DRI (dagligt referensintag) ej fastst\u00e4llt.<br \/>\nIngredienser: <\/strong>Sojalecitingranulat<br \/>\n<strong><br \/>\n<\/strong><\/p>\n<p>Rekommenderad dos b\u00f6r ej \u00f6verskridas.<br \/>\nKosttillskott ers\u00e4tter inte en varierad kost.<br \/>\nProdukten f\u00f6rvaras o\u00e5tkomligt f\u00f6r sm\u00e5 barn.<\/p>\n","protected":false},"excerpt":{"rendered":"<p><strong>250 g<\/strong><\/p>\n","protected":false},"featured_media":500104017,"comment_status":"closed","ping_status":"closed","template":"","meta":{"_kad_blocks_custom_css":"","_kad_blocks_head_custom_js":"","_kad_blocks_body_custom_js":"","_kad_blocks_footer_custom_js":"","_kadence_starter_templates_imported_post":false,"_kad_post_transparent":"default","_kad_post_title":"","_kad_post_layout":"default","_kad_post_sidebar_id":"","_kad_post_content_style":"default","_kad_post_vertical_padding":"default","_kad_post_feature":"","_kad_post_feature_position":"","_kad_post_header":false,"_kad_post_footer":false,"_kad_post_classname":""},"product_brand":[],"product_cat":[1234,2764],"product_tag":[],"class_list":{"0":"post-500102866","1":"product","2":"type-product","3":"status-publish","4":"has-post-thumbnail","6":"product_cat-lamberts","7":"product_cat-erbjudanden","9":"first","10":"instock","11":"sale","12":"taxable","13":"shipping-taxable","14":"purchasable","15":"product-type-simple","16":"entry","17":"content-bg","18":"loop-entry"},"taxonomy_info":{"product_cat":[{"value":1234,"label":"Lamberts"},{"value":2764,"label":"Erbjudanden"}]},"featured_image_src_large":["https:\/\/vitaminbutiken.com\/wp-content\/uploads\/2025\/11\/lecithin-granues-Photoroom-1440x700.png",1440,700,true],"author_info":[],"comment_info":0,"_links":{"self":[{"href":"https:\/\/vitaminbutiken.com\/en\/wp-json\/wp\/v2\/product\/500102866","targetHints":{"allow":["GET"]}}],"collection":[{"href":"https:\/\/vitaminbutiken.com\/en\/wp-json\/wp\/v2\/product"}],"about":[{"href":"https:\/\/vitaminbutiken.com\/en\/wp-json\/wp\/v2\/types\/product"}],"replies":[{"embeddable":true,"href":"https:\/\/vitaminbutiken.com\/en\/wp-json\/wp\/v2\/comments?post=500102866"}],"wp:featuredmedia":[{"embeddable":true,"href":"https:\/\/vitaminbutiken.com\/en\/wp-json\/wp\/v2\/media\/500104017"}],"wp:attachment":[{"href":"https:\/\/vitaminbutiken.com\/en\/wp-json\/wp\/v2\/media?parent=500102866"}],"wp:term":[{"taxonomy":"product_brand","embeddable":true,"href":"https:\/\/vitaminbutiken.com\/en\/wp-json\/wp\/v2\/product_brand?post=500102866"},{"taxonomy":"product_cat","embeddable":true,"href":"https:\/\/vitaminbutiken.com\/en\/wp-json\/wp\/v2\/product_cat?post=500102866"},{"taxonomy":"product_tag","embeddable":true,"href":"https:\/\/vitaminbutiken.com\/en\/wp-json\/wp\/v2\/product_tag?post=500102866"}],"curies":[{"name":"wp","href":"https:\/\/api.w.org\/{rel}","templated":true}]}}