{"id":500102861,"date":"2025-11-12T14:45:24","date_gmt":"2025-11-12T13:45:24","guid":{"rendered":"https:\/\/vitaminbutiken.com\/?post_type=product&#038;p=500102861"},"modified":"2026-03-31T08:42:12","modified_gmt":"2026-03-31T06:42:12","slug":"folic-acid-400%c2%b5g","status":"publish","type":"product","link":"https:\/\/vitaminbutiken.com\/en\/produkt\/folic-acid-400%c2%b5g\/","title":{"rendered":"Folic Acid 400\u00b5g &#8211; Folsyra, Lamberts"},"content":{"rendered":"<p data-start=\"163\" data-end=\"219\"><strong data-start=\"163\" data-end=\"219\">Folsyra f\u00f6r celldelning, blodbildning och graviditet<\/strong><\/p>\n<p data-start=\"221\" data-end=\"481\">Lamberts Folic Acid 400 \u00b5g \u00e4r ett h\u00f6gkvalitativt kosttillskott som ger 400 \u00b5g folsyra per tablett. Folsyra (vitamin B9) \u00e4r ett vattenl\u00f6sligt B-vitamin som spelar en central roll i kroppens celldelning och blodbildning samt \u00e4r s\u00e4rskilt viktigt under graviditet.<\/p>\n<p data-start=\"483\" data-end=\"602\">Eftersom folat inte lagras i st\u00f6rre m\u00e4ngder i kroppen beh\u00f6ver det tillf\u00f6ras regelbundet via kosten eller som tillskott.<\/p>\n<p data-start=\"609\" data-end=\"638\"><strong>Viktigt vid graviditet<\/strong><\/p>\n<p data-start=\"640\" data-end=\"807\">Folattillskott \u00f6kar folatniv\u00e5erna hos gravida kvinnor. L\u00e5g folatniv\u00e5 hos gravida kvinnor \u00e4r en riskfaktor f\u00f6r utveckling av neuralr\u00f6rsdefekter hos det v\u00e4xande fostret.<\/p>\n<p data-start=\"809\" data-end=\"954\">Den gynnsamma effekten uppn\u00e5s vid ett extra dagligt intag av 400 \u00b5g folsyra under minst en m\u00e5nad f\u00f6re och upp till tre m\u00e5nader efter befruktning.<\/p>\n<p data-start=\"961\" data-end=\"999\">Bidrar till normal blodbildning<\/p>\n<ul data-start=\"1011\" data-end=\"1091\">\n<li data-start=\"1011\" data-end=\"1046\">\n<p data-start=\"1013\" data-end=\"1046\">bidrar till normal blodbildning<\/p>\n<\/li>\n<li data-start=\"1047\" data-end=\"1091\">\n<p data-start=\"1049\" data-end=\"1091\">bidrar till normal homocysteinoms\u00e4ttning<\/p>\n<\/li>\n<\/ul>\n<p data-start=\"1093\" data-end=\"1196\">Folat \u00e4r viktigt f\u00f6r bildningen av r\u00f6da blodkroppar och spelar en roll i kroppens metyleringsprocesser.<\/p>\n<p data-start=\"1203\" data-end=\"1250\"><strong>St\u00f6d f\u00f6r celldelning och v\u00e4vnadstillv\u00e4xt<\/strong><\/p>\n<ul data-start=\"1262\" data-end=\"1352\">\n<li data-start=\"1262\" data-end=\"1312\">\n<p data-start=\"1264\" data-end=\"1312\">bidrar till normal v\u00e4vnadstillv\u00e4xt hos gravida<\/p>\n<\/li>\n<li data-start=\"1313\" data-end=\"1352\">\n<p data-start=\"1315\" data-end=\"1352\">har en roll i celldelningsprocessen<\/p>\n<\/li>\n<\/ul>\n<p data-start=\"1354\" data-end=\"1458\">Detta g\u00f6r folat avg\u00f6rande i perioder av snabb celltillv\u00e4xt, s\u00e5som under graviditet och fosterutveckling.<\/p>\n<p data-start=\"1465\" data-end=\"1498\"><strong>Energi och minskad tr\u00f6tthet<\/strong><\/p>\n<ul data-start=\"1510\" data-end=\"1692\">\n<li data-start=\"1510\" data-end=\"1549\">\n<p data-start=\"1512\" data-end=\"1549\">bidrar till normal energioms\u00e4ttning<\/p>\n<\/li>\n<li data-start=\"1550\" data-end=\"1600\">\n<p data-start=\"1552\" data-end=\"1600\">bidrar till att minska tr\u00f6tthet och utmattning<\/p>\n<\/li>\n<li data-start=\"1601\" data-end=\"1648\">\n<p data-start=\"1603\" data-end=\"1648\">bidrar till immunsystemets normala funktion<\/p>\n<\/li>\n<li data-start=\"1649\" data-end=\"1692\">\n<p data-start=\"1651\" data-end=\"1692\">bidrar till normal psykologisk funktion<\/p>\n<\/li>\n<\/ul>\n<p data-start=\"1694\" data-end=\"1810\">Detta g\u00f6r folsyra till ett relevant tillskott \u00e4ven utanf\u00f6r graviditet, exempelvis vid \u00f6kat behov eller ensidig kost.<\/p>\n<p data-start=\"1817\" data-end=\"1843\"><strong>Kvalitet fr\u00e5n Lamberts<\/strong><\/p>\n<p data-start=\"1845\" data-end=\"2053\">Lamberts \u00e4r k\u00e4nt f\u00f6r sina h\u00f6ga kvalitetsstandarder och noggrant kontrollerade r\u00e5varor. Folic Acid 400 \u00b5g \u00e4r tillverkat enligt strikta kvalitetskrav f\u00f6r att s\u00e4kerst\u00e4lla korrekt dosering, stabilitet och renhet.<\/p>\n<p data-start=\"2055\" data-end=\"2153\">Tabletterna \u00e4r sm\u00e5 och l\u00e4tta att sv\u00e4lja och passar f\u00f6r dagligt bruk enligt rekommenderad dosering.<\/p>\n<p><strong>Dosering: 1 tablett dagligen i samband med m\u00e5ltid<\/strong><\/p>\n<table style=\"height: 80px;\" border=\"1\" width=\"621\" cellspacing=\"0\" cellpadding=\"0\">\n<tbody>\n<tr>\n<td valign=\"top\" width=\"30%\"><strong>1 tablett inneh\u00e5ller<\/strong><\/td>\n<td valign=\"top\" width=\"20%\"><strong> M\u00e4ngd<\/strong><\/td>\n<td valign=\"top\" width=\"30%\"><strong>%DRI*<\/strong><\/td>\n<\/tr>\n<tr>\n<td valign=\"top\" width=\"30%\">Folsyra<\/td>\n<td valign=\"top\" width=\"20%\">400 \u00b5g<\/td>\n<td valign=\"top\" width=\"20%\">200 %<\/td>\n<\/tr>\n<\/tbody>\n<\/table>\n<p><strong><em>*DRI \u00e4r dagligt referensintag.<\/em><\/strong><\/p>\n<p><strong>Ingredienser:<\/strong> <em>Fyllnadsmedel (dikalciumfosfat och cellulosa), klumpf\u00f6rebyggande medel (kiseldioxid, stearinsyra och magnesiumstearat), folsyra.<\/em><\/p>\n<p>Rekommenderad daglig dos b\u00f6r ej \u00f6verskridas.<br \/>\nKosttillskott ers\u00e4tter inte en varierad kost.<br \/>\nProdukten f\u00f6rvaras o\u00e5tkomligt f\u00f6r sm\u00e5 barn.<\/p>\n","protected":false},"excerpt":{"rendered":"<p data-start=\"342\" data-end=\"530\">Lamberts Folic Acid 400 \u00b5g \u00e4r ett tryggt och kvalitativt tillskott av folsyra som bidrar till normal blodbildning, celldelning, energioms\u00e4ttning och minskad tr\u00f6tthet samt \u00e4r s\u00e4rskilt viktigt vid graviditet.<\/p>\n<p><strong>100 tabletter<\/strong><\/p>\n","protected":false},"featured_media":500102863,"comment_status":"closed","ping_status":"closed","template":"","meta":{"_kad_blocks_custom_css":"","_kad_blocks_head_custom_js":"","_kad_blocks_body_custom_js":"","_kad_blocks_footer_custom_js":"","_kadence_starter_templates_imported_post":false,"_kad_post_transparent":"default","_kad_post_title":"","_kad_post_layout":"default","_kad_post_sidebar_id":"","_kad_post_content_style":"default","_kad_post_vertical_padding":"default","_kad_post_feature":"","_kad_post_feature_position":"","_kad_post_header":false,"_kad_post_footer":false,"_kad_post_classname":""},"product_brand":[],"product_cat":[348,1234,155],"product_tag":[],"class_list":{"0":"post-500102861","1":"product","2":"type-product","3":"status-publish","4":"has-post-thumbnail","6":"product_cat-b-vitamin","7":"product_cat-lamberts","8":"product_cat-vitaminer","10":"first","11":"instock","12":"taxable","13":"shipping-taxable","14":"purchasable","15":"product-type-simple","16":"entry","17":"content-bg","18":"loop-entry"},"taxonomy_info":{"product_cat":[{"value":348,"label":"B-vitamin"},{"value":1234,"label":"Lamberts"},{"value":155,"label":"Vitaminer"}]},"featured_image_src_large":["https:\/\/vitaminbutiken.com\/wp-content\/uploads\/2025\/11\/8071-100-Photoroom-780x700.png",780,700,true],"author_info":[],"comment_info":0,"_links":{"self":[{"href":"https:\/\/vitaminbutiken.com\/en\/wp-json\/wp\/v2\/product\/500102861","targetHints":{"allow":["GET"]}}],"collection":[{"href":"https:\/\/vitaminbutiken.com\/en\/wp-json\/wp\/v2\/product"}],"about":[{"href":"https:\/\/vitaminbutiken.com\/en\/wp-json\/wp\/v2\/types\/product"}],"replies":[{"embeddable":true,"href":"https:\/\/vitaminbutiken.com\/en\/wp-json\/wp\/v2\/comments?post=500102861"}],"wp:featuredmedia":[{"embeddable":true,"href":"https:\/\/vitaminbutiken.com\/en\/wp-json\/wp\/v2\/media\/500102863"}],"wp:attachment":[{"href":"https:\/\/vitaminbutiken.com\/en\/wp-json\/wp\/v2\/media?parent=500102861"}],"wp:term":[{"taxonomy":"product_brand","embeddable":true,"href":"https:\/\/vitaminbutiken.com\/en\/wp-json\/wp\/v2\/product_brand?post=500102861"},{"taxonomy":"product_cat","embeddable":true,"href":"https:\/\/vitaminbutiken.com\/en\/wp-json\/wp\/v2\/product_cat?post=500102861"},{"taxonomy":"product_tag","embeddable":true,"href":"https:\/\/vitaminbutiken.com\/en\/wp-json\/wp\/v2\/product_tag?post=500102861"}],"curies":[{"name":"wp","href":"https:\/\/api.w.org\/{rel}","templated":true}]}}