{"id":500102753,"date":"2025-11-05T08:50:39","date_gmt":"2025-11-05T07:50:39","guid":{"rendered":"https:\/\/vitaminbutiken.com\/?post_type=product&#038;p=500102753"},"modified":"2026-04-07T18:15:09","modified_gmt":"2026-04-07T16:15:09","slug":"vitlok-120-kap-bf0126","status":"publish","type":"product","link":"https:\/\/vitaminbutiken.com\/en\/produkt\/vitlok-120-kap-bf0126\/","title":{"rendered":"Vitl\u00f6k, 120 kap BF0126"},"content":{"rendered":"<div class=\"woocommerce-tabs wc-tabs-wrapper\">\n<div id=\"tab-description\" class=\"woocommerce-Tabs-panel woocommerce-Tabs-panel--description panel entry-content wc-tab\" role=\"tabpanel\" aria-labelledby=\"tab-title-description\">\n<p><strong>Allm\u00e4n information &#8211; Vitl\u00f6k -30%<br \/>\n<\/strong><br \/>\nVitl\u00f6k, Allium Sativum, \u00e4r en klassisk \u00f6rt med en rad v\u00e4lg\u00f6rande egenskaper. Det \u00e4r en fler\u00e5rig v\u00e4xt som kan bli \u00e4nda upp till en meter l\u00e5ng. Aktiva \u00e4mnen i vitl\u00f6ken \u00e4r bland annat olika cystein\u00e4mnen, alliin, organiska syror, polyfenoler som quercitin och rutin samt svavel\u00e4mnet allicin. Det \u00e4r fram f\u00f6r allt allicin som ger den klassiska vitl\u00f6ksdoften.<\/p>\n<p>&nbsp;<\/p>\n<\/div>\n<\/div>\n<div class=\"nutrition-declaration\">\n<h3>N\u00e4ringsdeklaration<\/h3>\n<p><strong>Dosering:\u00a0<\/strong>2 kapslar 2 g\u00e5nger per dag.<\/p>\n<p>4 kapslar inneh\u00e5ller:<\/p>\n<table width=\"123\">\n<tbody>\n<tr>\n<td><strong>\u00c4mne<\/strong><\/td>\n<td><strong>M\u00e4ngd<\/strong><\/td>\n<\/tr>\n<tr>\n<td width=\"75\">Vitl\u00f6ksextrakt<\/td>\n<td width=\"47\">10mg<\/td>\n<\/tr>\n<tr>\n<td width=\"75\">Safflorfr\u00f6olja<\/td>\n<td width=\"47\">964mg<\/td>\n<\/tr>\n<\/tbody>\n<\/table>\n<p>&nbsp;<\/p>\n<p><strong>Ingredienser<\/strong>: Safflorfr\u00f6olja (<em>carthamus tinctorius<\/em>), gelatinkapsel (<strong>n\u00f6t<\/strong>), fyllnadsmedel (kiseldioxid), vitl\u00f6ksextrakt (<em>allium sativum<\/em>).<\/p>\n<p>Rekommenderad dos b\u00f6r ej \u00f6verskridas.<br \/>\nKosttillskott ers\u00e4tter inte en varierad kost.<br \/>\nProdukten f\u00f6rvaras o\u00e5tkomligt f\u00f6r sm\u00e5 barn.<\/p>\n<\/div>\n","protected":false},"excerpt":{"rendered":"<p>Vitl\u00f6k \u00e4r en popul\u00e4r ingrediens som anv\u00e4nds i m\u00e5nga matr\u00e4tter runt om i v\u00e4rlden. Personen som anv\u00e4nder detta kosttillskott kan uppleva en aromatisk smak och doft. Vitl\u00f6k \u00e4r k\u00e4nt f\u00f6r sina potentiella h\u00e4lsof\u00f6rdelar och har anv\u00e4nts i traditionell medicin i \u00e5rhundraden. Detta kosttillskott kan vara ett bra val f\u00f6r dem som vill njuta av vitl\u00f6kens unika egenskaper. Vitl\u00f6k, Allium Sativum, \u00e4r en klassisk \u00f6rt med en rad v\u00e4lg\u00f6rande egenskaper.<\/p>\n<ul>\n<li style=\"text-align: left;\">Ger god h\u00e4lsa f\u00f6r hj\u00e4rta och blodk\u00e4rl.<\/li>\n<\/ul>\n<p><strong>120 kapslar<\/strong><\/p>\n","protected":false},"featured_media":500102757,"comment_status":"closed","ping_status":"closed","template":"","meta":{"_kad_blocks_custom_css":"","_kad_blocks_head_custom_js":"","_kad_blocks_body_custom_js":"","_kad_blocks_footer_custom_js":"","_kadence_starter_templates_imported_post":false,"_kad_post_transparent":"default","_kad_post_title":"","_kad_post_layout":"default","_kad_post_sidebar_id":"","_kad_post_content_style":"default","_kad_post_vertical_padding":"default","_kad_post_feature":"","_kad_post_feature_position":"","_kad_post_header":false,"_kad_post_footer":false,"_kad_post_classname":""},"product_brand":[],"product_cat":[2764],"product_tag":[],"class_list":{"0":"post-500102753","1":"product","2":"type-product","3":"status-publish","4":"has-post-thumbnail","6":"product_cat-erbjudanden","8":"first","9":"instock","10":"sale","11":"taxable","12":"shipping-taxable","13":"purchasable","14":"product-type-simple","15":"entry","16":"content-bg","17":"loop-entry"},"taxonomy_info":{"product_cat":[{"value":2764,"label":"Erbjudanden"}]},"featured_image_src_large":["https:\/\/vitaminbutiken.com\/wp-content\/uploads\/2025\/11\/Vitlok-Photoroom-e1762328943515-1310x700.png",1310,700,true],"author_info":[],"comment_info":0,"_links":{"self":[{"href":"https:\/\/vitaminbutiken.com\/en\/wp-json\/wp\/v2\/product\/500102753","targetHints":{"allow":["GET"]}}],"collection":[{"href":"https:\/\/vitaminbutiken.com\/en\/wp-json\/wp\/v2\/product"}],"about":[{"href":"https:\/\/vitaminbutiken.com\/en\/wp-json\/wp\/v2\/types\/product"}],"replies":[{"embeddable":true,"href":"https:\/\/vitaminbutiken.com\/en\/wp-json\/wp\/v2\/comments?post=500102753"}],"wp:featuredmedia":[{"embeddable":true,"href":"https:\/\/vitaminbutiken.com\/en\/wp-json\/wp\/v2\/media\/500102757"}],"wp:attachment":[{"href":"https:\/\/vitaminbutiken.com\/en\/wp-json\/wp\/v2\/media?parent=500102753"}],"wp:term":[{"taxonomy":"product_brand","embeddable":true,"href":"https:\/\/vitaminbutiken.com\/en\/wp-json\/wp\/v2\/product_brand?post=500102753"},{"taxonomy":"product_cat","embeddable":true,"href":"https:\/\/vitaminbutiken.com\/en\/wp-json\/wp\/v2\/product_cat?post=500102753"},{"taxonomy":"product_tag","embeddable":true,"href":"https:\/\/vitaminbutiken.com\/en\/wp-json\/wp\/v2\/product_tag?post=500102753"}],"curies":[{"name":"wp","href":"https:\/\/api.w.org\/{rel}","templated":true}]}}