{"id":500102736,"date":"2025-10-30T12:45:56","date_gmt":"2025-10-30T11:45:56","guid":{"rendered":"https:\/\/vitaminbutiken.com\/?post_type=product&#038;p=500102736"},"modified":"2026-04-08T11:40:31","modified_gmt":"2026-04-08T09:40:31","slug":"oil-of-oregano","status":"publish","type":"product","link":"https:\/\/vitaminbutiken.com\/en\/produkt\/oil-of-oregano\/","title":{"rendered":"Oil of Oregano &#8211; Oregano olja"},"content":{"rendered":"<p data-start=\"0\" data-end=\"191\"><strong data-start=\"0\" data-end=\"15\">Oreganoolja<\/strong> \u00e4r k\u00e4nd f\u00f6r sina kraftfulla, naturliga egenskaper och anv\u00e4nds ofta f\u00f6r <strong data-start=\"87\" data-end=\"148\">immunf\u00f6rsvar och mage\/tarm.<\/strong><\/p>\n<ul data-start=\"253\" data-end=\"412\">\n<li data-start=\"376\" data-end=\"412\">\n<p data-start=\"378\" data-end=\"412\">St\u00f6djer kroppens naturliga f\u00f6rsvar<\/p>\n<\/li>\n<li data-start=\"433\" data-end=\"474\">\n<p data-start=\"435\" data-end=\"474\">Kan hj\u00e4lpa vid <strong data-start=\"450\" data-end=\"474\">obalans i tarmfloran<\/strong><\/p>\n<\/li>\n<li data-start=\"622\" data-end=\"692\">\n<p data-start=\"624\" data-end=\"692\">Anv\u00e4nds traditionellt f\u00f6r att balansera <strong data-start=\"664\" data-end=\"682\">j\u00e4st och svamp<\/strong> i kroppen<\/p>\n<\/li>\n<li data-start=\"734\" data-end=\"760\">\n<p data-start=\"736\" data-end=\"760\">Rik p\u00e5 <strong data-start=\"743\" data-end=\"760\">antioxidanter<\/strong><\/p>\n<\/li>\n<\/ul>\n<p><strong>Dosering: <\/strong>2 kapslar 2 g\u00e5nger per dag.<\/p>\n<table style=\"height: 80px;\" border=\"1\" width=\"621\" cellspacing=\"0\" cellpadding=\"0\">\n<tbody>\n<tr>\n<td valign=\"top\" width=\"30%\"><strong>4 kapslar inneh\u00e5ller<\/strong><\/td>\n<td valign=\"top\" width=\"20%\"><strong> M\u00e4ngd<\/strong><\/td>\n<td valign=\"top\" width=\"30%\"><strong>%DRI*<\/strong><\/td>\n<\/tr>\n<tr>\n<td valign=\"top\" width=\"30%\">Oregano olja<br \/>\nsom ger 80% Carvacrol<\/td>\n<td valign=\"top\" width=\"20%\">200 mg<\/td>\n<td valign=\"top\" width=\"20%\">**<\/td>\n<\/tr>\n<\/tbody>\n<\/table>\n<p><strong><em>*DRI \u00e4r dagligt referensintag. **DRI ej fastst\u00e4llt.\u00a0<\/em><\/strong><\/p>\n<p><strong>Ingredienser: <\/strong>Oregano olja, fyllnadsmedel (kalciumkarbonat, mikrokristallin cellulosa), syrafast kapsel (hydroxipropylmetylcellulosa).<\/p>\n<p>Rekommenderad daglig dos b\u00f6r ej \u00f6verskridas.<br \/>\nKosttillskott ers\u00e4tter inte en varierad kost.<br \/>\nProdukten f\u00f6rvaras o\u00e5tkomligt f\u00f6r sm\u00e5barn.<\/p>\n","protected":false},"excerpt":{"rendered":"<p>Oregano olja som ger 80 % Carvacrol<\/p>\n<p><strong>120 kapslar<\/strong><\/p>\n","protected":false},"featured_media":500102737,"comment_status":"closed","ping_status":"closed","template":"","meta":{"_kad_blocks_custom_css":"","_kad_blocks_head_custom_js":"","_kad_blocks_body_custom_js":"","_kad_blocks_footer_custom_js":"","_kadence_starter_templates_imported_post":false,"_kad_post_transparent":"default","_kad_post_title":"","_kad_post_layout":"default","_kad_post_sidebar_id":"","_kad_post_content_style":"default","_kad_post_vertical_padding":"default","_kad_post_feature":"","_kad_post_feature_position":"","_kad_post_header":false,"_kad_post_footer":false,"_kad_post_classname":""},"product_brand":[],"product_cat":[176,149],"product_tag":[],"class_list":{"0":"post-500102736","1":"product","2":"type-product","3":"status-publish","4":"has-post-thumbnail","6":"product_cat-immunforsvar","7":"product_cat-orter","9":"first","10":"instock","11":"taxable","12":"shipping-taxable","13":"purchasable","14":"product-type-simple","15":"entry","16":"content-bg","17":"loop-entry"},"taxonomy_info":{"product_cat":[{"value":176,"label":"Immunf\u00f6rsvar"},{"value":149,"label":"\u00d6rter"}]},"featured_image_src_large":["https:\/\/vitaminbutiken.com\/wp-content\/uploads\/2025\/10\/Oil-of-Oregano-Photoroom-e1761824729332-1177x700.png",1177,700,true],"author_info":[],"comment_info":0,"_links":{"self":[{"href":"https:\/\/vitaminbutiken.com\/en\/wp-json\/wp\/v2\/product\/500102736","targetHints":{"allow":["GET"]}}],"collection":[{"href":"https:\/\/vitaminbutiken.com\/en\/wp-json\/wp\/v2\/product"}],"about":[{"href":"https:\/\/vitaminbutiken.com\/en\/wp-json\/wp\/v2\/types\/product"}],"replies":[{"embeddable":true,"href":"https:\/\/vitaminbutiken.com\/en\/wp-json\/wp\/v2\/comments?post=500102736"}],"wp:featuredmedia":[{"embeddable":true,"href":"https:\/\/vitaminbutiken.com\/en\/wp-json\/wp\/v2\/media\/500102737"}],"wp:attachment":[{"href":"https:\/\/vitaminbutiken.com\/en\/wp-json\/wp\/v2\/media?parent=500102736"}],"wp:term":[{"taxonomy":"product_brand","embeddable":true,"href":"https:\/\/vitaminbutiken.com\/en\/wp-json\/wp\/v2\/product_brand?post=500102736"},{"taxonomy":"product_cat","embeddable":true,"href":"https:\/\/vitaminbutiken.com\/en\/wp-json\/wp\/v2\/product_cat?post=500102736"},{"taxonomy":"product_tag","embeddable":true,"href":"https:\/\/vitaminbutiken.com\/en\/wp-json\/wp\/v2\/product_tag?post=500102736"}],"curies":[{"name":"wp","href":"https:\/\/api.w.org\/{rel}","templated":true}]}}