{"id":500102618,"date":"2025-10-09T12:50:52","date_gmt":"2025-10-09T10:50:52","guid":{"rendered":"https:\/\/vitaminbutiken.com\/?post_type=product&#038;p=500102618"},"modified":"2026-04-05T11:26:04","modified_gmt":"2026-04-05T09:26:04","slug":"omp-glutation-bast-fore-12-2025-30","status":"publish","type":"product","link":"https:\/\/vitaminbutiken.com\/en\/produkt\/omp-glutation-bast-fore-12-2025-30\/","title":{"rendered":"OMP Glutation b\u00e4st f\u00f6re 12.2025 -30 %"},"content":{"rendered":"<div dir=\"auto\">\n<div class=\"woocommerce-tabs wc-tabs-wrapper\">\n<div id=\"tab-description\" class=\"woocommerce-Tabs-panel woocommerce-Tabs-panel--description panel entry-content wc-tab\" role=\"tabpanel\" aria-labelledby=\"tab-title-description\">\n<h2>Beskrivning<\/h2>\n<div dir=\"auto\"><strong>Allm\u00e4n information:<\/strong>\u00a0Glutation (GSH) \u00e4r en tripeptid baserad p\u00e5 aminosyrorna glycin, cystein och glutaminsyra. Glutation \u00e4r en antioxidant, som skyddar celler fr\u00e5n toxiner som fria radikaler.<\/div>\n<div dir=\"auto\">\u00a0Varje kapsel ger 250 mg reducerad glutation (Setria) med extra h\u00f6g biotillg\u00e4nglighet.<\/div>\n<div dir=\"auto\"><\/div>\n<div dir=\"auto\">Glutation \u00e4r ett \u00e4mne som finns i n\u00e4stan varje levande cell i v\u00e5ra kroppar. De h\u00f6gsta koncentrationerna finns i levern, bukspottk\u00f6rteln, mj\u00e4lten, njurarna och i \u00f6gonen.<br \/>\nKroppen anv\u00e4nder glutation f\u00f6r cellernas avgiftning och som st\u00f6d i produktionen av vita blodkroppar. Det \u00e4r d\u00e4rf\u00f6r en mycket viktig komponent f\u00f6r immunf\u00f6rsvaret.<br \/>\nGlutationsniv\u00e5erna i kroppen avtar med \u00e5lder. Glutation tas upp mest effektivt i reducerad form.<\/div>\n<\/div>\n<\/div>\n<div class=\"nutrition-declaration\">\n<h3>N\u00e4ringsdeklaration<\/h3>\n<p><strong>Dosering:\u00a0<\/strong>2 kapslar per dag. Dosering b\u00f6r uppdelas i tv\u00e5 intag, morgon och kv\u00e4ll.<\/p>\n<p>2 kapslar inneh\u00e5ller:<\/p>\n<table>\n<tbody>\n<tr>\n<td><strong>\u00c4mne<\/strong><\/td>\n<td><strong>M\u00e4ngd<\/strong><\/td>\n<\/tr>\n<tr>\n<td>Glutation<\/td>\n<td>500 mg<\/td>\n<\/tr>\n<\/tbody>\n<\/table>\n<p>Rekommenderad dos b\u00f6r ej \u00f6verskridas. Kosttillskott ers\u00e4tter inte en varierad kost. Produkten f\u00f6rvaras o\u00e5tkomligt f\u00f6r sm\u00e5 barn.<\/p>\n<p>Varje kapsel ger 250 mg reducerad glutation (Setria) med extra h\u00f6g biotillg\u00e4nglighet.<\/p>\n<p><strong>Ingredienser:\u00a0<\/strong>Reducerad glutation. Fyllnadsmedel (mikrokristallin cellulosa). Klumpf\u00f6rebyggande medel (magnesiumsalter av fettsyror). Kapsel (hydroxipropylmetylcellulosa).<\/p>\n<\/div>\n<\/div>\n","protected":false},"excerpt":{"rendered":"<p>OMP Glutation \u00e4r ett kosttillskott som kan ha positiva effekter p\u00e5 kroppen. Personer som anv\u00e4nder OMP Glutation kan uppleva f\u00f6rb\u00e4ttrad h\u00e4lsa och v\u00e4lbefinnande. Det \u00e4r en popul\u00e4r produkt bland dem som vill st\u00f6dja sin kropps naturliga avgiftningsprocesser. Glutation \u00e4r ett \u00e4mne som finns i n\u00e4stan varje levande cell i v\u00e5ra kroppar. De h\u00f6gsta koncentrationerna finns i levern, bukspottk\u00f6rteln, mj\u00e4lten, njurarna och i \u00f6gonen.<\/p>\n<p>Kroppen anv\u00e4nder glutation f\u00f6r cellernas avgiftning och som st\u00f6d i produktionen av vita blodkroppar. Det \u00e4r d\u00e4rf\u00f6r en mycket viktig komponent f\u00f6r immunf\u00f6rsvaret.<\/p>\n<p>Glutationsniv\u00e5erna i kroppen avtar med \u00e5lder. Glutation tas upp mest effektivt i reducerad form.<\/p>\n<p>Varje kapsel ger 250 mg reducerad glutation (Setria) med extra h\u00f6g biotillg\u00e4nglighet.<\/p>\n<p><strong>60 kapslar<\/strong><\/p>\n","protected":false},"featured_media":9568,"comment_status":"open","ping_status":"closed","template":"","meta":{"_kad_blocks_custom_css":"","_kad_blocks_head_custom_js":"","_kad_blocks_body_custom_js":"","_kad_blocks_footer_custom_js":"","_kadence_starter_templates_imported_post":false,"_kad_post_transparent":"default","_kad_post_title":"","_kad_post_layout":"default","_kad_post_sidebar_id":"","_kad_post_content_style":"default","_kad_post_vertical_padding":"default","_kad_post_feature":"","_kad_post_feature_position":"","_kad_post_header":false,"_kad_post_footer":false,"_kad_post_classname":""},"product_brand":[],"product_cat":[2764,176,198,277],"product_tag":[476,691,835,836,837,838],"class_list":{"0":"post-500102618","1":"product","2":"type-product","3":"status-publish","4":"has-post-thumbnail","6":"product_cat-erbjudanden","7":"product_cat-immunforsvar","8":"product_cat-lever-och-njurar","9":"product_cat-muskler-och-leder","10":"product_tag-aminosyror","11":"product_tag-avgiftning","12":"product_tag-basta-glutation","13":"product_tag-glutamin-glutation","14":"product_tag-glutation","15":"product_tag-glutation-kosttillskott","17":"first","18":"instock","19":"sale","20":"taxable","21":"shipping-taxable","22":"purchasable","23":"product-type-simple","24":"entry","25":"content-bg","26":"loop-entry"},"taxonomy_info":{"product_cat":[{"value":2764,"label":"Erbjudanden"},{"value":176,"label":"Immunf\u00f6rsvar"},{"value":198,"label":"Lever &amp; Njurar"},{"value":277,"label":"Muskler &amp; Leder"}],"product_tag":[{"value":476,"label":"aminosyror"},{"value":691,"label":"avgiftning"},{"value":835,"label":"b\u00e4sta glutation"},{"value":836,"label":"glutamin glutation"},{"value":837,"label":"glutation"},{"value":838,"label":"glutation kosttillskott"}]},"featured_image_src_large":["https:\/\/vitaminbutiken.com\/wp-content\/uploads\/2025\/03\/New1-1-34-1440x700.png",1440,700,true],"author_info":[],"comment_info":0,"_links":{"self":[{"href":"https:\/\/vitaminbutiken.com\/en\/wp-json\/wp\/v2\/product\/500102618","targetHints":{"allow":["GET"]}}],"collection":[{"href":"https:\/\/vitaminbutiken.com\/en\/wp-json\/wp\/v2\/product"}],"about":[{"href":"https:\/\/vitaminbutiken.com\/en\/wp-json\/wp\/v2\/types\/product"}],"replies":[{"embeddable":true,"href":"https:\/\/vitaminbutiken.com\/en\/wp-json\/wp\/v2\/comments?post=500102618"}],"wp:featuredmedia":[{"embeddable":true,"href":"https:\/\/vitaminbutiken.com\/en\/wp-json\/wp\/v2\/media\/9568"}],"wp:attachment":[{"href":"https:\/\/vitaminbutiken.com\/en\/wp-json\/wp\/v2\/media?parent=500102618"}],"wp:term":[{"taxonomy":"product_brand","embeddable":true,"href":"https:\/\/vitaminbutiken.com\/en\/wp-json\/wp\/v2\/product_brand?post=500102618"},{"taxonomy":"product_cat","embeddable":true,"href":"https:\/\/vitaminbutiken.com\/en\/wp-json\/wp\/v2\/product_cat?post=500102618"},{"taxonomy":"product_tag","embeddable":true,"href":"https:\/\/vitaminbutiken.com\/en\/wp-json\/wp\/v2\/product_tag?post=500102618"}],"curies":[{"name":"wp","href":"https:\/\/api.w.org\/{rel}","templated":true}]}}