{"id":500102580,"date":"2025-10-01T08:49:53","date_gmt":"2025-10-01T06:49:53","guid":{"rendered":"https:\/\/vitaminbutiken.com\/?post_type=product&#038;p=500102580"},"modified":"2026-04-09T07:50:26","modified_gmt":"2026-04-09T05:50:26","slug":"kolloidalt-silver-1-liter-ion-plus","status":"publish","type":"product","link":"https:\/\/vitaminbutiken.com\/en\/produkt\/kolloidalt-silver-1-liter-ion-plus\/","title":{"rendered":"Kolloidalt Silver 1 liter (Ion Plus)"},"content":{"rendered":"<p>IonPlus kolloidalt silver, vattenreningsprodukt som effektivt d\u00f6dar bakterier, svampar, virus och encelliga protozoer av typen am\u00f6bor.<br \/>\nIonPlus \u00e4r en produkt som \u00e4r klassad som en vattendesinfektionsprodukt med styrkan 10 ppm, motsvarande 100 mikrogram silver per 10 ml produkt. R\u00e5varorna \u00e4r avjoniserat vatten och 99,9 procent rent silver. IonPlus h\u00e5ller en styrka av 10 ppm +\/- 1 ppm. Det motsvarar 10 mg silver per liter produkt. Produkten ligger under Kemikalieinspektionen.<\/p>\n<p><strong>Dosering. <\/strong>Blanda tv\u00e5 teskedar IonPlus per liter dricksvatten du vill desinficera. Skaka om och l\u00e5t st\u00e5 15 minuter. Vattnet \u00e4r sedan klart att drickas. Anledningen till att man v\u00e4ntar 15 minuter \u00e4r f\u00f6r att ge de relativt l\u00e5ngsamverkande silverjonerna den tid de beh\u00f6ver f\u00f6r att utf\u00f6ra sitt arbete. Vattnet \u00e4r sedan (om det inte \u00e5terinfekteras) oftast bakteriefritt i m\u00e5nga veckor.<\/p>\n<p><strong>Allm\u00e4n information<\/strong>. Att n\u00e5got befinner sig i kolloidal form betyder att det \u00e4r finf\u00f6rdelat i mikroskopiska fritt sv\u00e4vande partiklar vars elektriska laddning g\u00f6r att partiklarna konstant st\u00f6ter bort varandra. Partiklarna \u00e4r s\u00e5 sm\u00e5 att det ryms flera miljarder silverpartiklar i en ask med storleken en g\u00e5nger en millimeter. IonPlus best\u00e5r till ca 90% av silverjoner och resten silver i partikelform.<\/p>\n","protected":false},"excerpt":{"rendered":"<p>IonPlus kolloidalt silver, vattenreningsprodukt som effektivt d\u00f6dar bakterier, svampar, virus och encelliga protozoer av typen am\u00f6bor.<\/p>\n","protected":false},"featured_media":500102581,"comment_status":"closed","ping_status":"closed","template":"","meta":{"_kad_blocks_custom_css":"","_kad_blocks_head_custom_js":"","_kad_blocks_body_custom_js":"","_kad_blocks_footer_custom_js":"","_kadence_starter_templates_imported_post":false,"_kad_post_transparent":"default","_kad_post_title":"","_kad_post_layout":"default","_kad_post_sidebar_id":"","_kad_post_content_style":"default","_kad_post_vertical_padding":"default","_kad_post_feature":"","_kad_post_feature_position":"","_kad_post_header":false,"_kad_post_footer":false,"_kad_post_classname":""},"product_brand":[],"product_cat":[2757,1393],"product_tag":[],"class_list":{"0":"post-500102580","1":"product","2":"type-product","3":"status-publish","4":"has-post-thumbnail","6":"product_cat-okategoriserad","7":"product_cat-ovriga-kosttillskott","9":"first","10":"outofstock","11":"taxable","12":"shipping-taxable","13":"purchasable","14":"product-type-simple","15":"entry","16":"content-bg","17":"loop-entry"},"taxonomy_info":{"product_cat":[{"value":2757,"label":"Okategoriserad"},{"value":1393,"label":"\u00d6vriga kosttillskott"}]},"featured_image_src_large":["https:\/\/vitaminbutiken.com\/wp-content\/uploads\/2025\/10\/Kolloidant-silver-1-liter-Photoroom-e1759301327728-1440x700.png",1440,700,true],"author_info":[],"comment_info":0,"_links":{"self":[{"href":"https:\/\/vitaminbutiken.com\/en\/wp-json\/wp\/v2\/product\/500102580","targetHints":{"allow":["GET"]}}],"collection":[{"href":"https:\/\/vitaminbutiken.com\/en\/wp-json\/wp\/v2\/product"}],"about":[{"href":"https:\/\/vitaminbutiken.com\/en\/wp-json\/wp\/v2\/types\/product"}],"replies":[{"embeddable":true,"href":"https:\/\/vitaminbutiken.com\/en\/wp-json\/wp\/v2\/comments?post=500102580"}],"wp:featuredmedia":[{"embeddable":true,"href":"https:\/\/vitaminbutiken.com\/en\/wp-json\/wp\/v2\/media\/500102581"}],"wp:attachment":[{"href":"https:\/\/vitaminbutiken.com\/en\/wp-json\/wp\/v2\/media?parent=500102580"}],"wp:term":[{"taxonomy":"product_brand","embeddable":true,"href":"https:\/\/vitaminbutiken.com\/en\/wp-json\/wp\/v2\/product_brand?post=500102580"},{"taxonomy":"product_cat","embeddable":true,"href":"https:\/\/vitaminbutiken.com\/en\/wp-json\/wp\/v2\/product_cat?post=500102580"},{"taxonomy":"product_tag","embeddable":true,"href":"https:\/\/vitaminbutiken.com\/en\/wp-json\/wp\/v2\/product_tag?post=500102580"}],"curies":[{"name":"wp","href":"https:\/\/api.w.org\/{rel}","templated":true}]}}