{"id":500102558,"date":"2025-09-25T11:51:47","date_gmt":"2025-09-25T09:51:47","guid":{"rendered":"https:\/\/vitaminbutiken.com\/?post_type=product&#038;p=500102558"},"modified":"2026-03-31T10:07:30","modified_gmt":"2026-03-31T08:07:30","slug":"mct-c8-olja","status":"publish","type":"product","link":"https:\/\/vitaminbutiken.com\/en\/produkt\/mct-c8-olja\/","title":{"rendered":"MCT C8-olja"},"content":{"rendered":"<p data-start=\"165\" data-end=\"530\"><strong data-start=\"165\" data-end=\"185\">Vad \u00e4r MCT C8-olja?<\/strong><br data-start=\"185\" data-end=\"188\" \/>MCT st\u00e5r f\u00f6r <em data-start=\"201\" data-end=\"229\">Medium Chain Triglycerides<\/em>, det vill s\u00e4ga medell\u00e5nga fettsyror. Tack vare sin kortare kedjel\u00e4ngd j\u00e4mf\u00f6rt med vanliga fettsyror absorberas de mycket snabbt i kroppen. I st\u00e4llet f\u00f6r att lagras som fett transporteras MCT direkt till levern, d\u00e4r det omvandlas till energirika ketoner \u2013 en effektiv och l\u00e4ttillg\u00e4nglig energik\u00e4lla.<\/p>\n<p data-start=\"806\" data-end=\"1082\"><strong data-start=\"806\" data-end=\"830\">Energi &amp; uth\u00e5llighet<\/strong><br data-start=\"830\" data-end=\"833\" \/>C8 MCT-olja ger kroppen och hj\u00e4rnan snabb energi utan att lagras som fett. Den kan \u00e4ven bidra till \u00f6kad fysisk uth\u00e5llighet genom att f\u00f6rse musklerna med effektiv energi \u2013 perfekt f\u00f6r aktiva dagar, tr\u00e4ning eller n\u00e4r du beh\u00f6ver en extra energiboost.<\/p>\n<p data-start=\"1084\" data-end=\"1333\"><strong data-start=\"1084\" data-end=\"1101\">Mentalt fokus<\/strong><br data-start=\"1101\" data-end=\"1104\" \/>Ett regelbundet intag av C8 MCT-olja kan fr\u00e4mja mentalt fokus och klarhet. M\u00e5nga upplever en tydligare koncentration, s\u00e4rskilt n\u00e4r oljan kombineras med en ketogen eller l\u00e5gkolhydratkost som ytterligare st\u00f6der ketonproduktionen.<\/p>\n<p data-start=\"1335\" data-end=\"1568\"><strong data-start=\"1335\" data-end=\"1355\">Balans f\u00f6r magen<\/strong><br data-start=\"1355\" data-end=\"1358\" \/>C8 MCT-olja har egenskaper som kan bidra till att balansera tarmfloran och st\u00f6dja en god magh\u00e4lsa. Den \u00e4r dessutom l\u00e4ttsm\u00e4lt och kan d\u00e4rf\u00f6r vara ett bra alternativ f\u00f6r dem som har sv\u00e5rt att t\u00e5la andra fetter.<\/p>\n<p data-start=\"1570\" data-end=\"1759\"><strong data-start=\"1570\" data-end=\"1588\">Sammanfattning<\/strong><br data-start=\"1588\" data-end=\"1591\" \/>Med C8 MCT-olja f\u00e5r du ett naturligt tillskott som f\u00f6renar snabb energi, f\u00f6rb\u00e4ttrat mentalt fokus och st\u00f6d f\u00f6r matsm\u00e4ltningen \u2013 allt i en neutral och l\u00e4ttanv\u00e4nd form.<\/p>\n","protected":false},"excerpt":{"rendered":"<p><strong>Dosering: <\/strong>1 matsked 1-2 g\u00e5nger dagligen.<\/p>\n<table style=\"height: 80px;\" border=\"1\" width=\"621\" cellspacing=\"0\" cellpadding=\"0\">\n<tbody>\n<tr>\n<td valign=\"top\" width=\"30%\"><strong>N\u00e4ringsv\u00e4rde<\/strong><\/td>\n<td valign=\"top\" width=\"20%\"><b>per matsked (15ml)<\/b><\/td>\n<\/tr>\n<tr>\n<td valign=\"top\" width=\"30%\">Energi<\/td>\n<td valign=\"top\" width=\"20%\">526 kJ<\/td>\n<\/tr>\n<tr>\n<td valign=\"top\" width=\"30%\">Fett<br \/>\nVarav m\u00e4ttat fett<\/td>\n<td valign=\"top\" width=\"20%\">14 g<br \/>\n14 g<\/td>\n<\/tr>\n<tr>\n<td valign=\"top\" width=\"30%\">Kolhydrater<br \/>\nVarav sockerarter<\/td>\n<td valign=\"top\" width=\"20%\">0 g<br \/>\n0 g<\/td>\n<\/tr>\n<tr>\n<td valign=\"top\" width=\"30%\">Fibrer<\/td>\n<td valign=\"top\" width=\"20%\">0 g<\/td>\n<\/tr>\n<tr>\n<td valign=\"top\" width=\"30%\">Protein<\/td>\n<td valign=\"top\" width=\"20%\">0 g<\/td>\n<\/tr>\n<tr>\n<td valign=\"top\" width=\"30%\">Salt<\/td>\n<td valign=\"top\" width=\"20%\">0 g<\/td>\n<\/tr>\n<tr>\n<td valign=\"top\" width=\"30%\">Kaprylsyra<\/td>\n<td valign=\"top\" width=\"20%\">13,7 g<\/td>\n<\/tr>\n<\/tbody>\n<\/table>\n<p><strong><em>*DRI (dagligt referensintag) ej fastst\u00e4llt.<\/em><\/strong><\/p>\n","protected":false},"featured_media":500102562,"comment_status":"closed","ping_status":"closed","template":"","meta":{"_kad_blocks_custom_css":"","_kad_blocks_head_custom_js":"","_kad_blocks_body_custom_js":"","_kad_blocks_footer_custom_js":"","_kadence_starter_templates_imported_post":false,"_kad_post_transparent":"default","_kad_post_title":"","_kad_post_layout":"default","_kad_post_sidebar_id":"","_kad_post_content_style":"default","_kad_post_vertical_padding":"default","_kad_post_feature":"","_kad_post_feature_position":"","_kad_post_header":false,"_kad_post_footer":false,"_kad_post_classname":""},"product_brand":[],"product_cat":[328,2810,2757,1393],"product_tag":[],"class_list":{"0":"post-500102558","1":"product","2":"type-product","3":"status-publish","4":"has-post-thumbnail","6":"product_cat-fettsyror","7":"product_cat-green-trade","8":"product_cat-okategoriserad","9":"product_cat-ovriga-kosttillskott","11":"first","12":"outofstock","13":"taxable","14":"shipping-taxable","15":"purchasable","16":"product-type-simple","17":"entry","18":"content-bg","19":"loop-entry"},"taxonomy_info":{"product_cat":[{"value":328,"label":"Fettsyror"},{"value":2810,"label":"Green Trade"},{"value":2757,"label":"Okategoriserad"},{"value":1393,"label":"\u00d6vriga kosttillskott"}]},"featured_image_src_large":["https:\/\/vitaminbutiken.com\/wp-content\/uploads\/2025\/09\/C8-olja-Photoroom-1-487x700.png",487,700,true],"author_info":[],"comment_info":0,"_links":{"self":[{"href":"https:\/\/vitaminbutiken.com\/en\/wp-json\/wp\/v2\/product\/500102558","targetHints":{"allow":["GET"]}}],"collection":[{"href":"https:\/\/vitaminbutiken.com\/en\/wp-json\/wp\/v2\/product"}],"about":[{"href":"https:\/\/vitaminbutiken.com\/en\/wp-json\/wp\/v2\/types\/product"}],"replies":[{"embeddable":true,"href":"https:\/\/vitaminbutiken.com\/en\/wp-json\/wp\/v2\/comments?post=500102558"}],"wp:featuredmedia":[{"embeddable":true,"href":"https:\/\/vitaminbutiken.com\/en\/wp-json\/wp\/v2\/media\/500102562"}],"wp:attachment":[{"href":"https:\/\/vitaminbutiken.com\/en\/wp-json\/wp\/v2\/media?parent=500102558"}],"wp:term":[{"taxonomy":"product_brand","embeddable":true,"href":"https:\/\/vitaminbutiken.com\/en\/wp-json\/wp\/v2\/product_brand?post=500102558"},{"taxonomy":"product_cat","embeddable":true,"href":"https:\/\/vitaminbutiken.com\/en\/wp-json\/wp\/v2\/product_cat?post=500102558"},{"taxonomy":"product_tag","embeddable":true,"href":"https:\/\/vitaminbutiken.com\/en\/wp-json\/wp\/v2\/product_tag?post=500102558"}],"curies":[{"name":"wp","href":"https:\/\/api.w.org\/{rel}","templated":true}]}}