{"id":500102554,"date":"2025-09-25T11:44:38","date_gmt":"2025-09-25T09:44:38","guid":{"rendered":"https:\/\/vitaminbutiken.com\/?post_type=product&#038;p=500102554"},"modified":"2026-04-27T19:37:28","modified_gmt":"2026-04-27T17:37:28","slug":"ny-tid-500-ml","status":"publish","type":"product","link":"https:\/\/vitaminbutiken.com\/en\/produkt\/ny-tid-500-ml\/","title":{"rendered":"Ny Tid &#8211; Probiotisk dryck, 500 ml"},"content":{"rendered":"<p>Ny Tid. 500 ml<\/p>\n<p><strong>Dosering:\u00a0<\/strong>En daglig dos \u00e1 1 x 25 ml respektive 3 x 8 ml Ny Tid i koncentrerad form eller utsp\u00e4tt med vatten, b\u00e4st f\u00f6re maten. Denna m\u00e4ngd ska inte \u00f6verskridas.<\/p>\n<p class=\"Allmntstyckeformat\"><b><span lang=\"SV\">Inneh\u00e5ll:\u00a0<\/span><\/b><span lang=\"SV\">Vatten, sockerarter* (fermentationsprocessen via mikroorganismerna f\u00f6rbrukar dem), mikroorganismen, probiotiska mikroorganismer, druvk\u00e4rnemj\u00f6l O.P.C.*, lackticka (Ling Zhi)*.<\/span><span lang=\"SV\"> Orgo-Germanika Ny Tid \u00e4r en naturligt fermenterad produkt och d\u00e4rf\u00f6r kan bakterief\u00f6rekomsten variera.\u00a0<\/span><span lang=\"SV\">\u00a0<\/span><\/p>\n<p class=\"Allmntstyckeformat\"><span lang=\"SV\">Inneh\u00e5ll av bakteriekultur (ca 1 x 10.000.000.000 bakterier per 100 ml) bacillus subtilis, bifidobactrium animalis, bifidobakterium bifidum, bifidobakterium breve, befidobakterium longum, befidobakterium infantis, befidobakterium lactis, enterococcus faecium, lactobacillus acidophilus, lactobacillus amylolytikus, lactobacillus amylovorus, lactobacillus bulgaricus, lactobacillus casei 01, lactobacillus casei 02, lactobacillus casei 03, lactobacillus crispatus, lactobacillus delbrueckii, lactobacillus farraginis, lactobacillus fermentum, lactobacillus gasseri, lactobacillus helveticus, lactobacillus johnsonii, lactobacillus paracasei, lactobacillus parafarraginis, lactobacillus plantarum, lactobacillus reuteri, lactobacillus rhamnosus, lactobacillus salivarius, lactobacillus zeae, lactococcus diacetylactis, lactococcus lactis, saccharomyces cerevisae, streptococcus thermophilus.<\/span><\/p>\n<p><strong>F\u00f6rvaring:\u00a0<\/strong>F\u00f6rvaras m\u00f6rkt och svalt. \u00d6ppnad f\u00f6rpackning f\u00f6rvaras i kylsk\u00e5p, minst 4 veckors h\u00e5llbarhet. Observera: drick inte direkt fr\u00e5n flaskan. L\u00e4tt \u00f6vertryck kan uppst\u00e5 i flaskan men det p\u00e5verkar inte h\u00e5llbarheten. Eventuellt kan flingor bildas av j\u00e4sningen. Det \u00e4r normalt och p\u00e5verkar inte h\u00e5llbarheten. Produkten ska f\u00f6rvaras o\u00e5tkomligt f\u00f6r barn.<\/p>\n<p><strong>Notera:<\/strong><\/p>\n<p>Ny Tid b\u00f6r ses som en kur. Det vill s\u00e4ga att det oftast inte \u00e4r n\u00e5got n\u00e4ringstillskott man beh\u00f6ver ta livet ut f\u00f6r att m\u00e5 bra. I de flesta fall r\u00e4cker det med tv\u00e5 flaskor f\u00f6r att bakteriefloran ska kunna h\u00e5lla en fin balans. Det \u00e4r dock individuellt hur mycket som beh\u00f6vs och \u00e4ven om man efter n\u00e5gra m\u00e5nader beh\u00f6ver \u201dfylla p\u00e5\u201d sin kur.<\/p>\n<p>Ny Tid \u00e4r ett kosttillskott som inneh\u00e5ller v\u00e4rdefulla enzymer och probiotiska mikroorganismer som p\u00e5 ett naturligt s\u00e4tt kan bidra till f\u00f6rst\u00e4rkning av immunsystemet och v\u00e5rd av mikrobiomet (tarmfloran). Den \u00e4r baserad p\u00e5 helt naturliga och veganska r\u00e5varor, \u00e4r fri fr\u00e5n gluten, laktos, konserveringsmedel, syntetiska arom\u00e4mnen och vin\u00e4ger. Ny Tid \u00e4r smakneutral och passar \u00e4ven extra bra f\u00f6r allergiker.<\/p>\n","protected":false},"excerpt":{"rendered":"<p><strong>F\u00f6r naturligt \u00e5teruppbyggnad, balansering och st\u00f6d av mikrobiomet\/kroppens bakterieflora.\u00a0<\/strong><\/p>\n<p>Dagligen eller som en kur. \u00c4ven perfekt f\u00f6r gravida och barn.<\/p>\n<p>NyTid best\u00e5r till 100 % av naturliga \u00e4mnen. Alla fermentationstillsatser \u00e4r h\u00e4mtade fr\u00e5n plantornas ursprung och fr\u00e5n kontrollerat ekologiskt lantbruk. Passa f\u00f6r veganer. \u00c4r laktos- och glutenfri. Inneh\u00e5ller inga konserveringsmedel eller syntetiska aromer. Tillverkad med k\u00e4rlek.<\/p>\n<p><strong>0,5 l<\/strong><\/p>\n","protected":false},"featured_media":500102555,"comment_status":"closed","ping_status":"closed","template":"","meta":{"_kad_blocks_custom_css":"","_kad_blocks_head_custom_js":"","_kad_blocks_body_custom_js":"","_kad_blocks_footer_custom_js":"","_kadence_starter_templates_imported_post":false,"_kad_post_transparent":"default","_kad_post_title":"","_kad_post_layout":"default","_kad_post_sidebar_id":"","_kad_post_content_style":"default","_kad_post_vertical_padding":"default","_kad_post_feature":"","_kad_post_feature_position":"","_kad_post_header":false,"_kad_post_footer":false,"_kad_post_classname":""},"product_brand":[],"product_cat":[176,431,2820,2825],"product_tag":[],"class_list":{"0":"post-500102554","1":"product","2":"type-product","3":"status-publish","4":"has-post-thumbnail","6":"product_cat-immunforsvar","7":"product_cat-mage-tarm","8":"product_cat-mjolksyrebakterier","9":"product_cat-nytid","11":"first","12":"instock","13":"taxable","14":"shipping-taxable","15":"purchasable","16":"product-type-simple","17":"entry","18":"content-bg","19":"loop-entry"},"taxonomy_info":{"product_cat":[{"value":176,"label":"Immunf\u00f6rsvar"},{"value":431,"label":"Mage &amp; Tarm"},{"value":2820,"label":"Mj\u00f6lksyrebakterier"},{"value":2825,"label":"NyTid"}]},"featured_image_src_large":["https:\/\/vitaminbutiken.com\/wp-content\/uploads\/2025\/09\/Ny-Tid-05-Photoroom-e1758793437660-1373x700.png",1373,700,true],"author_info":[],"comment_info":0,"_links":{"self":[{"href":"https:\/\/vitaminbutiken.com\/en\/wp-json\/wp\/v2\/product\/500102554","targetHints":{"allow":["GET"]}}],"collection":[{"href":"https:\/\/vitaminbutiken.com\/en\/wp-json\/wp\/v2\/product"}],"about":[{"href":"https:\/\/vitaminbutiken.com\/en\/wp-json\/wp\/v2\/types\/product"}],"replies":[{"embeddable":true,"href":"https:\/\/vitaminbutiken.com\/en\/wp-json\/wp\/v2\/comments?post=500102554"}],"wp:featuredmedia":[{"embeddable":true,"href":"https:\/\/vitaminbutiken.com\/en\/wp-json\/wp\/v2\/media\/500102555"}],"wp:attachment":[{"href":"https:\/\/vitaminbutiken.com\/en\/wp-json\/wp\/v2\/media?parent=500102554"}],"wp:term":[{"taxonomy":"product_brand","embeddable":true,"href":"https:\/\/vitaminbutiken.com\/en\/wp-json\/wp\/v2\/product_brand?post=500102554"},{"taxonomy":"product_cat","embeddable":true,"href":"https:\/\/vitaminbutiken.com\/en\/wp-json\/wp\/v2\/product_cat?post=500102554"},{"taxonomy":"product_tag","embeddable":true,"href":"https:\/\/vitaminbutiken.com\/en\/wp-json\/wp\/v2\/product_tag?post=500102554"}],"curies":[{"name":"wp","href":"https:\/\/api.w.org\/{rel}","templated":true}]}}