{"id":500102464,"date":"2025-09-02T11:57:20","date_gmt":"2025-09-02T09:57:20","guid":{"rendered":"https:\/\/vitaminbutiken.com\/?post_type=product&#038;p=500102464"},"modified":"2026-03-06T09:52:28","modified_gmt":"2026-03-06T08:52:28","slug":"brannassla-50","status":"publish","type":"product","link":"https:\/\/vitaminbutiken.com\/en\/produkt\/brannassla-50\/","title":{"rendered":"Br\u00e4nn\u00e4ssla -50%"},"content":{"rendered":"<p><strong>Br\u00e4nn\u00e4ssla<\/strong>, Urtica Dioica, \u00e4r en m\u00e5ngsidig nyttov\u00e4xt.\u00a0 Den har en h\u00f6g klorofyllhalt vilket ger den intressanta blodrenande egenskaper.<br \/>\nV\u00e4xten inneh\u00e5ller &#8211; Klorofyll\u00e4mnen (60 %), bioflavonoider, vitamin K, C-askorbat, j\u00e4rn, acetylkolin, magnesium, kalium och kisel.<\/p>\n<p><strong>Med b\u00e4sta f\u00f6re datum 11\/25!<\/strong><\/p>\n","protected":false},"excerpt":{"rendered":"<p>Br\u00e4nn\u00e4ssla till -50 % \u2013 passa p\u00e5 innan b\u00e4st f\u00f6re 11\/25! St\u00f6djer h\u00e4lsa och v\u00e4lm\u00e5ende med naturliga ingredienser.<\/p>\n","protected":false},"featured_media":500102468,"comment_status":"closed","ping_status":"closed","template":"","meta":{"_kad_blocks_custom_css":"","_kad_blocks_head_custom_js":"","_kad_blocks_body_custom_js":"","_kad_blocks_footer_custom_js":"","_kadence_starter_templates_imported_post":false,"_kad_post_transparent":"default","_kad_post_title":"","_kad_post_layout":"default","_kad_post_sidebar_id":"","_kad_post_content_style":"default","_kad_post_vertical_padding":"default","_kad_post_feature":"","_kad_post_feature_position":"","_kad_post_header":false,"_kad_post_footer":false,"_kad_post_classname":""},"product_brand":[],"product_cat":[2764],"product_tag":[],"class_list":{"0":"post-500102464","1":"product","2":"type-product","3":"status-publish","4":"has-post-thumbnail","6":"product_cat-erbjudanden","8":"first","9":"instock","10":"sale","11":"taxable","12":"shipping-taxable","13":"purchasable","14":"product-type-simple","15":"entry","16":"content-bg","17":"loop-entry"},"taxonomy_info":{"product_cat":[{"value":2764,"label":"Erbjudanden"}]},"featured_image_src_large":["https:\/\/vitaminbutiken.com\/wp-content\/uploads\/2025\/09\/Brannassla-Photoroom-e1756806874113-880x700.png",880,700,true],"author_info":[],"comment_info":0,"_links":{"self":[{"href":"https:\/\/vitaminbutiken.com\/en\/wp-json\/wp\/v2\/product\/500102464","targetHints":{"allow":["GET"]}}],"collection":[{"href":"https:\/\/vitaminbutiken.com\/en\/wp-json\/wp\/v2\/product"}],"about":[{"href":"https:\/\/vitaminbutiken.com\/en\/wp-json\/wp\/v2\/types\/product"}],"replies":[{"embeddable":true,"href":"https:\/\/vitaminbutiken.com\/en\/wp-json\/wp\/v2\/comments?post=500102464"}],"wp:featuredmedia":[{"embeddable":true,"href":"https:\/\/vitaminbutiken.com\/en\/wp-json\/wp\/v2\/media\/500102468"}],"wp:attachment":[{"href":"https:\/\/vitaminbutiken.com\/en\/wp-json\/wp\/v2\/media?parent=500102464"}],"wp:term":[{"taxonomy":"product_brand","embeddable":true,"href":"https:\/\/vitaminbutiken.com\/en\/wp-json\/wp\/v2\/product_brand?post=500102464"},{"taxonomy":"product_cat","embeddable":true,"href":"https:\/\/vitaminbutiken.com\/en\/wp-json\/wp\/v2\/product_cat?post=500102464"},{"taxonomy":"product_tag","embeddable":true,"href":"https:\/\/vitaminbutiken.com\/en\/wp-json\/wp\/v2\/product_tag?post=500102464"}],"curies":[{"name":"wp","href":"https:\/\/api.w.org\/{rel}","templated":true}]}}