{"id":500102321,"date":"2025-08-08T12:14:41","date_gmt":"2025-08-08T10:14:41","guid":{"rendered":"https:\/\/vitaminbutiken.com\/?post_type=product&#038;p=500102321"},"modified":"2026-04-07T07:51:31","modified_gmt":"2026-04-07T05:51:31","slug":"kolesterol-teststickor","status":"publish","type":"product","link":"https:\/\/vitaminbutiken.com\/en\/produkt\/kolesterol-teststickor\/","title":{"rendered":"Kolesterol Teststickor"},"content":{"rendered":"<p><strong>Kolesterol Teststickor\u00a0<\/strong><\/p>\n<p><br data-start=\"117\" data-end=\"120\" \/>Perfekt f\u00f6r dig som redan har v\u00e5r kolesterolm\u00e4tare och vill forts\u00e4tta h\u00e5lla koll p\u00e5 dina blodfetter hemma.<br \/>\nPaketet inneh\u00e5ller 10 st. nya teststickor f\u00f6r enkel och smidig uppf\u00f6ljning \u2013 utan behov av v\u00e5rdbes\u00f6k.<\/p>\n<p><strong>Paketet inneh\u00e5ller:<\/strong><\/p>\n<p>Teststickor &#8211; 10<br \/>\nCode Chip &#8211; 1<br \/>\nPackage insert &#8211; 1<strong><br \/>\n<\/strong>Capillary Dropper &#8211; 10<\/p>\n","protected":false},"excerpt":{"rendered":"<p>Kolesterol Teststickor\u00a0 Perfekt f\u00f6r dig som redan har v\u00e5r kolesterolm\u00e4tare och vill forts\u00e4tta h\u00e5lla koll p\u00e5 dina blodfetter hemma. Paketet inneh\u00e5ller 10 st. nya teststickor f\u00f6r enkel och smidig uppf\u00f6ljning \u2013 utan behov av v\u00e5rdbes\u00f6k. Paketet inneh\u00e5ller: Teststickor &#8211; 10 Code Chip &#8211; 1 Package insert &#8211; 1 Capillary Dropper &#8211; 10<\/p>\n","protected":false},"featured_media":500102322,"comment_status":"closed","ping_status":"closed","template":"","meta":{"_kad_blocks_custom_css":"","_kad_blocks_head_custom_js":"","_kad_blocks_body_custom_js":"","_kad_blocks_footer_custom_js":"","_kadence_starter_templates_imported_post":false,"_kad_post_transparent":"default","_kad_post_title":"","_kad_post_layout":"default","_kad_post_sidebar_id":"","_kad_post_content_style":"default","_kad_post_vertical_padding":"default","_kad_post_feature":"","_kad_post_feature_position":"","_kad_post_header":false,"_kad_post_footer":false,"_kad_post_classname":""},"product_brand":[],"product_cat":[2757],"product_tag":[],"class_list":{"0":"post-500102321","1":"product","2":"type-product","3":"status-publish","4":"has-post-thumbnail","6":"product_cat-okategoriserad","8":"first","9":"instock","10":"taxable","11":"shipping-taxable","12":"purchasable","13":"product-type-simple","14":"entry","15":"content-bg","16":"loop-entry"},"taxonomy_info":{"product_cat":[{"value":2757,"label":"Okategoriserad"}]},"featured_image_src_large":["https:\/\/vitaminbutiken.com\/wp-content\/uploads\/2025\/08\/Cholesterol-Test-strips-Photoroom-1440x700.png",1440,700,true],"author_info":[],"comment_info":0,"_links":{"self":[{"href":"https:\/\/vitaminbutiken.com\/en\/wp-json\/wp\/v2\/product\/500102321","targetHints":{"allow":["GET"]}}],"collection":[{"href":"https:\/\/vitaminbutiken.com\/en\/wp-json\/wp\/v2\/product"}],"about":[{"href":"https:\/\/vitaminbutiken.com\/en\/wp-json\/wp\/v2\/types\/product"}],"replies":[{"embeddable":true,"href":"https:\/\/vitaminbutiken.com\/en\/wp-json\/wp\/v2\/comments?post=500102321"}],"wp:featuredmedia":[{"embeddable":true,"href":"https:\/\/vitaminbutiken.com\/en\/wp-json\/wp\/v2\/media\/500102322"}],"wp:attachment":[{"href":"https:\/\/vitaminbutiken.com\/en\/wp-json\/wp\/v2\/media?parent=500102321"}],"wp:term":[{"taxonomy":"product_brand","embeddable":true,"href":"https:\/\/vitaminbutiken.com\/en\/wp-json\/wp\/v2\/product_brand?post=500102321"},{"taxonomy":"product_cat","embeddable":true,"href":"https:\/\/vitaminbutiken.com\/en\/wp-json\/wp\/v2\/product_cat?post=500102321"},{"taxonomy":"product_tag","embeddable":true,"href":"https:\/\/vitaminbutiken.com\/en\/wp-json\/wp\/v2\/product_tag?post=500102321"}],"curies":[{"name":"wp","href":"https:\/\/api.w.org\/{rel}","templated":true}]}}