{"id":500102257,"date":"2025-07-08T09:19:43","date_gmt":"2025-07-08T07:19:43","guid":{"rendered":"https:\/\/vitaminbutiken.com\/?post_type=product&#038;p=500102257"},"modified":"2026-04-08T11:26:49","modified_gmt":"2026-04-08T09:26:49","slug":"cda-complex","status":"publish","type":"product","link":"https:\/\/vitaminbutiken.com\/en\/produkt\/cda-complex\/","title":{"rendered":"CDA Komplex"},"content":{"rendered":"<p>CDA Complex<\/p>\n<p><span class=\"Y2IQFc\" lang=\"sv\">Detta \u00e4r en h\u00f6gkvalitativ formula som inneh\u00e5ller kraftfulla <strong>extrakt fr\u00e5n kanelbark, olivblad, f\u00e4nk\u00e5lsfr\u00f6 och oreganoblad. <\/strong><\/span><\/p>\n<p><strong>Anv\u00e4ndning:<\/strong><\/p>\n<p><span class=\"Y2IQFc\" lang=\"sv\">CDA complex kan hj\u00e4lpa till att uppr\u00e4tth\u00e5lla en h\u00e4lsosam balans i matsm\u00e4ltningskanalen.<\/span><\/p>\n<p><span class=\"Y2IQFc\" lang=\"sv\">Som s\u00e5dan rekommenderas denna produkt f\u00f6r de personer som f\u00f6ljer en diet utformad f\u00f6r att hantera en \u00f6verv\u00e4xt av Candida Albicans, som \u00e4r en typ av j\u00e4st som finns naturligt i v\u00e5rt matsm\u00e4ltningssystem. Om systemet st\u00f6rs av p\u00e5frestningar som d\u00e5lig kost, resor eller sjukdomar kan det bli en \u00f6verv\u00e4xt av de mindre v\u00e4nliga organismerna, som Candida albicans.<\/span><\/p>\n<p><strong>Dosering:<\/strong> 2 kapslar dagligen i samband med m\u00e5ltid.<\/p>\n<table style=\"height: 146px;\" border=\"1\" width=\"934\" cellspacing=\"0\" cellpadding=\"0\">\n<tbody>\n<tr>\n<td valign=\"top\" width=\"30%\"><b>\u00a02 kapslar inneh\u00e5ller:\u00a0<\/b><\/td>\n<td valign=\"top\" width=\"20%\"><strong>\u00a0M\u00e4ngd <\/strong><\/td>\n<td valign=\"top\" width=\"30%\"><strong>\u00a0% DRI*<\/strong><\/td>\n<\/tr>\n<tr>\n<td valign=\"top\" width=\"30%\">\u00a0Kanelbarkextrakt<\/td>\n<td valign=\"top\" width=\"20%\">150 mg<\/td>\n<td valign=\"top\" width=\"30%\">\u00a0**<\/td>\n<\/tr>\n<tr>\n<td valign=\"top\" width=\"30%\">\u00a0Olivbladextrakt<\/td>\n<td valign=\"top\" width=\"20%\">90 mg<\/td>\n<td valign=\"top\" width=\"30%\">\u00a0**<\/td>\n<\/tr>\n<tr>\n<td valign=\"top\" width=\"30%\">\u00a0Oreganoextrakt<\/td>\n<td valign=\"top\" width=\"20%\">100 mg<\/td>\n<td valign=\"top\" width=\"30%\">\u00a0**<\/td>\n<\/tr>\n<tr>\n<td valign=\"top\" width=\"30%\">\u00a0F\u00e4nk\u00e5lsfr\u00f6extrakt<\/td>\n<td valign=\"top\" width=\"20%\">100 mg<\/td>\n<td valign=\"top\" width=\"20%\">\u00a0**<\/td>\n<\/tr>\n<\/tbody>\n<\/table>\n<p>**DRI (Dagligt referensintag) ej fastst\u00e4llt.<\/p>\n<p><strong>Ingredienser:<\/strong> Kanelbarksextrakt 25:1, oreganoextrakt 4:1, f\u00e4nk\u00e5lsfr\u00f6extrakt 4:1, olivbladsextrakt 9:1.<br \/>\nKapsel (hydroxipropylmetylcellulosa).<\/p>\n<p>Rekommenderad daglig dos b\u00f6r ej \u00f6verskridas.<br \/>\nKosttillskott ers\u00e4tter inte en varierad kost.<br \/>\nProdukten f\u00f6rvaras o\u00e5tkomligt f\u00f6r barn.<\/p>\n","protected":false},"excerpt":{"rendered":"<p>Naturligt complex av \u00f6rter och kryddor, inkluderar kanel och olivblad.<\/p>\n<p>Kan i huvudsak bidra till en h\u00e4lsosam milj\u00f6 och balans i mage och tarm.<\/p>\n<p><strong>60 kapslar<\/strong><\/p>\n","protected":false},"featured_media":500102472,"comment_status":"closed","ping_status":"closed","template":"","meta":{"_kad_blocks_custom_css":"","_kad_blocks_head_custom_js":"","_kad_blocks_body_custom_js":"","_kad_blocks_footer_custom_js":"","_kadence_starter_templates_imported_post":false,"_kad_post_transparent":"default","_kad_post_title":"","_kad_post_layout":"default","_kad_post_sidebar_id":"","_kad_post_content_style":"default","_kad_post_vertical_padding":"default","_kad_post_feature":"","_kad_post_feature_position":"","_kad_post_header":false,"_kad_post_footer":false,"_kad_post_classname":""},"product_brand":[],"product_cat":[1293,176,431,149],"product_tag":[],"class_list":{"0":"post-500102257","1":"product","2":"type-product","3":"status-publish","4":"has-post-thumbnail","6":"product_cat-evp-nutrition","7":"product_cat-immunforsvar","8":"product_cat-mage-tarm","9":"product_cat-orter","11":"first","12":"instock","13":"taxable","14":"shipping-taxable","15":"purchasable","16":"product-type-simple","17":"entry","18":"content-bg","19":"loop-entry"},"taxonomy_info":{"product_cat":[{"value":1293,"label":"EVP Nutrition"},{"value":176,"label":"Immunf\u00f6rsvar"},{"value":431,"label":"Mage &amp; Tarm"},{"value":149,"label":"\u00d6rter"}]},"featured_image_src_large":["https:\/\/vitaminbutiken.com\/wp-content\/uploads\/2025\/07\/CDA-Complex-Photoroom-e1756807785583-730x700.png",730,700,true],"author_info":[],"comment_info":0,"_links":{"self":[{"href":"https:\/\/vitaminbutiken.com\/en\/wp-json\/wp\/v2\/product\/500102257","targetHints":{"allow":["GET"]}}],"collection":[{"href":"https:\/\/vitaminbutiken.com\/en\/wp-json\/wp\/v2\/product"}],"about":[{"href":"https:\/\/vitaminbutiken.com\/en\/wp-json\/wp\/v2\/types\/product"}],"replies":[{"embeddable":true,"href":"https:\/\/vitaminbutiken.com\/en\/wp-json\/wp\/v2\/comments?post=500102257"}],"wp:featuredmedia":[{"embeddable":true,"href":"https:\/\/vitaminbutiken.com\/en\/wp-json\/wp\/v2\/media\/500102472"}],"wp:attachment":[{"href":"https:\/\/vitaminbutiken.com\/en\/wp-json\/wp\/v2\/media?parent=500102257"}],"wp:term":[{"taxonomy":"product_brand","embeddable":true,"href":"https:\/\/vitaminbutiken.com\/en\/wp-json\/wp\/v2\/product_brand?post=500102257"},{"taxonomy":"product_cat","embeddable":true,"href":"https:\/\/vitaminbutiken.com\/en\/wp-json\/wp\/v2\/product_cat?post=500102257"},{"taxonomy":"product_tag","embeddable":true,"href":"https:\/\/vitaminbutiken.com\/en\/wp-json\/wp\/v2\/product_tag?post=500102257"}],"curies":[{"name":"wp","href":"https:\/\/api.w.org\/{rel}","templated":true}]}}