{"id":12332,"date":"2025-07-01T08:47:50","date_gmt":"2025-07-01T06:47:50","guid":{"rendered":"https:\/\/vitaminbutiken.com\/?post_type=product&#038;p=11733"},"modified":"2026-04-07T07:53:36","modified_gmt":"2026-04-07T05:53:36","slug":"cholesterol-meter","status":"publish","type":"product","link":"https:\/\/vitaminbutiken.com\/en\/produkt\/cholesterol-meter\/","title":{"rendered":"Cholesterol Meter, Alltest Kolesterolm\u00e4tare"},"content":{"rendered":"<h3 data-start=\"1418\" data-end=\"1512\"><strong data-start=\"1427\" data-end=\"1512\">Alltest Kolesterolm\u00e4tare \u2013 M\u00e5ngsidig och exakt analysator f\u00f6r fettv\u00e4rden i blodet<\/strong><\/h3>\n<p data-start=\"1514\" data-end=\"1780\"><strong data-start=\"1514\" data-end=\"1543\">Alltest Cholesterol Meter<\/strong> \u00e4r en p\u00e5litlig och l\u00e4ttanv\u00e4nd enhet f\u00f6r kvantitativ m\u00e4tning av kolesterol, HDL och triglycerider i helblod, serum eller plasma. Den \u00e4r avsedd f\u00f6r <strong data-start=\"1690\" data-end=\"1735\">professionellt in vitro-diagnostiskt bruk<\/strong> och kombinerar snabbhet med h\u00f6g noggrannhet.<\/p>\n<h4 data-start=\"1782\" data-end=\"1809\"><strong data-start=\"1787\" data-end=\"1809\">Produktfunktioner:<\/strong><\/h4>\n<ul>\n<li data-start=\"1812\" data-end=\"1878\">M\u00e4ter totalkolesterol, HDL och triglycerider i ett enda test<\/li>\n<li data-start=\"1812\" data-end=\"1878\">Ger 5 m\u00e4tv\u00e4rden i en analys<\/li>\n<li data-start=\"1812\" data-end=\"1878\">Tillf\u00f6rlitliga resultat p\u00e5 bara 2 minuter<\/li>\n<li data-start=\"1812\" data-end=\"1878\">Endast 35 \u03bcl provvolym (helblod, serum eller plasma)<\/li>\n<li data-start=\"1812\" data-end=\"1878\">Kompatibel med multiparameter-teststickor<\/li>\n<li data-start=\"1812\" data-end=\"1878\">Stor display f\u00f6r enkel avl\u00e4sning<\/li>\n<li data-start=\"1812\" data-end=\"1878\">Internminne f\u00f6r upp till 999 resultat<\/li>\n<li data-start=\"1812\" data-end=\"1878\">Automatisk avst\u00e4ngning efter 5 minuter<\/li>\n<\/ul>\n<p data-start=\"2308\" data-end=\"2442\">Enheten \u00e4r idealisk f\u00f6r v\u00e5rdpersonal som beh\u00f6ver ett snabbt, hygieniskt och p\u00e5litligt verktyg f\u00f6r att f\u00f6lja patientens blodfettv\u00e4rden.<\/p>\n<table style=\"height: 80px;\" border=\"1\" width=\"621\" cellspacing=\"0\" cellpadding=\"0\">\n<tbody>\n<tr>\n<td valign=\"top\" width=\"20%\"><b>Inneh\u00e5ll<\/b><\/td>\n<td valign=\"top\" width=\"20%\"><strong> M\u00e4ngd<\/strong><\/td>\n<\/tr>\n<tr>\n<td valign=\"top\" width=\"20%\">Kolesterolm\u00e4tare<\/td>\n<td valign=\"top\" width=\"20%\">1<\/td>\n<\/tr>\n<tr>\n<td valign=\"top\" width=\"20%\">Kontrollstickor<\/td>\n<td valign=\"top\" width=\"20%\">2<\/td>\n<\/tr>\n<tr>\n<td valign=\"top\" width=\"20%\">Stickanordning (lansettapparat)<\/td>\n<td valign=\"top\" width=\"20%\">1<\/td>\n<\/tr>\n<tr>\n<td valign=\"top\" width=\"20%\">AAA-batterier<\/td>\n<td valign=\"top\" width=\"20%\">4<\/td>\n<\/tr>\n<tr>\n<td valign=\"top\" width=\"20%\">F\u00f6rvaringsv\u00e4ska<\/td>\n<td valign=\"top\" width=\"20%\">1<\/td>\n<\/tr>\n<tr>\n<td valign=\"top\" width=\"20%\">Bruksanvisning<\/td>\n<td valign=\"top\" width=\"20%\">1<\/td>\n<\/tr>\n<tr>\n<td valign=\"top\" width=\"20%\">Bipacksedel f\u00f6r stickanordning<\/td>\n<td valign=\"top\" width=\"20%\">1<\/td>\n<\/tr>\n<tr>\n<td valign=\"top\" width=\"20%\">Teststickor<\/td>\n<td valign=\"top\" width=\"20%\">1<\/td>\n<\/tr>\n<tr>\n<td valign=\"top\" width=\"20%\">Kodchip<\/td>\n<td valign=\"top\" width=\"20%\">1<\/td>\n<\/tr>\n<tr>\n<td valign=\"top\" width=\"20%\">Alkoholservetter<\/td>\n<td valign=\"top\" width=\"20%\">8<\/td>\n<\/tr>\n<tr>\n<td valign=\"top\" width=\"20%\">Sterila lancetter<\/td>\n<td valign=\"top\" width=\"20%\">8<\/td>\n<\/tr>\n<tr>\n<td valign=\"top\" width=\"20%\">Kapill\u00e4rr\u00f6r<\/td>\n<td valign=\"top\" width=\"20%\">8<\/td>\n<\/tr>\n<tr>\n<td valign=\"top\" width=\"20%\">Bipacksedel f\u00f6r teststickor<\/td>\n<td valign=\"top\" width=\"20%\">1<\/td>\n<\/tr>\n<\/tbody>\n<\/table>\n<p>&nbsp;<\/p>\n","protected":false},"excerpt":{"rendered":"<p>Alltest Kolesterolm\u00e4tare \u2013 M\u00e5ngsidig och exakt analysator f\u00f6r fettv\u00e4rden i blodet Alltest Cholesterol Meter \u00e4r en p\u00e5litlig och l\u00e4ttanv\u00e4nd enhet f\u00f6r kvantitativ m\u00e4tning av kolesterol, HDL och triglycerider i helblod, serum eller plasma. Den \u00e4r avsedd f\u00f6r professionellt in vitro-diagnostiskt bruk och kombinerar snabbhet med h\u00f6g noggrannhet. Produktfunktioner: M\u00e4ter totalkolesterol, HDL och triglycerider i ett&#8230;<\/p>\n","protected":false},"featured_media":12342,"comment_status":"closed","ping_status":"closed","template":"","meta":{"_kad_blocks_custom_css":"","_kad_blocks_head_custom_js":"","_kad_blocks_body_custom_js":"","_kad_blocks_footer_custom_js":"","_kadence_starter_templates_imported_post":false,"_kad_post_transparent":"default","_kad_post_title":"","_kad_post_layout":"default","_kad_post_sidebar_id":"","_kad_post_content_style":"default","_kad_post_vertical_padding":"default","_kad_post_feature":"","_kad_post_feature_position":"","_kad_post_header":false,"_kad_post_footer":false,"_kad_post_classname":""},"product_brand":[],"product_cat":[2757],"product_tag":[],"class_list":{"0":"post-12332","1":"product","2":"type-product","3":"status-publish","4":"has-post-thumbnail","6":"product_cat-okategoriserad","8":"first","9":"instock","10":"taxable","11":"shipping-taxable","12":"purchasable","13":"product-type-simple","14":"entry","15":"content-bg","16":"loop-entry"},"taxonomy_info":{"product_cat":[{"value":2757,"label":"Okategoriserad"}]},"featured_image_src_large":["https:\/\/vitaminbutiken.com\/wp-content\/uploads\/2025\/07\/148589_alltest_cholesterin_messgeraet_1-Photoroom-1440x700.png",1440,700,true],"author_info":[],"comment_info":0,"_links":{"self":[{"href":"https:\/\/vitaminbutiken.com\/en\/wp-json\/wp\/v2\/product\/12332","targetHints":{"allow":["GET"]}}],"collection":[{"href":"https:\/\/vitaminbutiken.com\/en\/wp-json\/wp\/v2\/product"}],"about":[{"href":"https:\/\/vitaminbutiken.com\/en\/wp-json\/wp\/v2\/types\/product"}],"replies":[{"embeddable":true,"href":"https:\/\/vitaminbutiken.com\/en\/wp-json\/wp\/v2\/comments?post=12332"}],"wp:featuredmedia":[{"embeddable":true,"href":"https:\/\/vitaminbutiken.com\/en\/wp-json\/wp\/v2\/media\/12342"}],"wp:attachment":[{"href":"https:\/\/vitaminbutiken.com\/en\/wp-json\/wp\/v2\/media?parent=12332"}],"wp:term":[{"taxonomy":"product_brand","embeddable":true,"href":"https:\/\/vitaminbutiken.com\/en\/wp-json\/wp\/v2\/product_brand?post=12332"},{"taxonomy":"product_cat","embeddable":true,"href":"https:\/\/vitaminbutiken.com\/en\/wp-json\/wp\/v2\/product_cat?post=12332"},{"taxonomy":"product_tag","embeddable":true,"href":"https:\/\/vitaminbutiken.com\/en\/wp-json\/wp\/v2\/product_tag?post=12332"}],"curies":[{"name":"wp","href":"https:\/\/api.w.org\/{rel}","templated":true}]}}