{"id":12330,"date":"2025-06-30T14:31:42","date_gmt":"2025-06-30T12:31:42","guid":{"rendered":"https:\/\/vitaminbutiken.com\/?post_type=product&#038;p=11716"},"modified":"2026-04-10T11:20:27","modified_gmt":"2026-04-10T09:20:27","slug":"algort","status":"publish","type":"product","link":"https:\/\/vitaminbutiken.com\/en\/produkt\/algort\/","title":{"rendered":"\u00c4lg\u00f6rt"},"content":{"rendered":"<p>\u00c4lg\u00f6rt \u00e4r en traditionell l\u00e4kev\u00e4xt som har anv\u00e4nts i \u00e5rhundraden tack vare sina m\u00e5ngsidiga egenskaper. Detta kraftfulla v\u00e4xtextrakt inneh\u00e5ller 500 mg \u00e4lg\u00f6rt per kapsel och erbjuder ett naturligt s\u00e4tt att st\u00f6dja kroppen.<\/p>\n<ul>\n<li>\u00c4lg\u00f6rt inneh\u00e5ller naturliga salicylater (sl\u00e4kt med acetylsalicylsyra\/aspirin).<\/li>\n<li>\u00c4lg\u00f6rt kan hj\u00e4lpa vid sur mage.<\/li>\n<li>\u00c4lg\u00f6rt st\u00f6der urinv\u00e4gar och \u00e4r urindrivande.<\/li>\n<li>\u00c4lg\u00f6rt \u00e4r rik p\u00e5 flavonoider och tanniner och \u00e4r d\u00e4rf\u00f6r en viktig antioxidant och st\u00f6der kroppens egen avgiftningsf\u00f6rm\u00e5ga.<\/li>\n<\/ul>\n<p><strong>Dosering: <\/strong>1 kapsel 2 g\u00e5nger per dag.<\/p>\n<table style=\"height: 80px;\" border=\"1\" width=\"621\" cellspacing=\"0\" cellpadding=\"0\">\n<tbody>\n<tr>\n<td valign=\"top\" width=\"30%\"><strong>2 kapslar inneh\u00e5ller<\/strong><\/td>\n<td valign=\"top\" width=\"20%\"><strong> M\u00e4ngd<\/strong><\/td>\n<td valign=\"top\" width=\"30%\"><strong>*DRI% <\/strong><\/td>\n<\/tr>\n<tr>\n<td valign=\"top\" width=\"30%\">\u00c4lg\u00f6rt<\/td>\n<td valign=\"top\" width=\"20%\">1 000 mg<\/td>\n<td valign=\"top\" width=\"20%\">**<\/td>\n<\/tr>\n<\/tbody>\n<\/table>\n<p><strong><em>**DRI (dagligt referensintag) ej fastst\u00e4llt.\u00a0<\/em><\/strong><\/p>\n<p><strong>Ingredienser: <\/strong>\u00c4lg\u00f6rt (extrakthalt 5:1), kapsel (hydroxipropylmetylcellulosa).<\/p>\n<p>Rekommenderad daglig dos b\u00f6r ej \u00f6verskridas.<br \/>\nKosttillskott ers\u00e4tter inte en varierad kost.<br \/>\nProdukten f\u00f6rvaras o\u00e5tkomligt f\u00f6r sm\u00e5 barn.<\/p>\n<p data-start=\"179\" data-end=\"316\" data-is-last-node=\"\" data-is-only-node=\"\">\n","protected":false},"excerpt":{"rendered":"<p>Detta kraftfulla v\u00e4xtextrakt inneh\u00e5ller 500 mg \u00e4lg\u00f6rt per kapsel.<\/p>\n<p><strong>60 kapslar\u00a0<\/strong><\/p>\n","protected":false},"featured_media":12340,"comment_status":"closed","ping_status":"closed","template":"","meta":{"_kad_blocks_custom_css":"","_kad_blocks_head_custom_js":"","_kad_blocks_body_custom_js":"","_kad_blocks_footer_custom_js":"","_kadence_starter_templates_imported_post":false,"_kad_post_transparent":"default","_kad_post_title":"","_kad_post_layout":"default","_kad_post_sidebar_id":"","_kad_post_content_style":"default","_kad_post_vertical_padding":"default","_kad_post_feature":"","_kad_post_feature_position":"","_kad_post_header":false,"_kad_post_footer":false,"_kad_post_classname":""},"product_brand":[],"product_cat":[1293,149],"product_tag":[],"class_list":{"0":"post-12330","1":"product","2":"type-product","3":"status-publish","4":"has-post-thumbnail","6":"product_cat-evp-nutrition","7":"product_cat-orter","9":"first","10":"instock","11":"taxable","12":"shipping-taxable","13":"purchasable","14":"product-type-simple","15":"entry","16":"content-bg","17":"loop-entry"},"taxonomy_info":{"product_cat":[{"value":1293,"label":"EVP Nutrition"},{"value":149,"label":"\u00d6rter"}]},"featured_image_src_large":["https:\/\/vitaminbutiken.com\/wp-content\/uploads\/2025\/06\/Algort-418-Photoroom-scaled-e1751286676307-1010x700.png",1010,700,true],"author_info":[],"comment_info":0,"_links":{"self":[{"href":"https:\/\/vitaminbutiken.com\/en\/wp-json\/wp\/v2\/product\/12330","targetHints":{"allow":["GET"]}}],"collection":[{"href":"https:\/\/vitaminbutiken.com\/en\/wp-json\/wp\/v2\/product"}],"about":[{"href":"https:\/\/vitaminbutiken.com\/en\/wp-json\/wp\/v2\/types\/product"}],"replies":[{"embeddable":true,"href":"https:\/\/vitaminbutiken.com\/en\/wp-json\/wp\/v2\/comments?post=12330"}],"wp:featuredmedia":[{"embeddable":true,"href":"https:\/\/vitaminbutiken.com\/en\/wp-json\/wp\/v2\/media\/12340"}],"wp:attachment":[{"href":"https:\/\/vitaminbutiken.com\/en\/wp-json\/wp\/v2\/media?parent=12330"}],"wp:term":[{"taxonomy":"product_brand","embeddable":true,"href":"https:\/\/vitaminbutiken.com\/en\/wp-json\/wp\/v2\/product_brand?post=12330"},{"taxonomy":"product_cat","embeddable":true,"href":"https:\/\/vitaminbutiken.com\/en\/wp-json\/wp\/v2\/product_cat?post=12330"},{"taxonomy":"product_tag","embeddable":true,"href":"https:\/\/vitaminbutiken.com\/en\/wp-json\/wp\/v2\/product_tag?post=12330"}],"curies":[{"name":"wp","href":"https:\/\/api.w.org\/{rel}","templated":true}]}}