{"id":12329,"date":"2025-06-30T14:28:18","date_gmt":"2025-06-30T12:28:18","guid":{"rendered":"https:\/\/vitaminbutiken.com\/?post_type=product&#038;p=11710"},"modified":"2026-04-07T08:08:43","modified_gmt":"2026-04-07T06:08:43","slug":"magnesium-citrate-gummies-lamberts","status":"publish","type":"product","link":"https:\/\/vitaminbutiken.com\/en\/produkt\/magnesium-citrate-gummies-lamberts\/","title":{"rendered":"Magnesium Citrate Gummies &#8211; Lamberts"},"content":{"rendered":"<h3>Magnesium Citrate Gummies &#8211; Lamberts<\/h3>\n<p data-start=\"40\" data-end=\"268\"><strong data-start=\"40\" data-end=\"79\">Lamberts\u00ae Magnesium Citrate Gummies<\/strong> inneh\u00e5ller 150 mg element\u00e4rt magnesium i goda k\u00f6rsb\u00e4rs- och jordgubbssmakande gummies. De inneh\u00e5ller magnesium i den h\u00f6gt biotillg\u00e4ngliga citratformen, vilket maximerar upptaget i kroppen.<\/p>\n<p data-start=\"270\" data-end=\"582\">Upp till 70 % av kvinnorna och 50 % av m\u00e4nnen f\u00e5r inte i sig tillr\u00e4ckligt av detta viktiga mineral via kosten, s\u00e5 detta tillskott \u00e4r ett utm\u00e4rkt val f\u00f6r den som vill fylla p\u00e5 sina niv\u00e5er. Tester som j\u00e4mf\u00f6rt magnesiumcitrat med tv\u00e5 andra vanliga magnesiumformer har visat att citratformen tas upp avsev\u00e4rt b\u00e4ttre.<\/p>\n<p data-start=\"584\" data-end=\"682\">Magnesium \u00e4r ett mineral som deltar i \u00f6ver 300 enzymreaktioner i kroppen och bidrar till normal:<\/p>\n<ul>\n<li data-start=\"685\" data-end=\"703\">Energioms\u00e4ttning<\/li>\n<li data-start=\"685\" data-end=\"703\">Nervsystemets funktion<\/li>\n<li data-start=\"685\" data-end=\"703\">Muskelfunktion<\/li>\n<li data-start=\"685\" data-end=\"703\">Proteinsyntes<\/li>\n<li data-start=\"685\" data-end=\"703\">Psykologisk funktion<\/li>\n<\/ul>\n<p><strong>Dosering: <\/strong>1 gummy per dag.<\/p>\n<table style=\"height: 80px;\" border=\"1\" width=\"621\" cellspacing=\"0\" cellpadding=\"0\">\n<tbody>\n<tr>\n<td valign=\"top\" width=\"30%\"><strong>1 gummy inneh\u00e5ller<\/strong><\/td>\n<td valign=\"top\" width=\"20%\"><strong> M\u00e4ngd<\/strong><\/td>\n<td valign=\"top\" width=\"30%\"><strong>*DRI% <\/strong><\/td>\n<\/tr>\n<tr>\n<td valign=\"top\" width=\"30%\">Magnesium<\/td>\n<td valign=\"top\" width=\"20%\">150 mg<\/td>\n<td valign=\"top\" width=\"20%\">40 %<\/td>\n<\/tr>\n<tr>\n<td valign=\"top\" width=\"30%\">Frukto-oligosackarider (FOS)<\/td>\n<td valign=\"top\" width=\"20%\">956 mg<\/td>\n<td valign=\"top\" width=\"20%\">**<\/td>\n<\/tr>\n<\/tbody>\n<\/table>\n<p><strong><em>*DRI \u00e4r dagligt referensintag. **DRI ej fastst\u00e4llt.<\/em><\/strong><\/p>\n<p><strong>Ingredienser<\/strong>: Cikoriarotfibrer (fruktooligosackarider (FOS)), magnesiumcitrat, vatten, surhetsreglerande<br \/>\nmedel (citronsyra och natriumcitrat), svart morotskoncentrat, naturlig jordgubbs- och k\u00f6rsb\u00e4rsarom, ytbehandlingsmedel (karnaubavax).<\/p>\n<p>Rekommenderad dos b\u00f6r ej \u00f6verskridas.<br \/>\nKosttillskott ers\u00e4tter inte en varierad kost.<br \/>\nProdukten f\u00f6rvaras o\u00e5tkomligt f\u00f6r sm\u00e5 barn.<\/p>\n<p>L\u00e4mplig f\u00f6r veganer<\/p>\n","protected":false},"excerpt":{"rendered":"<ul>\n<li>Inneh\u00e5ller 150 mg magnesium som citrat f\u00f6r b\u00e4ttre upptag.<\/li>\n<li>Tester med tv\u00e5 andra vanliga magnesiumf\u00f6reningar visade att magnesiumcitrat har \u00f6verl\u00e4gset upptag.<\/li>\n<li>Goda jordgubbs- och k\u00f6rsb\u00e4rsgummies utan socker.<\/li>\n<li>Magnesium bidrar till normal ben- och muskelfunktion, inklusive hj\u00e4rtmuskeln,<\/li>\n<li>St\u00f6djer energiniv\u00e5er och hj\u00e4lper till att minska tr\u00f6tthet och utmattning,<\/li>\n<li>Hj\u00e4lper till att uppr\u00e4tth\u00e5lla nervsystemets normala funktion.<\/li>\n<\/ul>\n<h5>40 gummies<\/h5>\n","protected":false},"featured_media":12339,"comment_status":"closed","ping_status":"closed","template":"","meta":{"_kad_blocks_custom_css":"","_kad_blocks_head_custom_js":"","_kad_blocks_body_custom_js":"","_kad_blocks_footer_custom_js":"","_kadence_starter_templates_imported_post":false,"_kad_post_transparent":"default","_kad_post_title":"","_kad_post_layout":"default","_kad_post_sidebar_id":"","_kad_post_content_style":"default","_kad_post_vertical_padding":"default","_kad_post_feature":"","_kad_post_feature_position":"","_kad_post_header":false,"_kad_post_footer":false,"_kad_post_classname":""},"product_brand":[],"product_cat":[2808,1234,625,281,146,278],"product_tag":[],"class_list":{"0":"post-12329","1":"product","2":"type-product","3":"status-publish","4":"has-post-thumbnail","6":"product_cat-barn","7":"product_cat-lamberts","8":"product_cat-magnesium","9":"product_cat-mineraler","10":"product_cat-stressad-och-trott","11":"product_cat-traning","13":"first","14":"instock","15":"taxable","16":"shipping-taxable","17":"purchasable","18":"product-type-simple","19":"entry","20":"content-bg","21":"loop-entry"},"taxonomy_info":{"product_cat":[{"value":2808,"label":"Barn"},{"value":1234,"label":"Lamberts"},{"value":625,"label":"Magnesium"},{"value":281,"label":"Mineraler"},{"value":146,"label":"Stressad &amp; Tr\u00f6tt"},{"value":278,"label":"Tr\u00e4ning"}]},"featured_image_src_large":["https:\/\/vitaminbutiken.com\/wp-content\/uploads\/2025\/06\/8617-40-Magnesium-citrate-Photoroom.png",640,640,false],"author_info":[],"comment_info":0,"_links":{"self":[{"href":"https:\/\/vitaminbutiken.com\/en\/wp-json\/wp\/v2\/product\/12329","targetHints":{"allow":["GET"]}}],"collection":[{"href":"https:\/\/vitaminbutiken.com\/en\/wp-json\/wp\/v2\/product"}],"about":[{"href":"https:\/\/vitaminbutiken.com\/en\/wp-json\/wp\/v2\/types\/product"}],"replies":[{"embeddable":true,"href":"https:\/\/vitaminbutiken.com\/en\/wp-json\/wp\/v2\/comments?post=12329"}],"wp:featuredmedia":[{"embeddable":true,"href":"https:\/\/vitaminbutiken.com\/en\/wp-json\/wp\/v2\/media\/12339"}],"wp:attachment":[{"href":"https:\/\/vitaminbutiken.com\/en\/wp-json\/wp\/v2\/media?parent=12329"}],"wp:term":[{"taxonomy":"product_brand","embeddable":true,"href":"https:\/\/vitaminbutiken.com\/en\/wp-json\/wp\/v2\/product_brand?post=12329"},{"taxonomy":"product_cat","embeddable":true,"href":"https:\/\/vitaminbutiken.com\/en\/wp-json\/wp\/v2\/product_cat?post=12329"},{"taxonomy":"product_tag","embeddable":true,"href":"https:\/\/vitaminbutiken.com\/en\/wp-json\/wp\/v2\/product_tag?post=12329"}],"curies":[{"name":"wp","href":"https:\/\/api.w.org\/{rel}","templated":true}]}}