{"id":12328,"date":"2025-06-30T14:23:38","date_gmt":"2025-06-30T12:23:38","guid":{"rendered":"https:\/\/vitaminbutiken.com\/?post_type=product&#038;p=11704"},"modified":"2026-04-02T12:25:59","modified_gmt":"2026-04-02T10:25:59","slug":"biome-balance-gummies-lamberts","status":"publish","type":"product","link":"https:\/\/vitaminbutiken.com\/en\/produkt\/biome-balance-gummies-lamberts\/","title":{"rendered":"Biome Balance gummies &#8211; Lamberts"},"content":{"rendered":"<h3>Biome Balance gummies &#8211; Lamberts<\/h3>\n<p data-start=\"34\" data-end=\"327\">Dessa goda gummies \u00e4r formulerade f\u00f6r att st\u00f6dja allm\u00e4nt v\u00e4lbefinnande. Njut av den friska, naturliga apelsinsmaken samtidigt som du fr\u00e4mjar matsm\u00e4ltningsh\u00e4lsan p\u00e5 ett smidigt och trevligt s\u00e4tt. Gummies g\u00f6r det enkelt att f\u00e5 in probiotika i din dagliga rutin, s\u00e5 att du kan m\u00e5 bra \u2013 varje dag.<\/p>\n<p data-start=\"329\" data-end=\"599\"><strong data-start=\"329\" data-end=\"373\">Lamberts\u00ae Biome Balance Advanced-gummies<\/strong> inneh\u00e5ller en miljard levande bakterier av en v\u00e4ldokumenterad stam, <em data-start=\"442\" data-end=\"462\">Bacillus coagulans<\/em>. Denna stam \u00e4r k\u00e4nd f\u00f6r sin f\u00f6rm\u00e5ga att \u00f6verleva magsyra och n\u00e5 tarmen intakt, vilket g\u00f6r den s\u00e4rskilt l\u00e4mplig f\u00f6r anv\u00e4ndning i gummies.<\/p>\n<p data-start=\"329\" data-end=\"599\">\n<p><strong>Dosering: <\/strong>2 kapslar per dag.<\/p>\n<table style=\"height: 80px;\" border=\"1\" width=\"621\" cellspacing=\"0\" cellpadding=\"0\">\n<tbody>\n<tr>\n<td valign=\"top\" width=\"30%\"><strong>2 kapslar inneh\u00e5ller<\/strong><\/td>\n<td valign=\"top\" width=\"20%\"><strong> M\u00e4ngd<\/strong><\/td>\n<td valign=\"top\" width=\"30%\"><strong>*DRI% <\/strong><\/td>\n<\/tr>\n<tr>\n<td valign=\"top\" width=\"30%\">Bacillus coagulans 1&#215;10 (miljard) levande bakterier<\/td>\n<td valign=\"top\" width=\"20%\">**<\/td>\n<td valign=\"top\" width=\"20%\">**<\/td>\n<\/tr>\n<tr>\n<td valign=\"top\" width=\"30%\">Frukto-oligosackarider (FOS)<\/td>\n<td valign=\"top\" width=\"20%\">1512 mg<\/td>\n<td valign=\"top\" width=\"20%\">**<\/td>\n<\/tr>\n<\/tbody>\n<\/table>\n<p><strong><em>*DRI (dagligt referensintag) ej fastst\u00e4llt.<\/em><\/strong><\/p>\n<p><strong>Ingredienser<\/strong>: Cikoriarotfibrer (frukto-oligosackarider (FOS)), vatten, surhetsreglerande medel (citronsyra<br \/>\noch natriumcitrat), Bacillus coagulans, naturlig apelsinarom, f\u00e4rg\u00e4mne (paprikaextrakt), ytbehandlingsmedel (karnaubavax)<\/p>\n<p>Rekommenderad dos b\u00f6r ej \u00f6verskridas.<br \/>\nKosttillskott ers\u00e4tter inte en varierad kost.<br \/>\nProdukten f\u00f6rvaras o\u00e5tkomligt f\u00f6r sm\u00e5 barn.<br \/>\nRekommenderas inte till gravida eller ammande.<\/p>\n<p>L\u00e4mplig f\u00f6r veganer<\/p>\n","protected":false},"excerpt":{"rendered":"<ul>\n<li>Ett avancerat kosttillskott utformat f\u00f6r att komplettera de bakterier som naturligt finns i tarmen.<\/li>\n<li>Med FOS f\u00f6r att st\u00f6dja en m\u00e5ngsidig tarmflora.<\/li>\n<li>Goda apelsingummies \u2013 helt utan socker.<\/li>\n<\/ul>\n<h5>30 gummies<\/h5>\n","protected":false},"featured_media":12338,"comment_status":"closed","ping_status":"closed","template":"","meta":{"_kad_blocks_custom_css":"","_kad_blocks_head_custom_js":"","_kad_blocks_body_custom_js":"","_kad_blocks_footer_custom_js":"","_kadence_starter_templates_imported_post":false,"_kad_post_transparent":"","_kad_post_title":"","_kad_post_layout":"","_kad_post_sidebar_id":"","_kad_post_content_style":"","_kad_post_vertical_padding":"","_kad_post_feature":"","_kad_post_feature_position":"","_kad_post_header":false,"_kad_post_footer":false,"_kad_post_classname":""},"product_brand":[],"product_cat":[431,1234,2819],"product_tag":[],"class_list":{"0":"post-12328","1":"product","2":"type-product","3":"status-publish","4":"has-post-thumbnail","6":"product_cat-mage-tarm","7":"product_cat-lamberts","8":"product_cat-matsmaltningsenzymer","10":"first","11":"instock","12":"taxable","13":"shipping-taxable","14":"purchasable","15":"product-type-simple","16":"entry","17":"content-bg","18":"loop-entry"},"taxonomy_info":{"product_cat":[{"value":431,"label":"Mage &amp; Tarm"},{"value":1234,"label":"Lamberts"},{"value":2819,"label":"Matsm\u00e4ltningsenzymer"}]},"featured_image_src_large":["https:\/\/vitaminbutiken.com\/wp-content\/uploads\/2025\/06\/8616-30-Biome-balance-gummies-Photoroom.png",640,640,false],"author_info":[],"comment_info":0,"_links":{"self":[{"href":"https:\/\/vitaminbutiken.com\/en\/wp-json\/wp\/v2\/product\/12328","targetHints":{"allow":["GET"]}}],"collection":[{"href":"https:\/\/vitaminbutiken.com\/en\/wp-json\/wp\/v2\/product"}],"about":[{"href":"https:\/\/vitaminbutiken.com\/en\/wp-json\/wp\/v2\/types\/product"}],"replies":[{"embeddable":true,"href":"https:\/\/vitaminbutiken.com\/en\/wp-json\/wp\/v2\/comments?post=12328"}],"wp:featuredmedia":[{"embeddable":true,"href":"https:\/\/vitaminbutiken.com\/en\/wp-json\/wp\/v2\/media\/12338"}],"wp:attachment":[{"href":"https:\/\/vitaminbutiken.com\/en\/wp-json\/wp\/v2\/media?parent=12328"}],"wp:term":[{"taxonomy":"product_brand","embeddable":true,"href":"https:\/\/vitaminbutiken.com\/en\/wp-json\/wp\/v2\/product_brand?post=12328"},{"taxonomy":"product_cat","embeddable":true,"href":"https:\/\/vitaminbutiken.com\/en\/wp-json\/wp\/v2\/product_cat?post=12328"},{"taxonomy":"product_tag","embeddable":true,"href":"https:\/\/vitaminbutiken.com\/en\/wp-json\/wp\/v2\/product_tag?post=12328"}],"curies":[{"name":"wp","href":"https:\/\/api.w.org\/{rel}","templated":true}]}}