{"id":12327,"date":"2025-06-30T14:20:28","date_gmt":"2025-06-30T12:20:28","guid":{"rendered":"https:\/\/vitaminbutiken.com\/?post_type=product&#038;p=11699"},"modified":"2026-03-26T11:24:04","modified_gmt":"2026-03-26T10:24:04","slug":"biome-balance-advance-gummies-lamberts","status":"publish","type":"product","link":"https:\/\/vitaminbutiken.com\/en\/produkt\/biome-balance-advance-gummies-lamberts\/","title":{"rendered":"Biome Balance Advance Gummies &#8211; Lamberts"},"content":{"rendered":"<p>Biome Balance Advance Gummies &#8211; Lamberts<\/p>\n<p data-start=\"34\" data-end=\"293\"><strong data-start=\"34\" data-end=\"78\">Lamberts\u00ae Biome Balance Advanced-gummies<\/strong> inneh\u00e5ller en miljard levande bakterier av en v\u00e4lstuderad och f\u00f6rdelaktig stam \u2013 <em data-start=\"160\" data-end=\"179\">Bacillus subtilis<\/em> \u2013 som \u00e4r b\u00e5de m\u00e5ngsidig och motst\u00e5ndskraftig. Detta g\u00f6r den till ett v\u00e4rdefullt tillskott i en h\u00e4lsosam livsstil.<\/p>\n<p data-start=\"295\" data-end=\"582\" data-is-last-node=\"\" data-is-only-node=\"\">Vi har \u00e4ven inkluderat fruktooligosackarider (FOS) i produkten f\u00f6r att fungera som n\u00e4ring f\u00f6r de levande bakterierna.<br data-start=\"412\" data-end=\"415\" \/>Biome Balance Advanced-gummies inneh\u00e5ller dessutom en inaktiverad form av <em data-start=\"489\" data-end=\"514\">Lactobacillus plantarum<\/em> L-137, som ger m\u00e5nga av de f\u00f6rdelar som levande bakterier erbjuder.<\/p>\n<p data-start=\"295\" data-end=\"582\" data-is-last-node=\"\" data-is-only-node=\"\">\n<p><strong>Dosering: <\/strong>1 gummy per dag.<\/p>\n<table style=\"height: 80px;\" border=\"1\" width=\"621\" cellspacing=\"0\" cellpadding=\"0\">\n<tbody>\n<tr>\n<td valign=\"top\" width=\"30%\"><strong>1 gummy inneh\u00e5ller<\/strong><\/td>\n<td valign=\"top\" width=\"20%\"><strong> M\u00e4ngd<\/strong><\/td>\n<td valign=\"top\" width=\"30%\"><strong>*DRI% <\/strong><\/td>\n<\/tr>\n<tr>\n<td valign=\"top\" width=\"30%\">Bacillus subtilis 1&#215;10 (1 miljard) levande bakterier<\/td>\n<td valign=\"top\" width=\"20%\">**<\/td>\n<td valign=\"top\" width=\"20%\">**<\/td>\n<\/tr>\n<tr>\n<td valign=\"top\" width=\"30%\">Tyndalliserad Lactobacillus plantarum L-137<\/td>\n<td valign=\"top\" width=\"20%\">34 mg<\/td>\n<td valign=\"top\" width=\"20%\">**<\/td>\n<\/tr>\n<\/tbody>\n<\/table>\n<p><strong><em>*DRI (dagligt referensintag) ej fastst\u00e4llt.<\/em><\/strong><\/p>\n<p><strong>Ingredienser<\/strong>: Cikoriarotfibrer (Frukto-oligosackarider (FOS)), Vatten, Naturlig jordgubbs- och apelsinsmak,<br \/>\nTyndalliserad Lactobacillus plantarum L-137, Surhetsreglerande medel (Citronsyra &amp; Natriumcitrat),<br \/>\nBacillus subtilis, Svart morotskoncentrat, F\u00e4rg\u00e4mne (Paprikaextrakt), Ytbehandlingsmedel (Karnaubavax).<\/p>\n<p>Rekommenderad dos b\u00f6r ej \u00f6verskridas.<br \/>\nKosttillskott ers\u00e4tter inte en varierad kost.<br \/>\nProdukten f\u00f6rvaras o\u00e5tkomligt f\u00f6r sm\u00e5 barn.<br \/>\nRekommenderas inte till gravida eller ammande.<\/p>\n<p>L\u00e4mplig f\u00f6r vegetarianer<\/p>\n","protected":false},"excerpt":{"rendered":"<ul>\n<li>Avancerat bakterietillskott utformat f\u00f6r att komplettera de bakterier som naturligt finns i tarmen.<\/li>\n<li>Inneh\u00e5ller v\u00e4ldokumenterade bakteriestammar som kan bidra till en h\u00e4lsosam matsm\u00e4ltning.<\/li>\n<li>Med prebiotisk FOS f\u00f6r att st\u00f6dja goda tarmbakterier.<\/li>\n<li>Naturliga jordgubbs- och apelsingummies utan tillsatt socker eller s\u00f6tningsmedel.<\/li>\n<\/ul>\n<h5>30 gummies<\/h5>\n","protected":false},"featured_media":12337,"comment_status":"closed","ping_status":"closed","template":"","meta":{"_kad_blocks_custom_css":"","_kad_blocks_head_custom_js":"","_kad_blocks_body_custom_js":"","_kad_blocks_footer_custom_js":"","_kadence_starter_templates_imported_post":false,"_kad_post_transparent":"","_kad_post_title":"","_kad_post_layout":"","_kad_post_sidebar_id":"","_kad_post_content_style":"","_kad_post_vertical_padding":"","_kad_post_feature":"","_kad_post_feature_position":"","_kad_post_header":false,"_kad_post_footer":false,"_kad_post_classname":""},"product_brand":[],"product_cat":[431,1234],"product_tag":[],"class_list":{"0":"post-12327","1":"product","2":"type-product","3":"status-publish","4":"has-post-thumbnail","6":"product_cat-mage-tarm","7":"product_cat-lamberts","9":"first","10":"instock","11":"taxable","12":"shipping-taxable","13":"purchasable","14":"product-type-simple","15":"entry","16":"content-bg","17":"loop-entry"},"taxonomy_info":{"product_cat":[{"value":431,"label":"Mage &amp; Tarm"},{"value":1234,"label":"Lamberts"}]},"featured_image_src_large":["https:\/\/vitaminbutiken.com\/wp-content\/uploads\/2025\/06\/8615-30-Biome-balance-gummies-Photoroom-e1751285943903.png",616,630,false],"author_info":[],"comment_info":0,"_links":{"self":[{"href":"https:\/\/vitaminbutiken.com\/en\/wp-json\/wp\/v2\/product\/12327","targetHints":{"allow":["GET"]}}],"collection":[{"href":"https:\/\/vitaminbutiken.com\/en\/wp-json\/wp\/v2\/product"}],"about":[{"href":"https:\/\/vitaminbutiken.com\/en\/wp-json\/wp\/v2\/types\/product"}],"replies":[{"embeddable":true,"href":"https:\/\/vitaminbutiken.com\/en\/wp-json\/wp\/v2\/comments?post=12327"}],"wp:featuredmedia":[{"embeddable":true,"href":"https:\/\/vitaminbutiken.com\/en\/wp-json\/wp\/v2\/media\/12337"}],"wp:attachment":[{"href":"https:\/\/vitaminbutiken.com\/en\/wp-json\/wp\/v2\/media?parent=12327"}],"wp:term":[{"taxonomy":"product_brand","embeddable":true,"href":"https:\/\/vitaminbutiken.com\/en\/wp-json\/wp\/v2\/product_brand?post=12327"},{"taxonomy":"product_cat","embeddable":true,"href":"https:\/\/vitaminbutiken.com\/en\/wp-json\/wp\/v2\/product_cat?post=12327"},{"taxonomy":"product_tag","embeddable":true,"href":"https:\/\/vitaminbutiken.com\/en\/wp-json\/wp\/v2\/product_tag?post=12327"}],"curies":[{"name":"wp","href":"https:\/\/api.w.org\/{rel}","templated":true}]}}