{"id":12326,"date":"2025-06-30T14:12:09","date_gmt":"2025-06-30T12:12:09","guid":{"rendered":"https:\/\/vitaminbutiken.com\/?post_type=product&#038;p=11689"},"modified":"2026-04-09T08:54:19","modified_gmt":"2026-04-09T06:54:19","slug":"multi-guard-for-kids-gummies-lamberts","status":"publish","type":"product","link":"https:\/\/vitaminbutiken.com\/en\/produkt\/multi-guard-for-kids-gummies-lamberts\/","title":{"rendered":"Multi-Guard for kids Gummies &#8211; Lamberts"},"content":{"rendered":"<h3>Multi-Guard for kids Gummies &#8211; Lamberts<\/h3>\n<p>Multi-Guard Gummies for Kids \u00ae is one of the best children&#8217;s gummy formulas available in the UK. Packed with essential vitamins and minerals, these tasty gummies support healthy growth, development, and overall well-being. Each gummy is formulated to provide key nutrients like vitamins A, C, D, E, and B vitamins, along with zinc and iodine, ensuring your little ones get the nutrients they need to thrive. Most High Street brands provide only low potency vitamins and can be full of sugar. However, we have developed this formula using FOS, a soluble fibre with a naturally sweet taste.<\/p>\n<p>With a delightful strawberry flavour that kids love, our gummies make it easy to incorporate essential vitamins into their daily routine, whether at home or on the go. The gummies are carefully formulated to allow them to be suitable for ages 4-14 years, with one per day for children up to 10 years and two for the older aged group.<\/p>\n<p>Multi-Guard for Kids Gummies can be used alongside other food supplements such as our Chewable Calcium and Omega 3 Berry Bursts.<\/p>\n<p><strong>Dosering: <\/strong>1 gummy per dag.<\/p>\n<table style=\"height: 80px;\" border=\"1\" width=\"621\" cellspacing=\"0\" cellpadding=\"0\">\n<tbody>\n<tr>\n<td valign=\"top\" width=\"30%\"><strong>1 gummy inneh\u00e5ller<\/strong><\/td>\n<td valign=\"top\" width=\"20%\"><strong> M\u00e4ngd<\/strong><\/td>\n<td valign=\"top\" width=\"30%\"><strong>*DRI% <\/strong><\/td>\n<\/tr>\n<tr>\n<td valign=\"top\" width=\"30%\">Vitamin A<\/td>\n<td valign=\"top\" width=\"20%\">200 \u00b5g RE<\/td>\n<td valign=\"top\" width=\"20%\">25 %<\/td>\n<\/tr>\n<tr>\n<td valign=\"top\" width=\"30%\">Vitamin D3<\/td>\n<td valign=\"top\" width=\"20%\">5 \u00b5g<\/td>\n<td valign=\"top\" width=\"20%\">100 %<\/td>\n<\/tr>\n<tr>\n<td valign=\"top\" width=\"30%\">Vitamin E<\/td>\n<td valign=\"top\" width=\"20%\">7,5 mg a-TE<\/td>\n<td valign=\"top\" width=\"20%\">63 %<\/td>\n<\/tr>\n<tr>\n<td valign=\"top\" width=\"30%\">Vitamin C<\/td>\n<td valign=\"top\" width=\"20%\">40 mg<\/td>\n<td valign=\"top\" width=\"20%\">50 %<\/td>\n<\/tr>\n<tr>\n<td valign=\"top\" width=\"30%\">Niasin (B3)<\/td>\n<td valign=\"top\" width=\"20%\">4 mg NE<\/td>\n<td valign=\"top\" width=\"20%\">25 %<\/td>\n<\/tr>\n<tr>\n<td valign=\"top\" width=\"30%\">Vitamin B6<\/td>\n<td valign=\"top\" width=\"20%\">0,85 mg<\/td>\n<td valign=\"top\" width=\"20%\">61 %<\/td>\n<\/tr>\n<tr>\n<td valign=\"top\" width=\"30%\">Folsyra<\/td>\n<td valign=\"top\" width=\"20%\">100 \u00b5g<\/td>\n<td valign=\"top\" width=\"20%\">50 %<\/td>\n<\/tr>\n<tr>\n<td valign=\"top\" width=\"30%\">Vitamin B12<\/td>\n<td valign=\"top\" width=\"20%\">1,2 \u00b5g<\/td>\n<td valign=\"top\" width=\"20%\">48 %<\/td>\n<\/tr>\n<tr>\n<td valign=\"top\" width=\"30%\">Biotin<\/td>\n<td valign=\"top\" width=\"20%\">15 \u00b5g<\/td>\n<td valign=\"top\" width=\"20%\">30 %<\/td>\n<\/tr>\n<tr>\n<td valign=\"top\" width=\"30%\">Pantotensyra<\/td>\n<td valign=\"top\" width=\"20%\">1 mg<\/td>\n<td valign=\"top\" width=\"20%\">17 %<\/td>\n<\/tr>\n<tr>\n<td valign=\"top\" width=\"30%\">Zink<\/td>\n<td valign=\"top\" width=\"20%\">1 mg<\/td>\n<td valign=\"top\" width=\"20%\">10 %<\/td>\n<\/tr>\n<tr>\n<td valign=\"top\" width=\"30%\">Jod<\/td>\n<td valign=\"top\" width=\"20%\">30 \u00b5g<\/td>\n<td valign=\"top\" width=\"20%\">20 %<\/td>\n<\/tr>\n<tr>\n<td valign=\"top\" width=\"30%\">Frukto-oligosackarider (FOS)<\/td>\n<td valign=\"top\" width=\"20%\">1429 mg<\/td>\n<td valign=\"top\" width=\"20%\">**<\/td>\n<\/tr>\n<\/tbody>\n<\/table>\n<p><strong><em>*DRI (dagligt referensintag) ej fastst\u00e4llt.<\/em><\/strong><\/p>\n<p><strong>Ingredienser<\/strong>: Cikoriarotfibrer (frukto-oligosackarider (FOS)), vatten, vitamin C (askorbinsyra), vitamin E (dl-alfa-tokoferylace<br \/>\ntat), svart morotskoncentrat, surhetsreglerande medel (natriumcitrat och natriumaskorbat), naturlig jordgubbssmak,<br \/>\npantotensyra (kalciumpantotenat), niacin (nikotinamid), zinkcitrat, vitamin A (retinylacetat), vitamin D3 (kolekalciferol),<br \/>\nbiotin, vitamin B12 (cyanokobalamin), folsyra, vitamin B6 (pyridoxinhydroklorid), kaliumjodid, ytbehandlingsmedel (karnaubavax).<\/p>\n<p>Rekommenderad dos b\u00f6r ej \u00f6verskridas.<br \/>\nKosttillskott ers\u00e4tter inte en varierad kost.<br \/>\nProdukten f\u00f6rvaras o\u00e5tkomligt f\u00f6r sm\u00e5 barn.<br \/>\nRekommenderas inte till gravida eller ammande.<\/p>\n<p>L\u00e4mplig f\u00f6r vegetarianer<\/p>\n","protected":false},"excerpt":{"rendered":"<p>Inneh\u00e5ller relevanta niv\u00e5er av flera B-vitaminer som \u00e4r viktiga f\u00f6r energiproduktionen.<br data-start=\"187\" data-end=\"190\" data-is-only-node=\"\" \/>Med mineraler som zink, som bidrar till benh\u00e4lsa, syn, kognitiv funktion och immunf\u00f6rsvaret, samt jod som \u00e4r viktigt f\u00f6r tillv\u00e4xt och utveckling.<br data-start=\"335\" data-end=\"338\" \/>V\u00e4lsmakande gummies som dessutom \u00e4r fria fr\u00e5n b\u00e5de socker och aspartam.<br data-start=\"409\" data-end=\"412\" \/>Noggrant sammansatt f\u00f6r att passa barn i \u00e5ldern 4\u201314 \u00e5r.<br data-start=\"468\" data-end=\"471\" \/>Multi-Guard\u00ae f\u00f6r Kids Gummies kan kombineras med andra kosttillskott, som v\u00e5rt tuggv\u00e4nliga kalcium eller vitamin C-pulver.<\/p>\n<h5>60 gummies<\/h5>\n","protected":false},"featured_media":12335,"comment_status":"closed","ping_status":"closed","template":"","meta":{"_kad_blocks_custom_css":"","_kad_blocks_head_custom_js":"","_kad_blocks_body_custom_js":"","_kad_blocks_footer_custom_js":"","_kadence_starter_templates_imported_post":false,"_kad_post_transparent":"default","_kad_post_title":"","_kad_post_layout":"default","_kad_post_sidebar_id":"","_kad_post_content_style":"default","_kad_post_vertical_padding":"default","_kad_post_feature":"","_kad_post_feature_position":"","_kad_post_header":false,"_kad_post_footer":false,"_kad_post_classname":""},"product_brand":[],"product_cat":[176,1234,281,2821,2806,155],"product_tag":[],"class_list":{"0":"post-12326","1":"product","2":"type-product","3":"status-publish","4":"has-post-thumbnail","6":"product_cat-immunforsvar","7":"product_cat-lamberts","8":"product_cat-mineraler","9":"product_cat-multi-mineral","10":"product_cat-multi-vitamin","11":"product_cat-vitaminer","13":"first","14":"instock","15":"taxable","16":"shipping-taxable","17":"purchasable","18":"product-type-simple","19":"entry","20":"content-bg","21":"loop-entry"},"taxonomy_info":{"product_cat":[{"value":176,"label":"Immunf\u00f6rsvar"},{"value":1234,"label":"Lamberts"},{"value":281,"label":"Mineraler"},{"value":2821,"label":"Multi-mineral"},{"value":2806,"label":"Multi-vitamin"},{"value":155,"label":"Vitaminer"}]},"featured_image_src_large":["https:\/\/vitaminbutiken.com\/wp-content\/uploads\/2025\/06\/8613-60-Multi-guard-for-kids-Photoroom.png",640,640,false],"author_info":[],"comment_info":0,"_links":{"self":[{"href":"https:\/\/vitaminbutiken.com\/en\/wp-json\/wp\/v2\/product\/12326","targetHints":{"allow":["GET"]}}],"collection":[{"href":"https:\/\/vitaminbutiken.com\/en\/wp-json\/wp\/v2\/product"}],"about":[{"href":"https:\/\/vitaminbutiken.com\/en\/wp-json\/wp\/v2\/types\/product"}],"replies":[{"embeddable":true,"href":"https:\/\/vitaminbutiken.com\/en\/wp-json\/wp\/v2\/comments?post=12326"}],"wp:featuredmedia":[{"embeddable":true,"href":"https:\/\/vitaminbutiken.com\/en\/wp-json\/wp\/v2\/media\/12335"}],"wp:attachment":[{"href":"https:\/\/vitaminbutiken.com\/en\/wp-json\/wp\/v2\/media?parent=12326"}],"wp:term":[{"taxonomy":"product_brand","embeddable":true,"href":"https:\/\/vitaminbutiken.com\/en\/wp-json\/wp\/v2\/product_brand?post=12326"},{"taxonomy":"product_cat","embeddable":true,"href":"https:\/\/vitaminbutiken.com\/en\/wp-json\/wp\/v2\/product_cat?post=12326"},{"taxonomy":"product_tag","embeddable":true,"href":"https:\/\/vitaminbutiken.com\/en\/wp-json\/wp\/v2\/product_tag?post=12326"}],"curies":[{"name":"wp","href":"https:\/\/api.w.org\/{rel}","templated":true}]}}