{"id":12325,"date":"2025-06-30T14:09:09","date_gmt":"2025-06-30T12:09:09","guid":{"rendered":"https:\/\/vitaminbutiken.com\/?post_type=product&#038;p=11683"},"modified":"2026-04-09T08:54:16","modified_gmt":"2026-04-09T06:54:16","slug":"imuno-strength-gummies-lamberts","status":"publish","type":"product","link":"https:\/\/vitaminbutiken.com\/en\/produkt\/imuno-strength-gummies-lamberts\/","title":{"rendered":"Imuno-Strength Gummies &#8211; Lamberts"},"content":{"rendered":"<h3 data-start=\"34\" data-end=\"188\">Imuno-Strength Gummies &#8211; Lamberts<\/h3>\n<p data-start=\"34\" data-end=\"188\">Lamberts Imuno-Strength\u00ae \u00e4r en v\u00e4lsmakande fl\u00e4dergummi som noggrant framst\u00e4llts f\u00f6r att s\u00e4kerst\u00e4lla att de naturliga gynnsamma \u00e4mnena i frukterna bevaras.<\/p>\n<p data-start=\"190\" data-end=\"555\">Fl\u00e4derb\u00e4r \u00e4r en exceptionellt rik k\u00e4lla till viktiga \u00e4mnen som kallas flavonoider, inklusive antocyanidiner, vilka \u00e4r kraftfulla antioxidanter. Med detta i \u00e5tanke \u00e4r Imuno-Strength\u00ae formulerat f\u00f6r att ta tillvara fruktens naturliga egenskaper. Flavonoidfamljen som finns i dessa frukter \u00e4r aktiv i m\u00e5nga delar av kroppen, vilket g\u00f6r den till en utm\u00e4rkt antioxidant.<\/p>\n<p data-start=\"557\" data-end=\"816\" data-is-last-node=\"\" data-is-only-node=\"\">Som ett immunst\u00f6d inneh\u00e5ller v\u00e5r formula vitamin C och zink, som bidrar till immunsystemets normala funktion. Imuno-Strength\u00ae rekommenderas ofta av experter under vinterm\u00e5naderna n\u00e4r behovet av immunst\u00f6d \u00e4r som st\u00f6rst, men v\u00e5r formula kan ocks\u00e5 tas \u00e5ret runt.<\/p>\n<p data-start=\"557\" data-end=\"816\" data-is-last-node=\"\" data-is-only-node=\"\">\n<p><strong>Dosering: <\/strong>1 gummy per dag<\/p>\n<table style=\"height: 80px;\" border=\"1\" width=\"621\" cellspacing=\"0\" cellpadding=\"0\">\n<tbody>\n<tr>\n<td valign=\"top\" width=\"30%\"><strong>1 gummy inneh\u00e5ller\u00a0<\/strong><\/td>\n<td valign=\"top\" width=\"20%\"><strong> M\u00e4ngd<\/strong><\/td>\n<td valign=\"top\" width=\"30%\"><strong>*DRI% <\/strong><\/td>\n<\/tr>\n<tr>\n<td valign=\"top\" width=\"30%\">Vitamin C<\/td>\n<td valign=\"top\" width=\"20%\">45 mg<\/td>\n<td valign=\"top\" width=\"20%\">56 %<\/td>\n<\/tr>\n<tr>\n<td valign=\"top\" width=\"30%\">Zink<\/td>\n<td valign=\"top\" width=\"20%\">3,75 mg<\/td>\n<td valign=\"top\" width=\"20%\">38 %<\/td>\n<\/tr>\n<tr>\n<td valign=\"top\" width=\"30%\">Fl\u00e4derb\u00e4r (50mg av ett 4:1 extrakt)<\/td>\n<td valign=\"top\" width=\"20%\">200 mg<\/td>\n<td valign=\"top\" width=\"20%\">**<\/td>\n<\/tr>\n<tr>\n<td valign=\"top\" width=\"30%\">Fruktooligosackarider (FOS)<\/td>\n<td valign=\"top\" width=\"20%\">1426 mg<\/td>\n<td valign=\"top\" width=\"20%\">**<\/td>\n<\/tr>\n<\/tbody>\n<\/table>\n<p><strong><em>*DRI \u00e4r dagligt referensintag. **DRI ej fastst\u00e4llt.<\/em><\/strong><\/p>\n<p><strong>Ingredienser<\/strong>: Cikoriarotfibrer (fruktooligosackarider (FOS)), vatten, vitamin C (askorbinsyra), fl\u00e4derb\u00e4rsex<br \/>\ntrakt (sambucus), naturlig jordgubbs- och k\u00f6rsb\u00e4rsarom, svart morotskoncentrat, zinkcitrat, surhetsregler<br \/>\nande medel (trisodiumcitrat), ytbehandlingsmedel (karnaubavax).<\/p>\n<p>Rekommenderad dos b\u00f6r ej \u00f6verskridas.<br \/>\nKosttillskott ers\u00e4tter inte en varierad kost.<br \/>\nProdukten f\u00f6rvaras o\u00e5tkomligt f\u00f6r sm\u00e5 barn.<br \/>\nRekommenderas inte till gravida eller ammande.<\/p>\n<p>L\u00e4mplig f\u00f6r veganer<\/p>\n","protected":false},"excerpt":{"rendered":"<ul>\n<li>Fl\u00e4derb\u00e4rsextrakt noggrant framst\u00e4llt f\u00f6r att bevara de naturliga gynnsamma \u00e4mnena.<\/li>\n<li>Delikata jordgubb- och k\u00f6rsb\u00e4rsgummies utan tillsatt socker eller s\u00f6tningsmedel.<\/li>\n<li>Rik k\u00e4lla till flavonoider.<\/li>\n<li>Dessa l\u00e4ckra gummies \u00e4r perfekta f\u00f6r barn och f\u00f6r dem som har sv\u00e5rt att sv\u00e4lja.<\/li>\n<li>S\u00e4rskilt v\u00e4rdefulla under vinterm\u00e5naderna med vitamin C och zink f\u00f6r att st\u00f6dja immunfunktionen.<\/li>\n<\/ul>\n<h4>60 gummies<\/h4>\n","protected":false},"featured_media":12334,"comment_status":"closed","ping_status":"closed","template":"","meta":{"_kad_blocks_custom_css":"","_kad_blocks_head_custom_js":"","_kad_blocks_body_custom_js":"","_kad_blocks_footer_custom_js":"","_kadence_starter_templates_imported_post":false,"_kad_post_transparent":"","_kad_post_title":"","_kad_post_layout":"","_kad_post_sidebar_id":"","_kad_post_content_style":"","_kad_post_vertical_padding":"","_kad_post_feature":"","_kad_post_feature_position":"","_kad_post_header":false,"_kad_post_footer":false,"_kad_post_classname":""},"product_brand":[],"product_cat":[2808,508,176,1234],"product_tag":[],"class_list":{"0":"post-12325","1":"product","2":"type-product","3":"status-publish","4":"has-post-thumbnail","6":"product_cat-barn","7":"product_cat-c-vitamin","8":"product_cat-immunforsvar","9":"product_cat-lamberts","11":"first","12":"instock","13":"taxable","14":"shipping-taxable","15":"purchasable","16":"product-type-simple","17":"entry","18":"content-bg","19":"loop-entry"},"taxonomy_info":{"product_cat":[{"value":2808,"label":"Barn"},{"value":508,"label":"C-vitamin"},{"value":176,"label":"Immunf\u00f6rsvar"},{"value":1234,"label":"Lamberts"}]},"featured_image_src_large":["https:\/\/vitaminbutiken.com\/wp-content\/uploads\/2025\/06\/8612-60-Imuno-Strength-Gummies-Photoroom-e1751285286298.png",662,630,false],"author_info":[],"comment_info":0,"_links":{"self":[{"href":"https:\/\/vitaminbutiken.com\/en\/wp-json\/wp\/v2\/product\/12325","targetHints":{"allow":["GET"]}}],"collection":[{"href":"https:\/\/vitaminbutiken.com\/en\/wp-json\/wp\/v2\/product"}],"about":[{"href":"https:\/\/vitaminbutiken.com\/en\/wp-json\/wp\/v2\/types\/product"}],"replies":[{"embeddable":true,"href":"https:\/\/vitaminbutiken.com\/en\/wp-json\/wp\/v2\/comments?post=12325"}],"wp:featuredmedia":[{"embeddable":true,"href":"https:\/\/vitaminbutiken.com\/en\/wp-json\/wp\/v2\/media\/12334"}],"wp:attachment":[{"href":"https:\/\/vitaminbutiken.com\/en\/wp-json\/wp\/v2\/media?parent=12325"}],"wp:term":[{"taxonomy":"product_brand","embeddable":true,"href":"https:\/\/vitaminbutiken.com\/en\/wp-json\/wp\/v2\/product_brand?post=12325"},{"taxonomy":"product_cat","embeddable":true,"href":"https:\/\/vitaminbutiken.com\/en\/wp-json\/wp\/v2\/product_cat?post=12325"},{"taxonomy":"product_tag","embeddable":true,"href":"https:\/\/vitaminbutiken.com\/en\/wp-json\/wp\/v2\/product_tag?post=12325"}],"curies":[{"name":"wp","href":"https:\/\/api.w.org\/{rel}","templated":true}]}}