{"id":12324,"date":"2025-06-30T13:32:06","date_gmt":"2025-06-30T11:32:06","guid":{"rendered":"https:\/\/vitaminbutiken.com\/?post_type=product&#038;p=11677"},"modified":"2026-04-19T11:50:44","modified_gmt":"2026-04-19T09:50:44","slug":"vitamin-d3-1000iu-gummies-lamberts","status":"publish","type":"product","link":"https:\/\/vitaminbutiken.com\/en\/produkt\/vitamin-d3-1000iu-gummies-lamberts\/","title":{"rendered":"Vitamin D3 1000iu Gummies &#8211; Lamberts"},"content":{"rendered":"<h3>Vitamin D3 1000iu Gummies &#8211; Lamberts<\/h3>\n<ul>\n<li>Varje gummivitamin inneh\u00e5ller 25 \u00b5g av detta viktiga n\u00e4rings\u00e4mne, i en god \u00e4ppelsmakande gummi utan tillsatt socker.<\/li>\n<li>H\u00e4lsodepartementet rekommenderar att alla (inklusive barn) b\u00f6r \u00f6verv\u00e4ga att ta ett dagligt tillskott med minst 10 \u00b5g vitamin D.<\/li>\n<li>Studier visar att m\u00e5nga har otillr\u00e4ckliga blodniv\u00e5er av vitamin D3, varf\u00f6r en h\u00f6gre dos kan rekommenderas.<\/li>\n<\/ul>\n<p data-start=\"34\" data-end=\"325\">Varje Lamberts Vitamin D3 1000 IU-gummi inneh\u00e5ller 25 \u00b5g vitamin D i den f\u00f6redragna, h\u00f6gt biotillg\u00e4ngliga D3-formen f\u00f6r maximal upptagning. Med en god \u00e4ppelsmak och utan tillsatt socker eller s\u00f6tningsmedel \u00e4r gummibj\u00f6rnarna idealiska f\u00f6r dem som har sv\u00e5rt att sv\u00e4lja tabletter eller kapslar.<\/p>\n<p data-start=\"327\" data-end=\"889\">Vitamin D3 syntetiseras naturligt i kroppen n\u00e4r solljus tr\u00e4ffar huden direkt och har en \u00f6verl\u00e4gsen upptagningsf\u00f6rm\u00e5ga j\u00e4mf\u00f6rt med D2-formen som kommer fr\u00e5n v\u00e4xter. Kroppen f\u00e5r vitamin D3 (som \u00e4r ett steroidhormon) fr\u00e5n tv\u00e5 k\u00e4llor: kosten och solljusets p\u00e5verkan p\u00e5 huden, vilket driver den naturliga produktionen i kroppen. Om vi alla fick mer sol skulle vi ha tillr\u00e4ckligt med vitamin D, men i verkligheten beh\u00f6ver vi f\u00e5 i oss en del fr\u00e5n kosten, s\u00e4rskilt under vinterm\u00e5naderna och hos \u00e4ldre eftersom kroppens f\u00f6rm\u00e5ga att producera vitamin D minskar med \u00e5ldern.<\/p>\n<h4 data-start=\"891\" data-end=\"1078\">Vitamin D bidrar till:<\/h4>\n<ul>\n<li data-start=\"1081\" data-end=\"1126\">Normal absorption och anv\u00e4ndning av kalcium<\/li>\n<li data-start=\"1081\" data-end=\"1126\">Normala blodniv\u00e5er av kalcium<\/li>\n<li data-start=\"1081\" data-end=\"1126\">Underh\u00e5ll av normala ben och t\u00e4nder<\/li>\n<li data-start=\"1081\" data-end=\"1126\">Underh\u00e5ll av normal muskelfunktion<\/li>\n<li data-start=\"1081\" data-end=\"1126\">Normal funktion i immunf\u00f6rsvaret<\/li>\n<\/ul>\n<p data-start=\"1278\" data-end=\"1505\" data-is-last-node=\"\" data-is-only-node=\"\">Vid denna dos rekommenderas ofta Lamberts Vitamin D3 1000 IU (25 \u00b5g) under vinterm\u00e5naderna n\u00e4r niv\u00e5erna av vitamin D \u00e4r l\u00e5ga, men produkten kan tas \u00e5ret runt, s\u00e4rskilt vid begr\u00e4nsad solexponering under v\u00e5r- och sommarm\u00e5naderna.<\/p>\n<p>&nbsp;<\/p>\n<p><strong>Dosering: <\/strong>1 gummy per dag.<\/p>\n<table style=\"height: 80px;\" border=\"1\" width=\"621\" cellspacing=\"0\" cellpadding=\"0\">\n<tbody>\n<tr>\n<td valign=\"top\" width=\"30%\"><b>1 gummy inneh\u00e5ller<\/b><\/td>\n<td valign=\"top\" width=\"20%\"><strong> M\u00e4ngd<\/strong><\/td>\n<td valign=\"top\" width=\"30%\"><strong>*DRI% <\/strong><\/td>\n<\/tr>\n<tr>\n<td valign=\"top\" width=\"30%\">Vitamin D3 1000iu<\/td>\n<td valign=\"top\" width=\"20%\">25 \u00b5g<\/td>\n<td valign=\"top\" width=\"20%\">500 %<\/td>\n<\/tr>\n<tr>\n<td valign=\"top\" width=\"30%\">Frukto-oligosakkarider<\/td>\n<td valign=\"top\" width=\"20%\">1510 mg<\/td>\n<td valign=\"top\" width=\"20%\">**<\/td>\n<\/tr>\n<\/tbody>\n<\/table>\n<p><strong><em>*DRI \u00e4r dagligt referensintag. **DRI ej fastst\u00e4llt.<\/em><\/strong><\/p>\n<p><strong>Ingredienser<\/strong>: Cikoriarotfibrer (Frukto-oligosackarider (FOS)), Vatten, Surhetsreglerande medel (Citronsyra &amp;<br \/>\nNatriumcitrat), Naturlig gr\u00f6n \u00e4ppelsmak, Vitamin D3 (Kolekalciferol), F\u00e4rg\u00e4mne (Klorofyllinkomplex med koppar), Ytbehandlingsmedel (Karnaubavax).<\/p>\n<p>Rekommenderad dos b\u00f6r ej \u00f6verskridas.<br \/>\nKosttillskott ers\u00e4tter inte en varierad kost.<br \/>\nProdukten f\u00f6rvaras o\u00e5tkomligt f\u00f6r sm\u00e5 barn.<br \/>\nRekommenderas inte till gravida eller ammande.<\/p>\n<p>L\u00e4mplig f\u00f6r vegetarianer<\/p>\n","protected":false},"excerpt":{"rendered":"<p>Varje Lamberts Vitamin D3 1000 IU-gummi inneh\u00e5ller 25 \u00b5g vitamin D i den f\u00f6redragna, h\u00f6gt biotillg\u00e4ngliga D3-formen f\u00f6r maximal upptagning. Med en god \u00e4ppelsmak och utan tillsatt socker eller s\u00f6tningsmedel \u00e4r gummibj\u00f6rnarna idealiska f\u00f6r dem som har sv\u00e5rt att sv\u00e4lja tabletter eller kapslar.<\/p>\n<p><strong>60 gummies<\/strong><\/p>\n","protected":false},"featured_media":12333,"comment_status":"closed","ping_status":"closed","template":"","meta":{"_kad_blocks_custom_css":"","_kad_blocks_head_custom_js":"","_kad_blocks_body_custom_js":"","_kad_blocks_footer_custom_js":"","_kadence_starter_templates_imported_post":false,"_kad_post_transparent":"","_kad_post_title":"","_kad_post_layout":"","_kad_post_sidebar_id":"","_kad_post_content_style":"","_kad_post_vertical_padding":"","_kad_post_feature":"","_kad_post_feature_position":"","_kad_post_header":false,"_kad_post_footer":false,"_kad_post_classname":""},"product_brand":[],"product_cat":[2808,1088,1234,155],"product_tag":[],"class_list":{"0":"post-12324","1":"product","2":"type-product","3":"status-publish","4":"has-post-thumbnail","6":"product_cat-barn","7":"product_cat-d-vitamin","8":"product_cat-lamberts","9":"product_cat-vitaminer","11":"first","12":"instock","13":"taxable","14":"shipping-taxable","15":"purchasable","16":"product-type-simple","17":"entry","18":"content-bg","19":"loop-entry"},"taxonomy_info":{"product_cat":[{"value":2808,"label":"Barn"},{"value":1088,"label":"D-vitamin"},{"value":1234,"label":"Lamberts"},{"value":155,"label":"Vitaminer"}]},"featured_image_src_large":["https:\/\/vitaminbutiken.com\/wp-content\/uploads\/2025\/06\/8611-60-Vitamin-D3-1000iu-gummies-Photoroom.png",686,600,false],"author_info":[],"comment_info":0,"_links":{"self":[{"href":"https:\/\/vitaminbutiken.com\/en\/wp-json\/wp\/v2\/product\/12324","targetHints":{"allow":["GET"]}}],"collection":[{"href":"https:\/\/vitaminbutiken.com\/en\/wp-json\/wp\/v2\/product"}],"about":[{"href":"https:\/\/vitaminbutiken.com\/en\/wp-json\/wp\/v2\/types\/product"}],"replies":[{"embeddable":true,"href":"https:\/\/vitaminbutiken.com\/en\/wp-json\/wp\/v2\/comments?post=12324"}],"wp:featuredmedia":[{"embeddable":true,"href":"https:\/\/vitaminbutiken.com\/en\/wp-json\/wp\/v2\/media\/12333"}],"wp:attachment":[{"href":"https:\/\/vitaminbutiken.com\/en\/wp-json\/wp\/v2\/media?parent=12324"}],"wp:term":[{"taxonomy":"product_brand","embeddable":true,"href":"https:\/\/vitaminbutiken.com\/en\/wp-json\/wp\/v2\/product_brand?post=12324"},{"taxonomy":"product_cat","embeddable":true,"href":"https:\/\/vitaminbutiken.com\/en\/wp-json\/wp\/v2\/product_cat?post=12324"},{"taxonomy":"product_tag","embeddable":true,"href":"https:\/\/vitaminbutiken.com\/en\/wp-json\/wp\/v2\/product_tag?post=12324"}],"curies":[{"name":"wp","href":"https:\/\/api.w.org\/{rel}","templated":true}]}}