{"id":11694,"date":"2025-06-30T14:16:24","date_gmt":"2025-06-30T12:16:24","guid":{"rendered":"https:\/\/vitaminbutiken.com\/?post_type=product&#038;p=11694"},"modified":"2026-04-09T08:54:22","modified_gmt":"2026-04-09T06:54:22","slug":"multi-guard-gummies-lamberts","status":"publish","type":"product","link":"https:\/\/vitaminbutiken.com\/en\/produkt\/multi-guard-gummies-lamberts\/","title":{"rendered":"Multi-Guard Gummies &#8211; Lamberts"},"content":{"rendered":"<h4>Multi-Guard Gummies &#8211; Lamberts<\/h4>\n<p data-start=\"34\" data-end=\"388\">St\u00f6d din sk\u00f6nhet inifr\u00e5n med v\u00e5ra l\u00e4ckra gummivitaminer som \u00e4r speciellt framtagna f\u00f6r att fr\u00e4mja livfullt h\u00e5r, str\u00e5lande hud och starka naglar. Varje god hallonsmakande gummivitamin \u00e4r fullpackad med vitaminer och mineraler, inklusive biotin, vitaminerna A, C och E samt folsyra och zink \u2013 alla arbetar tillsammans f\u00f6r att framh\u00e4va din naturliga lyster.<\/p>\n<p data-start=\"390\" data-end=\"492\">H\u00f6j din sk\u00f6nhetsrutin och omfamna friskare h\u00e5r, hud och naglar med v\u00e5ra oemotst\u00e5ndliga gummivitaminer.<\/p>\n<p data-start=\"494\" data-end=\"930\" data-is-last-node=\"\" data-is-only-node=\"\">Denna unika formula \u00e4r f\u00f6rmodligen en av de mest helt\u00e4ckande gummivitaminerna f\u00f6r h\u00e5r, hud och naglar som finns. Bara en om dagen ger 450 \u00b5g biotin, vilket bidrar till normalt h\u00e5r och normala naglar, samt en bra m\u00e4ngd zink, som bidrar till normalt h\u00e5r, hud och naglar. Vi har \u00e4ven inkluderat vitamin C, eftersom det kan bidra till bildandet av kollagen \u2013 den huvudsakliga strukturella v\u00e4vnaden som ger huden dess elasticitet och styrka.<\/p>\n<p data-start=\"494\" data-end=\"930\" data-is-last-node=\"\" data-is-only-node=\"\">\n<p><strong>Dosering: <\/strong>1 gummy per dag.<\/p>\n<table style=\"height: 80px;\" border=\"1\" width=\"621\" cellspacing=\"0\" cellpadding=\"0\">\n<tbody>\n<tr>\n<td valign=\"top\" width=\"30%\"><strong>1 gummy inneh\u00e5ller<\/strong><\/td>\n<td valign=\"top\" width=\"20%\"><strong> M\u00e4ngd<\/strong><\/td>\n<td valign=\"top\" width=\"30%\"><strong>*DRI% <\/strong><\/td>\n<\/tr>\n<tr>\n<td valign=\"top\" width=\"30%\">Vitamin A<\/td>\n<td valign=\"top\" width=\"20%\">450 \u00b5g RE<\/td>\n<td valign=\"top\" width=\"20%\">56 %<\/td>\n<\/tr>\n<tr>\n<td valign=\"top\" width=\"30%\">Vitamin D3<\/td>\n<td valign=\"top\" width=\"20%\">4,5 \u00b5g<\/td>\n<td valign=\"top\" width=\"20%\">90 %<\/td>\n<\/tr>\n<tr>\n<td valign=\"top\" width=\"30%\">Vitamin E<\/td>\n<td valign=\"top\" width=\"20%\">20 mg a-TE<\/td>\n<td valign=\"top\" width=\"20%\">167 %<\/td>\n<\/tr>\n<tr>\n<td valign=\"top\" width=\"30%\">Vitamin C<\/td>\n<td valign=\"top\" width=\"20%\">40 mg<\/td>\n<td valign=\"top\" width=\"20%\">50 %<\/td>\n<\/tr>\n<tr>\n<td valign=\"top\" width=\"30%\">Niasin<\/td>\n<td valign=\"top\" width=\"20%\">5 mg NE<\/td>\n<td valign=\"top\" width=\"20%\">31 %<\/td>\n<\/tr>\n<tr>\n<td valign=\"top\" width=\"30%\">Vitamin B6<\/td>\n<td valign=\"top\" width=\"20%\">1 mg<\/td>\n<td valign=\"top\" width=\"20%\">71 %<\/td>\n<\/tr>\n<tr>\n<td valign=\"top\" width=\"30%\">Folsyra<\/td>\n<td valign=\"top\" width=\"20%\">50 \u00b5g<\/td>\n<td valign=\"top\" width=\"20%\">25 %<\/td>\n<\/tr>\n<tr>\n<td valign=\"top\" width=\"30%\">Vitamin B12<\/td>\n<td valign=\"top\" width=\"20%\">3,5 \u00b5g<\/td>\n<td valign=\"top\" width=\"20%\">140 %<\/td>\n<\/tr>\n<tr>\n<td valign=\"top\" width=\"30%\">Biotin<\/td>\n<td valign=\"top\" width=\"20%\">450 \u00b5g<\/td>\n<td valign=\"top\" width=\"20%\">900 %<\/td>\n<\/tr>\n<tr>\n<td valign=\"top\" width=\"30%\">Pantotensyra (B5)<\/td>\n<td valign=\"top\" width=\"20%\">2,3 mg<\/td>\n<td valign=\"top\" width=\"20%\">38 %<\/td>\n<\/tr>\n<tr>\n<td valign=\"top\" width=\"30%\">Zink<\/td>\n<td valign=\"top\" width=\"20%\">2,5 mg<\/td>\n<td valign=\"top\" width=\"20%\">25 %<\/td>\n<\/tr>\n<tr>\n<td valign=\"top\" width=\"30%\">Jod<\/td>\n<td valign=\"top\" width=\"20%\">40 \u00b5g<\/td>\n<td valign=\"top\" width=\"20%\">27 %<\/td>\n<\/tr>\n<tr>\n<td valign=\"top\" width=\"30%\">Frukto-oligo sakkarider\u00a0 (FOS)<\/td>\n<td valign=\"top\" width=\"20%\"><\/td>\n<td valign=\"top\" width=\"20%\">**<\/td>\n<\/tr>\n<\/tbody>\n<\/table>\n<p><strong><em>*DRI \u00e4r dagligt referensintag. **DRI ej fastst\u00e4llt.<\/em><\/strong><\/p>\n<p><strong>Ingredienser<\/strong>: Cikoriarotfibrer (Frukto-oligosackarider (FOS)), Vatten, C-vitamin (Askorbinsyra), E-vitamin (dl-alfa-tokoferylacetat), Svart morotskoncentrat,<br \/>\nPantotensyra (Kalciumpantotenat), Zinkcitrat, Naturlig hallonsmak, Surhetsreglerande medel (Natriumcitrat),<br \/>\nA-vitamin (Retinylacetat), Niacin (Nikotinamid), B12-vitamin (Cyanokobalamin), D3-vitamin (Kolekalciferol), B6-vitamin (Pyridoxinhydroklorid),<br \/>\nKaliumjodid, Biotin, Folsyra, Ytbehandlingsmedel (Karnaubavax).<\/p>\n<p>Rekommenderad dos b\u00f6r ej \u00f6verskridas.<br \/>\nKosttillskott ers\u00e4tter inte en varierad kost.<br \/>\nProdukten f\u00f6rvaras o\u00e5tkomligt f\u00f6r sm\u00e5 barn.<br \/>\nRekommenderas inte till gravida eller ammande.<\/p>\n<p>L\u00e4mplig f\u00f6r veganer<\/p>\n","protected":false},"excerpt":{"rendered":"<article class=\"text-token-text-primary w-full\" dir=\"auto\" data-testid=\"conversation-turn-12\" data-scroll-anchor=\"true\">\n<div class=\"text-base my-auto mx-auto py-5 [--thread-content-margin:--spacing(4)] @[37rem]:[--thread-content-margin:--spacing(6)] @[72rem]:[--thread-content-margin:--spacing(16)] px-(--thread-content-margin)\">\n<div class=\"[--thread-content-max-width:32rem] @[34rem]:[--thread-content-max-width:40rem] @[64rem]:[--thread-content-max-width:48rem] mx-auto flex max-w-(--thread-content-max-width) flex-1 text-base gap-4 md:gap-5 lg:gap-6 group\/turn-messages focus-visible:outline-hidden\" tabindex=\"-1\">\n<div class=\"group\/conversation-turn relative flex w-full min-w-0 flex-col agent-turn\">\n<div class=\"relative flex-col gap-1 md:gap-3\">\n<div class=\"flex max-w-full flex-col grow\">\n<div class=\"min-h-8 text-message relative flex w-full flex-col items-end gap-2 text-start break-words whitespace-normal [.text-message+&amp;]:mt-5\" dir=\"auto\" data-message-author-role=\"assistant\" data-message-id=\"ffddfe3f-7b73-4e40-8f09-f523535eb2c2\" data-message-model-slug=\"gpt-4o\">\n<div class=\"flex w-full flex-col gap-1 empty:hidden first:pt-[3px]\">\n<div class=\"markdown prose dark:prose-invert w-full break-words light\">\n<p data-start=\"60\" data-end=\"148\" data-is-last-node=\"\" data-is-only-node=\"\">Sk\u00f6nhetstillskott i en anv\u00e4ndarv\u00e4nlig form, som st\u00f6djer friskt h\u00e5r, str\u00e5lande hud och starka naglar inifr\u00e5n!<\/p>\n<\/div>\n<\/div>\n<\/div>\n<\/div>\n<\/div>\n<\/div>\n<\/div>\n<\/div>\n<\/article>\n<h5>60 gummies<\/h5>\n","protected":false},"featured_media":12336,"comment_status":"closed","ping_status":"closed","template":"","meta":{"_kad_blocks_custom_css":"","_kad_blocks_head_custom_js":"","_kad_blocks_body_custom_js":"","_kad_blocks_footer_custom_js":"","_kadence_starter_templates_imported_post":false,"_kad_post_transparent":"","_kad_post_title":"","_kad_post_layout":"","_kad_post_sidebar_id":"","_kad_post_content_style":"","_kad_post_vertical_padding":"","_kad_post_feature":"","_kad_post_feature_position":"","_kad_post_header":false,"_kad_post_footer":false,"_kad_post_classname":""},"product_brand":[],"product_cat":[195,176,1234,281,2806,155],"product_tag":[],"class_list":{"0":"post-11694","1":"product","2":"type-product","3":"status-publish","4":"has-post-thumbnail","6":"product_cat-hud-skonhet","7":"product_cat-immunforsvar","8":"product_cat-lamberts","9":"product_cat-mineraler","10":"product_cat-multi-vitamin","11":"product_cat-vitaminer","13":"first","14":"instock","15":"taxable","16":"shipping-taxable","17":"purchasable","18":"product-type-simple","19":"entry","20":"content-bg","21":"loop-entry"},"taxonomy_info":{"product_cat":[{"value":195,"label":"Hud &amp; Sk\u00f6nhet"},{"value":176,"label":"Immunf\u00f6rsvar"},{"value":1234,"label":"Lamberts"},{"value":281,"label":"Mineraler"},{"value":2806,"label":"Multi-vitamin"},{"value":155,"label":"Vitaminer"}]},"featured_image_src_large":["https:\/\/vitaminbutiken.com\/wp-content\/uploads\/2025\/06\/8614-60-Multi-Guard-gummies-Photoroom-e1751285726113.png",566,630,false],"author_info":[],"comment_info":0,"_links":{"self":[{"href":"https:\/\/vitaminbutiken.com\/en\/wp-json\/wp\/v2\/product\/11694","targetHints":{"allow":["GET"]}}],"collection":[{"href":"https:\/\/vitaminbutiken.com\/en\/wp-json\/wp\/v2\/product"}],"about":[{"href":"https:\/\/vitaminbutiken.com\/en\/wp-json\/wp\/v2\/types\/product"}],"replies":[{"embeddable":true,"href":"https:\/\/vitaminbutiken.com\/en\/wp-json\/wp\/v2\/comments?post=11694"}],"wp:featuredmedia":[{"embeddable":true,"href":"https:\/\/vitaminbutiken.com\/en\/wp-json\/wp\/v2\/media\/12336"}],"wp:attachment":[{"href":"https:\/\/vitaminbutiken.com\/en\/wp-json\/wp\/v2\/media?parent=11694"}],"wp:term":[{"taxonomy":"product_brand","embeddable":true,"href":"https:\/\/vitaminbutiken.com\/en\/wp-json\/wp\/v2\/product_brand?post=11694"},{"taxonomy":"product_cat","embeddable":true,"href":"https:\/\/vitaminbutiken.com\/en\/wp-json\/wp\/v2\/product_cat?post=11694"},{"taxonomy":"product_tag","embeddable":true,"href":"https:\/\/vitaminbutiken.com\/en\/wp-json\/wp\/v2\/product_tag?post=11694"}],"curies":[{"name":"wp","href":"https:\/\/api.w.org\/{rel}","templated":true}]}}