{"id":11190,"date":"2025-05-08T12:21:50","date_gmt":"2025-05-08T10:21:50","guid":{"rendered":"https:\/\/vitaminbutiken.com\/?post_type=product&#038;p=11190"},"modified":"2026-04-08T07:35:56","modified_gmt":"2026-04-08T05:35:56","slug":"havtornsolja","status":"publish","type":"product","link":"https:\/\/vitaminbutiken.com\/en\/produkt\/havtornsolja\/","title":{"rendered":"Havtornsolja &#8211; Rik p\u00e5 Omega-7"},"content":{"rendered":"<p class=\"\" data-start=\"114\" data-end=\"186\"><strong data-start=\"114\" data-end=\"184\">Havtornsolja \u2013 Naturligt st\u00f6d f\u00f6r hud, slemhinnor och immunf\u00f6rsvar<\/strong><\/p>\n<p class=\"\" data-start=\"188\" data-end=\"535\">Havtornsolja \u00e4r ett h\u00f6gkvalitativt, kallpressat tillskott som inneh\u00e5ller b\u00e5de fr\u00f6- och b\u00e4r\u00adolja \u2013 en unik kombination fr\u00e5n naturen, rik p\u00e5 essentiella fettsyror och bioaktiva \u00e4mnen. Havtornsolja \u00e4r s\u00e4rskilt k\u00e4nd f\u00f6r sitt h\u00f6ga inneh\u00e5ll av omega-7 (palmitoleinsyra), en ovanlig fettsyra som har visat sig st\u00f6dja slemhinnornas och hudens v\u00e4lm\u00e5ende.<\/p>\n<p class=\"\" data-start=\"537\" data-end=\"827\">Detta kosttillskott l\u00e4mpar sig s\u00e4rskilt f\u00f6r personer som lider av torra \u00f6gon, muntorrhet, torra slemhinnor i underlivet eller atopisk hud. Havtornsolja kan ocks\u00e5 bidra till att st\u00f6dja immunf\u00f6rsvarets normala funktion samt fr\u00e4mja matsm\u00e4ltning och slemhinnornas integritet \u2013 inifr\u00e5n och ut.<\/p>\n<p class=\"\" data-start=\"829\" data-end=\"910\">Produkten \u00e4r tillverkad med noggrant utvalda r\u00e5varor och utan on\u00f6diga tillsatser.<\/p>\n<p><strong>Dosering:\u00a0<\/strong>2 kapslar per dag.<\/p>\n<table style=\"height: 80px;\" border=\"1\" width=\"621\" cellspacing=\"0\" cellpadding=\"0\">\n<tbody>\n<tr>\n<td valign=\"top\" width=\"30%\"><strong>2 kapslar inneh\u00e5ller<\/strong><\/td>\n<td valign=\"top\" width=\"20%\"><strong> M\u00e4ngd<\/strong><\/td>\n<td valign=\"top\" width=\"30%\"><strong>*DRI% <\/strong><\/td>\n<\/tr>\n<tr>\n<td valign=\"top\" width=\"30%\">Havtornsolja<\/td>\n<td valign=\"top\" width=\"20%\">1 000 mg<\/td>\n<td valign=\"top\" width=\"20%\">**<\/td>\n<\/tr>\n<tr>\n<td valign=\"top\" width=\"30%\">Som ger: Palmitolensyra<\/td>\n<td valign=\"top\" width=\"20%\">270 mg<\/td>\n<td valign=\"top\" width=\"20%\">**<\/td>\n<\/tr>\n<\/tbody>\n<\/table>\n<p><strong><em>*DRI (dagligt referensintag) ej fastst\u00e4llt.<\/em><\/strong><\/p>\n<p><strong>Ingredienser:\u00a0<\/strong>Havtornsolja (Hippophae rhamnoides), gelatinkapsel (<strong>n\u00f6t<\/strong>, glycerin).<\/p>\n<p>Rekommenderad daglig dos b\u00f6r ej \u00f6verskridas.<br \/>\nKosttillskott ers\u00e4tter inte en varierad kost.<br \/>\nProdukten f\u00f6rvaras o\u00e5tkomligt f\u00f6r sm\u00e5barn.<\/p>\n","protected":false},"excerpt":{"rendered":"<p>Havtornsolja \u00e4r ett unikt tillskott som kombinerar b\u00e4r- och fr\u00f6olja f\u00f6r maximalt n\u00e4ringsinneh\u00e5ll. Den bidrar till att bevara hudens smidighet, st\u00f6dja matsm\u00e4ltningen och \u00e5terfukta torra slemhinnor \u2013 inifr\u00e5n och ut.<\/p>\n<p><strong>60 kapslar<\/strong><\/p>\n","protected":false},"featured_media":500103594,"comment_status":"closed","ping_status":"closed","template":"","meta":{"_kad_blocks_custom_css":"","_kad_blocks_head_custom_js":"","_kad_blocks_body_custom_js":"","_kad_blocks_footer_custom_js":"","_kadence_starter_templates_imported_post":false,"_kad_post_transparent":"default","_kad_post_title":"","_kad_post_layout":"default","_kad_post_sidebar_id":"","_kad_post_content_style":"default","_kad_post_vertical_padding":"default","_kad_post_feature":"","_kad_post_feature_position":"","_kad_post_header":false,"_kad_post_footer":false,"_kad_post_classname":""},"product_brand":[],"product_cat":[328,195,2605,149],"product_tag":[],"class_list":{"0":"post-11190","1":"product","2":"type-product","3":"status-publish","4":"has-post-thumbnail","6":"product_cat-fettsyror","7":"product_cat-hud-skonhet","8":"product_cat-kenkou-selfcare","9":"product_cat-orter","11":"first","12":"instock","13":"taxable","14":"shipping-taxable","15":"purchasable","16":"product-type-simple","17":"entry","18":"content-bg","19":"loop-entry"},"taxonomy_info":{"product_cat":[{"value":328,"label":"Fettsyror"},{"value":195,"label":"Hud &amp; Sk\u00f6nhet"},{"value":2605,"label":"Kenkou Selfcare"},{"value":149,"label":"\u00d6rter"}]},"featured_image_src_large":["https:\/\/vitaminbutiken.com\/wp-content\/uploads\/2025\/05\/Havtornsolja-255-Photoroom-2-scaled-e1769770237211-1152x700.png",1152,700,true],"author_info":[],"comment_info":0,"_links":{"self":[{"href":"https:\/\/vitaminbutiken.com\/en\/wp-json\/wp\/v2\/product\/11190","targetHints":{"allow":["GET"]}}],"collection":[{"href":"https:\/\/vitaminbutiken.com\/en\/wp-json\/wp\/v2\/product"}],"about":[{"href":"https:\/\/vitaminbutiken.com\/en\/wp-json\/wp\/v2\/types\/product"}],"replies":[{"embeddable":true,"href":"https:\/\/vitaminbutiken.com\/en\/wp-json\/wp\/v2\/comments?post=11190"}],"wp:featuredmedia":[{"embeddable":true,"href":"https:\/\/vitaminbutiken.com\/en\/wp-json\/wp\/v2\/media\/500103594"}],"wp:attachment":[{"href":"https:\/\/vitaminbutiken.com\/en\/wp-json\/wp\/v2\/media?parent=11190"}],"wp:term":[{"taxonomy":"product_brand","embeddable":true,"href":"https:\/\/vitaminbutiken.com\/en\/wp-json\/wp\/v2\/product_brand?post=11190"},{"taxonomy":"product_cat","embeddable":true,"href":"https:\/\/vitaminbutiken.com\/en\/wp-json\/wp\/v2\/product_cat?post=11190"},{"taxonomy":"product_tag","embeddable":true,"href":"https:\/\/vitaminbutiken.com\/en\/wp-json\/wp\/v2\/product_tag?post=11190"}],"curies":[{"name":"wp","href":"https:\/\/api.w.org\/{rel}","templated":true}]}}